{"id":5007,"date":"2024-06-07T12:21:43","date_gmt":"2024-06-07T10:21:43","guid":{"rendered":"https:\/\/alsendo.com\/marcin-susmanek\/"},"modified":"2025-01-31T15:06:11","modified_gmt":"2025-01-31T14:06:11","slug":"marcin-susmanek","status":"publish","type":"page","link":"https:\/\/alsendo-new.sc.testbox.pro\/pl\/marcin-susmanek\/","title":{"rendered":"Marcin Susmanek"},"content":{"rendered":"<section  class=\"ilabs-single-our-team\"><div class=\"single-our-team\">\n\t<header class=\"single-our-team__header\">\n\t\t<div class=\"single-our-team__container single-our-team__container--header\">\n\t\t\t<div class=\"single-our-team__breadcrumbs\">\n\t\t\t\t<p class=\"single-our-team__breadcrumbs-item\">Resources<\/p>\n\t\t\t\t<span class=\"single-our-team__breadcrumbs-separator\">><\/span>\n\t\t\t\t<a href=\"https:\/\/alsendo-new.sc.testbox.pro\/pl\/nasz-zespol\/\"\n\t\t\t\t\tclass=\"single-our-team__breadcrumbs-item\">Our Team<\/a>\n\t\t\t\t<span class=\"single-our-team__breadcrumbs-separator\">><\/span>\n\t\t\t\t<p class=\"single-our-team__breadcrumbs-item single-our-team__breadcrumbs-item--featured\">\n\t\t\t\t\tMarcin Susmanek <\/p>\n\t\t\t<\/div>\n\t\t\t<div class=\"single-our-team__content-header\">\n\t\t\t\t<div class=\"single-our-team__header-left-side\">\n\t\t\t\t\t<img decoding=\"async\" width=\"1201\" height=\"751\" src=\"https:\/\/alsendo-new.sc.testbox.pro\/app\/uploads\/2024\/08\/Marcin-Susmanek-New-Foto-Our-Team.jpg\" class=\"single-our-team__image\" alt=\"\" fetchpriority=\"high\" srcset=\"https:\/\/alsendo-new.sc.testbox.pro\/app\/uploads\/2024\/08\/Marcin-Susmanek-New-Foto-Our-Team.jpg 1201w, https:\/\/alsendo-new.sc.testbox.pro\/app\/uploads\/2024\/08\/Marcin-Susmanek-New-Foto-Our-Team-300x188.jpg 300w, https:\/\/alsendo-new.sc.testbox.pro\/app\/uploads\/2024\/08\/Marcin-Susmanek-New-Foto-Our-Team-1024x640.jpg 1024w, https:\/\/alsendo-new.sc.testbox.pro\/app\/uploads\/2024\/08\/Marcin-Susmanek-New-Foto-Our-Team-768x480.jpg 768w, https:\/\/alsendo-new.sc.testbox.pro\/app\/uploads\/2024\/08\/Marcin-Susmanek-New-Foto-Our-Team-740x463.jpg 740w\" sizes=\"(max-width: 1201px) 100vw, 1201px\" \/>\t\t\t\t<\/div>\n\t\t\t\t<div class=\"single-our-team__header-right-side\">\n\t\t\t\t\t<h1 class=\"single-our-team__fullname\">\n\t\t\t\t\t\tMarcin Susmanek \t\t\t\t\t<\/h1>\n\t\t\t\t\t<p class=\"single-our-team__position\">\n\t\t\t\t\t\tBoard Memeber Alsendo\t\t\t\t\t<\/p>\n\t\t\t\t\t<p class=\"single-our-team__short-description\">\n\t\t\t\t\t\tMarcin to do\u015bwiadczony mened\u017cer skoncentrowany na rozwoju biznesu, od 2016 roku aktywnie buduje warto\u015b\u0107 Alsendo.\t\t\t\t\t<\/p>\n\t\t\t\t<\/div>\n\t\t\t<\/div>\n\t\t<\/div>\n\t<\/header>\n\t<div class=\"single-our-team__container\">\n\t\t<div class=\"single-our-team__description\">\n\t\t\t<p>Marcin odpowiada za kluczowe projekty strategiczne, w tym rozw\u00f3j us\u0142ug cross-border. W trakcie swojej kariery zdoby\u0142 szerok\u0105 wiedz\u0119 bran\u017cow\u0105 w obszarze logistyki i dostaw.<\/p>\n<p>Aktywnie wspiera r\u00f3wnie\u017c procesy przej\u0119\u0107 realizowane przez firm\u0119. Z Alsendo zwi\u0105zany jest od 2016 roku \u2013 najpierw jako Dyrektor Operacyjny, a dwa lata p\u00f3\u017aniej do\u0142\u0105czy\u0142 do Zarz\u0105du.<\/p>\n<p>Specjalizuje si\u0119 w zarz\u0105dzaniu projektami oraz optymalizacji proces\u00f3w, dbaj\u0105c o ich skuteczno\u015b\u0107 i wydajno\u015b\u0107.<\/p>\n\t\t<\/div>\n\t\t<div class=\"single-our-team__bottom\">\n\t\t\t<img decoding=\"async\" width=\"1201\" height=\"751\" src=\"https:\/\/alsendo-new.sc.testbox.pro\/app\/uploads\/2024\/08\/Marcin-Susmanek-New-Foto-Our-Team.jpg\" class=\"single-our-team__bottom-image\" alt=\"\" fetchpriority=\"high\" srcset=\"https:\/\/alsendo-new.sc.testbox.pro\/app\/uploads\/2024\/08\/Marcin-Susmanek-New-Foto-Our-Team.jpg 1201w, https:\/\/alsendo-new.sc.testbox.pro\/app\/uploads\/2024\/08\/Marcin-Susmanek-New-Foto-Our-Team-300x188.jpg 300w, https:\/\/alsendo-new.sc.testbox.pro\/app\/uploads\/2024\/08\/Marcin-Susmanek-New-Foto-Our-Team-1024x640.jpg 1024w, https:\/\/alsendo-new.sc.testbox.pro\/app\/uploads\/2024\/08\/Marcin-Susmanek-New-Foto-Our-Team-768x480.jpg 768w, https:\/\/alsendo-new.sc.testbox.pro\/app\/uploads\/2024\/08\/Marcin-Susmanek-New-Foto-Our-Team-740x463.jpg 740w\" sizes=\"(max-width: 1201px) 100vw, 1201px\" \/>\t\t\t<div class=\"single-our-team__bottom-content\">\n\t\t\t\t<h3 class=\"single-our-team__bottom-fullname\">\n\t\t\t\t\tMarcin Susmanek \t\t\t\t<\/h3>\n\t\t\t\t<p class=\"single-our-team__bottom-position\">\n\t\t\t\t\tBoard Memeber Alsendo\t\t\t\t<\/p>\n\t\t\t<\/div>\n\t\t<\/div>\n\t<\/div>\n<\/div>\n<\/section>\n\n<section  class=\"ilabs-spacer\"><style scoped>\n\t.spacer--mobile-block_21ebdc996d6e3ff4b807fe627985a96a {\n\t\tpadding-block: 32.5px;\n\t}\n\t@media only screen and (min-width: 1200px) {\n\t\t.spacer--desktop-block_21ebdc996d6e3ff4b807fe627985a96a {\n\t\t\tpadding-block: 57px;\n\t\t}\n\t}\n<\/style>\n<div class=\"spacer spacer--mobile-block_21ebdc996d6e3ff4b807fe627985a96a spacer--desktop-block_21ebdc996d6e3ff4b807fe627985a96a\"\n\tstyle=\"background-color: #f7f7f7;\"><\/div>\n<\/section>\n\n<section  class=\"ilabs-rest-of-team\"><div class=\"rest-of-team\">\n<div class=\"rest-of-team__container\">\n\t<h2 class=\"rest-of-team__heading\">\n\t\tPoznaj nasz zesp\u00f3\u0142\n\t<\/h2>\n\t<div class=\"rest-of-team__list-wrapper swiper\">\n\t\t<ul class=\"rest-of-team__list swiper-wrapper\">\n\t\t\t\t\t\t<li class=\"rest-of-team__item swiper-slide\">\n\t\t\t\t<div class=\"rest-of-team__image-wrapper\">\n\t\t\t\t\t<img decoding=\"async\" width=\"1201\" height=\"751\" src=\"https:\/\/alsendo-new.sc.testbox.pro\/app\/uploads\/2024\/08\/Magdalena-Magnuszewska-New-Foto-Our-Team.jpg\" class=\"rest-of-team__image\" alt=\"\" loading=\"lazy\" srcset=\"https:\/\/alsendo-new.sc.testbox.pro\/app\/uploads\/2024\/08\/Magdalena-Magnuszewska-New-Foto-Our-Team.jpg 1201w, https:\/\/alsendo-new.sc.testbox.pro\/app\/uploads\/2024\/08\/Magdalena-Magnuszewska-New-Foto-Our-Team-300x188.jpg 300w, https:\/\/alsendo-new.sc.testbox.pro\/app\/uploads\/2024\/08\/Magdalena-Magnuszewska-New-Foto-Our-Team-1024x640.jpg 1024w, https:\/\/alsendo-new.sc.testbox.pro\/app\/uploads\/2024\/08\/Magdalena-Magnuszewska-New-Foto-Our-Team-768x480.jpg 768w, https:\/\/alsendo-new.sc.testbox.pro\/app\/uploads\/2024\/08\/Magdalena-Magnuszewska-New-Foto-Our-Team-740x463.jpg 740w\" sizes=\"auto, (max-width: 1201px) 100vw, 1201px\" \/>\t\t\t\t<\/div>\n\t\t\t\t<div class=\"rest-of-team__content\">\n\t\t\t\t\t<h3 class=\"rest-of-team__fullname\">Magda Magnuszewska<\/h3>\n\t\t\t\t\t<p class=\"rest-of-team__position\">CEO Alsendo<\/p>\n\t\t\t\t\t<p class=\"rest-of-team__text\">Od niemal 20 lat Magda Magnuszewska jest zwi\u0105zana z nowymi technologiami, logistyk\u0105 i bran\u017c\u0105 cyfrow\u0105\u2026<\/p>\n\t\t\t\t\t<a href=\"https:\/\/alsendo-new.sc.testbox.pro\/pl\/magda-manuszewska\/\" class=\"rest-of-team__button button\">\n\t\t\t\t\t\tWi\u0119cej\t\t\t\t\t<\/a>\n\t\t\t\t<\/div>\n\t\t\t<\/li>\n\t\t\t\t\t\t<li class=\"rest-of-team__item swiper-slide\">\n\t\t\t\t<div class=\"rest-of-team__image-wrapper\">\n\t\t\t\t\t<img decoding=\"async\" width=\"1201\" height=\"751\" src=\"https:\/\/alsendo-new.sc.testbox.pro\/app\/uploads\/2024\/08\/Aleksandra-Zawadzka-New-Foto-Our-Team.jpg\" class=\"rest-of-team__image\" alt=\"\" loading=\"lazy\" srcset=\"https:\/\/alsendo-new.sc.testbox.pro\/app\/uploads\/2024\/08\/Aleksandra-Zawadzka-New-Foto-Our-Team.jpg 1201w, https:\/\/alsendo-new.sc.testbox.pro\/app\/uploads\/2024\/08\/Aleksandra-Zawadzka-New-Foto-Our-Team-300x188.jpg 300w, https:\/\/alsendo-new.sc.testbox.pro\/app\/uploads\/2024\/08\/Aleksandra-Zawadzka-New-Foto-Our-Team-1024x640.jpg 1024w, https:\/\/alsendo-new.sc.testbox.pro\/app\/uploads\/2024\/08\/Aleksandra-Zawadzka-New-Foto-Our-Team-768x480.jpg 768w, https:\/\/alsendo-new.sc.testbox.pro\/app\/uploads\/2024\/08\/Aleksandra-Zawadzka-New-Foto-Our-Team-740x463.jpg 740w\" sizes=\"auto, (max-width: 1201px) 100vw, 1201px\" \/>\t\t\t\t<\/div>\n\t\t\t\t<div class=\"rest-of-team__content\">\n\t\t\t\t\t<h3 class=\"rest-of-team__fullname\">Aleksandra Zawadzka<\/h3>\n\t\t\t\t\t<p class=\"rest-of-team__position\">CFO Alsendo<\/p>\n\t\t\t\t\t<p class=\"rest-of-team__text\">CFO w Alsendo od pocz\u0105tku 2021 roku. Posiada ponad 20-letnie do\u015bwiadczenie w finansach, operacjach i strategii korporacyjnej\u2026<\/p>\n\t\t\t\t\t<a href=\"https:\/\/alsendo-new.sc.testbox.pro\/pl\/aleksandra-zawadzka\/\" class=\"rest-of-team__button button\">\n\t\t\t\t\t\tWi\u0119cej\t\t\t\t\t<\/a>\n\t\t\t\t<\/div>\n\t\t\t<\/li>\n\t\t\t\t\t\t<li class=\"rest-of-team__item swiper-slide\">\n\t\t\t\t<div class=\"rest-of-team__image-wrapper\">\n\t\t\t\t\t<img decoding=\"async\" width=\"1201\" height=\"751\" src=\"https:\/\/alsendo-new.sc.testbox.pro\/app\/uploads\/2024\/08\/Robert-Stelezak-New-Foto-Our-Team.jpg\" class=\"rest-of-team__image\" alt=\"\" loading=\"lazy\" srcset=\"https:\/\/alsendo-new.sc.testbox.pro\/app\/uploads\/2024\/08\/Robert-Stelezak-New-Foto-Our-Team.jpg 1201w, https:\/\/alsendo-new.sc.testbox.pro\/app\/uploads\/2024\/08\/Robert-Stelezak-New-Foto-Our-Team-300x188.jpg 300w, https:\/\/alsendo-new.sc.testbox.pro\/app\/uploads\/2024\/08\/Robert-Stelezak-New-Foto-Our-Team-1024x640.jpg 1024w, https:\/\/alsendo-new.sc.testbox.pro\/app\/uploads\/2024\/08\/Robert-Stelezak-New-Foto-Our-Team-768x480.jpg 768w, https:\/\/alsendo-new.sc.testbox.pro\/app\/uploads\/2024\/08\/Robert-Stelezak-New-Foto-Our-Team-740x463.jpg 740w\" sizes=\"auto, (max-width: 1201px) 100vw, 1201px\" \/>\t\t\t\t<\/div>\n\t\t\t\t<div class=\"rest-of-team__content\">\n\t\t\t\t\t<h3 class=\"rest-of-team__fullname\">Robert Stele\u017cak<\/h3>\n\t\t\t\t\t<p class=\"rest-of-team__position\">General Manager Alsendo<\/p>\n\t\t\t\t\t<p class=\"rest-of-team__text\">W Alsendo odpowiada za dzia\u0142ania operacyjne firmy, w tym sprzeda\u017c i marketing, wdra\u017canie nowych us\u0142ug kurierskich.<\/p>\n\t\t\t\t\t<a href=\"https:\/\/alsendo-new.sc.testbox.pro\/pl\/robert-stelezak\/\" class=\"rest-of-team__button button\">\n\t\t\t\t\t\tWi\u0119cej\t\t\t\t\t<\/a>\n\t\t\t\t<\/div>\n\t\t\t<\/li>\n\t\t\t\t\t<\/ul>\n\t\t<div class=\"rest-of-team__list-dots\"><\/div>\n\t<\/div>\n<\/div>\n<\/div>\n<\/section>\n\n<section  class=\"ilabs-spacer\"><style scoped>\n\t.spacer--mobile-block_21ebdc996d6e3ff4b807fe627985a96a {\n\t\tpadding-block: 32.5px;\n\t}\n\t@media only screen and (min-width: 1200px) {\n\t\t.spacer--desktop-block_21ebdc996d6e3ff4b807fe627985a96a {\n\t\t\tpadding-block: 57px;\n\t\t}\n\t}\n<\/style>\n<div class=\"spacer spacer--mobile-block_21ebdc996d6e3ff4b807fe627985a96a spacer--desktop-block_21ebdc996d6e3ff4b807fe627985a96a\"\n\tstyle=\"background-color: #f7f7f7;\"><\/div>\n<\/section>","protected":false},"excerpt":{"rendered":"","protected":false},"author":2,"featured_media":0,"parent":0,"menu_order":0,"comment_status":"closed","ping_status":"closed","template":"","meta":{"_acf_changed":false,"inline_featured_image":false,"_genesis_hide_title":false,"_genesis_hide_breadcrumbs":false,"_genesis_hide_singular_image":false,"_genesis_hide_footer_widgets":false,"_genesis_custom_body_class":"","_genesis_custom_post_class":"","_genesis_layout":"","footnotes":""},"class_list":{"0":"post-5007","1":"page","2":"type-page","3":"status-publish","5":"entry"},"acf":[],"yoast_head":"<!-- This site is optimized with the Yoast SEO plugin v26.5 - https:\/\/yoast.com\/wordpress\/plugins\/seo\/ -->\n<title>Marcin Susmanek - Alsendo<\/title>\n<meta name=\"robots\" content=\"noindex, follow, max-snippet:-1, max-image-preview:large, max-video-preview:-1\" \/>\n<meta property=\"og:locale\" content=\"pl_PL\" \/>\n<meta property=\"og:type\" content=\"article\" \/>\n<meta property=\"og:title\" content=\"Marcin Susmanek - Alsendo\" \/>\n<meta property=\"og:url\" content=\"https:\/\/alsendo-new.sc.testbox.pro\/pl\/marcin-susmanek\/\" \/>\n<meta property=\"og:site_name\" content=\"Alsendo\" \/>\n<meta property=\"article:modified_time\" content=\"2025-01-31T14:06:11+00:00\" \/>\n<meta name=\"twitter:card\" content=\"summary_large_image\" \/>\n<script type=\"application\/ld+json\" class=\"yoast-schema-graph\">{\"@context\":\"https:\/\/schema.org\",\"@graph\":[{\"@type\":\"WebPage\",\"@id\":\"https:\/\/alsendo-new.sc.testbox.pro\/pl\/marcin-susmanek\/\",\"url\":\"https:\/\/alsendo-new.sc.testbox.pro\/pl\/marcin-susmanek\/\",\"name\":\"Marcin Susmanek - Alsendo\",\"isPartOf\":{\"@id\":\"https:\/\/alsendo-new.sc.testbox.pro\/#website\"},\"datePublished\":\"2024-06-07T10:21:43+00:00\",\"dateModified\":\"2025-01-31T14:06:11+00:00\",\"breadcrumb\":{\"@id\":\"https:\/\/alsendo-new.sc.testbox.pro\/pl\/marcin-susmanek\/#breadcrumb\"},\"inLanguage\":\"pl-PL\",\"potentialAction\":[{\"@type\":\"ReadAction\",\"target\":[\"https:\/\/alsendo-new.sc.testbox.pro\/pl\/marcin-susmanek\/\"]}]},{\"@type\":\"BreadcrumbList\",\"@id\":\"https:\/\/alsendo-new.sc.testbox.pro\/pl\/marcin-susmanek\/#breadcrumb\",\"itemListElement\":[{\"@type\":\"ListItem\",\"position\":1,\"name\":\"alsendo\",\"item\":\"https:\/\/alsendo-new.sc.testbox.pro\/pl\/\"},{\"@type\":\"ListItem\",\"position\":2,\"name\":\"Marcin Susmanek\"}]},{\"@type\":\"WebSite\",\"@id\":\"https:\/\/alsendo-new.sc.testbox.pro\/#website\",\"url\":\"https:\/\/alsendo-new.sc.testbox.pro\/\",\"name\":\"Alsendo\",\"description\":\"\",\"publisher\":{\"@id\":\"https:\/\/alsendo-new.sc.testbox.pro\/#organization\"},\"potentialAction\":[{\"@type\":\"SearchAction\",\"target\":{\"@type\":\"EntryPoint\",\"urlTemplate\":\"https:\/\/alsendo-new.sc.testbox.pro\/?s={search_term_string}\"},\"query-input\":{\"@type\":\"PropertyValueSpecification\",\"valueRequired\":true,\"valueName\":\"search_term_string\"}}],\"inLanguage\":\"pl-PL\"},{\"@type\":\"Organization\",\"@id\":\"https:\/\/alsendo-new.sc.testbox.pro\/#organization\",\"name\":\"Alsendo\",\"url\":\"https:\/\/alsendo-new.sc.testbox.pro\/\",\"logo\":{\"@type\":\"ImageObject\",\"inLanguage\":\"pl-PL\",\"@id\":\"https:\/\/alsendo-new.sc.testbox.pro\/#\/schema\/logo\/image\/\",\"url\":\"https:\/\/alsendo-new.sc.testbox.pro\/app\/uploads\/2024\/05\/Alsendo-Logotype.svg\",\"contentUrl\":\"https:\/\/alsendo-new.sc.testbox.pro\/app\/uploads\/2024\/05\/Alsendo-Logotype.svg\",\"width\":180,\"height\":45,\"caption\":\"Alsendo \"},\"image\":{\"@id\":\"https:\/\/alsendo-new.sc.testbox.pro\/#\/schema\/logo\/image\/\"}}]}<\/script>\n<!-- \/ Yoast SEO plugin. -->","yoast_head_json":{"title":"Marcin Susmanek - Alsendo","robots":{"index":"noindex","follow":"follow","max-snippet":"max-snippet:-1","max-image-preview":"max-image-preview:large","max-video-preview":"max-video-preview:-1"},"og_locale":"pl_PL","og_type":"article","og_title":"Marcin Susmanek - Alsendo","og_url":"https:\/\/alsendo-new.sc.testbox.pro\/pl\/marcin-susmanek\/","og_site_name":"Alsendo","article_modified_time":"2025-01-31T14:06:11+00:00","twitter_card":"summary_large_image","schema":{"@context":"https:\/\/schema.org","@graph":[{"@type":"WebPage","@id":"https:\/\/alsendo-new.sc.testbox.pro\/pl\/marcin-susmanek\/","url":"https:\/\/alsendo-new.sc.testbox.pro\/pl\/marcin-susmanek\/","name":"Marcin Susmanek - Alsendo","isPartOf":{"@id":"https:\/\/alsendo-new.sc.testbox.pro\/#website"},"datePublished":"2024-06-07T10:21:43+00:00","dateModified":"2025-01-31T14:06:11+00:00","breadcrumb":{"@id":"https:\/\/alsendo-new.sc.testbox.pro\/pl\/marcin-susmanek\/#breadcrumb"},"inLanguage":"pl-PL","potentialAction":[{"@type":"ReadAction","target":["https:\/\/alsendo-new.sc.testbox.pro\/pl\/marcin-susmanek\/"]}]},{"@type":"BreadcrumbList","@id":"https:\/\/alsendo-new.sc.testbox.pro\/pl\/marcin-susmanek\/#breadcrumb","itemListElement":[{"@type":"ListItem","position":1,"name":"alsendo","item":"https:\/\/alsendo-new.sc.testbox.pro\/pl\/"},{"@type":"ListItem","position":2,"name":"Marcin Susmanek"}]},{"@type":"WebSite","@id":"https:\/\/alsendo-new.sc.testbox.pro\/#website","url":"https:\/\/alsendo-new.sc.testbox.pro\/","name":"Alsendo","description":"","publisher":{"@id":"https:\/\/alsendo-new.sc.testbox.pro\/#organization"},"potentialAction":[{"@type":"SearchAction","target":{"@type":"EntryPoint","urlTemplate":"https:\/\/alsendo-new.sc.testbox.pro\/?s={search_term_string}"},"query-input":{"@type":"PropertyValueSpecification","valueRequired":true,"valueName":"search_term_string"}}],"inLanguage":"pl-PL"},{"@type":"Organization","@id":"https:\/\/alsendo-new.sc.testbox.pro\/#organization","name":"Alsendo","url":"https:\/\/alsendo-new.sc.testbox.pro\/","logo":{"@type":"ImageObject","inLanguage":"pl-PL","@id":"https:\/\/alsendo-new.sc.testbox.pro\/#\/schema\/logo\/image\/","url":"https:\/\/alsendo-new.sc.testbox.pro\/app\/uploads\/2024\/05\/Alsendo-Logotype.svg","contentUrl":"https:\/\/alsendo-new.sc.testbox.pro\/app\/uploads\/2024\/05\/Alsendo-Logotype.svg","width":180,"height":45,"caption":"Alsendo "},"image":{"@id":"https:\/\/alsendo-new.sc.testbox.pro\/#\/schema\/logo\/image\/"}}]}},"_links":{"self":[{"href":"https:\/\/alsendo-new.sc.testbox.pro\/pl\/wp-json\/wp\/v2\/pages\/5007","targetHints":{"allow":["GET"]}}],"collection":[{"href":"https:\/\/alsendo-new.sc.testbox.pro\/pl\/wp-json\/wp\/v2\/pages"}],"about":[{"href":"https:\/\/alsendo-new.sc.testbox.pro\/pl\/wp-json\/wp\/v2\/types\/page"}],"author":[{"embeddable":true,"href":"https:\/\/alsendo-new.sc.testbox.pro\/pl\/wp-json\/wp\/v2\/users\/2"}],"replies":[{"embeddable":true,"href":"https:\/\/alsendo-new.sc.testbox.pro\/pl\/wp-json\/wp\/v2\/comments?post=5007"}],"version-history":[{"count":2,"href":"https:\/\/alsendo-new.sc.testbox.pro\/pl\/wp-json\/wp\/v2\/pages\/5007\/revisions"}],"predecessor-version":[{"id":5010,"href":"https:\/\/alsendo-new.sc.testbox.pro\/pl\/wp-json\/wp\/v2\/pages\/5007\/revisions\/5010"}],"wp:attachment":[{"href":"https:\/\/alsendo-new.sc.testbox.pro\/pl\/wp-json\/wp\/v2\/media?parent=5007"}],"curies":[{"name":"wp","href":"https:\/\/api.w.org\/{rel}","templated":true}]}}