{"id":5003,"date":"2024-07-16T15:06:28","date_gmt":"2024-07-16T13:06:28","guid":{"rendered":"https:\/\/alsendo.com\/krzysztof\/"},"modified":"2025-01-31T14:49:55","modified_gmt":"2025-01-31T13:49:55","slug":"krzysztof","status":"publish","type":"page","link":"https:\/\/alsendo-new.sc.testbox.pro\/pl\/krzysztof\/","title":{"rendered":"Krzysztof"},"content":{"rendered":"<section  class=\"ilabs-single-our-team\"><div class=\"single-our-team\">\n\t<header class=\"single-our-team__header\">\n\t\t<div class=\"single-our-team__container single-our-team__container--header\">\n\t\t\t<div class=\"single-our-team__breadcrumbs\">\n\t\t\t\t<p class=\"single-our-team__breadcrumbs-item\">Resources<\/p>\n\t\t\t\t<span class=\"single-our-team__breadcrumbs-separator\">><\/span>\n\t\t\t\t<a href=\"https:\/\/alsendo-new.sc.testbox.pro\/pl\/nasz-zespol\/\"\n\t\t\t\t\tclass=\"single-our-team__breadcrumbs-item\">Our Team<\/a>\n\t\t\t\t<span class=\"single-our-team__breadcrumbs-separator\">><\/span>\n\t\t\t\t<p class=\"single-our-team__breadcrumbs-item single-our-team__breadcrumbs-item--featured\">\n\t\t\t\t\tKrzysztof Banasiak<\/p>\n\t\t\t<\/div>\n\t\t\t<div class=\"single-our-team__content-header\">\n\t\t\t\t<div class=\"single-our-team__header-left-side\">\n\t\t\t\t\t<img decoding=\"async\" width=\"1201\" height=\"751\" src=\"https:\/\/alsendo-new.sc.testbox.pro\/app\/uploads\/2024\/08\/Krzysztof-Banasiak-New-Foto-Our-Team.jpg\" class=\"single-our-team__image\" alt=\"\" fetchpriority=\"high\" srcset=\"https:\/\/alsendo-new.sc.testbox.pro\/app\/uploads\/2024\/08\/Krzysztof-Banasiak-New-Foto-Our-Team.jpg 1201w, https:\/\/alsendo-new.sc.testbox.pro\/app\/uploads\/2024\/08\/Krzysztof-Banasiak-New-Foto-Our-Team-300x188.jpg 300w, https:\/\/alsendo-new.sc.testbox.pro\/app\/uploads\/2024\/08\/Krzysztof-Banasiak-New-Foto-Our-Team-1024x640.jpg 1024w, https:\/\/alsendo-new.sc.testbox.pro\/app\/uploads\/2024\/08\/Krzysztof-Banasiak-New-Foto-Our-Team-768x480.jpg 768w, https:\/\/alsendo-new.sc.testbox.pro\/app\/uploads\/2024\/08\/Krzysztof-Banasiak-New-Foto-Our-Team-740x463.jpg 740w\" sizes=\"(max-width: 1201px) 100vw, 1201px\" \/>\t\t\t\t<\/div>\n\t\t\t\t<div class=\"single-our-team__header-right-side\">\n\t\t\t\t\t<h1 class=\"single-our-team__fullname\">\n\t\t\t\t\t\tKrzysztof Banasiak\t\t\t\t\t<\/h1>\n\t\t\t\t\t<p class=\"single-our-team__position\">\n\t\t\t\t\t\tChief Product and Technology Officer Alsendo\t\t\t\t\t<\/p>\n\t\t\t\t\t<p class=\"single-our-team__short-description\">\n\t\t\t\t\t\tKrzysztof to do\u015bwiadczony lider w obszarze technologii i produkt\u00f3w z ponad 16-letnim, mi\u0119dzynarodowym  do\u015bwiadczeniem w zarz\u0105dzaniu systemami i oprogramowaniem.\t\t\t\t\t<\/p>\n\t\t\t\t<\/div>\n\t\t\t<\/div>\n\t\t<\/div>\n\t<\/header>\n\t<div class=\"single-our-team__container\">\n\t\t<div class=\"single-our-team__description\">\n\t\t\t<p>Krzysztof to do\u015bwiadczony lider w obszarach technologii i produkt\u00f3w, kt\u00f3ry zajmowa\u0142 kluczowe stanowiska, m.in. CTO i CPO\/Cz\u0142onka Zarz\u0105du w FIBARO\/Nice Group. Opracowywa\u0142 tam strategie produktowe, przeprowadza\u0142 transformacje zespo\u0142\u00f3w technicznych i produktowych oraz zarz\u0105dza\u0142 zespo\u0142em blisko 200 os\u00f3b, odgrywaj\u0105c istotn\u0105 rol\u0119 w procesie przej\u0119cia firmy. Wcze\u015bniej, w Inea, tworzy\u0142 zespo\u0142y produktowe i wdra\u017ca\u0142 nowoczesne technologie w szpitalach oraz instytucjach pa\u0144stwowych. W Ericsson kierowa\u0142 projektami infrastrukturalnymi we wsp\u00f3\u0142pracy z zespo\u0142ami in\u017cynieryjnymi.<\/p>\n<p>Specjalizuje si\u0119 w budowaniu i transformacji zespo\u0142\u00f3w technicznych oraz produktowych, maksymalizuj\u0105c ich efektywno\u015b\u0107 i wydajno\u015b\u0107. Ma bogate do\u015bwiadczenie w implementacji zmian strukturalnych, opracowywaniu i realizacji strategii produktowych oraz integracji system\u00f3w na mi\u0119dzynarodowych platformach.<\/p>\n<p>Jego do\u015bwiadczenie obejmuje strategie rozwoju oprogramowania, rozwi\u0105zania chmurowe oraz integracj\u0119 platform i skuteczne \u0142\u0105czenie technologii z celami biznesowymi. Kluczowym aspektem jego pracy jest kszta\u0142towanie zespo\u0142\u00f3w i narz\u0119dzi tak, aby nie tylko realizowa\u0142y, ale i przekracza\u0142y strategiczne cele Zarz\u0105du.<\/p>\n<p>W Alsendo Krzysztof odpowiada za rozw\u00f3j i wdra\u017canie d\u0142ugoterminowej strategii produktowej, skuteczne zarz\u0105dzanie roadmap\u0105, p\u0142ynn\u0105 wsp\u00f3\u0142prac\u0119 z zespo\u0142ami biznesowymi oraz integracj\u0119 przej\u0119\u0107 (M&amp;A) z perspektywy technologicznej.<\/p>\n<p>Krzysztof uko\u0144czy\u0142 studia MBA na Uniwersytecie WSB w Poznaniu oraz program Excellence Business Academy organizowany przez ICAN | Harvard Business Review Polska. Posiada tytu\u0142 magistra in\u017cyniera elektrotechniki Politechniki Pozna\u0144skiej oraz odby\u0142 sta\u017c in\u017cynierski na RWTH Aachen University w Niemczech. Dodatkowo ma wykszta\u0142cenie w zakresie nowoczesnych technologii informacyjnych zdobyte na Politechnice Pozna\u0144skiej.<\/p>\n\t\t<\/div>\n\t\t<div class=\"single-our-team__bottom\">\n\t\t\t<img decoding=\"async\" width=\"1201\" height=\"751\" src=\"https:\/\/alsendo-new.sc.testbox.pro\/app\/uploads\/2024\/08\/Krzysztof-Banasiak-New-Foto-Our-Team.jpg\" class=\"single-our-team__bottom-image\" alt=\"\" fetchpriority=\"high\" srcset=\"https:\/\/alsendo-new.sc.testbox.pro\/app\/uploads\/2024\/08\/Krzysztof-Banasiak-New-Foto-Our-Team.jpg 1201w, https:\/\/alsendo-new.sc.testbox.pro\/app\/uploads\/2024\/08\/Krzysztof-Banasiak-New-Foto-Our-Team-300x188.jpg 300w, https:\/\/alsendo-new.sc.testbox.pro\/app\/uploads\/2024\/08\/Krzysztof-Banasiak-New-Foto-Our-Team-1024x640.jpg 1024w, https:\/\/alsendo-new.sc.testbox.pro\/app\/uploads\/2024\/08\/Krzysztof-Banasiak-New-Foto-Our-Team-768x480.jpg 768w, https:\/\/alsendo-new.sc.testbox.pro\/app\/uploads\/2024\/08\/Krzysztof-Banasiak-New-Foto-Our-Team-740x463.jpg 740w\" sizes=\"(max-width: 1201px) 100vw, 1201px\" \/>\t\t\t<div class=\"single-our-team__bottom-content\">\n\t\t\t\t<h3 class=\"single-our-team__bottom-fullname\">\n\t\t\t\t\tKrzysztof Banasiak\t\t\t\t<\/h3>\n\t\t\t\t<p class=\"single-our-team__bottom-position\">\n\t\t\t\t\tChief Product and Technology Officer Alsendo\t\t\t\t<\/p>\n\t\t\t<\/div>\n\t\t<\/div>\n\t<\/div>\n<\/div>\n<\/section>\n\n<section  class=\"ilabs-spacer\"><style scoped>\n\t.spacer--mobile-block_1aac6e9e5d18d3c55da44a7965aa54a5 {\n\t\tpadding-block: 32.5px;\n\t}\n\t@media only screen and (min-width: 1200px) {\n\t\t.spacer--desktop-block_1aac6e9e5d18d3c55da44a7965aa54a5 {\n\t\t\tpadding-block: 57px;\n\t\t}\n\t}\n<\/style>\n<div class=\"spacer spacer--mobile-block_1aac6e9e5d18d3c55da44a7965aa54a5 spacer--desktop-block_1aac6e9e5d18d3c55da44a7965aa54a5\"\n\tstyle=\"background-color: #f7f7f7;\"><\/div>\n<\/section>\n\n<section  class=\"ilabs-rest-of-team\"><div class=\"rest-of-team\">\n<div class=\"rest-of-team__container\">\n\t<h2 class=\"rest-of-team__heading\">\n\t\tPoznaj nasz <strong>zesp\u00f3\u0142<\/strong>\n\t<\/h2>\n\t<div class=\"rest-of-team__list-wrapper swiper\">\n\t\t<ul class=\"rest-of-team__list swiper-wrapper\">\n\t\t\t\t\t\t<li class=\"rest-of-team__item swiper-slide\">\n\t\t\t\t<div class=\"rest-of-team__image-wrapper\">\n\t\t\t\t\t<img decoding=\"async\" width=\"1201\" height=\"751\" src=\"https:\/\/alsendo-new.sc.testbox.pro\/app\/uploads\/2024\/08\/Magdalena-Magnuszewska-New-Foto-Our-Team.jpg\" class=\"rest-of-team__image\" alt=\"\" loading=\"lazy\" srcset=\"https:\/\/alsendo-new.sc.testbox.pro\/app\/uploads\/2024\/08\/Magdalena-Magnuszewska-New-Foto-Our-Team.jpg 1201w, https:\/\/alsendo-new.sc.testbox.pro\/app\/uploads\/2024\/08\/Magdalena-Magnuszewska-New-Foto-Our-Team-300x188.jpg 300w, https:\/\/alsendo-new.sc.testbox.pro\/app\/uploads\/2024\/08\/Magdalena-Magnuszewska-New-Foto-Our-Team-1024x640.jpg 1024w, https:\/\/alsendo-new.sc.testbox.pro\/app\/uploads\/2024\/08\/Magdalena-Magnuszewska-New-Foto-Our-Team-768x480.jpg 768w, https:\/\/alsendo-new.sc.testbox.pro\/app\/uploads\/2024\/08\/Magdalena-Magnuszewska-New-Foto-Our-Team-740x463.jpg 740w\" sizes=\"auto, (max-width: 1201px) 100vw, 1201px\" \/>\t\t\t\t<\/div>\n\t\t\t\t<div class=\"rest-of-team__content\">\n\t\t\t\t\t<h3 class=\"rest-of-team__fullname\"> Magda Magnuszewska<\/h3>\n\t\t\t\t\t<p class=\"rest-of-team__position\">CEO Alsendo<\/p>\n\t\t\t\t\t<p class=\"rest-of-team__text\">Od niemal 20 lat Magda Magnuszewska jest zwi\u0105zana z nowymi technologiami, logistyk\u0105 i bran\u017c\u0105 cyfrow\u0105\u2026<\/p>\n\t\t\t\t\t<a href=\"https:\/\/alsendo-new.sc.testbox.pro\/pl\/magda-manuszewska\/\" class=\"rest-of-team__button button\">\n\t\t\t\t\t\tWi\u0119cej\t\t\t\t\t<\/a>\n\t\t\t\t<\/div>\n\t\t\t<\/li>\n\t\t\t\t\t\t<li class=\"rest-of-team__item swiper-slide\">\n\t\t\t\t<div class=\"rest-of-team__image-wrapper\">\n\t\t\t\t\t<img decoding=\"async\" width=\"1201\" height=\"751\" src=\"https:\/\/alsendo-new.sc.testbox.pro\/app\/uploads\/2024\/08\/Aleksandra-Zawadzka-New-Foto-Our-Team.jpg\" class=\"rest-of-team__image\" alt=\"\" loading=\"lazy\" srcset=\"https:\/\/alsendo-new.sc.testbox.pro\/app\/uploads\/2024\/08\/Aleksandra-Zawadzka-New-Foto-Our-Team.jpg 1201w, https:\/\/alsendo-new.sc.testbox.pro\/app\/uploads\/2024\/08\/Aleksandra-Zawadzka-New-Foto-Our-Team-300x188.jpg 300w, https:\/\/alsendo-new.sc.testbox.pro\/app\/uploads\/2024\/08\/Aleksandra-Zawadzka-New-Foto-Our-Team-1024x640.jpg 1024w, https:\/\/alsendo-new.sc.testbox.pro\/app\/uploads\/2024\/08\/Aleksandra-Zawadzka-New-Foto-Our-Team-768x480.jpg 768w, https:\/\/alsendo-new.sc.testbox.pro\/app\/uploads\/2024\/08\/Aleksandra-Zawadzka-New-Foto-Our-Team-740x463.jpg 740w\" sizes=\"auto, (max-width: 1201px) 100vw, 1201px\" \/>\t\t\t\t<\/div>\n\t\t\t\t<div class=\"rest-of-team__content\">\n\t\t\t\t\t<h3 class=\"rest-of-team__fullname\">Aleksandra Zawadzka<\/h3>\n\t\t\t\t\t<p class=\"rest-of-team__position\">CFO Alsendo<\/p>\n\t\t\t\t\t<p class=\"rest-of-team__text\">CFO w Alsendo od pocz\u0105tku 2021 roku. Posiada ponad 20-letnie do\u015bwiadczenie w finansach, operacjach i strategii korporacyjnej&#8230;<\/p>\n\t\t\t\t\t<a href=\"https:\/\/alsendo-new.sc.testbox.pro\/pl\/aleksandra-zawadzka\/\" class=\"rest-of-team__button button\">\n\t\t\t\t\t\tWi\u0119cej\t\t\t\t\t<\/a>\n\t\t\t\t<\/div>\n\t\t\t<\/li>\n\t\t\t\t\t\t<li class=\"rest-of-team__item swiper-slide\">\n\t\t\t\t<div class=\"rest-of-team__image-wrapper\">\n\t\t\t\t\t<img decoding=\"async\" width=\"1201\" height=\"751\" src=\"https:\/\/alsendo-new.sc.testbox.pro\/app\/uploads\/2024\/08\/Marcin-Susmanek-New-Foto-Our-Team.jpg\" class=\"rest-of-team__image\" alt=\"\" loading=\"lazy\" srcset=\"https:\/\/alsendo-new.sc.testbox.pro\/app\/uploads\/2024\/08\/Marcin-Susmanek-New-Foto-Our-Team.jpg 1201w, https:\/\/alsendo-new.sc.testbox.pro\/app\/uploads\/2024\/08\/Marcin-Susmanek-New-Foto-Our-Team-300x188.jpg 300w, https:\/\/alsendo-new.sc.testbox.pro\/app\/uploads\/2024\/08\/Marcin-Susmanek-New-Foto-Our-Team-1024x640.jpg 1024w, https:\/\/alsendo-new.sc.testbox.pro\/app\/uploads\/2024\/08\/Marcin-Susmanek-New-Foto-Our-Team-768x480.jpg 768w, https:\/\/alsendo-new.sc.testbox.pro\/app\/uploads\/2024\/08\/Marcin-Susmanek-New-Foto-Our-Team-740x463.jpg 740w\" sizes=\"auto, (max-width: 1201px) 100vw, 1201px\" \/>\t\t\t\t<\/div>\n\t\t\t\t<div class=\"rest-of-team__content\">\n\t\t\t\t\t<h3 class=\"rest-of-team__fullname\">Marcin Susmanek<\/h3>\n\t\t\t\t\t<p class=\"rest-of-team__position\">Board Member Alsendo<\/p>\n\t\t\t\t\t<p class=\"rest-of-team__text\">Marcin to do\u015bwiadczony mened\u017cer skoncentrowany na rozwoju biznesu. Wspiera rozw\u00f3j i buduje warto\u015b\u0107 Alsendo od 2016 roku.<\/p>\n\t\t\t\t\t<a href=\"https:\/\/alsendo-new.sc.testbox.pro\/pl\/marcin-susmanek\/\" class=\"rest-of-team__button button\">\n\t\t\t\t\t\tWi\u0119cej\t\t\t\t\t<\/a>\n\t\t\t\t<\/div>\n\t\t\t<\/li>\n\t\t\t\t\t<\/ul>\n\t\t<div class=\"rest-of-team__list-dots\"><\/div>\n\t<\/div>\n<\/div>\n<\/div>\n<\/section>\n\n<section  class=\"ilabs-spacer\"><style scoped>\n\t.spacer--mobile-block_1aac6e9e5d18d3c55da44a7965aa54a5 {\n\t\tpadding-block: 32.5px;\n\t}\n\t@media only screen and (min-width: 1200px) {\n\t\t.spacer--desktop-block_1aac6e9e5d18d3c55da44a7965aa54a5 {\n\t\t\tpadding-block: 57px;\n\t\t}\n\t}\n<\/style>\n<div class=\"spacer spacer--mobile-block_1aac6e9e5d18d3c55da44a7965aa54a5 spacer--desktop-block_1aac6e9e5d18d3c55da44a7965aa54a5\"\n\tstyle=\"background-color: #f7f7f7;\"><\/div>\n<\/section>","protected":false},"excerpt":{"rendered":"","protected":false},"author":3,"featured_media":0,"parent":0,"menu_order":0,"comment_status":"closed","ping_status":"closed","template":"","meta":{"_acf_changed":false,"inline_featured_image":false,"_genesis_hide_title":false,"_genesis_hide_breadcrumbs":false,"_genesis_hide_singular_image":false,"_genesis_hide_footer_widgets":false,"_genesis_custom_body_class":"","_genesis_custom_post_class":"","_genesis_layout":"","footnotes":""},"class_list":{"0":"post-5003","1":"page","2":"type-page","3":"status-publish","5":"entry"},"acf":[],"yoast_head":"<!-- This site is optimized with the Yoast SEO plugin v26.5 - https:\/\/yoast.com\/wordpress\/plugins\/seo\/ -->\n<title>Krzysztof - Alsendo<\/title>\n<meta name=\"robots\" content=\"noindex, follow, max-snippet:-1, max-image-preview:large, max-video-preview:-1\" \/>\n<meta property=\"og:locale\" content=\"pl_PL\" \/>\n<meta property=\"og:type\" content=\"article\" \/>\n<meta property=\"og:title\" content=\"Krzysztof - Alsendo\" \/>\n<meta property=\"og:url\" content=\"https:\/\/alsendo-new.sc.testbox.pro\/pl\/krzysztof\/\" \/>\n<meta property=\"og:site_name\" content=\"Alsendo\" \/>\n<meta property=\"article:modified_time\" content=\"2025-01-31T13:49:55+00:00\" \/>\n<meta name=\"twitter:card\" content=\"summary_large_image\" \/>\n<script type=\"application\/ld+json\" class=\"yoast-schema-graph\">{\"@context\":\"https:\/\/schema.org\",\"@graph\":[{\"@type\":\"WebPage\",\"@id\":\"https:\/\/alsendo-new.sc.testbox.pro\/pl\/krzysztof\/\",\"url\":\"https:\/\/alsendo-new.sc.testbox.pro\/pl\/krzysztof\/\",\"name\":\"Krzysztof - Alsendo\",\"isPartOf\":{\"@id\":\"https:\/\/alsendo-new.sc.testbox.pro\/#website\"},\"datePublished\":\"2024-07-16T13:06:28+00:00\",\"dateModified\":\"2025-01-31T13:49:55+00:00\",\"breadcrumb\":{\"@id\":\"https:\/\/alsendo-new.sc.testbox.pro\/pl\/krzysztof\/#breadcrumb\"},\"inLanguage\":\"pl-PL\",\"potentialAction\":[{\"@type\":\"ReadAction\",\"target\":[\"https:\/\/alsendo-new.sc.testbox.pro\/pl\/krzysztof\/\"]}]},{\"@type\":\"BreadcrumbList\",\"@id\":\"https:\/\/alsendo-new.sc.testbox.pro\/pl\/krzysztof\/#breadcrumb\",\"itemListElement\":[{\"@type\":\"ListItem\",\"position\":1,\"name\":\"alsendo\",\"item\":\"https:\/\/alsendo-new.sc.testbox.pro\/pl\/\"},{\"@type\":\"ListItem\",\"position\":2,\"name\":\"Krzysztof\"}]},{\"@type\":\"WebSite\",\"@id\":\"https:\/\/alsendo-new.sc.testbox.pro\/#website\",\"url\":\"https:\/\/alsendo-new.sc.testbox.pro\/\",\"name\":\"Alsendo\",\"description\":\"\",\"publisher\":{\"@id\":\"https:\/\/alsendo-new.sc.testbox.pro\/#organization\"},\"potentialAction\":[{\"@type\":\"SearchAction\",\"target\":{\"@type\":\"EntryPoint\",\"urlTemplate\":\"https:\/\/alsendo-new.sc.testbox.pro\/?s={search_term_string}\"},\"query-input\":{\"@type\":\"PropertyValueSpecification\",\"valueRequired\":true,\"valueName\":\"search_term_string\"}}],\"inLanguage\":\"pl-PL\"},{\"@type\":\"Organization\",\"@id\":\"https:\/\/alsendo-new.sc.testbox.pro\/#organization\",\"name\":\"Alsendo\",\"url\":\"https:\/\/alsendo-new.sc.testbox.pro\/\",\"logo\":{\"@type\":\"ImageObject\",\"inLanguage\":\"pl-PL\",\"@id\":\"https:\/\/alsendo-new.sc.testbox.pro\/#\/schema\/logo\/image\/\",\"url\":\"https:\/\/alsendo-new.sc.testbox.pro\/app\/uploads\/2024\/05\/Alsendo-Logotype.svg\",\"contentUrl\":\"https:\/\/alsendo-new.sc.testbox.pro\/app\/uploads\/2024\/05\/Alsendo-Logotype.svg\",\"width\":180,\"height\":45,\"caption\":\"Alsendo \"},\"image\":{\"@id\":\"https:\/\/alsendo-new.sc.testbox.pro\/#\/schema\/logo\/image\/\"}}]}<\/script>\n<!-- \/ Yoast SEO plugin. -->","yoast_head_json":{"title":"Krzysztof - Alsendo","robots":{"index":"noindex","follow":"follow","max-snippet":"max-snippet:-1","max-image-preview":"max-image-preview:large","max-video-preview":"max-video-preview:-1"},"og_locale":"pl_PL","og_type":"article","og_title":"Krzysztof - Alsendo","og_url":"https:\/\/alsendo-new.sc.testbox.pro\/pl\/krzysztof\/","og_site_name":"Alsendo","article_modified_time":"2025-01-31T13:49:55+00:00","twitter_card":"summary_large_image","schema":{"@context":"https:\/\/schema.org","@graph":[{"@type":"WebPage","@id":"https:\/\/alsendo-new.sc.testbox.pro\/pl\/krzysztof\/","url":"https:\/\/alsendo-new.sc.testbox.pro\/pl\/krzysztof\/","name":"Krzysztof - Alsendo","isPartOf":{"@id":"https:\/\/alsendo-new.sc.testbox.pro\/#website"},"datePublished":"2024-07-16T13:06:28+00:00","dateModified":"2025-01-31T13:49:55+00:00","breadcrumb":{"@id":"https:\/\/alsendo-new.sc.testbox.pro\/pl\/krzysztof\/#breadcrumb"},"inLanguage":"pl-PL","potentialAction":[{"@type":"ReadAction","target":["https:\/\/alsendo-new.sc.testbox.pro\/pl\/krzysztof\/"]}]},{"@type":"BreadcrumbList","@id":"https:\/\/alsendo-new.sc.testbox.pro\/pl\/krzysztof\/#breadcrumb","itemListElement":[{"@type":"ListItem","position":1,"name":"alsendo","item":"https:\/\/alsendo-new.sc.testbox.pro\/pl\/"},{"@type":"ListItem","position":2,"name":"Krzysztof"}]},{"@type":"WebSite","@id":"https:\/\/alsendo-new.sc.testbox.pro\/#website","url":"https:\/\/alsendo-new.sc.testbox.pro\/","name":"Alsendo","description":"","publisher":{"@id":"https:\/\/alsendo-new.sc.testbox.pro\/#organization"},"potentialAction":[{"@type":"SearchAction","target":{"@type":"EntryPoint","urlTemplate":"https:\/\/alsendo-new.sc.testbox.pro\/?s={search_term_string}"},"query-input":{"@type":"PropertyValueSpecification","valueRequired":true,"valueName":"search_term_string"}}],"inLanguage":"pl-PL"},{"@type":"Organization","@id":"https:\/\/alsendo-new.sc.testbox.pro\/#organization","name":"Alsendo","url":"https:\/\/alsendo-new.sc.testbox.pro\/","logo":{"@type":"ImageObject","inLanguage":"pl-PL","@id":"https:\/\/alsendo-new.sc.testbox.pro\/#\/schema\/logo\/image\/","url":"https:\/\/alsendo-new.sc.testbox.pro\/app\/uploads\/2024\/05\/Alsendo-Logotype.svg","contentUrl":"https:\/\/alsendo-new.sc.testbox.pro\/app\/uploads\/2024\/05\/Alsendo-Logotype.svg","width":180,"height":45,"caption":"Alsendo "},"image":{"@id":"https:\/\/alsendo-new.sc.testbox.pro\/#\/schema\/logo\/image\/"}}]}},"_links":{"self":[{"href":"https:\/\/alsendo-new.sc.testbox.pro\/pl\/wp-json\/wp\/v2\/pages\/5003","targetHints":{"allow":["GET"]}}],"collection":[{"href":"https:\/\/alsendo-new.sc.testbox.pro\/pl\/wp-json\/wp\/v2\/pages"}],"about":[{"href":"https:\/\/alsendo-new.sc.testbox.pro\/pl\/wp-json\/wp\/v2\/types\/page"}],"author":[{"embeddable":true,"href":"https:\/\/alsendo-new.sc.testbox.pro\/pl\/wp-json\/wp\/v2\/users\/3"}],"replies":[{"embeddable":true,"href":"https:\/\/alsendo-new.sc.testbox.pro\/pl\/wp-json\/wp\/v2\/comments?post=5003"}],"version-history":[{"count":2,"href":"https:\/\/alsendo-new.sc.testbox.pro\/pl\/wp-json\/wp\/v2\/pages\/5003\/revisions"}],"predecessor-version":[{"id":5006,"href":"https:\/\/alsendo-new.sc.testbox.pro\/pl\/wp-json\/wp\/v2\/pages\/5003\/revisions\/5006"}],"wp:attachment":[{"href":"https:\/\/alsendo-new.sc.testbox.pro\/pl\/wp-json\/wp\/v2\/media?parent=5003"}],"curies":[{"name":"wp","href":"https:\/\/api.w.org\/{rel}","templated":true}]}}