{"id":4917,"date":"2024-05-14T15:01:51","date_gmt":"2024-05-14T13:01:51","guid":{"rendered":"https:\/\/alsendo.com\/alsendo-business\/"},"modified":"2025-04-22T09:18:47","modified_gmt":"2025-04-22T07:18:47","slug":"alsendo-business","status":"publish","type":"page","link":"https:\/\/alsendo-new.sc.testbox.pro\/pl\/alsendo-business\/","title":{"rendered":"Alsendo Business"},"content":{"rendered":"<section  class=\"ilabs-header-collective-pages\"><div class=\"header-collective-pages\">\n\t<picture>\n\t\t<source media=\"(max-width: 1024px)\" srcset=\"https:\/\/alsendo-new.sc.testbox.pro\/app\/uploads\/2024\/06\/Alsendo-WWW-Business-Mobile-\u2013-Graphic-1.png\">\n\t\t<img decoding=\"async\" class=\"header-collective-pages__background-image\" src=\"https:\/\/alsendo-new.sc.testbox.pro\/app\/uploads\/2024\/06\/Business-Hero-Graphic-New-1.jpg\"\n\t\t\talt=\"&lt;p&gt;Por\u00f3wnuj ceny kurier\u00f3w, automatyzuj procesy wysy\u0142kowe&lt;\/p&gt;\n\">\n\t<\/picture>\n\t<div class=\"header-collective-pages__container\">\n\t\t<div class=\"header-collective-pages__left-side\">\n\t\t\t\t\t\t\t<img decoding=\"async\" width=\"372\" height=\"106\" src=\"https:\/\/alsendo-new.sc.testbox.pro\/app\/uploads\/2024\/05\/Alsendo-Business-Logotype-1.svg\" class=\"header-collective-pages__logo\" alt=\"\" loading=\"lazy\" \/>\t\t\t\t\t\t\t\t\t<h2 class=\"header-collective-pages__heading\">\n\t\t\t\tPor\u00f3wnuj ceny kurier\u00f3w, automatyzuj procesy wysy\u0142kowe\n\t\t\t<\/h2>\n\t\t\t\t\t\t\t\t\t\t\t\t\t\t<a href=\"https:\/\/alsendo.com\/pl\/otrzymaj-oferte\/\"\n\t\t\t\t\tclass=\"header-collective-pages__button button\"\n\t\t\t\t\tstyle=\"background-color: #2df7c2; color: #6d3adf\">\n\t\t\t\t\t\tPopro\u015b o wycen\u0119\t\t\t\t<\/a>\n\t\t\t\t\t\t\t\t\t<\/div>\n\t\t<div class=\"header-collective-pages__right-side\">\n\t\t\t\t\t\t\t<img decoding=\"async\" width=\"785\" height=\"473\" src=\"https:\/\/alsendo-new.sc.testbox.pro\/app\/uploads\/2024\/05\/Alsendo-Business-Screen-Mockup-1.png\" class=\"header-collective-pages__image\" alt=\"\" loading=\"lazy\" srcset=\"https:\/\/alsendo-new.sc.testbox.pro\/app\/uploads\/2024\/05\/Alsendo-Business-Screen-Mockup-1.png 785w, https:\/\/alsendo-new.sc.testbox.pro\/app\/uploads\/2024\/05\/Alsendo-Business-Screen-Mockup-1-300x181.png 300w, https:\/\/alsendo-new.sc.testbox.pro\/app\/uploads\/2024\/05\/Alsendo-Business-Screen-Mockup-1-768x463.png 768w, https:\/\/alsendo-new.sc.testbox.pro\/app\/uploads\/2024\/05\/Alsendo-Business-Screen-Mockup-1-740x446.png 740w\" sizes=\"auto, (max-width: 785px) 100vw, 785px\" \/>\t\t\t\t\t<\/div>\n\t<\/div>\n<\/div>\n<\/section>\n\n<section  class=\"ilabs-text-image-container\"><div class=\"text-image-container text-image-container--image-left  text-image-container--image-lifted-up  text-image-container--bg-white  text-image-container--image-mobile-hidden \">\n\t<div class=\"text-image-container__container\">\n\t\t<div class=\"text-image-container__image-wrapper\">\n\t\t\t<img decoding=\"async\" width=\"583\" height=\"664\" src=\"https:\/\/alsendo-new.sc.testbox.pro\/app\/uploads\/2024\/05\/Compare-Carrier-Offers-Graphic-02-1.png\" class=\"text-image-container__image\" alt=\"\" loading=\"lazy\" srcset=\"https:\/\/alsendo-new.sc.testbox.pro\/app\/uploads\/2024\/05\/Compare-Carrier-Offers-Graphic-02-1.png 583w, https:\/\/alsendo-new.sc.testbox.pro\/app\/uploads\/2024\/05\/Compare-Carrier-Offers-Graphic-02-1-263x300.png 263w\" sizes=\"auto, (max-width: 583px) 100vw, 583px\" \/>\t\t<\/div>\n\t\t<div class=\"text-image-container__content-wrapper\">\n\t\t\t\t\t\t<h2 class=\"text-image-container__heading\">Rozwi\u0105zania<br \/>\ndla biznesu<br \/>\ni e-commerce\n<\/h2>\n\t\t\t\t\t\t\t\t\t<div class=\"text-image-container__content\">\n\t\t\t\t<p>Alsendo Business to us\u0142ugi wsparcia logistyki od krajowych po mi\u0119dzynarodowe, spersonalizowana komunikacja dla klient\u00f3w e-sklep\u00f3w oraz zautomatyzowane zwroty paczek.<\/p>\n\t\t\t<\/div>\n\t\t\t\t\t<\/div>\n\t<\/div>\n\t<\/section>\n\n<section  class=\"ilabs-colorful-cards\"><div class=\"colorful-cards colorful-cards--4-columns  colorful-cards--box-shadow-desktop\">\n\t<div class=\"colorful-cards__container\">\n\t\t\t\t<h2 class=\"colorful-cards__heading\"><strong>Alsendo to najlepsza platforma<\/strong> do uzyskania najkorzystniejszych stawek i automatyzacji proces\u00f3w wysy\u0142kowych\n<\/h2>\n\t\t\t\t\t\t<ul class=\"colorful-cards__list\">\n\t\t\t\t\t\t<li class=\"colorful-cards__item\" style=\"background-color: #ffffff\">\n\t\t\t\t<div class=\"colorful-cards__card-image-wrapper\">\n\t\t\t\t\t<img decoding=\"async\" width=\"59\" height=\"46\" src=\"https:\/\/alsendo-new.sc.testbox.pro\/app\/uploads\/2024\/06\/Courier-delivery-costs-Icon.svg\" class=\"colorful-cards__card-image\" alt=\"\" loading=\"lazy\" \/>\t\t\t\t<\/div>\n\t\t\t\t<div class=\"colorful-cards__card-bottom\">\n\t\t\t\t\t\t\t\t\t\t<p class=\"colorful-cards__card-text\" style=\"color: #2f2946\">\n\t\t\t\t\t\tSprawdzaj koszty dostawy kurierskiej i negocjuj ceny indywidualnie.\t\t\t\t\t<\/p>\n\t\t\t\t<\/div>\n\t\t\t<\/li>\n\t\t\t\t\t\t<li class=\"colorful-cards__item\" style=\"background-color: #ffffff\">\n\t\t\t\t<div class=\"colorful-cards__card-image-wrapper\">\n\t\t\t\t\t<img decoding=\"async\" width=\"59\" height=\"59\" src=\"https:\/\/alsendo-new.sc.testbox.pro\/app\/uploads\/2024\/06\/One-Simple-API-Icon.svg\" class=\"colorful-cards__card-image\" alt=\"\" loading=\"lazy\" \/>\t\t\t\t<\/div>\n\t\t\t\t<div class=\"colorful-cards__card-bottom\">\n\t\t\t\t\t\t\t\t\t\t<p class=\"colorful-cards__card-text\" style=\"color: #2f2946\">\n\t\t\t\t\t\tSkorzystaj z prostej integracji API.\t\t\t\t\t<\/p>\n\t\t\t\t<\/div>\n\t\t\t<\/li>\n\t\t\t\t\t\t<li class=\"colorful-cards__item\" style=\"background-color: #ffffff\">\n\t\t\t\t<div class=\"colorful-cards__card-image-wrapper\">\n\t\t\t\t\t<img decoding=\"async\" width=\"73\" height=\"58\" src=\"https:\/\/alsendo-new.sc.testbox.pro\/app\/uploads\/2024\/06\/Automation-and-optimization-Icon.svg\" class=\"colorful-cards__card-image\" alt=\"\" loading=\"lazy\" \/>\t\t\t\t<\/div>\n\t\t\t\t<div class=\"colorful-cards__card-bottom\">\n\t\t\t\t\t\t\t\t\t\t<p class=\"colorful-cards__card-text\" style=\"color: #2f2946\">\n\t\t\t\t\t\tAutomatyzuj i optymalizuj procesy wysy\u0142kowe.\t\t\t\t\t<\/p>\n\t\t\t\t<\/div>\n\t\t\t<\/li>\n\t\t\t\t\t\t<li class=\"colorful-cards__item\" style=\"background-color: #ffffff\">\n\t\t\t\t<div class=\"colorful-cards__card-image-wrapper\">\n\t\t\t\t\t<img decoding=\"async\" width=\"73\" height=\"58\" src=\"https:\/\/alsendo-new.sc.testbox.pro\/app\/uploads\/2024\/06\/Personalized-communication-Icon.svg\" class=\"colorful-cards__card-image\" alt=\"\" loading=\"lazy\" \/>\t\t\t\t<\/div>\n\t\t\t\t<div class=\"colorful-cards__card-bottom\">\n\t\t\t\t\t\t\t\t\t\t<p class=\"colorful-cards__card-text\" style=\"color: #2f2946\">\n\t\t\t\t\t\tTw\u00f3rz spersonalizowan\u0105 komunikacj\u0119 w procesie pozakupowym.\t\t\t\t\t<\/p>\n\t\t\t\t<\/div>\n\t\t\t<\/li>\n\t\t\t\t\t<\/ul>\n\t\t\t<\/div>\n<\/div>\n<\/section>\n\n<section  class=\"ilabs-logos\"><div class=\"logos logos--bg-gray logos--bold-and-center \">\n\t<div class=\"logos__container\">\n\t\t\t\t<h2 class=\"logos__heading\"><strong>Najwi\u0119ksze firmy kurierskie <\/strong>w jednym miejscu<strong><br \/>\n<\/strong>\n<\/h2>\n\t\t\t\t\t\t<div class=\"logos__slider swiper\">\n\t\t\t<ul class=\"logos__list swiper-wrapper\">\n\t\t\t\t\t\t\t\t<li class=\"logos__item swiper-slide\">\n\t\t\t\t\t<img decoding=\"async\" width=\"154\" height=\"60\" src=\"https:\/\/alsendo-new.sc.testbox.pro\/app\/uploads\/2024\/06\/SG-DHL-Logo.png\" class=\"logos__logo\" alt=\"\" loading=\"lazy\" \/>\t\t\t\t<\/li>\n\t\t\t\t\t\t\t\t<li class=\"logos__item swiper-slide\">\n\t\t\t\t\t<img decoding=\"async\" width=\"126\" height=\"63\" src=\"https:\/\/alsendo-new.sc.testbox.pro\/app\/uploads\/2024\/06\/SG-DPD-Logo.png\" class=\"logos__logo\" alt=\"\" loading=\"lazy\" \/>\t\t\t\t<\/li>\n\t\t\t\t\t\t\t\t<li class=\"logos__item swiper-slide\">\n\t\t\t\t\t<img decoding=\"async\" width=\"115\" height=\"47\" src=\"https:\/\/alsendo-new.sc.testbox.pro\/app\/uploads\/2024\/06\/SG-GLS-Logo.png\" class=\"logos__logo\" alt=\"\" loading=\"lazy\" \/>\t\t\t\t<\/li>\n\t\t\t\t\t\t\t\t<li class=\"logos__item swiper-slide\">\n\t\t\t\t\t<img decoding=\"async\" width=\"136\" height=\"45\" src=\"https:\/\/alsendo-new.sc.testbox.pro\/app\/uploads\/2024\/06\/SG-FedEx-Logo.png\" class=\"logos__logo\" alt=\"\" loading=\"lazy\" \/>\t\t\t\t<\/li>\n\t\t\t\t\t\t\t<\/ul>\n\t\t<\/div>\n\t\t\t<\/div>\n<\/div>\n<\/section>\n\n<section  class=\"ilabs-three-columns\"><div class=\"three-columns\">\n\t<div class=\"three-columns__container\">\n\t\t\t\t<h2 class=\"three-columns__heading\"><strong>Technologia dopasowana <\/strong>do Twojego biznesu<strong><br \/>\n<\/strong>\n<\/h2>\n\t\t\t\t\t\t<ul class=\"three-columns__list\">\n\t\t\t\t\t\t<li class=\"three-columns__item\">\n\t\t\t\t\t\t\t\t<div class=\"three-columns__column-image\">\n\t\t\t\t\t<img loading=\"lazy\" decoding=\"async\" width=\"269\" height=\"325\" src=\"https:\/\/alsendo-new.sc.testbox.pro\/app\/uploads\/2024\/05\/Small-and-medium-business-02-1.png\" class=\"three-columns__image\" alt=\"\" srcset=\"https:\/\/alsendo-new.sc.testbox.pro\/app\/uploads\/2024\/05\/Small-and-medium-business-02-1.png 269w, https:\/\/alsendo-new.sc.testbox.pro\/app\/uploads\/2024\/05\/Small-and-medium-business-02-1-248x300.png 248w\" sizes=\"auto, (max-width: 269px) 100vw, 269px\" \/>\t\t\t\t<\/div>\n\t\t\t\t\t\t\t\t\t\t\t\t<h3 class=\"three-columns__column-heading\">Dla biznesu<\/h3>\n\t\t\t\t\t\t\t\t\t\t\t\t<p class=\"three-columns__column-text\">\n\t\t\t\t\tWszystkie najwi\u0119ksze firmy kurierskie w jednym miejscu, szeroka gama us\u0142ug. Negocjuj stawki indywidualnie i korzystaj z porad doradc\u00f3w biznesowych.\t\t\t\t<\/p>\n\t\t\t\t\t\t\t<\/li>\n\t\t\t\t\t\t<li class=\"three-columns__item\">\n\t\t\t\t\t\t\t\t<div class=\"three-columns__column-image\">\n\t\t\t\t\t<img loading=\"lazy\" decoding=\"async\" width=\"269\" height=\"325\" src=\"https:\/\/alsendo-new.sc.testbox.pro\/app\/uploads\/2024\/05\/E-commerce-02-1.png\" class=\"three-columns__image\" alt=\"\" srcset=\"https:\/\/alsendo-new.sc.testbox.pro\/app\/uploads\/2024\/05\/E-commerce-02-1.png 269w, https:\/\/alsendo-new.sc.testbox.pro\/app\/uploads\/2024\/05\/E-commerce-02-1-248x300.png 248w\" sizes=\"auto, (max-width: 269px) 100vw, 269px\" \/>\t\t\t\t<\/div>\n\t\t\t\t\t\t\t\t\t\t\t\t<h3 class=\"three-columns__column-heading\">Dla e-commerce<\/h3>\n\t\t\t\t\t\t\t\t\t\t\t\t<p class=\"three-columns__column-text\">\n\t\t\t\t\tZyskaj dost\u0119p do integracji z najlepszymi platformami e-commerce. Automatyzuj procesy wysy\u0142kowe. Personalizuj komunikacj\u0119 z klientami. Otrzymuj wsparcie techniczne \u2013 oszcz\u0119dzaj czas i pieni\u0105dze!\t\t\t\t<\/p>\n\t\t\t\t\t\t\t<\/li>\n\t\t\t\t\t\t<li class=\"three-columns__item\">\n\t\t\t\t\t\t\t\t<div class=\"three-columns__column-image\">\n\t\t\t\t\t<img loading=\"lazy\" decoding=\"async\" width=\"269\" height=\"325\" src=\"https:\/\/alsendo-new.sc.testbox.pro\/app\/uploads\/2024\/05\/Large-B2B-technological-platforms-02-1.png\" class=\"three-columns__image\" alt=\"\" srcset=\"https:\/\/alsendo-new.sc.testbox.pro\/app\/uploads\/2024\/05\/Large-B2B-technological-platforms-02-1.png 269w, https:\/\/alsendo-new.sc.testbox.pro\/app\/uploads\/2024\/05\/Large-B2B-technological-platforms-02-1-248x300.png 248w\" sizes=\"auto, (max-width: 269px) 100vw, 269px\" \/>\t\t\t\t<\/div>\n\t\t\t\t\t\t\t\t\t\t\t\t<h3 class=\"three-columns__column-heading\">Dla B2B i platform technologicznych<\/h3>\n\t\t\t\t\t\t\t\t\t\t\t\t<p class=\"three-columns__column-text\">\n\t\t\t\t\tDostosujemy rozwi\u0105zania technologiczne do specyfiki Twojego biznesu (np. platformy logistyczne, marketplace, WMS, ERP). Pomo\u017cemy Ci rozwija\u0107 firm\u0119 i usprawni\u0107 jej dzia\u0142anie!\t\t\t\t<\/p>\n\t\t\t\t\t\t\t<\/li>\n\t\t\t\t\t<\/ul>\n\t\t\t<\/div>\n<\/div>\n<\/section>\n\n<section  class=\"ilabs-why-alsendo\"><div class=\"why-alsendo\">\n\t<div class=\"why-alsendo__container\">\n\t\t<div class=\"why-alsendo__header\">\n\t\t\t<div class=\"why-alsendo__left-side\">\n\t\t\t\t\t\t\t\t<h2 class=\"why-alsendo__heading\">Dlaczego Alsendo Business?\n<\/h2>\n\t\t\t\t\t\t\t\t\t\t\t\t<p class=\"why-alsendo__subheading\">Wybierz Alsendo Business do efektywnego zarz\u0105dzania umowami kurierskimi, bezproblemowego dost\u0119pu do wszystkich us\u0142ug kurierskich oraz spersonalizowanego wsparcia, kt\u00f3re zapewni p\u0142ynne i kosztowo efektywne rozwi\u0105zania wysy\u0142kowe dopasowane do potrzeb Twojego biznesu.<\/p>\n\t\t\t\t\t\t\t<\/div>\n\t\t\t<img decoding=\"async\" width=\"332\" height=\"95\" src=\"https:\/\/alsendo-new.sc.testbox.pro\/app\/uploads\/2024\/05\/Alsendo-Business-Logotype.svg\" class=\"why-alsendo__logo\" alt=\"\" loading=\"lazy\" \/>\t\t<\/div>\n\t\t<ul class=\"why-alsendo__tiles\">\n\t\t\t\t\t\t<li class=\"why-alsendo__item\">\n\t\t\t\t<img decoding=\"async\" width=\"59\" height=\"53\" src=\"https:\/\/alsendo-new.sc.testbox.pro\/app\/uploads\/2024\/05\/Domestic-shipments-Icon.svg\" class=\"why-alsendo__item-icon\" alt=\"\" loading=\"lazy\" \/>\t\t\t\t<h3 class=\"why-alsendo__item-title\">Przesy\u0142ki krajowe<\/h3>\n\t\t\t\t<p class=\"why-alsendo__item-text\">Dostawy drzwi-w-drzwi i do punkt\u00f3w odbioru, szybko i w dobrej cenie. <\/p>\n\t\t\t\t\t\t\t\t\t\t\t\t\t\t<a href=\"https:\/\/alsendo-new.sc.testbox.pro\/pl\/przesylki-krajowe\/\"\n\t\t\t\t\t\tclass=\"why-alsendo__item-button button\">Wi\u0119cej<\/a>\n\t\t\t\t\t\t\t\t\t\t\t\t<\/li>\n\t\t\t\t\t\t<li class=\"why-alsendo__item\">\n\t\t\t\t<img decoding=\"async\" width=\"52\" height=\"52\" src=\"https:\/\/alsendo-new.sc.testbox.pro\/app\/uploads\/2024\/05\/International-shipments-Icon.svg\" class=\"why-alsendo__item-icon\" alt=\"\" loading=\"lazy\" \/>\t\t\t\t<h3 class=\"why-alsendo__item-title\">Przesy\u0142ki mi\u0119dzynarodowe<\/h3>\n\t\t\t\t<p class=\"why-alsendo__item-text\">Szybka i bezpieczna wysy\u0142ka oraz dostawa do ponad 150 kraj\u00f3w.<\/p>\n\t\t\t\t\t\t\t\t\t\t\t\t\t\t<a href=\"https:\/\/alsendo-new.sc.testbox.pro\/pl\/przesylki-miedzynarodowe-3\/\"\n\t\t\t\t\t\tclass=\"why-alsendo__item-button button\">Wi\u0119cej<\/a>\n\t\t\t\t\t\t\t\t\t\t\t\t<\/li>\n\t\t\t\t\t\t<li class=\"why-alsendo__item\">\n\t\t\t\t<img decoding=\"async\" width=\"66\" height=\"52\" src=\"https:\/\/alsendo-new.sc.testbox.pro\/app\/uploads\/2024\/05\/Pallets-half-pallets-Icon.svg\" class=\"why-alsendo__item-icon\" alt=\"\" loading=\"lazy\" \/>\t\t\t\t<h3 class=\"why-alsendo__item-title\">Palety i p\u00f3\u0142palety<\/h3>\n\t\t\t\t<p class=\"why-alsendo__item-text\">Nadaj nawet najbardziej nietypowy \u0142adunek. Sprawd\u017a oferty na przesy\u0142ki niestandardowe dla biznesu.<\/p>\n\t\t\t\t\t\t\t\t\t\t\t\t\t\t<a href=\"https:\/\/alsendo-new.sc.testbox.pro\/pl\/palety-i-polpalety\/\"\n\t\t\t\t\t\tclass=\"why-alsendo__item-button button\">Wi\u0119cej<\/a>\n\t\t\t\t\t\t\t\t\t\t\t\t<\/li>\n\t\t\t\t\t\t<li class=\"why-alsendo__item\">\n\t\t\t\t<img decoding=\"async\" width=\"60\" height=\"53\" src=\"https:\/\/alsendo-new.sc.testbox.pro\/app\/uploads\/2024\/05\/Last-mile-customer-Icon.svg\" class=\"why-alsendo__item-icon\" alt=\"\" loading=\"lazy\" \/>\t\t\t\t<h3 class=\"why-alsendo__item-title\">Wsparcie obs\u0142ugi klienta na ostatnim etapie dostawy<\/h3>\n\t\t\t\t<p class=\"why-alsendo__item-text\">Kompleksowe rozwi\u0105zania dostawy na ostatnim etapie (last mile), kt\u00f3re zapewniaj\u0105 p\u0142ynny i efektywny proces dostawy.<\/p>\n\t\t\t\t\t\t\t\t\t\t\t\t\t\t<a href=\"https:\/\/alsendo-new.sc.testbox.pro\/pl\/wsparcie-obslugi-klienta-na-ostatniej-mili\/\"\n\t\t\t\t\t\tclass=\"why-alsendo__item-button button\">Wi\u0119cej<\/a>\n\t\t\t\t\t\t\t\t\t\t\t\t<\/li>\n\t\t\t\t\t\t<li class=\"why-alsendo__item\">\n\t\t\t\t<img decoding=\"async\" width=\"66\" height=\"52\" src=\"https:\/\/alsendo-new.sc.testbox.pro\/app\/uploads\/2024\/05\/Unified-map-of-PUDO-Icon.svg\" class=\"why-alsendo__item-icon\" alt=\"\" loading=\"lazy\" \/>\t\t\t\t<h3 class=\"why-alsendo__item-title\">Widget mapy PUDO<\/h3>\n\t\t\t\t<p class=\"why-alsendo__item-text\">Unikatowy widget mapy w Twoim e-sklepie.<\/p>\n\t\t\t\t\t\t\t\t\t\t\t\t\t\t<a href=\"https:\/\/alsendo-new.sc.testbox.pro\/pl\/mapa-punktow-nadania-i-odbioru\/\"\n\t\t\t\t\t\tclass=\"why-alsendo__item-button button\">Wi\u0119cej<\/a>\n\t\t\t\t\t\t\t\t\t\t\t\t<\/li>\n\t\t\t\t\t\t\t\t\t\t\t\t\t\t\t\t\t\t\t\t\t\t\t<\/ul>\n\t<\/div>\n<\/div>\n<\/section>\n\n<section  class=\"ilabs-reference-section\"><div class=\"reference-section\">\n\t<picture>\n\t\t<source media=\"(max-width: 1024px)\" srcset=\"https:\/\/alsendo-new.sc.testbox.pro\/app\/uploads\/2024\/06\/Alsendo-WWW-Business-Mobile-\u2013-Graphic-Get-a-free-Quote-\u2013-20-1-1.png\">\n\t\t<img decoding=\"async\" class=\"reference-section__background-image\" src=\"https:\/\/alsendo-new.sc.testbox.pro\/app\/uploads\/2024\/05\/Contact-Us-Get-a-Quote-Section-Business-Graphic-1-1.png\"\n\t\t\talt=\"Szybka, indywidualna wycena dla biznesu\">\n\t<\/picture>\n\t<div class=\"reference-section__container\">\n\t\t\t\t\t<img decoding=\"async\" width=\"372\" height=\"106\" src=\"https:\/\/alsendo-new.sc.testbox.pro\/app\/uploads\/2024\/05\/Alsendo-Business-Logotype-1.svg\" class=\"reference-section__logo\" alt=\"\" loading=\"lazy\" \/>\t\t\t\t\t\t<p class=\"reference-section__text\">\n\t\t\tSzybka, indywidualna wycena dla biznesu\t\t<\/p>\n\t\t\t\t\t\t<a href=\"https:\/\/alsendo.com\/pl\/otrzymaj-oferte\/\"\n\t\t\tclass=\"reference-section__button button button--secondary\">\n\t\t\tPopro\u015b o wycen\u0119\t\t<\/a>\n\t\t\t<\/div>\n<\/div>\n<\/section>","protected":false},"excerpt":{"rendered":"","protected":false},"author":2,"featured_media":0,"parent":0,"menu_order":0,"comment_status":"closed","ping_status":"closed","template":"","meta":{"_acf_changed":false,"inline_featured_image":false,"_genesis_hide_title":false,"_genesis_hide_breadcrumbs":false,"_genesis_hide_singular_image":false,"_genesis_hide_footer_widgets":false,"_genesis_custom_body_class":"","_genesis_custom_post_class":"","_genesis_layout":"","footnotes":""},"class_list":{"0":"post-4917","1":"page","2":"type-page","3":"status-publish","5":"entry","6":"has-post-thumbnail"},"acf":[],"yoast_head":"<!-- This site is optimized with the Yoast SEO plugin v26.5 - https:\/\/yoast.com\/wordpress\/plugins\/seo\/ -->\n<title>Rozwi\u0105zania wysy\u0142kowe dla ma\u0142ych i \u015brednich firm<\/title>\n<meta name=\"description\" content=\"Usprawnij procesy wysy\u0142ki i dostawy dla ma\u0142ych i \u015brednich firm. Odkryj efektywne i skalowalne rozwi\u0105zania logistyczne Alsendo Business.\" \/>\n<meta name=\"robots\" content=\"noindex, follow, max-snippet:-1, max-image-preview:large, max-video-preview:-1\" \/>\n<meta property=\"og:locale\" content=\"pl_PL\" \/>\n<meta property=\"og:type\" content=\"article\" \/>\n<meta property=\"og:title\" content=\"Rozwi\u0105zania wysy\u0142kowe dla ma\u0142ych i \u015brednich firm\" \/>\n<meta property=\"og:description\" content=\"Usprawnij procesy wysy\u0142ki i dostawy dla ma\u0142ych i \u015brednich firm. Odkryj efektywne i skalowalne rozwi\u0105zania logistyczne Alsendo Business.\" \/>\n<meta property=\"og:url\" content=\"https:\/\/alsendo-new.sc.testbox.pro\/pl\/alsendo-business\/\" \/>\n<meta property=\"og:site_name\" content=\"Alsendo\" \/>\n<meta property=\"article:modified_time\" content=\"2025-04-22T07:18:47+00:00\" \/>\n<meta name=\"twitter:card\" content=\"summary_large_image\" \/>\n<script type=\"application\/ld+json\" class=\"yoast-schema-graph\">{\"@context\":\"https:\/\/schema.org\",\"@graph\":[{\"@type\":\"WebPage\",\"@id\":\"https:\/\/alsendo-new.sc.testbox.pro\/pl\/alsendo-business\/\",\"url\":\"https:\/\/alsendo-new.sc.testbox.pro\/pl\/alsendo-business\/\",\"name\":\"Rozwi\u0105zania wysy\u0142kowe dla ma\u0142ych i \u015brednich firm\",\"isPartOf\":{\"@id\":\"https:\/\/alsendo-new.sc.testbox.pro\/#website\"},\"datePublished\":\"2024-05-14T13:01:51+00:00\",\"dateModified\":\"2025-04-22T07:18:47+00:00\",\"description\":\"Usprawnij procesy wysy\u0142ki i dostawy dla ma\u0142ych i \u015brednich firm. Odkryj efektywne i skalowalne rozwi\u0105zania logistyczne Alsendo Business.\",\"breadcrumb\":{\"@id\":\"https:\/\/alsendo-new.sc.testbox.pro\/pl\/alsendo-business\/#breadcrumb\"},\"inLanguage\":\"pl-PL\",\"potentialAction\":[{\"@type\":\"ReadAction\",\"target\":[\"https:\/\/alsendo-new.sc.testbox.pro\/pl\/alsendo-business\/\"]}]},{\"@type\":\"BreadcrumbList\",\"@id\":\"https:\/\/alsendo-new.sc.testbox.pro\/pl\/alsendo-business\/#breadcrumb\",\"itemListElement\":[{\"@type\":\"ListItem\",\"position\":1,\"name\":\"alsendo\",\"item\":\"https:\/\/alsendo-new.sc.testbox.pro\/pl\/\"},{\"@type\":\"ListItem\",\"position\":2,\"name\":\"Alsendo Business\"}]},{\"@type\":\"WebSite\",\"@id\":\"https:\/\/alsendo-new.sc.testbox.pro\/#website\",\"url\":\"https:\/\/alsendo-new.sc.testbox.pro\/\",\"name\":\"Alsendo\",\"description\":\"\",\"publisher\":{\"@id\":\"https:\/\/alsendo-new.sc.testbox.pro\/#organization\"},\"potentialAction\":[{\"@type\":\"SearchAction\",\"target\":{\"@type\":\"EntryPoint\",\"urlTemplate\":\"https:\/\/alsendo-new.sc.testbox.pro\/?s={search_term_string}\"},\"query-input\":{\"@type\":\"PropertyValueSpecification\",\"valueRequired\":true,\"valueName\":\"search_term_string\"}}],\"inLanguage\":\"pl-PL\"},{\"@type\":\"Organization\",\"@id\":\"https:\/\/alsendo-new.sc.testbox.pro\/#organization\",\"name\":\"Alsendo\",\"url\":\"https:\/\/alsendo-new.sc.testbox.pro\/\",\"logo\":{\"@type\":\"ImageObject\",\"inLanguage\":\"pl-PL\",\"@id\":\"https:\/\/alsendo-new.sc.testbox.pro\/#\/schema\/logo\/image\/\",\"url\":\"https:\/\/alsendo-new.sc.testbox.pro\/app\/uploads\/2024\/05\/Alsendo-Logotype.svg\",\"contentUrl\":\"https:\/\/alsendo-new.sc.testbox.pro\/app\/uploads\/2024\/05\/Alsendo-Logotype.svg\",\"width\":180,\"height\":45,\"caption\":\"Alsendo \"},\"image\":{\"@id\":\"https:\/\/alsendo-new.sc.testbox.pro\/#\/schema\/logo\/image\/\"}}]}<\/script>\n<!-- \/ Yoast SEO plugin. -->","yoast_head_json":{"title":"Rozwi\u0105zania wysy\u0142kowe dla ma\u0142ych i \u015brednich firm","description":"Usprawnij procesy wysy\u0142ki i dostawy dla ma\u0142ych i \u015brednich firm. Odkryj efektywne i skalowalne rozwi\u0105zania logistyczne Alsendo Business.","robots":{"index":"noindex","follow":"follow","max-snippet":"max-snippet:-1","max-image-preview":"max-image-preview:large","max-video-preview":"max-video-preview:-1"},"og_locale":"pl_PL","og_type":"article","og_title":"Rozwi\u0105zania wysy\u0142kowe dla ma\u0142ych i \u015brednich firm","og_description":"Usprawnij procesy wysy\u0142ki i dostawy dla ma\u0142ych i \u015brednich firm. Odkryj efektywne i skalowalne rozwi\u0105zania logistyczne Alsendo Business.","og_url":"https:\/\/alsendo-new.sc.testbox.pro\/pl\/alsendo-business\/","og_site_name":"Alsendo","article_modified_time":"2025-04-22T07:18:47+00:00","twitter_card":"summary_large_image","schema":{"@context":"https:\/\/schema.org","@graph":[{"@type":"WebPage","@id":"https:\/\/alsendo-new.sc.testbox.pro\/pl\/alsendo-business\/","url":"https:\/\/alsendo-new.sc.testbox.pro\/pl\/alsendo-business\/","name":"Rozwi\u0105zania wysy\u0142kowe dla ma\u0142ych i \u015brednich firm","isPartOf":{"@id":"https:\/\/alsendo-new.sc.testbox.pro\/#website"},"datePublished":"2024-05-14T13:01:51+00:00","dateModified":"2025-04-22T07:18:47+00:00","description":"Usprawnij procesy wysy\u0142ki i dostawy dla ma\u0142ych i \u015brednich firm. Odkryj efektywne i skalowalne rozwi\u0105zania logistyczne Alsendo Business.","breadcrumb":{"@id":"https:\/\/alsendo-new.sc.testbox.pro\/pl\/alsendo-business\/#breadcrumb"},"inLanguage":"pl-PL","potentialAction":[{"@type":"ReadAction","target":["https:\/\/alsendo-new.sc.testbox.pro\/pl\/alsendo-business\/"]}]},{"@type":"BreadcrumbList","@id":"https:\/\/alsendo-new.sc.testbox.pro\/pl\/alsendo-business\/#breadcrumb","itemListElement":[{"@type":"ListItem","position":1,"name":"alsendo","item":"https:\/\/alsendo-new.sc.testbox.pro\/pl\/"},{"@type":"ListItem","position":2,"name":"Alsendo Business"}]},{"@type":"WebSite","@id":"https:\/\/alsendo-new.sc.testbox.pro\/#website","url":"https:\/\/alsendo-new.sc.testbox.pro\/","name":"Alsendo","description":"","publisher":{"@id":"https:\/\/alsendo-new.sc.testbox.pro\/#organization"},"potentialAction":[{"@type":"SearchAction","target":{"@type":"EntryPoint","urlTemplate":"https:\/\/alsendo-new.sc.testbox.pro\/?s={search_term_string}"},"query-input":{"@type":"PropertyValueSpecification","valueRequired":true,"valueName":"search_term_string"}}],"inLanguage":"pl-PL"},{"@type":"Organization","@id":"https:\/\/alsendo-new.sc.testbox.pro\/#organization","name":"Alsendo","url":"https:\/\/alsendo-new.sc.testbox.pro\/","logo":{"@type":"ImageObject","inLanguage":"pl-PL","@id":"https:\/\/alsendo-new.sc.testbox.pro\/#\/schema\/logo\/image\/","url":"https:\/\/alsendo-new.sc.testbox.pro\/app\/uploads\/2024\/05\/Alsendo-Logotype.svg","contentUrl":"https:\/\/alsendo-new.sc.testbox.pro\/app\/uploads\/2024\/05\/Alsendo-Logotype.svg","width":180,"height":45,"caption":"Alsendo "},"image":{"@id":"https:\/\/alsendo-new.sc.testbox.pro\/#\/schema\/logo\/image\/"}}]}},"_links":{"self":[{"href":"https:\/\/alsendo-new.sc.testbox.pro\/pl\/wp-json\/wp\/v2\/pages\/4917","targetHints":{"allow":["GET"]}}],"collection":[{"href":"https:\/\/alsendo-new.sc.testbox.pro\/pl\/wp-json\/wp\/v2\/pages"}],"about":[{"href":"https:\/\/alsendo-new.sc.testbox.pro\/pl\/wp-json\/wp\/v2\/types\/page"}],"author":[{"embeddable":true,"href":"https:\/\/alsendo-new.sc.testbox.pro\/pl\/wp-json\/wp\/v2\/users\/2"}],"replies":[{"embeddable":true,"href":"https:\/\/alsendo-new.sc.testbox.pro\/pl\/wp-json\/wp\/v2\/comments?post=4917"}],"version-history":[{"count":29,"href":"https:\/\/alsendo-new.sc.testbox.pro\/pl\/wp-json\/wp\/v2\/pages\/4917\/revisions"}],"predecessor-version":[{"id":6993,"href":"https:\/\/alsendo-new.sc.testbox.pro\/pl\/wp-json\/wp\/v2\/pages\/4917\/revisions\/6993"}],"wp:attachment":[{"href":"https:\/\/alsendo-new.sc.testbox.pro\/pl\/wp-json\/wp\/v2\/media?parent=4917"}],"curies":[{"name":"wp","href":"https:\/\/api.w.org\/{rel}","templated":true}]}}