{"id":4838,"date":"2024-04-17T11:14:28","date_gmt":"2024-04-17T09:14:28","guid":{"rendered":"https:\/\/alsendo.com\/enterprise\/"},"modified":"2025-04-22T12:32:26","modified_gmt":"2025-04-22T10:32:26","slug":"enterprise","status":"publish","type":"page","link":"https:\/\/alsendo-new.sc.testbox.pro\/pl\/enterprise\/","title":{"rendered":"Enterprise"},"content":{"rendered":"<section  class=\"ilabs-header-collective-pages\"><div class=\"header-collective-pages\">\n\t<picture>\n\t\t<source media=\"(max-width: 1024px)\" srcset=\"https:\/\/alsendo-new.sc.testbox.pro\/app\/uploads\/2024\/06\/Alsendo-WWW-Enterprise-Mobile-\u2013-Graphic-1.png\">\n\t\t<img decoding=\"async\" class=\"header-collective-pages__background-image\" src=\"https:\/\/alsendo-new.sc.testbox.pro\/app\/uploads\/2024\/06\/Enterprise-Hero-Graphic-New-1.jpg\"\n\t\t\talt=\"&lt;p&gt;Indywidualne wdro\u017cenia, rozwi\u0105zania SaaS i narz\u0119dzia do integracji wysy\u0142ek&lt;\/p&gt;\n\">\n\t<\/picture>\n\t<div class=\"header-collective-pages__container\">\n\t\t<div class=\"header-collective-pages__left-side\">\n\t\t\t\t\t\t\t<img decoding=\"async\" width=\"367\" height=\"105\" src=\"https:\/\/alsendo-new.sc.testbox.pro\/app\/uploads\/2024\/05\/Alsendo-Enterprise-Light.svg\" class=\"header-collective-pages__logo\" alt=\"\" loading=\"lazy\" \/>\t\t\t\t\t\t\t\t\t<h2 class=\"header-collective-pages__heading\">\n\t\t\t\tIndywidualne wdro\u017cenia, rozwi\u0105zania SaaS i narz\u0119dzia do integracji wysy\u0142ek\n\t\t\t<\/h2>\n\t\t\t\t\t\t\t\t\t\t\t\t\t\t<a href=\"https:\/\/alsendo.com\/pl\/otrzymaj-oferte\/\"\n\t\t\t\t\tclass=\"header-collective-pages__button button\"\n\t\t\t\t\tstyle=\"background-color: #2df7c2; color: #6d3adf\">\n\t\t\t\t\t\tPopro\u015b o wycen\u0119\t\t\t\t<\/a>\n\t\t\t\t\t\t\t\t\t<\/div>\n\t\t<div class=\"header-collective-pages__right-side\">\n\t\t\t\t\t<\/div>\n\t<\/div>\n<\/div>\n<\/section>\n\n<section  class=\"ilabs-text-image-container\"><div class=\"text-image-container text-image-container--image-left  text-image-container--image-lifted-up  text-image-container--bg-white   \">\n\t<div class=\"text-image-container__container\">\n\t\t<div class=\"text-image-container__image-wrapper\">\n\t\t\t<img decoding=\"async\" width=\"578\" height=\"659\" src=\"https:\/\/alsendo-new.sc.testbox.pro\/app\/uploads\/2024\/05\/Why-Alsendo-Enterprise-Graphic-1.png\" class=\"text-image-container__image\" alt=\"\" loading=\"lazy\" srcset=\"https:\/\/alsendo-new.sc.testbox.pro\/app\/uploads\/2024\/05\/Why-Alsendo-Enterprise-Graphic-1.png 578w, https:\/\/alsendo-new.sc.testbox.pro\/app\/uploads\/2024\/05\/Why-Alsendo-Enterprise-Graphic-1-263x300.png 263w\" sizes=\"auto, (max-width: 578px) 100vw, 578px\" \/>\t\t<\/div>\n\t\t<div class=\"text-image-container__content-wrapper\">\n\t\t\t\t\t\t<h2 class=\"text-image-container__heading\"><strong>Wybierz Alsendo Enterprise<\/strong>\n<\/h2>\n\t\t\t\t\t\t\t\t\t<div class=\"text-image-container__content\">\n\t\t\t\t<p>Zyskaj dost\u0119p do kompleksowej platformy do zarz\u0105dzania kurierami, kt\u00f3ra zwi\u0119ksza efektywno\u015b\u0107 i poprawia do\u015bwiadczenie klienta.<\/p>\n<p>&nbsp;<\/p>\n<p>Alsendo Enterprise to niestandardowe rozwi\u0105zania technologiczne, dopasowane do cel\u00f3w i mo\u017cliwo\u015bci Twojego biznesu.<\/p>\n\t\t\t<\/div>\n\t\t\t\t\t<\/div>\n\t<\/div>\n\t<\/section>\n\n<section  class=\"ilabs-colorful-cards\"><div class=\"colorful-cards colorful-cards--4-columns  colorful-cards--box-shadow-desktop\">\n\t<div class=\"colorful-cards__container\">\n\t\t\t\t<h2 class=\"colorful-cards__heading\"><strong>Alsendo Enterprise <\/strong>to kompleksowe i elastyczne <strong>rozwi\u0105zania do zarz\u0105dzania kurierami<\/strong>, dzi\u0119ki kt\u00f3rym tworzysz efektywny, przyjazny dla klient\u00f3w biznes.\n<\/h2>\n\t\t\t\t\t\t<ul class=\"colorful-cards__list\">\n\t\t\t\t\t\t<li class=\"colorful-cards__item\" style=\"background-color: #ffffff\">\n\t\t\t\t<div class=\"colorful-cards__card-image-wrapper\">\n\t\t\t\t\t<img decoding=\"async\" width=\"66\" height=\"53\" src=\"https:\/\/alsendo-new.sc.testbox.pro\/app\/uploads\/2024\/05\/Multiple-Delivery-Options-Icon.svg\" class=\"colorful-cards__card-image\" alt=\"\" loading=\"lazy\" \/>\t\t\t\t<\/div>\n\t\t\t\t<div class=\"colorful-cards__card-bottom\">\n\t\t\t\t\t\t\t\t\t\t<p class=\"colorful-cards__card-text\" style=\"color: #2F2946\">\n\t\t\t\t\t\t\u0141atwy i szybki proces integracji, umo\u017cliwiaj\u0105cy sprawne wdro\u017cenie lub optymalizacj\u0119 proces\u00f3w wysy\u0142kowych.\t\t\t\t\t<\/p>\n\t\t\t\t<\/div>\n\t\t\t<\/li>\n\t\t\t\t\t\t<li class=\"colorful-cards__item\" style=\"background-color: #ffffff\">\n\t\t\t\t<div class=\"colorful-cards__card-image-wrapper\">\n\t\t\t\t\t<img decoding=\"async\" width=\"60\" height=\"53\" src=\"https:\/\/alsendo-new.sc.testbox.pro\/app\/uploads\/2024\/05\/Last-mile-customer-service-Icon.svg\" class=\"colorful-cards__card-image\" alt=\"\" loading=\"lazy\" \/>\t\t\t\t<\/div>\n\t\t\t\t<div class=\"colorful-cards__card-bottom\">\n\t\t\t\t\t\t\t\t\t\t<p class=\"colorful-cards__card-text\" style=\"color: #2F2946\">\n\t\t\t\t\t\tPoprawa do\u015bwiadcze\u0144 klient\u00f3w dzi\u0119ki unikalnej funkcji mapy w koszyku e-sklepu (lepszy UX).\t\t\t\t\t<\/p>\n\t\t\t\t<\/div>\n\t\t\t<\/li>\n\t\t\t\t\t\t<li class=\"colorful-cards__item\" style=\"background-color: #ffffff\">\n\t\t\t\t<div class=\"colorful-cards__card-image-wrapper\">\n\t\t\t\t\t<img decoding=\"async\" width=\"67\" height=\"58\" src=\"https:\/\/alsendo-new.sc.testbox.pro\/app\/uploads\/2024\/05\/Cost-optimization-Icon.svg\" class=\"colorful-cards__card-image\" alt=\"\" loading=\"lazy\" \/>\t\t\t\t<\/div>\n\t\t\t\t<div class=\"colorful-cards__card-bottom\">\n\t\t\t\t\t\t\t\t\t\t<p class=\"colorful-cards__card-text\" style=\"color: #2F2946\">\n\t\t\t\t\t\tOptymalizacja koszt\u00f3w zwi\u0105zanych z obs\u0142ug\u0105 przesy\u0142ek.\t\t\t\t\t<\/p>\n\t\t\t\t<\/div>\n\t\t\t<\/li>\n\t\t\t\t\t\t<li class=\"colorful-cards__item\" style=\"background-color: #ffffff\">\n\t\t\t\t<div class=\"colorful-cards__card-image-wrapper\">\n\t\t\t\t\t<img decoding=\"async\" width=\"53\" height=\"71\" src=\"https:\/\/alsendo-new.sc.testbox.pro\/app\/uploads\/2024\/05\/Dolar-2-Icon-1.svg\" class=\"colorful-cards__card-image\" alt=\"\" loading=\"lazy\" \/>\t\t\t\t<\/div>\n\t\t\t\t<div class=\"colorful-cards__card-bottom\">\n\t\t\t\t\t\t\t\t\t\t<p class=\"colorful-cards__card-text\" style=\"color: #2F2946\">\n\t\t\t\t\t\tZwi\u0119kszenie wynik\u00f3w sprzeda\u017cy dzi\u0119ki pe\u0142nej kontroli nad procesami wysy\u0142kowymi.\t\t\t\t\t<\/p>\n\t\t\t\t<\/div>\n\t\t\t<\/li>\n\t\t\t\t\t<\/ul>\n\t\t\t<\/div>\n<\/div>\n<\/section>\n\n<section  class=\"ilabs-why-alsendo\"><div class=\"why-alsendo\">\n\t<div class=\"why-alsendo__container\">\n\t\t<div class=\"why-alsendo__header\">\n\t\t\t<div class=\"why-alsendo__left-side\">\n\t\t\t\t\t\t\t\t<h2 class=\"why-alsendo__heading\">Dlaczego Alsendo Enterprise?\n<\/h2>\n\t\t\t\t\t\t\t\t\t\t\t\t<p class=\"why-alsendo__subheading\">Wybierz Alsendo Enterprise, aby efektywnie zarz\u0105dza\u0107 umowami z kurierami, uzyska\u0107 \u0142atwy dost\u0119p do wszystkich us\u0142ug kurierskich oraz skorzysta\u0107 ze spersonalizowanego wsparcia i korzysta\u0107 efektywnych rozwi\u0105za\u0144 wysy\u0142kowych dopasowanych do potrzeb Twojego biznesu.<\/p>\n\t\t\t\t\t\t\t<\/div>\n\t\t\t<img decoding=\"async\" width=\"333\" height=\"95\" src=\"https:\/\/alsendo-new.sc.testbox.pro\/app\/uploads\/2024\/04\/Alsendo-Enterprise-Logotype.svg\" class=\"why-alsendo__logo\" alt=\"\" loading=\"lazy\" \/>\t\t<\/div>\n\t\t<ul class=\"why-alsendo__tiles\">\n\t\t\t\t\t\t<li class=\"why-alsendo__item\">\n\t\t\t\t<img decoding=\"async\" width=\"40\" height=\"53\" src=\"https:\/\/alsendo-new.sc.testbox.pro\/app\/uploads\/2024\/05\/Invoice-Verification-Icon.svg\" class=\"why-alsendo__item-icon\" alt=\"\" loading=\"lazy\" \/>\t\t\t\t<h3 class=\"why-alsendo__item-title\">Zaawansowane zarz\u0105dzanie u\u017cytkownikami<\/h3>\n\t\t\t\t<p class=\"why-alsendo__item-text\">Rozwi\u0105zania dopasowane do unikalnych potrzeb klient\u00f3w.<\/p>\n\t\t\t\t\t\t\t\t\t\t\t\t\t\t<a href=\"https:\/\/alsendo-new.sc.testbox.pro\/pl\/advanced-user-management\/\"\n\t\t\t\t\t\tclass=\"why-alsendo__item-button button\">Wi\u0119cej<\/a>\n\t\t\t\t\t\t\t\t\t\t\t\t<\/li>\n\t\t\t\t\t\t<li class=\"why-alsendo__item\">\n\t\t\t\t<img decoding=\"async\" width=\"52\" height=\"52\" src=\"https:\/\/alsendo-new.sc.testbox.pro\/app\/uploads\/2024\/05\/International-courier-services-Icon-1.svg\" class=\"why-alsendo__item-icon\" alt=\"\" loading=\"lazy\" \/>\t\t\t\t<h3 class=\"why-alsendo__item-title\">Wysy\u0142ki mi\u0119dzynarodowe<\/h3>\n\t\t\t\t<p class=\"why-alsendo__item-text\">Szybkie i bezpieczne wysy\u0142ki do ponad150 kraj\u00f3w. <\/p>\n\t\t\t\t\t\t\t\t\t\t\t\t\t\t<a href=\"https:\/\/alsendo-new.sc.testbox.pro\/pl\/przesylki-miedzynarodowe-2\/\"\n\t\t\t\t\t\tclass=\"why-alsendo__item-button button\">Wi\u0119cej<\/a>\n\t\t\t\t\t\t\t\t\t\t\t\t<\/li>\n\t\t\t\t\t\t<li class=\"why-alsendo__item\">\n\t\t\t\t<img decoding=\"async\" width=\"52\" height=\"52\" src=\"https:\/\/alsendo-new.sc.testbox.pro\/app\/uploads\/2024\/05\/Custom-Solutions-Icon.svg\" class=\"why-alsendo__item-icon\" alt=\"\" loading=\"lazy\" \/>\t\t\t\t<h3 class=\"why-alsendo__item-title\">Rozwi\u0105zania indywidualne<\/h3>\n\t\t\t\t<p class=\"why-alsendo__item-text\">Stw\u00f3rz proces wysy\u0142ki, kt\u00f3ry odpowiada potrzebom Twojego biznesu.<\/p>\n\t\t\t\t\t\t\t\t\t\t\t\t\t\t<a href=\"https:\/\/alsendo-new.sc.testbox.pro\/pl\/rozwiazania-dostosowane-do-potrzeb-klienta\/\"\n\t\t\t\t\t\tclass=\"why-alsendo__item-button button\">Wi\u0119cej<\/a>\n\t\t\t\t\t\t\t\t\t\t\t\t<\/li>\n\t\t\t\t\t\t<li class=\"why-alsendo__item\">\n\t\t\t\t<img decoding=\"async\" width=\"65\" height=\"52\" src=\"https:\/\/alsendo-new.sc.testbox.pro\/app\/uploads\/2024\/05\/Ecommerce-returns-management-Icon-1.svg\" class=\"why-alsendo__item-icon\" alt=\"\" loading=\"lazy\" \/>\t\t\t\t<h3 class=\"why-alsendo__item-title\">Zarz\u0105dzanie zwrotami w e-commerce<\/h3>\n\t\t\t\t<p class=\"why-alsendo__item-text\">Dostosowany proces zwrotu dla sprzedawc\u00f3w i kupuj\u0105cych, zapewniaj\u0105cy efektywno\u015b\u0107 i satysfakcj\u0119 klient\u00f3w.<\/p>\n\t\t\t\t\t\t\t\t\t\t\t\t\t\t<a href=\"https:\/\/alsendo-new.sc.testbox.pro\/pl\/zarzadzanie-zwrotami-3\/\"\n\t\t\t\t\t\tclass=\"why-alsendo__item-button button\">Wi\u0119cej<\/a>\n\t\t\t\t\t\t\t\t\t\t\t\t<\/li>\n\t\t\t\t\t\t<li class=\"why-alsendo__item\">\n\t\t\t\t<img decoding=\"async\" width=\"53\" height=\"53\" src=\"https:\/\/alsendo-new.sc.testbox.pro\/app\/uploads\/2024\/05\/Pricing-models-Icon.svg\" class=\"why-alsendo__item-icon\" alt=\"\" loading=\"lazy\" \/>\t\t\t\t<h3 class=\"why-alsendo__item-title\">Elastyczne modele cenowe<\/h3>\n\t\t\t\t<p class=\"why-alsendo__item-text\">Modele cenowe zale\u017cne od skali dzia\u0142alno\u015bci i rodzaju wsp\u00f3\u0142pracy.<\/p>\n\t\t\t\t\t\t\t\t\t\t\t\t\t\t<a href=\"https:\/\/alsendo-new.sc.testbox.pro\/pl\/elastyczne-modele-cenowe\/\"\n\t\t\t\t\t\tclass=\"why-alsendo__item-button button\">Wi\u0119cej<\/a>\n\t\t\t\t\t\t\t\t\t\t\t\t<\/li>\n\t\t\t\t\t\t<li class=\"why-alsendo__item\">\n\t\t\t\t<img decoding=\"async\" width=\"60\" height=\"53\" src=\"https:\/\/alsendo-new.sc.testbox.pro\/app\/uploads\/2024\/05\/Last-mile-customer-service-Icon.svg\" class=\"why-alsendo__item-icon\" alt=\"\" loading=\"lazy\" \/>\t\t\t\t<h3 class=\"why-alsendo__item-title\">Obs\u0142uga klienta na etapie ostatniej mili<\/h3>\n\t\t\t\t<p class=\"why-alsendo__item-text\">Indywidualna pomoc zespo\u0142u konsultant\u00f3w na najwy\u017cszym poziomie. <\/p>\n\t\t\t\t\t\t\t\t\t\t\t\t\t\t<a href=\"https:\/\/alsendo-new.sc.testbox.pro\/pl\/wsparcie-obslugi-ostatniej-mili\/\"\n\t\t\t\t\t\tclass=\"why-alsendo__item-button button\">Wi\u0119cej<\/a>\n\t\t\t\t\t\t\t\t\t\t\t\t<\/li>\n\t\t\t\t\t\t<li class=\"why-alsendo__item\">\n\t\t\t\t<img decoding=\"async\" width=\"55\" height=\"49\" src=\"https:\/\/alsendo-new.sc.testbox.pro\/app\/uploads\/2024\/05\/Map-Icon.svg\" class=\"why-alsendo__item-icon\" alt=\"\" loading=\"lazy\" \/>\t\t\t\t<h3 class=\"why-alsendo__item-title\">Niezale\u017cny widget mapy<\/h3>\n\t\t\t\t<p class=\"why-alsendo__item-text\">Obs\u0142uguje ponad 250 000 punkt\u00f3w odbior\u00f3w wszystkich wiod\u0105cych przewo\u017anik\u00f3w.<\/p>\n\t\t\t\t\t\t\t\t\t\t\t\t\t\t<a href=\"https:\/\/alsendo-new.sc.testbox.pro\/pl\/widget-mapy\/\"\n\t\t\t\t\t\tclass=\"why-alsendo__item-button button\">Wi\u0119cej<\/a>\n\t\t\t\t\t\t\t\t\t\t\t\t<\/li>\n\t\t\t\t\t\t\t\t\t\t\t\t<li class=\"why-alsendo__item why-alsendo__item--additional-image-two-columns\">\n\t\t\t\t<img decoding=\"async\" width=\"784\" height=\"372\" src=\"https:\/\/alsendo-new.sc.testbox.pro\/app\/uploads\/2024\/05\/Why-alsendo-Enterpise-Graphic-2-1.png\" class=\"why-alsendo__item-image-two-columns\" alt=\"\" loading=\"lazy\" srcset=\"https:\/\/alsendo-new.sc.testbox.pro\/app\/uploads\/2024\/05\/Why-alsendo-Enterpise-Graphic-2-1.png 784w, https:\/\/alsendo-new.sc.testbox.pro\/app\/uploads\/2024\/05\/Why-alsendo-Enterpise-Graphic-2-1-300x142.png 300w, https:\/\/alsendo-new.sc.testbox.pro\/app\/uploads\/2024\/05\/Why-alsendo-Enterpise-Graphic-2-1-768x364.png 768w, https:\/\/alsendo-new.sc.testbox.pro\/app\/uploads\/2024\/05\/Why-alsendo-Enterpise-Graphic-2-1-740x351.png 740w\" sizes=\"auto, (max-width: 784px) 100vw, 784px\" \/>\t\t\t<\/li>\n\t\t\t\t\t\t\t\t\t\t\t\t\t\t\t\t\t<\/ul>\n\t<\/div>\n<\/div>\n<\/section>\n\n<section  class=\"ilabs-three-columns\"><div class=\"three-columns\">\n\t<div class=\"three-columns__container\">\n\t\t\t\t<h2 class=\"three-columns__heading\"><strong>Technologia <\/strong>dopasowana do Twojego<strong> biznesu<br \/>\n<\/strong>\n<\/h2>\n\t\t\t\t\t\t<ul class=\"three-columns__list\">\n\t\t\t\t\t\t<li class=\"three-columns__item\">\n\t\t\t\t\t\t\t\t<div class=\"three-columns__column-image\">\n\t\t\t\t\t<img loading=\"lazy\" decoding=\"async\" width=\"269\" height=\"325\" src=\"https:\/\/alsendo-new.sc.testbox.pro\/app\/uploads\/2024\/05\/Convenient-way-for-integration-Graphic-1.png\" class=\"three-columns__image\" alt=\"\" srcset=\"https:\/\/alsendo-new.sc.testbox.pro\/app\/uploads\/2024\/05\/Convenient-way-for-integration-Graphic-1.png 269w, https:\/\/alsendo-new.sc.testbox.pro\/app\/uploads\/2024\/05\/Convenient-way-for-integration-Graphic-1-248x300.png 248w\" sizes=\"auto, (max-width: 269px) 100vw, 269px\" \/>\t\t\t\t<\/div>\n\t\t\t\t\t\t\t\t\t\t\t\t<h3 class=\"three-columns__column-heading\">Wygodna i sprawna integracja<\/h3>\n\t\t\t\t\t\t\t\t\t\t\t\t<p class=\"three-columns__column-text\">\n\t\t\t\t\tNasze API zapewnia \u0142atwy i wygodny spos\u00f3b integracji. Skorzystaj z darmowego \u015brodowiska testowego i dokumentacji API. \t\t\t\t<\/p>\n\t\t\t\t\t\t\t<\/li>\n\t\t\t\t\t\t<li class=\"three-columns__item\">\n\t\t\t\t\t\t\t\t<div class=\"three-columns__column-image\">\n\t\t\t\t\t<img loading=\"lazy\" decoding=\"async\" width=\"269\" height=\"325\" src=\"https:\/\/alsendo-new.sc.testbox.pro\/app\/uploads\/2024\/05\/Dont-worry-about-updates-Graphic-1.png\" class=\"three-columns__image\" alt=\"\" srcset=\"https:\/\/alsendo-new.sc.testbox.pro\/app\/uploads\/2024\/05\/Dont-worry-about-updates-Graphic-1.png 269w, https:\/\/alsendo-new.sc.testbox.pro\/app\/uploads\/2024\/05\/Dont-worry-about-updates-Graphic-1-248x300.png 248w\" sizes=\"auto, (max-width: 269px) 100vw, 269px\" \/>\t\t\t\t<\/div>\n\t\t\t\t\t\t\t\t\t\t\t\t<h3 class=\"three-columns__column-heading\">Nie martw si\u0119 aktualizacjami<\/h3>\n\t\t\t\t\t\t\t\t\t\t\t\t<p class=\"three-columns__column-text\">\n\t\t\t\t\tNie martw si\u0119 o aktualizacje ani dostosowanie systemu do zmian wprowadzanych przez przewo\u017anik\u00f3w. Zajmiemy si\u0119 wszystkim za Ciebie, a o  aktualizacjach b\u0119dziesz informowany na bie\u017c\u0105co.\t\t\t\t<\/p>\n\t\t\t\t\t\t\t<\/li>\n\t\t\t\t\t\t<li class=\"three-columns__item\">\n\t\t\t\t\t\t\t\t<div class=\"three-columns__column-image\">\n\t\t\t\t\t<img loading=\"lazy\" decoding=\"async\" width=\"269\" height=\"325\" src=\"https:\/\/alsendo-new.sc.testbox.pro\/app\/uploads\/2024\/05\/Ready-to-meet-your-individual-needs-1.png\" class=\"three-columns__image\" alt=\"\" srcset=\"https:\/\/alsendo-new.sc.testbox.pro\/app\/uploads\/2024\/05\/Ready-to-meet-your-individual-needs-1.png 269w, https:\/\/alsendo-new.sc.testbox.pro\/app\/uploads\/2024\/05\/Ready-to-meet-your-individual-needs-1-248x300.png 248w\" sizes=\"auto, (max-width: 269px) 100vw, 269px\" \/>\t\t\t\t<\/div>\n\t\t\t\t\t\t\t\t\t\t\t\t<h3 class=\"three-columns__column-heading\">Gotowi na Twoje indywidualne potrzeby<\/h3>\n\t\t\t\t\t\t\t\t\t\t\t\t<p class=\"three-columns__column-text\">\n\t\t\t\t\tNieustannie aktualizujemy nasz\u0105 baz\u0119 integracji z przewo\u017anikami i jeste\u015bmy gotowi na Twoje indywidualne potrzeby.\t\t\t\t<\/p>\n\t\t\t\t\t\t\t<\/li>\n\t\t\t\t\t<\/ul>\n\t\t\t<\/div>\n<\/div>\n<\/section>\n\n<section  class=\"ilabs-reference-section\"><div class=\"reference-section\">\n\t<picture>\n\t\t<source media=\"(max-width: 1024px)\" srcset=\"https:\/\/alsendo-new.sc.testbox.pro\/app\/uploads\/2024\/06\/Alsendo-WWW-Enterprise-Mobile-\u2013-Graphic-Get-a-free-Quote-\u2013-20-1.png\">\n\t\t<img decoding=\"async\" class=\"reference-section__background-image\" src=\"https:\/\/alsendo-new.sc.testbox.pro\/app\/uploads\/2024\/05\/Enterprise-Get-a-Quote-Section-Graphic-1.jpg\"\n\t\t\talt=\"Uzyskaj indywidualn\u0105 i darmow\u0105 wycen\u0119 us\u0142ug.\">\n\t<\/picture>\n\t<div class=\"reference-section__container\">\n\t\t\t\t\t<img decoding=\"async\" width=\"367\" height=\"105\" src=\"https:\/\/alsendo-new.sc.testbox.pro\/app\/uploads\/2024\/05\/Alsendo-Enterprise-Light.svg\" class=\"reference-section__logo\" alt=\"\" loading=\"lazy\" \/>\t\t\t\t\t\t<p class=\"reference-section__text\">\n\t\t\tUzyskaj indywidualn\u0105 i darmow\u0105 wycen\u0119 us\u0142ug.\t\t<\/p>\n\t\t\t\t\t\t<a href=\"https:\/\/alsendo.com\/pl\/otrzymaj-oferte\/\"\n\t\t\tclass=\"reference-section__button button button--secondary\">\n\t\t\tPopro\u015b o wycen\u0119\t\t<\/a>\n\t\t\t<\/div>\n<\/div>\n<\/section>","protected":false},"excerpt":{"rendered":"","protected":false},"author":1,"featured_media":0,"parent":0,"menu_order":0,"comment_status":"closed","ping_status":"closed","template":"","meta":{"_acf_changed":false,"inline_featured_image":false,"_genesis_hide_title":false,"_genesis_hide_breadcrumbs":false,"_genesis_hide_singular_image":false,"_genesis_hide_footer_widgets":false,"_genesis_custom_body_class":"","_genesis_custom_post_class":"","_genesis_layout":"","footnotes":""},"class_list":{"0":"post-4838","1":"page","2":"type-page","3":"status-publish","5":"entry","6":"has-post-thumbnail"},"acf":[],"yoast_head":"<!-- This site is optimized with the Yoast SEO plugin v26.5 - https:\/\/yoast.com\/wordpress\/plugins\/seo\/ -->\n<title>Zarz\u0105dzanie przesy\u0142kami \u2013 skalowalne rozwi\u0105zania dla Twojej firmy<\/title>\n<meta name=\"description\" content=\"Optymalizuj logistyk\u0119 dzi\u0119ki platformie do zarz\u0105dzania przesy\u0142kami. Oferujemy integracje, automatyzacj\u0119 i skalowalne rozwi\u0105zania wysy\u0142kowe.\" \/>\n<meta name=\"robots\" content=\"noindex, follow, max-snippet:-1, max-image-preview:large, max-video-preview:-1\" \/>\n<meta property=\"og:locale\" content=\"pl_PL\" \/>\n<meta property=\"og:type\" content=\"article\" \/>\n<meta property=\"og:title\" content=\"Zarz\u0105dzanie przesy\u0142kami \u2013 skalowalne rozwi\u0105zania dla Twojej firmy\" \/>\n<meta property=\"og:description\" content=\"Optymalizuj logistyk\u0119 dzi\u0119ki platformie do zarz\u0105dzania przesy\u0142kami. Oferujemy integracje, automatyzacj\u0119 i skalowalne rozwi\u0105zania wysy\u0142kowe.\" \/>\n<meta property=\"og:url\" content=\"https:\/\/alsendo-new.sc.testbox.pro\/pl\/enterprise\/\" \/>\n<meta property=\"og:site_name\" content=\"Alsendo\" \/>\n<meta property=\"article:modified_time\" content=\"2025-04-22T10:32:26+00:00\" \/>\n<meta name=\"twitter:card\" content=\"summary_large_image\" \/>\n<script type=\"application\/ld+json\" class=\"yoast-schema-graph\">{\"@context\":\"https:\/\/schema.org\",\"@graph\":[{\"@type\":\"WebPage\",\"@id\":\"https:\/\/alsendo-new.sc.testbox.pro\/pl\/enterprise\/\",\"url\":\"https:\/\/alsendo-new.sc.testbox.pro\/pl\/enterprise\/\",\"name\":\"Zarz\u0105dzanie przesy\u0142kami \u2013 skalowalne rozwi\u0105zania dla Twojej firmy\",\"isPartOf\":{\"@id\":\"https:\/\/alsendo-new.sc.testbox.pro\/#website\"},\"datePublished\":\"2024-04-17T09:14:28+00:00\",\"dateModified\":\"2025-04-22T10:32:26+00:00\",\"description\":\"Optymalizuj logistyk\u0119 dzi\u0119ki platformie do zarz\u0105dzania przesy\u0142kami. Oferujemy integracje, automatyzacj\u0119 i skalowalne rozwi\u0105zania wysy\u0142kowe.\",\"breadcrumb\":{\"@id\":\"https:\/\/alsendo-new.sc.testbox.pro\/pl\/enterprise\/#breadcrumb\"},\"inLanguage\":\"pl-PL\",\"potentialAction\":[{\"@type\":\"ReadAction\",\"target\":[\"https:\/\/alsendo-new.sc.testbox.pro\/pl\/enterprise\/\"]}]},{\"@type\":\"BreadcrumbList\",\"@id\":\"https:\/\/alsendo-new.sc.testbox.pro\/pl\/enterprise\/#breadcrumb\",\"itemListElement\":[{\"@type\":\"ListItem\",\"position\":1,\"name\":\"alsendo\",\"item\":\"https:\/\/alsendo-new.sc.testbox.pro\/pl\/\"},{\"@type\":\"ListItem\",\"position\":2,\"name\":\"Enterprise\"}]},{\"@type\":\"WebSite\",\"@id\":\"https:\/\/alsendo-new.sc.testbox.pro\/#website\",\"url\":\"https:\/\/alsendo-new.sc.testbox.pro\/\",\"name\":\"Alsendo\",\"description\":\"\",\"publisher\":{\"@id\":\"https:\/\/alsendo-new.sc.testbox.pro\/#organization\"},\"potentialAction\":[{\"@type\":\"SearchAction\",\"target\":{\"@type\":\"EntryPoint\",\"urlTemplate\":\"https:\/\/alsendo-new.sc.testbox.pro\/?s={search_term_string}\"},\"query-input\":{\"@type\":\"PropertyValueSpecification\",\"valueRequired\":true,\"valueName\":\"search_term_string\"}}],\"inLanguage\":\"pl-PL\"},{\"@type\":\"Organization\",\"@id\":\"https:\/\/alsendo-new.sc.testbox.pro\/#organization\",\"name\":\"Alsendo\",\"url\":\"https:\/\/alsendo-new.sc.testbox.pro\/\",\"logo\":{\"@type\":\"ImageObject\",\"inLanguage\":\"pl-PL\",\"@id\":\"https:\/\/alsendo-new.sc.testbox.pro\/#\/schema\/logo\/image\/\",\"url\":\"https:\/\/alsendo-new.sc.testbox.pro\/app\/uploads\/2024\/05\/Alsendo-Logotype.svg\",\"contentUrl\":\"https:\/\/alsendo-new.sc.testbox.pro\/app\/uploads\/2024\/05\/Alsendo-Logotype.svg\",\"width\":180,\"height\":45,\"caption\":\"Alsendo \"},\"image\":{\"@id\":\"https:\/\/alsendo-new.sc.testbox.pro\/#\/schema\/logo\/image\/\"}}]}<\/script>\n<!-- \/ Yoast SEO plugin. -->","yoast_head_json":{"title":"Zarz\u0105dzanie przesy\u0142kami \u2013 skalowalne rozwi\u0105zania dla Twojej firmy","description":"Optymalizuj logistyk\u0119 dzi\u0119ki platformie do zarz\u0105dzania przesy\u0142kami. Oferujemy integracje, automatyzacj\u0119 i skalowalne rozwi\u0105zania wysy\u0142kowe.","robots":{"index":"noindex","follow":"follow","max-snippet":"max-snippet:-1","max-image-preview":"max-image-preview:large","max-video-preview":"max-video-preview:-1"},"og_locale":"pl_PL","og_type":"article","og_title":"Zarz\u0105dzanie przesy\u0142kami \u2013 skalowalne rozwi\u0105zania dla Twojej firmy","og_description":"Optymalizuj logistyk\u0119 dzi\u0119ki platformie do zarz\u0105dzania przesy\u0142kami. Oferujemy integracje, automatyzacj\u0119 i skalowalne rozwi\u0105zania wysy\u0142kowe.","og_url":"https:\/\/alsendo-new.sc.testbox.pro\/pl\/enterprise\/","og_site_name":"Alsendo","article_modified_time":"2025-04-22T10:32:26+00:00","twitter_card":"summary_large_image","schema":{"@context":"https:\/\/schema.org","@graph":[{"@type":"WebPage","@id":"https:\/\/alsendo-new.sc.testbox.pro\/pl\/enterprise\/","url":"https:\/\/alsendo-new.sc.testbox.pro\/pl\/enterprise\/","name":"Zarz\u0105dzanie przesy\u0142kami \u2013 skalowalne rozwi\u0105zania dla Twojej firmy","isPartOf":{"@id":"https:\/\/alsendo-new.sc.testbox.pro\/#website"},"datePublished":"2024-04-17T09:14:28+00:00","dateModified":"2025-04-22T10:32:26+00:00","description":"Optymalizuj logistyk\u0119 dzi\u0119ki platformie do zarz\u0105dzania przesy\u0142kami. Oferujemy integracje, automatyzacj\u0119 i skalowalne rozwi\u0105zania wysy\u0142kowe.","breadcrumb":{"@id":"https:\/\/alsendo-new.sc.testbox.pro\/pl\/enterprise\/#breadcrumb"},"inLanguage":"pl-PL","potentialAction":[{"@type":"ReadAction","target":["https:\/\/alsendo-new.sc.testbox.pro\/pl\/enterprise\/"]}]},{"@type":"BreadcrumbList","@id":"https:\/\/alsendo-new.sc.testbox.pro\/pl\/enterprise\/#breadcrumb","itemListElement":[{"@type":"ListItem","position":1,"name":"alsendo","item":"https:\/\/alsendo-new.sc.testbox.pro\/pl\/"},{"@type":"ListItem","position":2,"name":"Enterprise"}]},{"@type":"WebSite","@id":"https:\/\/alsendo-new.sc.testbox.pro\/#website","url":"https:\/\/alsendo-new.sc.testbox.pro\/","name":"Alsendo","description":"","publisher":{"@id":"https:\/\/alsendo-new.sc.testbox.pro\/#organization"},"potentialAction":[{"@type":"SearchAction","target":{"@type":"EntryPoint","urlTemplate":"https:\/\/alsendo-new.sc.testbox.pro\/?s={search_term_string}"},"query-input":{"@type":"PropertyValueSpecification","valueRequired":true,"valueName":"search_term_string"}}],"inLanguage":"pl-PL"},{"@type":"Organization","@id":"https:\/\/alsendo-new.sc.testbox.pro\/#organization","name":"Alsendo","url":"https:\/\/alsendo-new.sc.testbox.pro\/","logo":{"@type":"ImageObject","inLanguage":"pl-PL","@id":"https:\/\/alsendo-new.sc.testbox.pro\/#\/schema\/logo\/image\/","url":"https:\/\/alsendo-new.sc.testbox.pro\/app\/uploads\/2024\/05\/Alsendo-Logotype.svg","contentUrl":"https:\/\/alsendo-new.sc.testbox.pro\/app\/uploads\/2024\/05\/Alsendo-Logotype.svg","width":180,"height":45,"caption":"Alsendo "},"image":{"@id":"https:\/\/alsendo-new.sc.testbox.pro\/#\/schema\/logo\/image\/"}}]}},"_links":{"self":[{"href":"https:\/\/alsendo-new.sc.testbox.pro\/pl\/wp-json\/wp\/v2\/pages\/4838","targetHints":{"allow":["GET"]}}],"collection":[{"href":"https:\/\/alsendo-new.sc.testbox.pro\/pl\/wp-json\/wp\/v2\/pages"}],"about":[{"href":"https:\/\/alsendo-new.sc.testbox.pro\/pl\/wp-json\/wp\/v2\/types\/page"}],"author":[{"embeddable":true,"href":"https:\/\/alsendo-new.sc.testbox.pro\/pl\/wp-json\/wp\/v2\/users\/1"}],"replies":[{"embeddable":true,"href":"https:\/\/alsendo-new.sc.testbox.pro\/pl\/wp-json\/wp\/v2\/comments?post=4838"}],"version-history":[{"count":18,"href":"https:\/\/alsendo-new.sc.testbox.pro\/pl\/wp-json\/wp\/v2\/pages\/4838\/revisions"}],"predecessor-version":[{"id":7042,"href":"https:\/\/alsendo-new.sc.testbox.pro\/pl\/wp-json\/wp\/v2\/pages\/4838\/revisions\/7042"}],"wp:attachment":[{"href":"https:\/\/alsendo-new.sc.testbox.pro\/pl\/wp-json\/wp\/v2\/media?parent=4838"}],"curies":[{"name":"wp","href":"https:\/\/api.w.org\/{rel}","templated":true}]}}