{"id":4688,"date":"2024-06-05T16:27:44","date_gmt":"2024-06-05T14:27:44","guid":{"rendered":"https:\/\/alsendo.com\/palety-i-polpalety\/"},"modified":"2025-04-22T11:52:01","modified_gmt":"2025-04-22T09:52:01","slug":"palety-i-polpalety","status":"publish","type":"page","link":"https:\/\/alsendo-new.sc.testbox.pro\/pl\/palety-i-polpalety\/","title":{"rendered":"Palety i p\u00f3\u0142palety"},"content":{"rendered":"<section  class=\"ilabs-header-with-laptop\"><div class=\"header-with-laptop \">\n\t<div class=\"header-with-laptop__container\">\n\t\t<div class=\"header-with-laptop__left-side  \">\n\t\t\t<div class=\"header-with-laptop__left-side-top\">\n\t\t\t\t\t\t\t\t<div class=\"header-with-laptop__breadcrumbs\">\n\t\t\t\t\t\t\t\t\t\t\t\t\t\t\t\t\t\t\t\t\t\t<a href=\"\"\n\t\t\t\t\t\t\tclass=\"header-with-laptop__breadcrumbs-item\">SOHO &amp; SMB<\/a>\n\t\t\t\t\t\t<span class=\"header-with-laptop__breadcrumbs-separator\">><\/span>\n\t\t\t\t\t\t\t\t\t\t\t\t\t\t\t\t\t\t\t\t\t\t\t<a href=\"https:\/\/alsendo-new.sc.testbox.pro\/pl\/alsendo-business\/\"\n\t\t\t\t\t\t\tclass=\"header-with-laptop__breadcrumbs-item\">Business<\/a>\n\t\t\t\t\t\t<span class=\"header-with-laptop__breadcrumbs-separator\">><\/span>\n\t\t\t\t\t\t\t\t\t\t\t\t\t\t\t\t\t\t\t\t\t\t\t<a href=\"https:\/\/alsendo-new.sc.testbox.pro\/pl\/palety-i-polpalety\/\"\n\t\t\t\t\t\t\tclass=\"header-with-laptop__breadcrumbs-item header-with-laptop__breadcrumbs-item--featured\">Palety i p\u00f3\u0142palety<\/a>\n\t\t\t\t\t\t\t\t\t\t\t\t\t\t\t<\/div>\n\t\t\t\t\t\t\t\t\t\t\t\t<h2 class=\"header-with-laptop__heading\"><strong>Palety i p\u00f3\u0142palety<\/strong>\n<\/h2>\n\t\t\t\t\t\t\t\t\t\t\t\t<p class=\"header-with-laptop__subheading\">\n\t\t\t\t\tNadaj nawet najbardziej nietypowy \u0142adunek\t\t\t\t<\/p>\n\t\t\t\t\t\t\t<\/div>\n\t\t\t\t\t\t<div class=\"header-with-laptop__left-side-bottom  \">\n\t\t\t\t\t\t\t\t\t<img decoding=\"async\" width=\"332\" height=\"95\" src=\"https:\/\/alsendo-new.sc.testbox.pro\/app\/uploads\/2024\/05\/Alsendo-Business-Logotype.svg\" class=\"header-with-laptop__logo\" alt=\"\" loading=\"lazy\" \/>\t\t\t\t\t\t\t\t\t\t\t\t\t<a href=\"https:\/\/alsendo.com\/pl\/otrzymaj-oferte\/\" class=\"header-with-laptop__button button\">Popro\u015b o wycen\u0119<\/a>\n\t\t\t\t\t\t\t\t\t\t\t<\/div>\n\t\t\t\t\t<\/div>\n\t\t<div class=\"header-with-laptop__right-side \">\n\t\t\t\t\t\t\t<img loading=\"lazy\" decoding=\"async\" width=\"917\" height=\"648\" src=\"https:\/\/alsendo-new.sc.testbox.pro\/app\/uploads\/2024\/06\/Pallets-half-pallets-Hero-Graphic-1.png\" class=\"header-with-laptop__image\" alt=\"\" srcset=\"https:\/\/alsendo-new.sc.testbox.pro\/app\/uploads\/2024\/06\/Pallets-half-pallets-Hero-Graphic-1.png 917w, https:\/\/alsendo-new.sc.testbox.pro\/app\/uploads\/2024\/06\/Pallets-half-pallets-Hero-Graphic-1-300x212.png 300w, https:\/\/alsendo-new.sc.testbox.pro\/app\/uploads\/2024\/06\/Pallets-half-pallets-Hero-Graphic-1-768x543.png 768w, https:\/\/alsendo-new.sc.testbox.pro\/app\/uploads\/2024\/06\/Pallets-half-pallets-Hero-Graphic-1-740x523.png 740w\" sizes=\"auto, (max-width: 917px) 100vw, 917px\" \/>\t\t\t\t\t<\/div>\n\t<\/div>\n<\/div>\n<\/section>\n\n<section  class=\"ilabs-spacer\"><style scoped>\n\t.spacer--mobile-block_b2bfa302925a3b2f2278fe52cbe8b666 {\n\t\tpadding-block: 0px;\n\t}\n\t@media only screen and (min-width: 1200px) {\n\t\t.spacer--desktop-block_b2bfa302925a3b2f2278fe52cbe8b666 {\n\t\t\tpadding-block: 25px;\n\t\t}\n\t}\n<\/style>\n<div class=\"spacer spacer--mobile-block_b2bfa302925a3b2f2278fe52cbe8b666 spacer--desktop-block_b2bfa302925a3b2f2278fe52cbe8b666\"\n\tstyle=\"background-color: #f7f7f7;\"><\/div>\n<\/section>\n\n<section  class=\"ilabs-list-image\"><div class=\"list-image     \">\n\t<div class=\"list-image__container\">\n\t\t\t\t<h2 class=\"list-image__heading\">\n\t\t\t<strong>Zalety <\/strong>przesy\u0142ek paletowych z Alsendo\n\t\t<\/h2>\n\t\t\t\t\t\t\t\t<div class=\"list-image__card\">\n\t\t\t<ul class=\"list-image__list\">\n\t\t\t\t\t\t\t\t\t\t\t\t\t\t\t\t\t\t\t\t\t<li class=\"list-image__item list-image__item--content list-image__item--orange-marker\">\n\t\t\t\t\t\t\t\t\t\t\t\t\t\t\t<img decoding=\"async\" src=\"https:\/\/alsendo-new.sc.testbox.pro\/app\/themes\/alsendo\/src\/images\/mini-triangle-orange.svg\"\n\t\t\t\t\t\t\t\talt=\"Alsendo\" loading=\"lazy\" class=\"list-image__icon\">\n\t\t\t\t\t\t\t\t\t\t\t\t\t\t<div class=\"list-image__item-content\">\n\t\t\t\t\t\t\t\t<p><span style=\"color: #ee8f23\"><strong>Wszystkie rodzaje no\u015bnik\u00f3w <\/strong><\/span><\/p>\n<p class=\"p2\">Palety EURO, przemys\u0142owe, p\u00f3\u0142palety i \u0107wier\u0107palety a tak\u017ce palety niestandardowe.<\/p>\n\t\t\t\t\t\t\t<\/div>\n\t\t\t\t\t\t<\/li>\n\t\t\t\t\t\t\t\t\t\t\t\t<\/ul>\n\t\t\t<div class=\"list-image__image-wrapper\">\n\t\t\t\t<img decoding=\"async\" width=\"681\" height=\"400\" src=\"https:\/\/alsendo-new.sc.testbox.pro\/app\/uploads\/2024\/06\/Pallets-half-pallets-Wide-range-Graphic-1.png\" class=\"list-image__image\" alt=\"\" loading=\"lazy\" srcset=\"https:\/\/alsendo-new.sc.testbox.pro\/app\/uploads\/2024\/06\/Pallets-half-pallets-Wide-range-Graphic-1.png 681w, https:\/\/alsendo-new.sc.testbox.pro\/app\/uploads\/2024\/06\/Pallets-half-pallets-Wide-range-Graphic-1-300x176.png 300w\" sizes=\"auto, (max-width: 681px) 100vw, 681px\" \/>\t\t\t<\/div>\n\t\t<\/div>\n\t\t\t<\/div>\n<\/div>\n<\/section>\n\n<section  class=\"ilabs-list-image\"><div class=\"list-image list-image--left-side   list-image--without-top-padding \">\n\t<div class=\"list-image__container\">\n\t\t\t\t<h2 class=\"list-image__heading\">\n\t\t\t.\n\t\t<\/h2>\n\t\t\t\t\t\t\t\t<div class=\"list-image__card\">\n\t\t\t<ul class=\"list-image__list\">\n\t\t\t\t\t\t\t\t\t\t\t\t\t\t\t\t\t\t\t\t\t<li class=\"list-image__item list-image__item--content list-image__item--orange-marker\">\n\t\t\t\t\t\t\t\t\t\t\t\t\t\t\t<img decoding=\"async\" src=\"https:\/\/alsendo-new.sc.testbox.pro\/app\/themes\/alsendo\/src\/images\/mini-triangle-orange.svg\"\n\t\t\t\t\t\t\t\talt=\"Alsendo\" loading=\"lazy\" class=\"list-image__icon\">\n\t\t\t\t\t\t\t\t\t\t\t\t\t\t<div class=\"list-image__item-content\">\n\t\t\t\t\t\t\t\t<p><span style=\"color: #ee8f23\"><strong>Szybko i prosto<\/strong><\/span><\/p>\n<p class=\"p2\">Dor\u0119czenie nawet nast\u0119pnego dnia roboczego.<\/p>\n\t\t\t\t\t\t\t<\/div>\n\t\t\t\t\t\t<\/li>\n\t\t\t\t\t\t\t\t\t\t\t\t<\/ul>\n\t\t\t<div class=\"list-image__image-wrapper\">\n\t\t\t\t<img decoding=\"async\" width=\"681\" height=\"400\" src=\"https:\/\/alsendo-new.sc.testbox.pro\/app\/uploads\/2024\/06\/Pallets-half-pallets-Quick-and-simple-Graphic-1.png\" class=\"list-image__image\" alt=\"\" loading=\"lazy\" srcset=\"https:\/\/alsendo-new.sc.testbox.pro\/app\/uploads\/2024\/06\/Pallets-half-pallets-Quick-and-simple-Graphic-1.png 681w, https:\/\/alsendo-new.sc.testbox.pro\/app\/uploads\/2024\/06\/Pallets-half-pallets-Quick-and-simple-Graphic-1-300x176.png 300w\" sizes=\"auto, (max-width: 681px) 100vw, 681px\" \/>\t\t\t<\/div>\n\t\t<\/div>\n\t\t\t<\/div>\n<\/div>\n<\/section>\n\n<section  class=\"ilabs-list-image\"><div class=\"list-image    list-image--without-top-padding \">\n\t<div class=\"list-image__container\">\n\t\t\t\t<h2 class=\"list-image__heading\">\n\t\t\t.\n\t\t<\/h2>\n\t\t\t\t\t\t\t\t<div class=\"list-image__card\">\n\t\t\t<ul class=\"list-image__list\">\n\t\t\t\t\t\t\t\t\t\t\t\t\t\t\t\t\t\t\t\t\t<li class=\"list-image__item list-image__item--content list-image__item--orange-marker\">\n\t\t\t\t\t\t\t\t\t\t\t\t\t\t\t<img decoding=\"async\" src=\"https:\/\/alsendo-new.sc.testbox.pro\/app\/themes\/alsendo\/src\/images\/mini-triangle-orange.svg\"\n\t\t\t\t\t\t\t\talt=\"Alsendo\" loading=\"lazy\" class=\"list-image__icon\">\n\t\t\t\t\t\t\t\t\t\t\t\t\t\t<div class=\"list-image__item-content\">\n\t\t\t\t\t\t\t\t<p><span style=\"color: #ee8f23\"><strong>Palety krajowe i mi\u0119dzynardowe <\/strong><\/span><\/p>\n<p class=\"p2\">Transport paletowy z obs\u0142ug\u0105 celn\u0105. Zaawansowany system \u015bledzenia przesy\u0142ek. Bogaty katalog us\u0142ug dodatkowych.<\/p>\n\t\t\t\t\t\t\t<\/div>\n\t\t\t\t\t\t<\/li>\n\t\t\t\t\t\t\t\t\t\t\t\t<\/ul>\n\t\t\t<div class=\"list-image__image-wrapper\">\n\t\t\t\t<img decoding=\"async\" width=\"681\" height=\"400\" src=\"https:\/\/alsendo-new.sc.testbox.pro\/app\/uploads\/2024\/06\/Pallets-half-pallets-Domestic-pallets-Graphic-1.png\" class=\"list-image__image\" alt=\"\" loading=\"lazy\" srcset=\"https:\/\/alsendo-new.sc.testbox.pro\/app\/uploads\/2024\/06\/Pallets-half-pallets-Domestic-pallets-Graphic-1.png 681w, https:\/\/alsendo-new.sc.testbox.pro\/app\/uploads\/2024\/06\/Pallets-half-pallets-Domestic-pallets-Graphic-1-300x176.png 300w\" sizes=\"auto, (max-width: 681px) 100vw, 681px\" \/>\t\t\t<\/div>\n\t\t<\/div>\n\t\t\t<\/div>\n<\/div>\n<\/section>\n\n<section  class=\"ilabs-spacer\"><style scoped>\n\t.spacer--mobile-block_b2bfa302925a3b2f2278fe52cbe8b666 {\n\t\tpadding-block: 0px;\n\t}\n\t@media only screen and (min-width: 1200px) {\n\t\t.spacer--desktop-block_b2bfa302925a3b2f2278fe52cbe8b666 {\n\t\t\tpadding-block: 25px;\n\t\t}\n\t}\n<\/style>\n<div class=\"spacer spacer--mobile-block_b2bfa302925a3b2f2278fe52cbe8b666 spacer--desktop-block_b2bfa302925a3b2f2278fe52cbe8b666\"\n\tstyle=\"background-color: #f7f7f7;\"><\/div>\n<\/section>\n\n<section  class=\"ilabs-five-tiles\"><div class=\"five-tiles\">\n\t<div class=\"five-tiles__container\">\n\t\t\t\t<h2 class=\"five-tiles__heading\">Wymiary i waga palet<\/h2>\n\t\t\t\t\t\t<p class=\"five-tiles__subheading\">\n\t\t\tAlsendo Business obs\u0142uguje wysy\u0142k\u0119 wszystkich typ\u00f3w standardowych palet, a tak\u017ce nietypowych przypadk\u00f3w. Wymiary akceptowane przez naszych przewo\u017anik\u00f3w to:<\/p>\n\t\t<\/p>\n\t\t\t\t\t\t<div class=\"five-tiles__tiles-container swiper\">\n\t\t\t<ul class=\"five-tiles__list swiper-wrapper\">\n\t\t\t\t\t\t\t\t<li class=\"five-tiles__item swiper-slide\">\n\t\t\t\t\t\t\t\t\t\t<div class=\"five-tiles__item-content\">\n\t\t\t\t\t\t<h3 class=\"five-tiles__title\">\n\t\t\t\t\t\t\tEuro-palety\t\t\t\t\t\t<\/h3>\n\t\t\t\t\t\t<p class=\"five-tiles__text\">\n\t\t\t\t\t\t\t120 x 80 cm <br \/>\r\ndo 1200 kg,\t\t\t\t\t\t<\/p>\n\t\t\t\t\t<\/div>\n\t\t\t\t<\/li>\n\t\t\t\t\t\t\t\t<li class=\"five-tiles__item swiper-slide\">\n\t\t\t\t\t\t\t\t\t\t<div class=\"five-tiles__item-content\">\n\t\t\t\t\t\t<h3 class=\"five-tiles__title\">\n\t\t\t\t\t\t\tPalety przemys\u0142owe\t\t\t\t\t\t<\/h3>\n\t\t\t\t\t\t<p class=\"five-tiles__text\">\n\t\t\t\t\t\t\t120 x 100 cm <br \/>\r\ndo 1200 kg\t\t\t\t\t\t<\/p>\n\t\t\t\t\t<\/div>\n\t\t\t\t<\/li>\n\t\t\t\t\t\t\t\t<li class=\"five-tiles__item swiper-slide\">\n\t\t\t\t\t\t\t\t\t\t<div class=\"five-tiles__item-content\">\n\t\t\t\t\t\t<h3 class=\"five-tiles__title\">\n\t\t\t\t\t\t\tP\u00f3\u0142palety\t\t\t\t\t\t<\/h3>\n\t\t\t\t\t\t<p class=\"five-tiles__text\">\n\t\t\t\t\t\t\t80 x 60 cm <br \/>\r\ndo 400 kg\t\t\t\t\t\t<\/p>\n\t\t\t\t\t<\/div>\n\t\t\t\t<\/li>\n\t\t\t\t\t\t\t\t<li class=\"five-tiles__item swiper-slide\">\n\t\t\t\t\t<img decoding=\"async\" width=\"59\" height=\"59\" src=\"https:\/\/alsendo-new.sc.testbox.pro\/app\/uploads\/2024\/06\/One-Simple-API-Icon.svg\" class=\"five-tiles__icon\" alt=\"\" loading=\"lazy\" \/>\t\t\t\t\t<div class=\"five-tiles__item-content\">\n\t\t\t\t\t\t<h3 class=\"five-tiles__title\">\n\t\t\t\t\t\t\tPrzesy\u0142ki niestandardowe\t\t\t\t\t\t<\/h3>\n\t\t\t\t\t\t<p class=\"five-tiles__text\">\n\t\t\t\t\t\t\tWycena indywidualna\t\t\t\t\t\t<\/p>\n\t\t\t\t\t<\/div>\n\t\t\t\t<\/li>\n\t\t\t\t\t\t\t<\/ul>\n\t\t<\/div>\n\t\t<div class=\"five-tiles__list-dots\"><\/div>\n\t\t\t<\/div>\n\t<\/section>\n\n<section  class=\"ilabs-reference-section\"><div class=\"reference-section\">\n\t<picture>\n\t\t<source media=\"(max-width: 1024px)\" srcset=\"https:\/\/alsendo-new.sc.testbox.pro\/app\/uploads\/2024\/06\/Alsendo-WWW-Business-Mobile-\u2013-Graphic-Get-a-free-Quote-\u2013-20-1-1.png\">\n\t\t<img decoding=\"async\" class=\"reference-section__background-image\" src=\"https:\/\/alsendo-new.sc.testbox.pro\/app\/uploads\/2024\/05\/Contact-Us-Get-a-Quote-Section-Business-Graphic-1-1.png\"\n\t\t\talt=\"Uzyskaj indywidualn\u0105 i darmow\u0105 wycen\u0119 us\u0142ug.\">\n\t<\/picture>\n\t<div class=\"reference-section__container\">\n\t\t\t\t\t<img decoding=\"async\" width=\"372\" height=\"106\" src=\"https:\/\/alsendo-new.sc.testbox.pro\/app\/uploads\/2024\/05\/Alsendo-Business-Logotype-1.svg\" class=\"reference-section__logo\" alt=\"\" loading=\"lazy\" \/>\t\t\t\t\t\t<p class=\"reference-section__text\">\n\t\t\tUzyskaj indywidualn\u0105 i darmow\u0105 wycen\u0119 us\u0142ug.\t\t<\/p>\n\t\t\t\t\t\t<a href=\"https:\/\/alsendo.com\/pl\/otrzymaj-oferte\/\"\n\t\t\tclass=\"reference-section__button button button--secondary\">\n\t\t\tPopro\u015b o wycen\u0119\t\t<\/a>\n\t\t\t<\/div>\n<\/div>\n<\/section>\n\n<section  class=\"ilabs-why-alsendo\"><div class=\"why-alsendo\">\n\t<div class=\"why-alsendo__container\">\n\t\t<div class=\"why-alsendo__header\">\n\t\t\t<div class=\"why-alsendo__left-side\">\n\t\t\t\t\t\t\t\t<h2 class=\"why-alsendo__heading\">Dlaczego Alsendo Business?\n<\/h2>\n\t\t\t\t\t\t\t\t\t\t\t\t<p class=\"why-alsendo__subheading\">Wybierz Alsendo Business, aby skutecznie zarz\u0105dza\u0107 umowami kurierskimi, uzyska\u0107 dost\u0119p do wszystkich us\u0142ug kurierskich oraz skorzysta\u0107 ze spersonalizowanego wsparcia. Zapewniamy wygodne i op\u0142acalne rozwi\u0105zania wysy\u0142kowe dopasowane do potrzeb Twojego biznesu.<\/p>\n\t\t\t\t\t\t\t<\/div>\n\t\t\t<img decoding=\"async\" width=\"332\" height=\"95\" src=\"https:\/\/alsendo-new.sc.testbox.pro\/app\/uploads\/2024\/05\/Alsendo-Business-Logotype.svg\" class=\"why-alsendo__logo\" alt=\"\" loading=\"lazy\" \/>\t\t<\/div>\n\t\t<ul class=\"why-alsendo__tiles\">\n\t\t\t\t\t\t<li class=\"why-alsendo__item\">\n\t\t\t\t<img decoding=\"async\" width=\"52\" height=\"52\" src=\"https:\/\/alsendo-new.sc.testbox.pro\/app\/uploads\/2024\/05\/International-shipments-Icon.svg\" class=\"why-alsendo__item-icon\" alt=\"\" loading=\"lazy\" \/>\t\t\t\t<h3 class=\"why-alsendo__item-title\">Przesy\u0142ki mi\u0119dzynarodowe<\/h3>\n\t\t\t\t<p class=\"why-alsendo__item-text\">Szybka i bezpieczna wysy\u0142ka, dostawa do ponad 150 kraj\u00f3w.<\/p>\n\t\t\t\t\t\t\t\t\t\t\t\t\t\t<a href=\"https:\/\/alsendo-new.sc.testbox.pro\/pl\/przesylki-miedzynarodowe-3\/\"\n\t\t\t\t\t\tclass=\"why-alsendo__item-button button\">Wi\u0119cej<\/a>\n\t\t\t\t\t\t\t\t\t\t\t\t<\/li>\n\t\t\t\t\t\t<li class=\"why-alsendo__item\">\n\t\t\t\t<img decoding=\"async\" width=\"66\" height=\"52\" src=\"https:\/\/alsendo-new.sc.testbox.pro\/app\/uploads\/2024\/05\/Pallets-half-pallets-Icon.svg\" class=\"why-alsendo__item-icon\" alt=\"\" loading=\"lazy\" \/>\t\t\t\t<h3 class=\"why-alsendo__item-title\">Palety i p\u00f3\u0142palety<\/h3>\n\t\t\t\t<p class=\"why-alsendo__item-text\">Pe\u0142en zakres us\u0142ug paletowych.<\/p>\n\t\t\t\t\t\t\t\t\t\t\t\t\t\t<a href=\"https:\/\/alsendo-new.sc.testbox.pro\/pl\/palety-i-polpalety\/\"\n\t\t\t\t\t\tclass=\"why-alsendo__item-button button\">Wi\u0119cej<\/a>\n\t\t\t\t\t\t\t\t\t\t\t\t<\/li>\n\t\t\t\t\t\t<li class=\"why-alsendo__item\">\n\t\t\t\t<img decoding=\"async\" width=\"59\" height=\"53\" src=\"https:\/\/alsendo-new.sc.testbox.pro\/app\/uploads\/2024\/05\/E2E-solution-Icon.svg\" class=\"why-alsendo__item-icon\" alt=\"\" loading=\"lazy\" \/>\t\t\t\t<h3 class=\"why-alsendo__item-title\">Przesy\u0142ki transgraniczne<\/h3>\n\t\t\t\t<p class=\"why-alsendo__item-text\">Dostarczaj swoje produkty na ca\u0142ym \u015bwiecie.<\/p>\n\t\t\t\t\t\t\t\t\t\t\t\t\t\t<a href=\"https:\/\/alsendo-new.sc.testbox.pro\/pl\/przesylki-miedzynarodowe\/\"\n\t\t\t\t\t\tclass=\"why-alsendo__item-button button\">Wi\u0119cej<\/a>\n\t\t\t\t\t\t\t\t\t\t\t\t<\/li>\n\t\t\t\t\t\t<li class=\"why-alsendo__item\">\n\t\t\t\t<img decoding=\"async\" width=\"60\" height=\"53\" src=\"https:\/\/alsendo-new.sc.testbox.pro\/app\/uploads\/2024\/05\/Last-mile-customer-Icon.svg\" class=\"why-alsendo__item-icon\" alt=\"\" loading=\"lazy\" \/>\t\t\t\t<h3 class=\"why-alsendo__item-title\">Last mile customer service support<\/h3>\n\t\t\t\t<p class=\"why-alsendo__item-text\">Wsparcie obs\u0142ugi klienta na ostatniej mili.<\/p>\n\t\t\t\t\t\t\t\t\t\t\t\t\t\t<a href=\"https:\/\/alsendo-new.sc.testbox.pro\/pl\/wsparcie-obslugi-klienta-na-ostatniej-mili\/\"\n\t\t\t\t\t\tclass=\"why-alsendo__item-button button\">Wi\u0119cej<\/a>\n\t\t\t\t\t\t\t\t\t\t\t\t<\/li>\n\t\t\t\t\t\t<li class=\"why-alsendo__item\">\n\t\t\t\t<img decoding=\"async\" width=\"66\" height=\"52\" src=\"https:\/\/alsendo-new.sc.testbox.pro\/app\/uploads\/2024\/05\/Unified-map-of-PUDO-Icon.svg\" class=\"why-alsendo__item-icon\" alt=\"\" loading=\"lazy\" \/>\t\t\t\t<h3 class=\"why-alsendo__item-title\">Mapa punkt\u00f3w nadania i odbioru (PUDO)<\/h3>\n\t\t\t\t<p class=\"why-alsendo__item-text\">Obs\u0142uguje ponad 250 000 punkt\u00f3w odbior\u00f3w wszystkich wiod\u0105cych przewo\u017anik\u00f3w<\/p>\n\t\t\t\t\t\t\t\t\t\t\t\t\t\t<a href=\"https:\/\/alsendo-new.sc.testbox.pro\/pl\/mapa-punktow-nadania-i-odbioru\/\"\n\t\t\t\t\t\tclass=\"why-alsendo__item-button button\">Wi\u0119cej<\/a>\n\t\t\t\t\t\t\t\t\t\t\t\t<\/li>\n\t\t\t\t\t\t\t\t\t\t\t\t\t\t\t<li class=\"why-alsendo__item why-alsendo__item--tile-with-button\">\n\t\t\t\t<h3 class=\"why-alsendo__additional-item-title\">\n\t\t\t\t\tPlatforma technologiczna Alsendo<\/h3>\n\t\t\t\t<p class=\"why-alsendo__additional-item-text\">Najlepsza platforma do uzyskiwania najkorzystniejszych stawek i automatyzacji proces\u00f3w wysy\u0142kowych.\t\t\t\t<\/p>\n\t\t\t\t<a href=\"https:\/\/alsendo-new.sc.testbox.pro\/pl\/alsendo-business\/\"\n\t\t\t\t\tclass=\"why-alsendo__additional-item-button button button--outline\">\n\t\t\t\t\tWr\u00f3\u0107 do strony Alsendo Business\t\t\t\t<\/a>\n\t\t\t<\/li>\n\t\t\t\t\t\t\t\t\t\t\t\t\t\t<\/ul>\n\t<\/div>\n<\/div>\n<\/section>","protected":false},"excerpt":{"rendered":"","protected":false},"author":2,"featured_media":0,"parent":0,"menu_order":0,"comment_status":"closed","ping_status":"closed","template":"","meta":{"_acf_changed":false,"inline_featured_image":false,"_genesis_hide_title":false,"_genesis_hide_breadcrumbs":false,"_genesis_hide_singular_image":false,"_genesis_hide_footer_widgets":false,"_genesis_custom_body_class":"","_genesis_custom_post_class":"","_genesis_layout":"","footnotes":""},"class_list":{"0":"post-4688","1":"page","2":"type-page","3":"status-publish","5":"entry","6":"has-post-thumbnail"},"acf":[],"yoast_head":"<!-- This site is optimized with the Yoast SEO plugin v26.5 - https:\/\/yoast.com\/wordpress\/plugins\/seo\/ -->\n<title>Wysy\u0142ka palet \u2013 niezawodne i kosztowo efektywne rozwi\u0105zania<\/title>\n<meta name=\"description\" content=\"Bezpieczne i op\u0142acalne rozwi\u0105zania dla wysy\u0142ki palet. Us\u0142ugi transportu pe\u0142nych i p\u00f3\u0142palet dla firm ka\u017cdej wielko\u015bci.\" \/>\n<meta name=\"robots\" content=\"noindex, follow, max-snippet:-1, max-image-preview:large, max-video-preview:-1\" \/>\n<meta property=\"og:locale\" content=\"pl_PL\" \/>\n<meta property=\"og:type\" content=\"article\" \/>\n<meta property=\"og:title\" content=\"Wysy\u0142ka palet \u2013 niezawodne i kosztowo efektywne rozwi\u0105zania\" \/>\n<meta property=\"og:description\" content=\"Bezpieczne i op\u0142acalne rozwi\u0105zania dla wysy\u0142ki palet. Us\u0142ugi transportu pe\u0142nych i p\u00f3\u0142palet dla firm ka\u017cdej wielko\u015bci.\" \/>\n<meta property=\"og:url\" content=\"https:\/\/alsendo-new.sc.testbox.pro\/pl\/palety-i-polpalety\/\" \/>\n<meta property=\"og:site_name\" content=\"Alsendo\" \/>\n<meta property=\"article:modified_time\" content=\"2025-04-22T09:52:01+00:00\" \/>\n<meta name=\"twitter:card\" content=\"summary_large_image\" \/>\n<script type=\"application\/ld+json\" class=\"yoast-schema-graph\">{\"@context\":\"https:\/\/schema.org\",\"@graph\":[{\"@type\":\"WebPage\",\"@id\":\"https:\/\/alsendo-new.sc.testbox.pro\/pl\/palety-i-polpalety\/\",\"url\":\"https:\/\/alsendo-new.sc.testbox.pro\/pl\/palety-i-polpalety\/\",\"name\":\"Wysy\u0142ka palet \u2013 niezawodne i kosztowo efektywne rozwi\u0105zania\",\"isPartOf\":{\"@id\":\"https:\/\/alsendo-new.sc.testbox.pro\/#website\"},\"datePublished\":\"2024-06-05T14:27:44+00:00\",\"dateModified\":\"2025-04-22T09:52:01+00:00\",\"description\":\"Bezpieczne i op\u0142acalne rozwi\u0105zania dla wysy\u0142ki palet. Us\u0142ugi transportu pe\u0142nych i p\u00f3\u0142palet dla firm ka\u017cdej wielko\u015bci.\",\"breadcrumb\":{\"@id\":\"https:\/\/alsendo-new.sc.testbox.pro\/pl\/palety-i-polpalety\/#breadcrumb\"},\"inLanguage\":\"pl-PL\",\"potentialAction\":[{\"@type\":\"ReadAction\",\"target\":[\"https:\/\/alsendo-new.sc.testbox.pro\/pl\/palety-i-polpalety\/\"]}]},{\"@type\":\"BreadcrumbList\",\"@id\":\"https:\/\/alsendo-new.sc.testbox.pro\/pl\/palety-i-polpalety\/#breadcrumb\",\"itemListElement\":[{\"@type\":\"ListItem\",\"position\":1,\"name\":\"alsendo\",\"item\":\"https:\/\/alsendo-new.sc.testbox.pro\/pl\/\"},{\"@type\":\"ListItem\",\"position\":2,\"name\":\"Palety i p\u00f3\u0142palety\"}]},{\"@type\":\"WebSite\",\"@id\":\"https:\/\/alsendo-new.sc.testbox.pro\/#website\",\"url\":\"https:\/\/alsendo-new.sc.testbox.pro\/\",\"name\":\"Alsendo\",\"description\":\"\",\"publisher\":{\"@id\":\"https:\/\/alsendo-new.sc.testbox.pro\/#organization\"},\"potentialAction\":[{\"@type\":\"SearchAction\",\"target\":{\"@type\":\"EntryPoint\",\"urlTemplate\":\"https:\/\/alsendo-new.sc.testbox.pro\/?s={search_term_string}\"},\"query-input\":{\"@type\":\"PropertyValueSpecification\",\"valueRequired\":true,\"valueName\":\"search_term_string\"}}],\"inLanguage\":\"pl-PL\"},{\"@type\":\"Organization\",\"@id\":\"https:\/\/alsendo-new.sc.testbox.pro\/#organization\",\"name\":\"Alsendo\",\"url\":\"https:\/\/alsendo-new.sc.testbox.pro\/\",\"logo\":{\"@type\":\"ImageObject\",\"inLanguage\":\"pl-PL\",\"@id\":\"https:\/\/alsendo-new.sc.testbox.pro\/#\/schema\/logo\/image\/\",\"url\":\"https:\/\/alsendo-new.sc.testbox.pro\/app\/uploads\/2024\/05\/Alsendo-Logotype.svg\",\"contentUrl\":\"https:\/\/alsendo-new.sc.testbox.pro\/app\/uploads\/2024\/05\/Alsendo-Logotype.svg\",\"width\":180,\"height\":45,\"caption\":\"Alsendo \"},\"image\":{\"@id\":\"https:\/\/alsendo-new.sc.testbox.pro\/#\/schema\/logo\/image\/\"}}]}<\/script>\n<!-- \/ Yoast SEO plugin. -->","yoast_head_json":{"title":"Wysy\u0142ka palet \u2013 niezawodne i kosztowo efektywne rozwi\u0105zania","description":"Bezpieczne i op\u0142acalne rozwi\u0105zania dla wysy\u0142ki palet. Us\u0142ugi transportu pe\u0142nych i p\u00f3\u0142palet dla firm ka\u017cdej wielko\u015bci.","robots":{"index":"noindex","follow":"follow","max-snippet":"max-snippet:-1","max-image-preview":"max-image-preview:large","max-video-preview":"max-video-preview:-1"},"og_locale":"pl_PL","og_type":"article","og_title":"Wysy\u0142ka palet \u2013 niezawodne i kosztowo efektywne rozwi\u0105zania","og_description":"Bezpieczne i op\u0142acalne rozwi\u0105zania dla wysy\u0142ki palet. Us\u0142ugi transportu pe\u0142nych i p\u00f3\u0142palet dla firm ka\u017cdej wielko\u015bci.","og_url":"https:\/\/alsendo-new.sc.testbox.pro\/pl\/palety-i-polpalety\/","og_site_name":"Alsendo","article_modified_time":"2025-04-22T09:52:01+00:00","twitter_card":"summary_large_image","schema":{"@context":"https:\/\/schema.org","@graph":[{"@type":"WebPage","@id":"https:\/\/alsendo-new.sc.testbox.pro\/pl\/palety-i-polpalety\/","url":"https:\/\/alsendo-new.sc.testbox.pro\/pl\/palety-i-polpalety\/","name":"Wysy\u0142ka palet \u2013 niezawodne i kosztowo efektywne rozwi\u0105zania","isPartOf":{"@id":"https:\/\/alsendo-new.sc.testbox.pro\/#website"},"datePublished":"2024-06-05T14:27:44+00:00","dateModified":"2025-04-22T09:52:01+00:00","description":"Bezpieczne i op\u0142acalne rozwi\u0105zania dla wysy\u0142ki palet. Us\u0142ugi transportu pe\u0142nych i p\u00f3\u0142palet dla firm ka\u017cdej wielko\u015bci.","breadcrumb":{"@id":"https:\/\/alsendo-new.sc.testbox.pro\/pl\/palety-i-polpalety\/#breadcrumb"},"inLanguage":"pl-PL","potentialAction":[{"@type":"ReadAction","target":["https:\/\/alsendo-new.sc.testbox.pro\/pl\/palety-i-polpalety\/"]}]},{"@type":"BreadcrumbList","@id":"https:\/\/alsendo-new.sc.testbox.pro\/pl\/palety-i-polpalety\/#breadcrumb","itemListElement":[{"@type":"ListItem","position":1,"name":"alsendo","item":"https:\/\/alsendo-new.sc.testbox.pro\/pl\/"},{"@type":"ListItem","position":2,"name":"Palety i p\u00f3\u0142palety"}]},{"@type":"WebSite","@id":"https:\/\/alsendo-new.sc.testbox.pro\/#website","url":"https:\/\/alsendo-new.sc.testbox.pro\/","name":"Alsendo","description":"","publisher":{"@id":"https:\/\/alsendo-new.sc.testbox.pro\/#organization"},"potentialAction":[{"@type":"SearchAction","target":{"@type":"EntryPoint","urlTemplate":"https:\/\/alsendo-new.sc.testbox.pro\/?s={search_term_string}"},"query-input":{"@type":"PropertyValueSpecification","valueRequired":true,"valueName":"search_term_string"}}],"inLanguage":"pl-PL"},{"@type":"Organization","@id":"https:\/\/alsendo-new.sc.testbox.pro\/#organization","name":"Alsendo","url":"https:\/\/alsendo-new.sc.testbox.pro\/","logo":{"@type":"ImageObject","inLanguage":"pl-PL","@id":"https:\/\/alsendo-new.sc.testbox.pro\/#\/schema\/logo\/image\/","url":"https:\/\/alsendo-new.sc.testbox.pro\/app\/uploads\/2024\/05\/Alsendo-Logotype.svg","contentUrl":"https:\/\/alsendo-new.sc.testbox.pro\/app\/uploads\/2024\/05\/Alsendo-Logotype.svg","width":180,"height":45,"caption":"Alsendo "},"image":{"@id":"https:\/\/alsendo-new.sc.testbox.pro\/#\/schema\/logo\/image\/"}}]}},"_links":{"self":[{"href":"https:\/\/alsendo-new.sc.testbox.pro\/pl\/wp-json\/wp\/v2\/pages\/4688","targetHints":{"allow":["GET"]}}],"collection":[{"href":"https:\/\/alsendo-new.sc.testbox.pro\/pl\/wp-json\/wp\/v2\/pages"}],"about":[{"href":"https:\/\/alsendo-new.sc.testbox.pro\/pl\/wp-json\/wp\/v2\/types\/page"}],"author":[{"embeddable":true,"href":"https:\/\/alsendo-new.sc.testbox.pro\/pl\/wp-json\/wp\/v2\/users\/2"}],"replies":[{"embeddable":true,"href":"https:\/\/alsendo-new.sc.testbox.pro\/pl\/wp-json\/wp\/v2\/comments?post=4688"}],"version-history":[{"count":9,"href":"https:\/\/alsendo-new.sc.testbox.pro\/pl\/wp-json\/wp\/v2\/pages\/4688\/revisions"}],"predecessor-version":[{"id":7028,"href":"https:\/\/alsendo-new.sc.testbox.pro\/pl\/wp-json\/wp\/v2\/pages\/4688\/revisions\/7028"}],"wp:attachment":[{"href":"https:\/\/alsendo-new.sc.testbox.pro\/pl\/wp-json\/wp\/v2\/media?parent=4688"}],"curies":[{"name":"wp","href":"https:\/\/api.w.org\/{rel}","templated":true}]}}