{"id":4671,"date":"2024-06-03T11:33:31","date_gmt":"2024-06-03T09:33:31","guid":{"rendered":"https:\/\/alsendo.com\/wsparcie-obslugi-ostatniej-mili\/"},"modified":"2025-04-23T12:35:31","modified_gmt":"2025-04-23T10:35:31","slug":"wsparcie-obslugi-ostatniej-mili","status":"publish","type":"page","link":"https:\/\/alsendo-new.sc.testbox.pro\/pl\/wsparcie-obslugi-ostatniej-mili\/","title":{"rendered":"Wsparcie obs\u0142ugi ostatniej mili"},"content":{"rendered":"<section  class=\"ilabs-header-with-laptop\"><div class=\"header-with-laptop  header-with-laptop--image-static\">\n\t<div class=\"header-with-laptop__container\">\n\t\t<div class=\"header-with-laptop__left-side  \">\n\t\t\t<div class=\"header-with-laptop__left-side-top\">\n\t\t\t\t\t\t\t\t<div class=\"header-with-laptop__breadcrumbs\">\n\t\t\t\t\t\t\t\t\t\t\t\t\t\t\t\t\t\t\t\t\t\t<a href=\"\"\n\t\t\t\t\t\t\tclass=\"header-with-laptop__breadcrumbs-item\">Enterprise<\/a>\n\t\t\t\t\t\t<span class=\"header-with-laptop__breadcrumbs-separator\">><\/span>\n\t\t\t\t\t\t\t\t\t\t\t\t\t\t\t\t\t\t\t\t\t\t\t<a href=\"https:\/\/alsendo-new.sc.testbox.pro\/pl\/enterprise\/\"\n\t\t\t\t\t\t\tclass=\"header-with-laptop__breadcrumbs-item\">Enterprise<\/a>\n\t\t\t\t\t\t<span class=\"header-with-laptop__breadcrumbs-separator\">><\/span>\n\t\t\t\t\t\t\t\t\t\t\t\t\t\t\t\t\t\t\t\t\t\t\t<a href=\"https:\/\/alsendo-new.sc.testbox.pro\/pl\/wsparcie-obslugi-ostatniej-mili\/\"\n\t\t\t\t\t\t\tclass=\"header-with-laptop__breadcrumbs-item header-with-laptop__breadcrumbs-item--featured\">Wsparcie obs\u0142ugi ostatniej mili<\/a>\n\t\t\t\t\t\t\t\t\t\t\t\t\t\t\t<\/div>\n\t\t\t\t\t\t\t\t\t\t\t\t<h2 class=\"header-with-laptop__heading\">Wsparcie obs\u0142ugi<br \/>\n<strong>ostatniej mili<\/strong>\n<\/h2>\n\t\t\t\t\t\t\t\t\t\t\t\t<p class=\"header-with-laptop__subheading\">\n\t\t\t\t\tUzyskaj indywidualn\u0105 pomoc na najwy\u017cszym poziomie. Skorzystaj z r\u00f3\u017cnych kana\u0142\u00f3w kontaktu z naszym zespo\u0142em konsultant\u00f3w.\t\t\t\t<\/p>\n\t\t\t\t\t\t\t<\/div>\n\t\t\t\t\t\t<div class=\"header-with-laptop__left-side-bottom  \">\n\t\t\t\t\t\t\t\t\t<img decoding=\"async\" width=\"333\" height=\"95\" src=\"https:\/\/alsendo-new.sc.testbox.pro\/app\/uploads\/2024\/04\/Alsendo-Enterprise-Logotype.svg\" class=\"header-with-laptop__logo\" alt=\"\" loading=\"lazy\" \/>\t\t\t\t\t\t\t\t\t\t\t\t\t<a href=\"https:\/\/alsendo.com\/pl\/otrzymaj-oferte\/\" class=\"header-with-laptop__button button\">Popro\u015b o wycen\u0119<\/a>\n\t\t\t\t\t\t\t\t\t\t\t<\/div>\n\t\t\t\t\t<\/div>\n\t\t<div class=\"header-with-laptop__right-side \">\n\t\t\t\t\t\t\t<img loading=\"lazy\" decoding=\"async\" width=\"477\" height=\"592\" src=\"https:\/\/alsendo-new.sc.testbox.pro\/app\/uploads\/2024\/06\/Last-mile-customer-service-Hero-Graphic-1.png\" class=\"header-with-laptop__image\" alt=\"\" srcset=\"https:\/\/alsendo-new.sc.testbox.pro\/app\/uploads\/2024\/06\/Last-mile-customer-service-Hero-Graphic-1.png 477w, https:\/\/alsendo-new.sc.testbox.pro\/app\/uploads\/2024\/06\/Last-mile-customer-service-Hero-Graphic-1-242x300.png 242w\" sizes=\"auto, (max-width: 477px) 100vw, 477px\" \/>\t\t\t\t\t<\/div>\n\t<\/div>\n<\/div>\n<\/section>\n\n<section  class=\"ilabs-spacer\"><style scoped>\n\t.spacer--mobile-block_e780186eefd375c4800567ee01d63079 {\n\t\tpadding-block: 0px;\n\t}\n\t@media only screen and (min-width: 1200px) {\n\t\t.spacer--desktop-block_e780186eefd375c4800567ee01d63079 {\n\t\t\tpadding-block: 25px;\n\t\t}\n\t}\n<\/style>\n<div class=\"spacer spacer--mobile-block_e780186eefd375c4800567ee01d63079 spacer--desktop-block_e780186eefd375c4800567ee01d63079\"\n\tstyle=\"background-color: #f7f7f7;\"><\/div>\n<\/section>\n\n<section  class=\"ilabs-list-image\"><div class=\"list-image     \">\n\t<div class=\"list-image__container\">\n\t\t\t\t<h2 class=\"list-image__heading\">\n\t\t\tObs\u0142uga na poziomie <strong>VIP<\/strong>\n\t\t<\/h2>\n\t\t\t\t\t\t\t\t<div class=\"list-image__card\">\n\t\t\t<ul class=\"list-image__list\">\n\t\t\t\t\t\t\t\t\t\t\t\t\t\t\t\t\t\t\t\t\t\t\t\t\t\t\t\t\t\t\t\t\t<li class=\"list-image__item  \">\n\t\t\t\t\t\t\t\t\t\t\t\t\t\t<img decoding=\"async\" src=\"https:\/\/alsendo-new.sc.testbox.pro\/app\/themes\/alsendo\/src\/images\/mini-triangle.svg\"\n\t\t\t\t\t\t\t\talt=\"Alsendo\" loading=\"lazy\" class=\"list-image__icon\">\n\t\t\t\t\t\t\t\t\t\t\t\t\t\t<div class=\"list-image__content\">\n\t\t\t\t\t\t\t\t\t\t\t\t\t\t\t\t<p class=\"list-image__text\">Dzi\u0119ki naszej obs\u0142udze klienta na poziomie VIP zyskujesz dost\u0119p do r\u00f3\u017cnych kana\u0142\u00f3w kontaktowych.<\/p>\n\t\t\t\t\t\t\t<\/div>\n\t\t\t\t\t\t<\/li>\n\t\t\t\t\t\t\t\t\t\t\t\t\t\t\t\t\t\t\t\t\t\t\t\t\t\t\t\t\t\t\t\t\t\t\t\t\t\t<li class=\"list-image__item  \">\n\t\t\t\t\t\t\t\t\t\t\t\t\t\t<img decoding=\"async\" src=\"https:\/\/alsendo-new.sc.testbox.pro\/app\/themes\/alsendo\/src\/images\/mini-triangle.svg\"\n\t\t\t\t\t\t\t\talt=\"Alsendo\" loading=\"lazy\" class=\"list-image__icon\">\n\t\t\t\t\t\t\t\t\t\t\t\t\t\t<div class=\"list-image__content\">\n\t\t\t\t\t\t\t\t\t\t\t\t\t\t\t\t<p class=\"list-image__text\">Od wsparcia technicznego po pomoc w procesach reklamacyjnych \u2013 nasza obs\u0142uga klienta na poziomie VIP zapewnia kompleksowe wsparcie dostosowane do Twoich potrzeb.<\/p>\n\t\t\t\t\t\t\t<\/div>\n\t\t\t\t\t\t<\/li>\n\t\t\t\t\t\t\t\t\t\t\t\t<\/ul>\n\t\t\t<div class=\"list-image__image-wrapper\">\n\t\t\t\t<img decoding=\"async\" width=\"681\" height=\"484\" src=\"https:\/\/alsendo-new.sc.testbox.pro\/app\/uploads\/2024\/06\/Last-mile-customer-service-VIP-Graphic-1.png\" class=\"list-image__image\" alt=\"\" loading=\"lazy\" srcset=\"https:\/\/alsendo-new.sc.testbox.pro\/app\/uploads\/2024\/06\/Last-mile-customer-service-VIP-Graphic-1.png 681w, https:\/\/alsendo-new.sc.testbox.pro\/app\/uploads\/2024\/06\/Last-mile-customer-service-VIP-Graphic-1-300x213.png 300w\" sizes=\"auto, (max-width: 681px) 100vw, 681px\" \/>\t\t\t<\/div>\n\t\t<\/div>\n\t\t\t<\/div>\n<\/div>\n<\/section>\n\n<section  class=\"ilabs-list-image\"><div class=\"list-image list-image--left-side    \">\n\t<div class=\"list-image__container\">\n\t\t\t\t<h2 class=\"list-image__heading\">\n\t\t\tCo zyskujesz dzi\u0119ki konsultacji telefonicznej?\n\t\t<\/h2>\n\t\t\t\t\t\t\t\t<div class=\"list-image__card\">\n\t\t\t<ul class=\"list-image__list\">\n\t\t\t\t\t\t\t\t\t\t\t\t\t\t\t\t\t\t\t\t\t<li class=\"list-image__item list-image__item--content \">\n\t\t\t\t\t\t\t\t\t\t\t\t\t\t<div class=\"list-image__item-content\">\n\t\t\t\t\t\t\t\t<ul style=\"direction: ltr;margin-top: 0in;margin-bottom: 0in\" type=\"disc\">\n<li style=\"margin-top: 0;margin-bottom: 0;vertical-align: middle\"><span style=\"font-family: Calibri;font-size: 11.0pt\">Dedykowany numer infolinii wy\u0142\u0105cznie dla u\u017cytkownik\u00f3w obs\u0142ugi VIP.<\/span><\/li>\n<li style=\"margin-top: 0;margin-bottom: 0;vertical-align: middle\"><span style=\"font-family: Calibri;font-size: 11.0pt\">Szybki dost\u0119p do konsultanta w celu uzyskania natychmiastowej pomocy.<\/span><\/li>\n<li style=\"margin-top: 0;margin-bottom: 0;vertical-align: middle\"><span style=\"font-family: Calibri;font-size: 11.0pt\">Opcja oddzwonienia poza godzinami pracy dla Twojej wygody.<\/span><\/li>\n<li style=\"margin-top: 0;margin-bottom: 0;vertical-align: middle\"><span style=\"font-family: Calibri;font-size: 11.0pt\">Eksperckie porady dotycz\u0105ce pakowania, aby zminimalizowa\u0107 dop\u0142aty i wyboru przewo\u017anika.<\/span><\/li>\n<\/ul>\n\t\t\t\t\t\t\t<\/div>\n\t\t\t\t\t\t<\/li>\n\t\t\t\t\t\t\t\t\t\t\t\t<\/ul>\n\t\t\t<div class=\"list-image__image-wrapper\">\n\t\t\t\t<img decoding=\"async\" width=\"681\" height=\"484\" src=\"https:\/\/alsendo-new.sc.testbox.pro\/app\/uploads\/2024\/06\/Last-mile-customer-service-Telephone-consultation-Graphic-1.png\" class=\"list-image__image\" alt=\"\" loading=\"lazy\" srcset=\"https:\/\/alsendo-new.sc.testbox.pro\/app\/uploads\/2024\/06\/Last-mile-customer-service-Telephone-consultation-Graphic-1.png 681w, https:\/\/alsendo-new.sc.testbox.pro\/app\/uploads\/2024\/06\/Last-mile-customer-service-Telephone-consultation-Graphic-1-300x213.png 300w\" sizes=\"auto, (max-width: 681px) 100vw, 681px\" \/>\t\t\t<\/div>\n\t\t<\/div>\n\t\t\t<\/div>\n<\/div>\n<\/section>\n\n<section  class=\"ilabs-list-image\"><div class=\"list-image     \">\n\t<div class=\"list-image__container\">\n\t\t\t\t<h2 class=\"list-image__heading\">\n\t\t\tKorzy\u015bci z komunikacji <strong>pisemnej:<\/strong>\n\t\t<\/h2>\n\t\t\t\t\t\t\t\t<div class=\"list-image__card\">\n\t\t\t<ul class=\"list-image__list\">\n\t\t\t\t\t\t\t\t\t\t\t\t\t\t\t\t\t\t\t\t\t<li class=\"list-image__item list-image__item--content \">\n\t\t\t\t\t\t\t\t\t\t\t\t\t\t<div class=\"list-image__item-content\">\n\t\t\t\t\t\t\t\t<ul>\n<li>Priorytetowe rozpatrywanie formularzy reklamacyjnych i innych dokument\u00f3w.<\/li>\n<li>Wsparcie w procedurach reklamacyjnych u przewo\u017anik\u00f3w.<\/li>\n<li>Pisemne porady dotycz\u0105ce pakowania paczek i przesy\u0142ek specjalnych.<\/li>\n<li>Szybkie wyceny dla niestandardowych przesy\u0142ek i palet.<\/li>\n<li>Spersonalizowane porady dotycz\u0105ce wyboru przewo\u017anika i innych istotnych kwestii.<\/li>\n<\/ul>\n\t\t\t\t\t\t\t<\/div>\n\t\t\t\t\t\t<\/li>\n\t\t\t\t\t\t\t\t\t\t\t\t<\/ul>\n\t\t\t<div class=\"list-image__image-wrapper\">\n\t\t\t\t<img decoding=\"async\" width=\"681\" height=\"484\" src=\"https:\/\/alsendo-new.sc.testbox.pro\/app\/uploads\/2024\/06\/Last-mile-customer-service-Written-Communication-Graphic-1.png\" class=\"list-image__image\" alt=\"\" loading=\"lazy\" srcset=\"https:\/\/alsendo-new.sc.testbox.pro\/app\/uploads\/2024\/06\/Last-mile-customer-service-Written-Communication-Graphic-1.png 681w, https:\/\/alsendo-new.sc.testbox.pro\/app\/uploads\/2024\/06\/Last-mile-customer-service-Written-Communication-Graphic-1-300x213.png 300w\" sizes=\"auto, (max-width: 681px) 100vw, 681px\" \/>\t\t\t<\/div>\n\t\t<\/div>\n\t\t\t<\/div>\n<\/div>\n<\/section>\n\n<section  class=\"ilabs-spacer\"><style scoped>\n\t.spacer--mobile-block_e780186eefd375c4800567ee01d63079 {\n\t\tpadding-block: 0px;\n\t}\n\t@media only screen and (min-width: 1200px) {\n\t\t.spacer--desktop-block_e780186eefd375c4800567ee01d63079 {\n\t\t\tpadding-block: 25px;\n\t\t}\n\t}\n<\/style>\n<div class=\"spacer spacer--mobile-block_e780186eefd375c4800567ee01d63079 spacer--desktop-block_e780186eefd375c4800567ee01d63079\"\n\tstyle=\"background-color: #f7f7f7;\"><\/div>\n<\/section>\n\n<section  class=\"ilabs-reference-section\"><div class=\"reference-section\">\n\t<picture>\n\t\t<source media=\"(max-width: 1024px)\" srcset=\"https:\/\/alsendo-new.sc.testbox.pro\/app\/uploads\/2024\/06\/Alsendo-WWW-Enterprise-Mobile-\u2013-Graphic-Get-a-free-Quote-\u2013-20-1.png\">\n\t\t<img decoding=\"async\" class=\"reference-section__background-image\" src=\"https:\/\/alsendo-new.sc.testbox.pro\/app\/uploads\/2024\/06\/Enterprise-Get-a-Quote-Section-Graphic-2-1.jpg\"\n\t\t\talt=\"Uzyskaj indywidualn\u0105, kompleksow\u0105 wycen\u0119.\">\n\t<\/picture>\n\t<div class=\"reference-section__container\">\n\t\t\t\t\t<img decoding=\"async\" width=\"367\" height=\"105\" src=\"https:\/\/alsendo-new.sc.testbox.pro\/app\/uploads\/2024\/05\/Alsendo-Enterprise-Light.svg\" class=\"reference-section__logo\" alt=\"\" loading=\"lazy\" \/>\t\t\t\t\t\t<p class=\"reference-section__text\">\n\t\t\tUzyskaj indywidualn\u0105, kompleksow\u0105 wycen\u0119.\t\t<\/p>\n\t\t\t\t\t\t<a href=\"https:\/\/alsendo.com\/pl\/otrzymaj-oferte\/\"\n\t\t\tclass=\"reference-section__button button button--secondary\">\n\t\t\tPopro\u015b o wycen\u0119\t\t<\/a>\n\t\t\t<\/div>\n<\/div>\n<\/section>\n\n<section  class=\"ilabs-why-alsendo\"><div class=\"why-alsendo\">\n\t<div class=\"why-alsendo__container\">\n\t\t<div class=\"why-alsendo__header\">\n\t\t\t<div class=\"why-alsendo__left-side\">\n\t\t\t\t\t\t\t\t<h2 class=\"why-alsendo__heading\">Dlaczego Alsendo Enterprise?\n<\/h2>\n\t\t\t\t\t\t\t\t\t\t\t\t<p class=\"why-alsendo__subheading\">Efektywnie zarz\u0105dzaj umowami kurierskimi z jednego miejsca i dost\u0119pem do wszystkich us\u0142ug kurierskich bez dodatkowych integracji<\/p>\n\t\t\t\t\t\t\t<\/div>\n\t\t\t<img decoding=\"async\" width=\"333\" height=\"95\" src=\"https:\/\/alsendo-new.sc.testbox.pro\/app\/uploads\/2024\/04\/Alsendo-Enterprise-Logotype.svg\" class=\"why-alsendo__logo\" alt=\"\" loading=\"lazy\" \/>\t\t<\/div>\n\t\t<ul class=\"why-alsendo__tiles\">\n\t\t\t\t\t\t<li class=\"why-alsendo__item\">\n\t\t\t\t<img decoding=\"async\" width=\"40\" height=\"53\" src=\"https:\/\/alsendo-new.sc.testbox.pro\/app\/uploads\/2024\/05\/Invoice-Verification-Icon.svg\" class=\"why-alsendo__item-icon\" alt=\"\" loading=\"lazy\" \/>\t\t\t\t<h3 class=\"why-alsendo__item-title\">Zaawansowane zarz\u0105dzanie u\u017cytkownikami<\/h3>\n\t\t\t\t<p class=\"why-alsendo__item-text\">Rozwi\u0105zania dopasowane do unikalnych potrzeb klient\u00f3w.<\/p>\n\t\t\t\t\t\t\t\t\t\t\t\t\t\t<a href=\"https:\/\/alsendo-new.sc.testbox.pro\/pl\/advanced-user-management\/\"\n\t\t\t\t\t\tclass=\"why-alsendo__item-button button\">Wi\u0119cej<\/a>\n\t\t\t\t\t\t\t\t\t\t\t\t<\/li>\n\t\t\t\t\t\t<li class=\"why-alsendo__item\">\n\t\t\t\t<img decoding=\"async\" width=\"52\" height=\"52\" src=\"https:\/\/alsendo-new.sc.testbox.pro\/app\/uploads\/2024\/05\/Custom-Solutions-Icon.svg\" class=\"why-alsendo__item-icon\" alt=\"\" loading=\"lazy\" \/>\t\t\t\t<h3 class=\"why-alsendo__item-title\">Rozwi\u0105zania indywidualne<\/h3>\n\t\t\t\t<p class=\"why-alsendo__item-text\">Stw\u00f3rz proces wysy\u0142ki, kt\u00f3ry odpowiada potrzebom Twojego biznesu.<\/p>\n\t\t\t\t\t\t\t\t\t\t\t\t\t\t<a href=\"https:\/\/alsendo-new.sc.testbox.pro\/pl\/rozwiazania-dostosowane-do-potrzeb-klienta\/\"\n\t\t\t\t\t\tclass=\"why-alsendo__item-button button\">Wi\u0119cej<\/a>\n\t\t\t\t\t\t\t\t\t\t\t\t<\/li>\n\t\t\t\t\t\t<li class=\"why-alsendo__item\">\n\t\t\t\t<img decoding=\"async\" width=\"65\" height=\"52\" src=\"https:\/\/alsendo-new.sc.testbox.pro\/app\/uploads\/2024\/05\/Ecommerce-returns-management-Icon-1.svg\" class=\"why-alsendo__item-icon\" alt=\"\" loading=\"lazy\" \/>\t\t\t\t<h3 class=\"why-alsendo__item-title\">Zarz\u0105dzanie zwrotami w e-commerce<\/h3>\n\t\t\t\t<p class=\"why-alsendo__item-text\">Dostosowany proces zwrotu dla sprzedawc\u00f3w i kupuj\u0105cych, zapewniaj\u0105cy efektywno\u015b\u0107 i satysfakcj\u0119 klient\u00f3w.<\/p>\n\t\t\t\t\t\t\t\t\t\t\t\t\t\t<a href=\"https:\/\/alsendo-new.sc.testbox.pro\/pl\/zarzadzanie-zwrotami-3\/\"\n\t\t\t\t\t\tclass=\"why-alsendo__item-button button\">Wi\u0119cej<\/a>\n\t\t\t\t\t\t\t\t\t\t\t\t<\/li>\n\t\t\t\t\t\t<li class=\"why-alsendo__item\">\n\t\t\t\t<img decoding=\"async\" width=\"52\" height=\"52\" src=\"https:\/\/alsendo-new.sc.testbox.pro\/app\/uploads\/2024\/05\/Pay-more-for-faster-delivery-Icon.svg\" class=\"why-alsendo__item-icon\" alt=\"\" loading=\"lazy\" \/>\t\t\t\t<h3 class=\"why-alsendo__item-title\">Elastyczne modele cenowe<\/h3>\n\t\t\t\t<p class=\"why-alsendo__item-text\">Modele cenowe zale\u017cne od skali dzia\u0142alno\u015bci i rodzaju wsp\u00f3\u0142pracy.\r\n<\/p>\n\t\t\t\t\t\t\t\t\t\t\t\t\t\t<a href=\"https:\/\/alsendo-new.sc.testbox.pro\/pl\/elastyczne-modele-cenowe\/\"\n\t\t\t\t\t\tclass=\"why-alsendo__item-button button\">Wi\u0119cej<\/a>\n\t\t\t\t\t\t\t\t\t\t\t\t<\/li>\n\t\t\t\t\t\t<li class=\"why-alsendo__item\">\n\t\t\t\t<img decoding=\"async\" width=\"60\" height=\"53\" src=\"https:\/\/alsendo-new.sc.testbox.pro\/app\/uploads\/2024\/05\/Last-mile-customer-service-Icon.svg\" class=\"why-alsendo__item-icon\" alt=\"\" loading=\"lazy\" \/>\t\t\t\t<h3 class=\"why-alsendo__item-title\">Obs\u0142uga klienta na etapie ostatniej mili<\/h3>\n\t\t\t\t<p class=\"why-alsendo__item-text\">Otrzymaj indywidualn\u0105 pomoc na najwy\u017cszym poziomie. Zyskaj dost\u0119p do r\u00f3\u017cnych kana\u0142\u00f3w kontaktowych z naszym zespo\u0142em konsultant\u00f3w.<\/p>\n\t\t\t\t\t\t\t\t\t\t\t\t\t\t<a href=\"https:\/\/alsendo-new.sc.testbox.pro\/pl\/wsparcie-obslugi-ostatniej-mili\/\"\n\t\t\t\t\t\tclass=\"why-alsendo__item-button button\">Wi\u0119cej<\/a>\n\t\t\t\t\t\t\t\t\t\t\t\t<\/li>\n\t\t\t\t\t\t<li class=\"why-alsendo__item\">\n\t\t\t\t<img decoding=\"async\" width=\"55\" height=\"49\" src=\"https:\/\/alsendo-new.sc.testbox.pro\/app\/uploads\/2024\/05\/Map-Icon.svg\" class=\"why-alsendo__item-icon\" alt=\"\" loading=\"lazy\" \/>\t\t\t\t<h3 class=\"why-alsendo__item-title\">Niezale\u017cny widget mapy<\/h3>\n\t\t\t\t<p class=\"why-alsendo__item-text\">Obs\u0142uguje ponad 250 000 punkt\u00f3w odbior\u00f3w wszystkich wiod\u0105cych przewo\u017anik\u00f3w. <\/p>\n\t\t\t\t\t\t\t\t\t\t\t\t\t\t<a href=\"https:\/\/alsendo-new.sc.testbox.pro\/pl\/widget-mapy\/\"\n\t\t\t\t\t\tclass=\"why-alsendo__item-button button\">Wi\u0119cej<\/a>\n\t\t\t\t\t\t\t\t\t\t\t\t<\/li>\n\t\t\t\t\t\t\t\t\t\t\t\t\t\t\t<li class=\"why-alsendo__item why-alsendo__item--tile-with-button\">\n\t\t\t\t<h3 class=\"why-alsendo__additional-item-title\">\n\t\t\t\t\tKompleksowa platforma do zarz\u0105dzania wysy\u0142kami i dostawami <\/h3>\n\t\t\t\t<p class=\"why-alsendo__additional-item-text\">Rozwi\u0105zania na zam\u00f3wienie, oparte na technologii, dopasowane do cel\u00f3w i mo\u017cliwo\u015bci Twojego biznesu.\t\t\t\t<\/p>\n\t\t\t\t<a href=\"https:\/\/alsendo-new.sc.testbox.pro\/pl\/enterprise\/\"\n\t\t\t\t\tclass=\"why-alsendo__additional-item-button button button--outline\">\n\t\t\t\t\tWr\u00f3\u0107 do strony Enterprise\t\t\t\t<\/a>\n\t\t\t<\/li>\n\t\t\t\t\t\t\t\t\t\t\t\t<li class=\"why-alsendo__item why-alsendo__item--additional-image-two-columns\">\n\t\t\t\t<img decoding=\"async\" width=\"784\" height=\"372\" src=\"https:\/\/alsendo-new.sc.testbox.pro\/app\/uploads\/2024\/05\/Why-alsendo-Enterpise-Graphic-2-1.png\" class=\"why-alsendo__item-image-two-columns\" alt=\"\" loading=\"lazy\" srcset=\"https:\/\/alsendo-new.sc.testbox.pro\/app\/uploads\/2024\/05\/Why-alsendo-Enterpise-Graphic-2-1.png 784w, https:\/\/alsendo-new.sc.testbox.pro\/app\/uploads\/2024\/05\/Why-alsendo-Enterpise-Graphic-2-1-300x142.png 300w, https:\/\/alsendo-new.sc.testbox.pro\/app\/uploads\/2024\/05\/Why-alsendo-Enterpise-Graphic-2-1-768x364.png 768w, https:\/\/alsendo-new.sc.testbox.pro\/app\/uploads\/2024\/05\/Why-alsendo-Enterpise-Graphic-2-1-740x351.png 740w\" sizes=\"auto, (max-width: 784px) 100vw, 784px\" \/>\t\t\t<\/li>\n\t\t\t\t\t\t\t\t<\/ul>\n\t<\/div>\n<\/div>\n<\/section>","protected":false},"excerpt":{"rendered":"","protected":false},"author":2,"featured_media":0,"parent":0,"menu_order":0,"comment_status":"closed","ping_status":"closed","template":"","meta":{"_acf_changed":false,"inline_featured_image":false,"_genesis_hide_title":false,"_genesis_hide_breadcrumbs":false,"_genesis_hide_singular_image":false,"_genesis_hide_footer_widgets":false,"_genesis_custom_body_class":"","_genesis_custom_post_class":"","_genesis_layout":"","footnotes":""},"class_list":{"0":"post-4671","1":"page","2":"type-page","3":"status-publish","5":"entry","6":"has-post-thumbnail"},"acf":[],"yoast_head":"<!-- This site is optimized with the Yoast SEO plugin v26.5 - https:\/\/yoast.com\/wordpress\/plugins\/seo\/ -->\n<title>Wsparcie obs\u0142ugi ostatniej mili \u2013 popraw do\u015bwiadczenie dostawy<\/title>\n<meta name=\"description\" content=\"Zapewnij najwy\u017cszej jako\u015bci obs\u0142ug\u0119 klienta przy dostawach na ostatniej mili. Gwarantuj sprawn\u0105 komunikacj\u0119 i zwi\u0119ksz lojalno\u015b\u0107 klient\u00f3w.\" \/>\n<meta name=\"robots\" content=\"noindex, follow, max-snippet:-1, max-image-preview:large, max-video-preview:-1\" \/>\n<meta property=\"og:locale\" content=\"pl_PL\" \/>\n<meta property=\"og:type\" content=\"article\" \/>\n<meta property=\"og:title\" content=\"Wsparcie obs\u0142ugi ostatniej mili \u2013 popraw do\u015bwiadczenie dostawy\" \/>\n<meta property=\"og:description\" content=\"Zapewnij najwy\u017cszej jako\u015bci obs\u0142ug\u0119 klienta przy dostawach na ostatniej mili. Gwarantuj sprawn\u0105 komunikacj\u0119 i zwi\u0119ksz lojalno\u015b\u0107 klient\u00f3w.\" \/>\n<meta property=\"og:url\" content=\"https:\/\/alsendo-new.sc.testbox.pro\/pl\/wsparcie-obslugi-ostatniej-mili\/\" \/>\n<meta property=\"og:site_name\" content=\"Alsendo\" \/>\n<meta property=\"article:modified_time\" content=\"2025-04-23T10:35:31+00:00\" \/>\n<meta name=\"twitter:card\" content=\"summary_large_image\" \/>\n<script type=\"application\/ld+json\" class=\"yoast-schema-graph\">{\"@context\":\"https:\/\/schema.org\",\"@graph\":[{\"@type\":\"WebPage\",\"@id\":\"https:\/\/alsendo-new.sc.testbox.pro\/pl\/wsparcie-obslugi-ostatniej-mili\/\",\"url\":\"https:\/\/alsendo-new.sc.testbox.pro\/pl\/wsparcie-obslugi-ostatniej-mili\/\",\"name\":\"Wsparcie obs\u0142ugi ostatniej mili \u2013 popraw do\u015bwiadczenie dostawy\",\"isPartOf\":{\"@id\":\"https:\/\/alsendo-new.sc.testbox.pro\/#website\"},\"datePublished\":\"2024-06-03T09:33:31+00:00\",\"dateModified\":\"2025-04-23T10:35:31+00:00\",\"description\":\"Zapewnij najwy\u017cszej jako\u015bci obs\u0142ug\u0119 klienta przy dostawach na ostatniej mili. Gwarantuj sprawn\u0105 komunikacj\u0119 i zwi\u0119ksz lojalno\u015b\u0107 klient\u00f3w.\",\"breadcrumb\":{\"@id\":\"https:\/\/alsendo-new.sc.testbox.pro\/pl\/wsparcie-obslugi-ostatniej-mili\/#breadcrumb\"},\"inLanguage\":\"pl-PL\",\"potentialAction\":[{\"@type\":\"ReadAction\",\"target\":[\"https:\/\/alsendo-new.sc.testbox.pro\/pl\/wsparcie-obslugi-ostatniej-mili\/\"]}]},{\"@type\":\"BreadcrumbList\",\"@id\":\"https:\/\/alsendo-new.sc.testbox.pro\/pl\/wsparcie-obslugi-ostatniej-mili\/#breadcrumb\",\"itemListElement\":[{\"@type\":\"ListItem\",\"position\":1,\"name\":\"alsendo\",\"item\":\"https:\/\/alsendo-new.sc.testbox.pro\/pl\/\"},{\"@type\":\"ListItem\",\"position\":2,\"name\":\"Wsparcie obs\u0142ugi ostatniej mili\"}]},{\"@type\":\"WebSite\",\"@id\":\"https:\/\/alsendo-new.sc.testbox.pro\/#website\",\"url\":\"https:\/\/alsendo-new.sc.testbox.pro\/\",\"name\":\"Alsendo\",\"description\":\"\",\"publisher\":{\"@id\":\"https:\/\/alsendo-new.sc.testbox.pro\/#organization\"},\"potentialAction\":[{\"@type\":\"SearchAction\",\"target\":{\"@type\":\"EntryPoint\",\"urlTemplate\":\"https:\/\/alsendo-new.sc.testbox.pro\/?s={search_term_string}\"},\"query-input\":{\"@type\":\"PropertyValueSpecification\",\"valueRequired\":true,\"valueName\":\"search_term_string\"}}],\"inLanguage\":\"pl-PL\"},{\"@type\":\"Organization\",\"@id\":\"https:\/\/alsendo-new.sc.testbox.pro\/#organization\",\"name\":\"Alsendo\",\"url\":\"https:\/\/alsendo-new.sc.testbox.pro\/\",\"logo\":{\"@type\":\"ImageObject\",\"inLanguage\":\"pl-PL\",\"@id\":\"https:\/\/alsendo-new.sc.testbox.pro\/#\/schema\/logo\/image\/\",\"url\":\"https:\/\/alsendo-new.sc.testbox.pro\/app\/uploads\/2024\/05\/Alsendo-Logotype.svg\",\"contentUrl\":\"https:\/\/alsendo-new.sc.testbox.pro\/app\/uploads\/2024\/05\/Alsendo-Logotype.svg\",\"width\":180,\"height\":45,\"caption\":\"Alsendo \"},\"image\":{\"@id\":\"https:\/\/alsendo-new.sc.testbox.pro\/#\/schema\/logo\/image\/\"}}]}<\/script>\n<!-- \/ Yoast SEO plugin. -->","yoast_head_json":{"title":"Wsparcie obs\u0142ugi ostatniej mili \u2013 popraw do\u015bwiadczenie dostawy","description":"Zapewnij najwy\u017cszej jako\u015bci obs\u0142ug\u0119 klienta przy dostawach na ostatniej mili. Gwarantuj sprawn\u0105 komunikacj\u0119 i zwi\u0119ksz lojalno\u015b\u0107 klient\u00f3w.","robots":{"index":"noindex","follow":"follow","max-snippet":"max-snippet:-1","max-image-preview":"max-image-preview:large","max-video-preview":"max-video-preview:-1"},"og_locale":"pl_PL","og_type":"article","og_title":"Wsparcie obs\u0142ugi ostatniej mili \u2013 popraw do\u015bwiadczenie dostawy","og_description":"Zapewnij najwy\u017cszej jako\u015bci obs\u0142ug\u0119 klienta przy dostawach na ostatniej mili. Gwarantuj sprawn\u0105 komunikacj\u0119 i zwi\u0119ksz lojalno\u015b\u0107 klient\u00f3w.","og_url":"https:\/\/alsendo-new.sc.testbox.pro\/pl\/wsparcie-obslugi-ostatniej-mili\/","og_site_name":"Alsendo","article_modified_time":"2025-04-23T10:35:31+00:00","twitter_card":"summary_large_image","schema":{"@context":"https:\/\/schema.org","@graph":[{"@type":"WebPage","@id":"https:\/\/alsendo-new.sc.testbox.pro\/pl\/wsparcie-obslugi-ostatniej-mili\/","url":"https:\/\/alsendo-new.sc.testbox.pro\/pl\/wsparcie-obslugi-ostatniej-mili\/","name":"Wsparcie obs\u0142ugi ostatniej mili \u2013 popraw do\u015bwiadczenie dostawy","isPartOf":{"@id":"https:\/\/alsendo-new.sc.testbox.pro\/#website"},"datePublished":"2024-06-03T09:33:31+00:00","dateModified":"2025-04-23T10:35:31+00:00","description":"Zapewnij najwy\u017cszej jako\u015bci obs\u0142ug\u0119 klienta przy dostawach na ostatniej mili. Gwarantuj sprawn\u0105 komunikacj\u0119 i zwi\u0119ksz lojalno\u015b\u0107 klient\u00f3w.","breadcrumb":{"@id":"https:\/\/alsendo-new.sc.testbox.pro\/pl\/wsparcie-obslugi-ostatniej-mili\/#breadcrumb"},"inLanguage":"pl-PL","potentialAction":[{"@type":"ReadAction","target":["https:\/\/alsendo-new.sc.testbox.pro\/pl\/wsparcie-obslugi-ostatniej-mili\/"]}]},{"@type":"BreadcrumbList","@id":"https:\/\/alsendo-new.sc.testbox.pro\/pl\/wsparcie-obslugi-ostatniej-mili\/#breadcrumb","itemListElement":[{"@type":"ListItem","position":1,"name":"alsendo","item":"https:\/\/alsendo-new.sc.testbox.pro\/pl\/"},{"@type":"ListItem","position":2,"name":"Wsparcie obs\u0142ugi ostatniej mili"}]},{"@type":"WebSite","@id":"https:\/\/alsendo-new.sc.testbox.pro\/#website","url":"https:\/\/alsendo-new.sc.testbox.pro\/","name":"Alsendo","description":"","publisher":{"@id":"https:\/\/alsendo-new.sc.testbox.pro\/#organization"},"potentialAction":[{"@type":"SearchAction","target":{"@type":"EntryPoint","urlTemplate":"https:\/\/alsendo-new.sc.testbox.pro\/?s={search_term_string}"},"query-input":{"@type":"PropertyValueSpecification","valueRequired":true,"valueName":"search_term_string"}}],"inLanguage":"pl-PL"},{"@type":"Organization","@id":"https:\/\/alsendo-new.sc.testbox.pro\/#organization","name":"Alsendo","url":"https:\/\/alsendo-new.sc.testbox.pro\/","logo":{"@type":"ImageObject","inLanguage":"pl-PL","@id":"https:\/\/alsendo-new.sc.testbox.pro\/#\/schema\/logo\/image\/","url":"https:\/\/alsendo-new.sc.testbox.pro\/app\/uploads\/2024\/05\/Alsendo-Logotype.svg","contentUrl":"https:\/\/alsendo-new.sc.testbox.pro\/app\/uploads\/2024\/05\/Alsendo-Logotype.svg","width":180,"height":45,"caption":"Alsendo "},"image":{"@id":"https:\/\/alsendo-new.sc.testbox.pro\/#\/schema\/logo\/image\/"}}]}},"_links":{"self":[{"href":"https:\/\/alsendo-new.sc.testbox.pro\/pl\/wp-json\/wp\/v2\/pages\/4671","targetHints":{"allow":["GET"]}}],"collection":[{"href":"https:\/\/alsendo-new.sc.testbox.pro\/pl\/wp-json\/wp\/v2\/pages"}],"about":[{"href":"https:\/\/alsendo-new.sc.testbox.pro\/pl\/wp-json\/wp\/v2\/types\/page"}],"author":[{"embeddable":true,"href":"https:\/\/alsendo-new.sc.testbox.pro\/pl\/wp-json\/wp\/v2\/users\/2"}],"replies":[{"embeddable":true,"href":"https:\/\/alsendo-new.sc.testbox.pro\/pl\/wp-json\/wp\/v2\/comments?post=4671"}],"version-history":[{"count":9,"href":"https:\/\/alsendo-new.sc.testbox.pro\/pl\/wp-json\/wp\/v2\/pages\/4671\/revisions"}],"predecessor-version":[{"id":7055,"href":"https:\/\/alsendo-new.sc.testbox.pro\/pl\/wp-json\/wp\/v2\/pages\/4671\/revisions\/7055"}],"wp:attachment":[{"href":"https:\/\/alsendo-new.sc.testbox.pro\/pl\/wp-json\/wp\/v2\/media?parent=4671"}],"curies":[{"name":"wp","href":"https:\/\/api.w.org\/{rel}","templated":true}]}}