{"id":4637,"date":"2024-05-17T16:36:57","date_gmt":"2024-05-17T14:36:57","guid":{"rendered":"https:\/\/alsendo.com\/alsendo-innoship-raporty-i-analizy\/"},"modified":"2025-04-17T11:56:08","modified_gmt":"2025-04-17T09:56:08","slug":"alsendo-innoship-raporty-i-analizy","status":"publish","type":"page","link":"https:\/\/alsendo-new.sc.testbox.pro\/pl\/alsendo-innoship-raporty-i-analizy\/","title":{"rendered":"Alsendo Innoship Raporty i Analizy"},"content":{"rendered":"<section  class=\"ilabs-header-with-laptop\"><div class=\"header-with-laptop \">\n\t<div class=\"header-with-laptop__container\">\n\t\t<div class=\"header-with-laptop__left-side  \">\n\t\t\t<div class=\"header-with-laptop__left-side-top\">\n\t\t\t\t\t\t\t\t<div class=\"header-with-laptop__breadcrumbs\">\n\t\t\t\t\t\t\t\t\t\t\t\t\t\t\t\t\t\t\t\t\t\t<a href=\"\"\n\t\t\t\t\t\t\tclass=\"header-with-laptop__breadcrumbs-item\">Enterprise<\/a>\n\t\t\t\t\t\t<span class=\"header-with-laptop__breadcrumbs-separator\">><\/span>\n\t\t\t\t\t\t\t\t\t\t\t\t\t\t\t\t\t\t\t\t\t\t\t<a href=\"https:\/\/alsendo-new.sc.testbox.pro\/pl\/alsendo-innoship\/\"\n\t\t\t\t\t\t\tclass=\"header-with-laptop__breadcrumbs-item\">Innoship<\/a>\n\t\t\t\t\t\t<span class=\"header-with-laptop__breadcrumbs-separator\">><\/span>\n\t\t\t\t\t\t\t\t\t\t\t\t\t\t\t\t\t\t\t\t\t\t\t<a href=\"https:\/\/alsendo-new.sc.testbox.pro\/pl\/alsendo-innoship-raporty-i-analizy\/\"\n\t\t\t\t\t\t\tclass=\"header-with-laptop__breadcrumbs-item header-with-laptop__breadcrumbs-item--featured\">Raporty i Analizy<\/a>\n\t\t\t\t\t\t\t\t\t\t\t\t\t\t\t<\/div>\n\t\t\t\t\t\t\t\t\t\t\t\t<h2 class=\"header-with-laptop__heading\"><strong>Jeden dashboard,<\/strong> jedno wiarygodne \u017ar\u00f3d\u0142o informacji\n<\/h2>\n\t\t\t\t\t\t\t\t\t\t\t\t<p class=\"header-with-laptop__subheading\">\n\t\t\t\t\tDashboard Alsendo Innoship daje Ci dost\u0119p do dok\u0142adnych, bie\u017c\u0105cych i \u0142atwych do zrozumienia informacji na temat wydajno\u015bci przewo\u017anik\u00f3w.\t\t\t\t<\/p>\n\t\t\t\t\t\t\t<\/div>\n\t\t\t\t\t\t<div class=\"header-with-laptop__left-side-bottom  \">\n\t\t\t\t\t\t\t\t\t<img decoding=\"async\" width=\"332\" height=\"95\" src=\"https:\/\/alsendo-new.sc.testbox.pro\/app\/uploads\/2024\/04\/Alsendo-Innoship-Logotype.svg\" class=\"header-with-laptop__logo\" alt=\"\" loading=\"lazy\" \/>\t\t\t\t\t\t\t\t\t\t\t\t\t<a href=\"https:\/\/alsendo.com\/pl\/otrzymaj-oferte\/\" class=\"header-with-laptop__button button\">Popro\u015b o wycen\u0119<\/a>\n\t\t\t\t\t\t\t\t\t\t\t<\/div>\n\t\t\t\t\t<\/div>\n\t\t<div class=\"header-with-laptop__right-side \">\n\t\t\t\t\t\t\t<img loading=\"lazy\" decoding=\"async\" width=\"917\" height=\"648\" src=\"https:\/\/alsendo-new.sc.testbox.pro\/app\/uploads\/2024\/06\/Reports-Analysis-Hero-Graphic-1-1.png\" class=\"header-with-laptop__image\" alt=\"\" srcset=\"https:\/\/alsendo-new.sc.testbox.pro\/app\/uploads\/2024\/06\/Reports-Analysis-Hero-Graphic-1-1.png 917w, https:\/\/alsendo-new.sc.testbox.pro\/app\/uploads\/2024\/06\/Reports-Analysis-Hero-Graphic-1-1-300x212.png 300w, https:\/\/alsendo-new.sc.testbox.pro\/app\/uploads\/2024\/06\/Reports-Analysis-Hero-Graphic-1-1-768x543.png 768w, https:\/\/alsendo-new.sc.testbox.pro\/app\/uploads\/2024\/06\/Reports-Analysis-Hero-Graphic-1-1-740x523.png 740w\" sizes=\"auto, (max-width: 917px) 100vw, 917px\" \/>\t\t\t\t\t<\/div>\n\t<\/div>\n<\/div>\n<\/section>\n\n<section  class=\"ilabs-spacer\"><style scoped>\n\t.spacer--mobile-block_080ab0402600a3b64dd03ca697fdac1b {\n\t\tpadding-block: 0px;\n\t}\n\t@media only screen and (min-width: 1200px) {\n\t\t.spacer--desktop-block_080ab0402600a3b64dd03ca697fdac1b {\n\t\t\tpadding-block: 25px;\n\t\t}\n\t}\n<\/style>\n<div class=\"spacer spacer--mobile-block_080ab0402600a3b64dd03ca697fdac1b spacer--desktop-block_080ab0402600a3b64dd03ca697fdac1b\"\n\tstyle=\"background-color: #f7f7f7;\"><\/div>\n<\/section>\n\n<section  class=\"ilabs-list-image\"><div class=\"list-image     \">\n\t<div class=\"list-image__container\">\n\t\t\t\t<h2 class=\"list-image__heading\">\n\t\t\t\u015awiadomi klienci to zadowoleni klienci\n\t\t<\/h2>\n\t\t\t\t\t\t<p class=\"list-image__subheading\">\n\t\t\tZwi\u0119ksz poczucie bezpiecze\u0144stwa klient\u00f3w i buduj zaufanie dzi\u0119ki aktualizacjom statusu dostawy w czasie rzeczywistym.\t\t<\/p>\n\t\t\t\t\t\t<div class=\"list-image__card\">\n\t\t\t<ul class=\"list-image__list\">\n\t\t\t\t\t\t\t\t\t\t\t\t\t\t\t\t\t\t\t\t\t\t\t\t\t\t\t\t\t\t\t\t\t<li class=\"list-image__item  \">\n\t\t\t\t\t\t\t\t\t\t\t\t\t\t<img decoding=\"async\" src=\"https:\/\/alsendo-new.sc.testbox.pro\/app\/themes\/alsendo\/src\/images\/mini-triangle.svg\"\n\t\t\t\t\t\t\t\talt=\"Alsendo\" loading=\"lazy\" class=\"list-image__icon\">\n\t\t\t\t\t\t\t\t\t\t\t\t\t\t<div class=\"list-image__content\">\n\t\t\t\t\t\t\t\t\t\t\t\t\t\t\t\t<p class=\"list-image__text\">Regularne aktualizacje i powiadomienia o op\u00f3\u017anieniach pomagaj\u0105 minimalizowa\u0107 niezadowolenie klient\u00f3w, a Ty jednocze\u015bnie budujesz wizerunek uczciwej i transparentnej firmy.<\/p>\n\t\t\t\t\t\t\t<\/div>\n\t\t\t\t\t\t<\/li>\n\t\t\t\t\t\t\t\t\t\t\t\t<\/ul>\n\t\t\t<div class=\"list-image__image-wrapper\">\n\t\t\t\t<img decoding=\"async\" width=\"681\" height=\"357\" src=\"https:\/\/alsendo-new.sc.testbox.pro\/app\/uploads\/2024\/06\/Reports-Analysis-Informed-Customers-Graphic-1.png\" class=\"list-image__image\" alt=\"\" loading=\"lazy\" srcset=\"https:\/\/alsendo-new.sc.testbox.pro\/app\/uploads\/2024\/06\/Reports-Analysis-Informed-Customers-Graphic-1.png 681w, https:\/\/alsendo-new.sc.testbox.pro\/app\/uploads\/2024\/06\/Reports-Analysis-Informed-Customers-Graphic-1-300x157.png 300w\" sizes=\"auto, (max-width: 681px) 100vw, 681px\" \/>\t\t\t<\/div>\n\t\t<\/div>\n\t\t\t<\/div>\n<\/div>\n<\/section>\n\n<section  class=\"ilabs-spacer\"><style scoped>\n\t.spacer--mobile-block_080ab0402600a3b64dd03ca697fdac1b {\n\t\tpadding-block: 0px;\n\t}\n\t@media only screen and (min-width: 1200px) {\n\t\t.spacer--desktop-block_080ab0402600a3b64dd03ca697fdac1b {\n\t\t\tpadding-block: 25px;\n\t\t}\n\t}\n<\/style>\n<div class=\"spacer spacer--mobile-block_080ab0402600a3b64dd03ca697fdac1b spacer--desktop-block_080ab0402600a3b64dd03ca697fdac1b\"\n\tstyle=\"background-color: #f7f7f7;\"><\/div>\n<\/section>\n\n<section  class=\"ilabs-large-tiles-with-background\"><div class=\"large-tiles-with-background        \">\n\t<div class=\"large-tiles-with-background__container\">\n\t\t\t\t<h2 class=\"large-tiles-with-background__heading\">Wi\u0119cej danych to bardziej efektywne dostawy<\/h2>\n\t\t\t\t\t\t<p class=\"large-tiles-with-background__subheading\">\n\t\t\tSzybko identyfikujesz trendy w spadku lub wzro\u015bcie wydajno\u015bci dostaw dla ka\u017cdego kuriera, dzi\u0119ki czemu mo\u017cesz szybciej reagowa\u0107 i podejmowa\u0107 w\u0142a\u015bciwe decyzje<\/p>\n\t\t<\/p>\n\t\t\t\t\t\t<div class=\"large-tiles-with-background__tiles-container swiper\">\n\t\t\t<ul class=\"large-tiles-with-background__list swiper-wrapper\">\n\t\t\t\t\t\t\t\t<li class=\"large-tiles-with-background__item swiper-slide\" style=\"height: 464px;\">\n\t\t\t\t\t<img decoding=\"async\" width=\"55\" height=\"51\" src=\"https:\/\/alsendo-new.sc.testbox.pro\/app\/uploads\/2024\/05\/Real-time-reports-Icon.svg\" class=\"large-tiles-with-background__icon\" alt=\"\" loading=\"lazy\" \/>\t\t\t\t\t<h3 class=\"large-tiles-with-background__title\">\n\t\t\t\t\t\tRaporty i analizy w czasie rzeczywistym\t\t\t\t\t<\/h3>\n\t\t\t\t\t<p class=\"large-tiles-with-background__text\">\n\t\t\t\t\t\tRaporty w czasie rzeczywistym s\u0105 kluczem do optymalizacji operacyjnej \u2013 mo\u017cesz dostrzega\u0107 nieprawid\u0142owo\u015bci i szybko dostosowa\u0107 dzia\u0142ania, aby dotrzyma\u0107 obietnicy z\u0142o\u017conej swoim klientom.\t\t\t\t\t<\/p>\n\t\t\t\t<\/li>\n\t\t\t\t\t\t\t\t<li class=\"large-tiles-with-background__item swiper-slide\" style=\"height: 464px;\">\n\t\t\t\t\t<img decoding=\"async\" width=\"59\" height=\"51\" src=\"https:\/\/alsendo-new.sc.testbox.pro\/app\/uploads\/2024\/05\/Long-term-trends-Icon.svg\" class=\"large-tiles-with-background__icon\" alt=\"\" loading=\"lazy\" \/>\t\t\t\t\t<h3 class=\"large-tiles-with-background__title\">\n\t\t\t\t\t\tTrendy i wydajno\u015b\u0107 w d\u0142ugim okresie\t\t\t\t\t<\/h3>\n\t\t\t\t\t<p class=\"large-tiles-with-background__text\">\n\t\t\t\t\t\tDzi\u0119ki pe\u0142nej widoczno\u015bci wydajno\u015bci przewo\u017anik\u00f3w w ka\u017cdej us\u0142udze dostawy, identyfikujesz konkretne trendy i obszary, w kt\u00f3rych proces dostawy m\u00f3g\u0142by zosta\u0107 ulepszony.\t\t\t\t\t<\/p>\n\t\t\t\t<\/li>\n\t\t\t\t\t\t\t\t<li class=\"large-tiles-with-background__item swiper-slide\" style=\"height: 464px;\">\n\t\t\t\t\t<img decoding=\"async\" width=\"60\" height=\"52\" src=\"https:\/\/alsendo-new.sc.testbox.pro\/app\/uploads\/2024\/05\/Compare-between-carrier-Icon.svg\" class=\"large-tiles-with-background__icon\" alt=\"\" loading=\"lazy\" \/>\t\t\t\t\t<h3 class=\"large-tiles-with-background__title\">\n\t\t\t\t\t\tPor\u00f3wnuj us\u0142ugi przewo\u017anik\u00f3w\t\t\t\t\t<\/h3>\n\t\t\t\t\t<p class=\"large-tiles-with-background__text\">\n\t\t\t\t\t\tMo\u017cesz por\u00f3wna\u0107 jako\u015b\u0107 us\u0142ug i wydajno\u015b\u0107 ka\u017cdego przewo\u017anika, kt\u00f3rego u\u017cywasz, aby ustali\u0107 nowe zasady, kt\u00f3re poprawi\u0105 wydajno\u015b\u0107 dostawy lub koszty.\t\t\t\t\t<\/p>\n\t\t\t\t<\/li>\n\t\t\t\t\t\t\t\t<li class=\"large-tiles-with-background__item swiper-slide\" style=\"height: 464px;\">\n\t\t\t\t\t<img decoding=\"async\" width=\"52\" height=\"52\" src=\"https:\/\/alsendo-new.sc.testbox.pro\/app\/uploads\/2024\/05\/Pay-more-for-faster-delivery-Icon.svg\" class=\"large-tiles-with-background__icon\" alt=\"\" loading=\"lazy\" \/>\t\t\t\t\t<h3 class=\"large-tiles-with-background__title\">\n\t\t\t\t\t\tZap\u0142a\u0107 wi\u0119cej za szybsz\u0105 dostaw\u0119\t\t\t\t\t<\/h3>\n\t\t\t\t\t<p class=\"large-tiles-with-background__text\">\n\t\t\t\t\t\tCzasami najni\u017csza cena nie jest najlepszym rozwi\u0105zaniem. Klienci s\u0105 gotowi zap\u0142aci\u0107 wi\u0119cej za szybsz\u0105 us\u0142ug\u0119. Innoship umo\u017cliwia tworzenie zasad, kt\u00f3re pozwalaj\u0105 Ci decydowa\u0107, co ma znaczenie dla Ciebie i Twoich klient\u00f3w.\t\t\t\t\t<\/p>\n\t\t\t\t<\/li>\n\t\t\t\t\t\t\t<\/ul>\n\t\t<\/div>\n\t\t<div class=\"large-tiles-with-background__list-dots\"><\/div>\n\t\t\t<\/div>\n<\/section>\n\n<section  class=\"ilabs-reference-section\"><div class=\"reference-section\">\n\t<picture>\n\t\t<source media=\"(max-width: 1024px)\" srcset=\"https:\/\/alsendo-new.sc.testbox.pro\/app\/uploads\/2024\/06\/Alsendo-WWW-Innoship-Mobile-\u2013-Graphic-Get-a-free-Quote-\u2013-20-1.png\">\n\t\t<img decoding=\"async\" class=\"reference-section__background-image\" src=\"https:\/\/alsendo-new.sc.testbox.pro\/app\/uploads\/2024\/05\/Contact-Us-Get-a-Quote-Section-Graphic-1.jpg\"\n\t\t\talt=\"Popro\u015b o szybk\u0105, indywidualn\u0105 wycen\u0119\">\n\t<\/picture>\n\t<div class=\"reference-section__container\">\n\t\t\t\t\t<img decoding=\"async\" width=\"372\" height=\"105\" src=\"https:\/\/alsendo-new.sc.testbox.pro\/app\/uploads\/2024\/05\/Alsendo-Innoship-Logotype-2.svg\" class=\"reference-section__logo\" alt=\"\" loading=\"lazy\" \/>\t\t\t\t\t\t<p class=\"reference-section__text\">\n\t\t\tPopro\u015b o szybk\u0105, indywidualn\u0105 wycen\u0119\t\t<\/p>\n\t\t\t\t\t\t<a href=\"https:\/\/alsendo.com\/pl\/otrzymaj-oferte\/\"\n\t\t\tclass=\"reference-section__button button button--secondary\">\n\t\t\tPopro\u015b o wycen\u0119\t\t<\/a>\n\t\t\t<\/div>\n<\/div>\n<\/section>\n\n<section  class=\"ilabs-why-alsendo\"><div class=\"why-alsendo\">\n\t<div class=\"why-alsendo__container\">\n\t\t<div class=\"why-alsendo__header\">\n\t\t\t<div class=\"why-alsendo__left-side\">\n\t\t\t\t\t\t\t\t<h2 class=\"why-alsendo__heading\">Dlaczego Alsendo Innoship?\n<\/h2>\n\t\t\t\t\t\t\t\t\t\t\t\t<p class=\"why-alsendo__subheading\">Efektywnie zarz\u0105dzaj umowami kurierskimi z jednego miejsca, uzyskaj dost\u0119p do wszystkich us\u0142ug kurierskich bez dodatkowych integracji.<\/p>\n\t\t\t\t\t\t\t<\/div>\n\t\t\t<img decoding=\"async\" width=\"332\" height=\"95\" src=\"https:\/\/alsendo-new.sc.testbox.pro\/app\/uploads\/2024\/04\/Alsendo-Innoship-Logotype.svg\" class=\"why-alsendo__logo\" alt=\"\" loading=\"lazy\" \/>\t\t<\/div>\n\t\t<ul class=\"why-alsendo__tiles\">\n\t\t\t\t\t\t<li class=\"why-alsendo__item\">\n\t\t\t\t<img decoding=\"async\" width=\"60\" height=\"52\" src=\"https:\/\/alsendo-new.sc.testbox.pro\/app\/uploads\/2024\/05\/Shipping-Label-Generation-Icon-1.svg\" class=\"why-alsendo__item-icon\" alt=\"\" loading=\"lazy\" \/>\t\t\t\t<h3 class=\"why-alsendo__item-title\">Generowanie etykiet wysy\u0142kowych<\/h3>\n\t\t\t\t<p class=\"why-alsendo__item-text\">Tworzenie dokument\u00f3w wysy\u0142kowych nie powinno by\u0107 Twoim zmartwieniem. Z Alsendo Innoship generujesz je automatycznie.<\/p>\n\t\t\t\t\t\t\t\t\t\t\t\t\t\t<a href=\"https:\/\/alsendo-new.sc.testbox.pro\/pl\/generowanie-etykiet-wysylkowych-2\/\"\n\t\t\t\t\t\tclass=\"why-alsendo__item-button button\">Explore<\/a>\n\t\t\t\t\t\t\t\t\t\t\t\t<\/li>\n\t\t\t\t\t\t<li class=\"why-alsendo__item\">\n\t\t\t\t<img decoding=\"async\" width=\"53\" height=\"53\" src=\"https:\/\/alsendo-new.sc.testbox.pro\/app\/uploads\/2024\/05\/Orders-Cash-on-Delivery-Tracking-Icon.svg\" class=\"why-alsendo__item-icon\" alt=\"\" loading=\"lazy\" \/>\t\t\t\t<h3 class=\"why-alsendo__item-title\">\u015aledzenie zam\u00f3wie\u0144 i p\u0142atno\u015bci przy odbiorze.<\/h3>\n\t\t\t\t<p class=\"why-alsendo__item-text\">\u0141atwy spos\u00f3b na \u015bledzenie status\u00f3w zam\u00f3wie\u0144 oraz zwrot\u00f3w za p\u0142atno\u015b\u0107 przy odbiorze w czasie rzeczywistym, w jednym miejscu.<\/p>\n\t\t\t\t\t\t\t\t\t\t\t\t\t\t<a href=\"https:\/\/alsendo-new.sc.testbox.pro\/pl\/sledzenie-zamowien-i-przesylek-za-pobraniem\/\"\n\t\t\t\t\t\tclass=\"why-alsendo__item-button button\">Explore<\/a>\n\t\t\t\t\t\t\t\t\t\t\t\t<\/li>\n\t\t\t\t\t\t<li class=\"why-alsendo__item\">\n\t\t\t\t<img decoding=\"async\" width=\"40\" height=\"53\" src=\"https:\/\/alsendo-new.sc.testbox.pro\/app\/uploads\/2024\/05\/Invoice-Verification-Icon.svg\" class=\"why-alsendo__item-icon\" alt=\"\" loading=\"lazy\" \/>\t\t\t\t<h3 class=\"why-alsendo__item-title\">Weryfikacja Faktur<\/h3>\n\t\t\t\t<p class=\"why-alsendo__item-text\">Zyskaj pe\u0142n\u0105 kontrol\u0119 nad danymi dotycz\u0105cymi wysy\u0142ek i fakturami przewo\u017anik\u00f3w, aby upewni\u0107 si\u0119, \u017ce s\u0105 zgodne z Twoimi oczekiwaniami i umowami biznesowymi.<\/p>\n\t\t\t\t\t\t\t\t\t\t\t\t\t\t<a href=\"https:\/\/alsendo-new.sc.testbox.pro\/pl\/sprawdzaj-faktury-firm-kurierskich\/\"\n\t\t\t\t\t\tclass=\"why-alsendo__item-button button\">Explore<\/a>\n\t\t\t\t\t\t\t\t\t\t\t\t<\/li>\n\t\t\t\t\t\t<li class=\"why-alsendo__item\">\n\t\t\t\t<img decoding=\"async\" width=\"59\" height=\"53\" src=\"https:\/\/alsendo-new.sc.testbox.pro\/app\/uploads\/2024\/05\/Offline-Waybill-Generation-Icon.svg\" class=\"why-alsendo__item-icon\" alt=\"\" loading=\"lazy\" \/>\t\t\t\t<h3 class=\"why-alsendo__item-title\">Generowanie list\u00f3w przewozowych offline<\/h3>\n\t\t\t\t<p class=\"why-alsendo__item-text\">Zapewnij p\u0142ynne funkcjonowanie magazynu, nawet podczas spowolnienia system\u00f3w przewo\u017anik\u00f3w.<\/p>\n\t\t\t\t\t\t\t\t\t\t\t\t\t\t<a href=\"https:\/\/alsendo-new.sc.testbox.pro\/pl\/generowanie-listow-przewozowych-offline\/\"\n\t\t\t\t\t\tclass=\"why-alsendo__item-button button\">Explore<\/a>\n\t\t\t\t\t\t\t\t\t\t\t\t<\/li>\n\t\t\t\t\t\t<li class=\"why-alsendo__item\">\n\t\t\t\t<img decoding=\"async\" width=\"59\" height=\"52\" src=\"https:\/\/alsendo-new.sc.testbox.pro\/app\/uploads\/2024\/05\/Returns-Management-Icon.svg\" class=\"why-alsendo__item-icon\" alt=\"\" loading=\"lazy\" \/>\t\t\t\t<h3 class=\"why-alsendo__item-title\">Zarz\u0105dznie zwrotami<\/h3>\n\t\t\t\t<p class=\"why-alsendo__item-text\">Prosty proces zwrot\u00f3w buduje zaufanie i lojalno\u015b\u0107 wobec Twojej marki.\r\n<\/p>\n\t\t\t\t\t\t\t\t\t\t\t\t\t\t<a href=\"https:\/\/alsendo-new.sc.testbox.pro\/pl\/zarzadzanie-zwrotami\/\"\n\t\t\t\t\t\tclass=\"why-alsendo__item-button button\">Explore<\/a>\n\t\t\t\t\t\t\t\t\t\t\t\t<\/li>\n\t\t\t\t\t\t<li class=\"why-alsendo__item\">\n\t\t\t\t<img decoding=\"async\" width=\"82\" height=\"65\" src=\"https:\/\/alsendo-new.sc.testbox.pro\/app\/uploads\/2024\/05\/Person-with-graph-Icon-1.svg\" class=\"why-alsendo__item-icon\" alt=\"\" loading=\"lazy\" \/>\t\t\t\t<h3 class=\"why-alsendo__item-title\">Raporty i Analizy<\/h3>\n\t\t\t\t<p class=\"why-alsendo__item-text\">Dashboard Innoship daje Ci dost\u0119p do dok\u0142adnych, \u0142atwych do zrozumienia informacji w czasie rzeczywistym na temat wydajno\u015bci przewo\u017anik\u00f3w.<\/p>\n\t\t\t\t\t\t\t\t\t\t\t\t\t\t<a href=\"https:\/\/alsendo-new.sc.testbox.pro\/pl\/alsendo-innoship-raporty-i-analizy\/\"\n\t\t\t\t\t\tclass=\"why-alsendo__item-button button\">Explore<\/a>\n\t\t\t\t\t\t\t\t\t\t\t\t<\/li>\n\t\t\t\t\t\t<li class=\"why-alsendo__item\">\n\t\t\t\t<img decoding=\"async\" width=\"66\" height=\"53\" src=\"https:\/\/alsendo-new.sc.testbox.pro\/app\/uploads\/2024\/05\/Multiple-Delivery-Options-Icon.svg\" class=\"why-alsendo__item-icon\" alt=\"\" loading=\"lazy\" \/>\t\t\t\t<h3 class=\"why-alsendo__item-title\">R\u00f3\u017cne opcje dostawy<\/h3>\n\t\t\t\t<p class=\"why-alsendo__item-text\">Dost\u0119pne przy finalizacji zam\u00f3wienia, takie jak dostawa tego samego dnia, nast\u0119pnego dnia, paczkomaty czy punkt odbioru.<\/p>\n\t\t\t\t\t\t\t\t\t\t\t\t\t\t<a href=\"https:\/\/alsendo-new.sc.testbox.pro\/pl\/alsendo-innoship-raporty-i-analizy\/\"\n\t\t\t\t\t\tclass=\"why-alsendo__item-button button\">Explore<\/a>\n\t\t\t\t\t\t\t\t\t\t\t\t<\/li>\n\t\t\t\t\t\t\t\t\t\t\t\t\t\t\t<li class=\"why-alsendo__item why-alsendo__item--tile-with-button\">\n\t\t\t\t<h3 class=\"why-alsendo__additional-item-title\">\n\t\t\t\t\tNajprostsze rozwi\u0105zanie logistyczne dla Twojego biznesu<\/h3>\n\t\t\t\t<p class=\"why-alsendo__additional-item-text\">Innoship oferuje prost\u0105 integracj\u0119 API, zapewniaj\u0105c p\u0142ynne wdro\u017cenie dla Twojego zespo\u0142u\t\t\t\t<\/p>\n\t\t\t\t<a href=\"https:\/\/alsendo-new.sc.testbox.pro\/pl\/alsendo-innoship\/\"\n\t\t\t\t\tclass=\"why-alsendo__additional-item-button button button--outline\">\n\t\t\t\t\tWr\u00f3\u0107 do Innoship\t\t\t\t<\/a>\n\t\t\t<\/li>\n\t\t\t\t\t\t\t\t\t\t\t\t\t\t<\/ul>\n\t<\/div>\n<\/div>\n<\/section>","protected":false},"excerpt":{"rendered":"","protected":false},"author":2,"featured_media":0,"parent":0,"menu_order":0,"comment_status":"closed","ping_status":"closed","template":"","meta":{"_acf_changed":false,"inline_featured_image":false,"_genesis_hide_title":false,"_genesis_hide_breadcrumbs":false,"_genesis_hide_singular_image":false,"_genesis_hide_footer_widgets":false,"_genesis_custom_body_class":"","_genesis_custom_post_class":"","_genesis_layout":"","footnotes":""},"class_list":{"0":"post-4637","1":"page","2":"type-page","3":"status-publish","5":"entry","6":"has-post-thumbnail"},"acf":[],"yoast_head":"<!-- This site is optimized with the Yoast SEO plugin v26.5 - https:\/\/yoast.com\/wordpress\/plugins\/seo\/ -->\n<title>Lepsza kontrola nad dostawami dzi\u0119ki inteligentnej analizie danych<\/title>\n<meta name=\"description\" content=\"Panel Innoship zapewnia dost\u0119p do dok\u0142adnych i aktualnych danych o wydajno\u015bci przewo\u017anik\u00f3w. Optymalizuj dostawy i poprawiaj efektywno\u015b\u0107.\" \/>\n<meta name=\"robots\" content=\"noindex, follow, max-snippet:-1, max-image-preview:large, max-video-preview:-1\" \/>\n<meta property=\"og:locale\" content=\"pl_PL\" \/>\n<meta property=\"og:type\" content=\"article\" \/>\n<meta property=\"og:title\" content=\"Lepsza kontrola nad dostawami dzi\u0119ki inteligentnej analizie danych\" \/>\n<meta property=\"og:description\" content=\"Panel Innoship zapewnia dost\u0119p do dok\u0142adnych i aktualnych danych o wydajno\u015bci przewo\u017anik\u00f3w. Optymalizuj dostawy i poprawiaj efektywno\u015b\u0107.\" \/>\n<meta property=\"og:url\" content=\"https:\/\/alsendo-new.sc.testbox.pro\/pl\/alsendo-innoship-raporty-i-analizy\/\" \/>\n<meta property=\"og:site_name\" content=\"Alsendo\" \/>\n<meta property=\"article:modified_time\" content=\"2025-04-17T09:56:08+00:00\" \/>\n<meta name=\"twitter:card\" content=\"summary_large_image\" \/>\n<script type=\"application\/ld+json\" class=\"yoast-schema-graph\">{\"@context\":\"https:\/\/schema.org\",\"@graph\":[{\"@type\":\"WebPage\",\"@id\":\"https:\/\/alsendo-new.sc.testbox.pro\/pl\/alsendo-innoship-raporty-i-analizy\/\",\"url\":\"https:\/\/alsendo-new.sc.testbox.pro\/pl\/alsendo-innoship-raporty-i-analizy\/\",\"name\":\"Lepsza kontrola nad dostawami dzi\u0119ki inteligentnej analizie danych\",\"isPartOf\":{\"@id\":\"https:\/\/alsendo-new.sc.testbox.pro\/#website\"},\"datePublished\":\"2024-05-17T14:36:57+00:00\",\"dateModified\":\"2025-04-17T09:56:08+00:00\",\"description\":\"Panel Innoship zapewnia dost\u0119p do dok\u0142adnych i aktualnych danych o wydajno\u015bci przewo\u017anik\u00f3w. Optymalizuj dostawy i poprawiaj efektywno\u015b\u0107.\",\"breadcrumb\":{\"@id\":\"https:\/\/alsendo-new.sc.testbox.pro\/pl\/alsendo-innoship-raporty-i-analizy\/#breadcrumb\"},\"inLanguage\":\"pl-PL\",\"potentialAction\":[{\"@type\":\"ReadAction\",\"target\":[\"https:\/\/alsendo-new.sc.testbox.pro\/pl\/alsendo-innoship-raporty-i-analizy\/\"]}]},{\"@type\":\"BreadcrumbList\",\"@id\":\"https:\/\/alsendo-new.sc.testbox.pro\/pl\/alsendo-innoship-raporty-i-analizy\/#breadcrumb\",\"itemListElement\":[{\"@type\":\"ListItem\",\"position\":1,\"name\":\"alsendo\",\"item\":\"https:\/\/alsendo-new.sc.testbox.pro\/pl\/\"},{\"@type\":\"ListItem\",\"position\":2,\"name\":\"Alsendo Innoship Raporty i Analizy\"}]},{\"@type\":\"WebSite\",\"@id\":\"https:\/\/alsendo-new.sc.testbox.pro\/#website\",\"url\":\"https:\/\/alsendo-new.sc.testbox.pro\/\",\"name\":\"Alsendo\",\"description\":\"\",\"publisher\":{\"@id\":\"https:\/\/alsendo-new.sc.testbox.pro\/#organization\"},\"potentialAction\":[{\"@type\":\"SearchAction\",\"target\":{\"@type\":\"EntryPoint\",\"urlTemplate\":\"https:\/\/alsendo-new.sc.testbox.pro\/?s={search_term_string}\"},\"query-input\":{\"@type\":\"PropertyValueSpecification\",\"valueRequired\":true,\"valueName\":\"search_term_string\"}}],\"inLanguage\":\"pl-PL\"},{\"@type\":\"Organization\",\"@id\":\"https:\/\/alsendo-new.sc.testbox.pro\/#organization\",\"name\":\"Alsendo\",\"url\":\"https:\/\/alsendo-new.sc.testbox.pro\/\",\"logo\":{\"@type\":\"ImageObject\",\"inLanguage\":\"pl-PL\",\"@id\":\"https:\/\/alsendo-new.sc.testbox.pro\/#\/schema\/logo\/image\/\",\"url\":\"https:\/\/alsendo-new.sc.testbox.pro\/app\/uploads\/2024\/05\/Alsendo-Logotype.svg\",\"contentUrl\":\"https:\/\/alsendo-new.sc.testbox.pro\/app\/uploads\/2024\/05\/Alsendo-Logotype.svg\",\"width\":180,\"height\":45,\"caption\":\"Alsendo \"},\"image\":{\"@id\":\"https:\/\/alsendo-new.sc.testbox.pro\/#\/schema\/logo\/image\/\"}}]}<\/script>\n<!-- \/ Yoast SEO plugin. -->","yoast_head_json":{"title":"Lepsza kontrola nad dostawami dzi\u0119ki inteligentnej analizie danych","description":"Panel Innoship zapewnia dost\u0119p do dok\u0142adnych i aktualnych danych o wydajno\u015bci przewo\u017anik\u00f3w. Optymalizuj dostawy i poprawiaj efektywno\u015b\u0107.","robots":{"index":"noindex","follow":"follow","max-snippet":"max-snippet:-1","max-image-preview":"max-image-preview:large","max-video-preview":"max-video-preview:-1"},"og_locale":"pl_PL","og_type":"article","og_title":"Lepsza kontrola nad dostawami dzi\u0119ki inteligentnej analizie danych","og_description":"Panel Innoship zapewnia dost\u0119p do dok\u0142adnych i aktualnych danych o wydajno\u015bci przewo\u017anik\u00f3w. Optymalizuj dostawy i poprawiaj efektywno\u015b\u0107.","og_url":"https:\/\/alsendo-new.sc.testbox.pro\/pl\/alsendo-innoship-raporty-i-analizy\/","og_site_name":"Alsendo","article_modified_time":"2025-04-17T09:56:08+00:00","twitter_card":"summary_large_image","schema":{"@context":"https:\/\/schema.org","@graph":[{"@type":"WebPage","@id":"https:\/\/alsendo-new.sc.testbox.pro\/pl\/alsendo-innoship-raporty-i-analizy\/","url":"https:\/\/alsendo-new.sc.testbox.pro\/pl\/alsendo-innoship-raporty-i-analizy\/","name":"Lepsza kontrola nad dostawami dzi\u0119ki inteligentnej analizie danych","isPartOf":{"@id":"https:\/\/alsendo-new.sc.testbox.pro\/#website"},"datePublished":"2024-05-17T14:36:57+00:00","dateModified":"2025-04-17T09:56:08+00:00","description":"Panel Innoship zapewnia dost\u0119p do dok\u0142adnych i aktualnych danych o wydajno\u015bci przewo\u017anik\u00f3w. Optymalizuj dostawy i poprawiaj efektywno\u015b\u0107.","breadcrumb":{"@id":"https:\/\/alsendo-new.sc.testbox.pro\/pl\/alsendo-innoship-raporty-i-analizy\/#breadcrumb"},"inLanguage":"pl-PL","potentialAction":[{"@type":"ReadAction","target":["https:\/\/alsendo-new.sc.testbox.pro\/pl\/alsendo-innoship-raporty-i-analizy\/"]}]},{"@type":"BreadcrumbList","@id":"https:\/\/alsendo-new.sc.testbox.pro\/pl\/alsendo-innoship-raporty-i-analizy\/#breadcrumb","itemListElement":[{"@type":"ListItem","position":1,"name":"alsendo","item":"https:\/\/alsendo-new.sc.testbox.pro\/pl\/"},{"@type":"ListItem","position":2,"name":"Alsendo Innoship Raporty i Analizy"}]},{"@type":"WebSite","@id":"https:\/\/alsendo-new.sc.testbox.pro\/#website","url":"https:\/\/alsendo-new.sc.testbox.pro\/","name":"Alsendo","description":"","publisher":{"@id":"https:\/\/alsendo-new.sc.testbox.pro\/#organization"},"potentialAction":[{"@type":"SearchAction","target":{"@type":"EntryPoint","urlTemplate":"https:\/\/alsendo-new.sc.testbox.pro\/?s={search_term_string}"},"query-input":{"@type":"PropertyValueSpecification","valueRequired":true,"valueName":"search_term_string"}}],"inLanguage":"pl-PL"},{"@type":"Organization","@id":"https:\/\/alsendo-new.sc.testbox.pro\/#organization","name":"Alsendo","url":"https:\/\/alsendo-new.sc.testbox.pro\/","logo":{"@type":"ImageObject","inLanguage":"pl-PL","@id":"https:\/\/alsendo-new.sc.testbox.pro\/#\/schema\/logo\/image\/","url":"https:\/\/alsendo-new.sc.testbox.pro\/app\/uploads\/2024\/05\/Alsendo-Logotype.svg","contentUrl":"https:\/\/alsendo-new.sc.testbox.pro\/app\/uploads\/2024\/05\/Alsendo-Logotype.svg","width":180,"height":45,"caption":"Alsendo "},"image":{"@id":"https:\/\/alsendo-new.sc.testbox.pro\/#\/schema\/logo\/image\/"}}]}},"_links":{"self":[{"href":"https:\/\/alsendo-new.sc.testbox.pro\/pl\/wp-json\/wp\/v2\/pages\/4637","targetHints":{"allow":["GET"]}}],"collection":[{"href":"https:\/\/alsendo-new.sc.testbox.pro\/pl\/wp-json\/wp\/v2\/pages"}],"about":[{"href":"https:\/\/alsendo-new.sc.testbox.pro\/pl\/wp-json\/wp\/v2\/types\/page"}],"author":[{"embeddable":true,"href":"https:\/\/alsendo-new.sc.testbox.pro\/pl\/wp-json\/wp\/v2\/users\/2"}],"replies":[{"embeddable":true,"href":"https:\/\/alsendo-new.sc.testbox.pro\/pl\/wp-json\/wp\/v2\/comments?post=4637"}],"version-history":[{"count":12,"href":"https:\/\/alsendo-new.sc.testbox.pro\/pl\/wp-json\/wp\/v2\/pages\/4637\/revisions"}],"predecessor-version":[{"id":6955,"href":"https:\/\/alsendo-new.sc.testbox.pro\/pl\/wp-json\/wp\/v2\/pages\/4637\/revisions\/6955"}],"wp:attachment":[{"href":"https:\/\/alsendo-new.sc.testbox.pro\/pl\/wp-json\/wp\/v2\/media?parent=4637"}],"curies":[{"name":"wp","href":"https:\/\/api.w.org\/{rel}","templated":true}]}}