{"id":4630,"date":"2024-06-04T14:15:21","date_gmt":"2024-06-04T12:15:21","guid":{"rendered":"https:\/\/alsendo.com\/raporty-i-analizy\/"},"modified":"2025-03-24T10:21:56","modified_gmt":"2025-03-24T09:21:56","slug":"raporty-i-analizy","status":"publish","type":"page","link":"https:\/\/alsendo-new.sc.testbox.pro\/pl\/raporty-i-analizy\/","title":{"rendered":"Raporty i Analizy"},"content":{"rendered":"<section  class=\"ilabs-header-with-laptop\"><div class=\"header-with-laptop \">\n\t<div class=\"header-with-laptop__container\">\n\t\t<div class=\"header-with-laptop__left-side  \">\n\t\t\t<div class=\"header-with-laptop__left-side-top\">\n\t\t\t\t\t\t\t\t<div class=\"header-with-laptop__breadcrumbs\">\n\t\t\t\t\t\t\t\t\t\t\t\t\t\t\t\t\t\t\t\t\t\t<a href=\"\"\n\t\t\t\t\t\t\tclass=\"header-with-laptop__breadcrumbs-item\">SOHO &amp; SMB<\/a>\n\t\t\t\t\t\t<span class=\"header-with-laptop__breadcrumbs-separator\">><\/span>\n\t\t\t\t\t\t\t\t\t\t\t\t\t\t\t\t\t\t\t\t\t\t\t<a href=\"https:\/\/alsendo-new.sc.testbox.pro\/pl\/?page_id=3994\"\n\t\t\t\t\t\t\tclass=\"header-with-laptop__breadcrumbs-item\">Business Pro<\/a>\n\t\t\t\t\t\t<span class=\"header-with-laptop__breadcrumbs-separator\">><\/span>\n\t\t\t\t\t\t\t\t\t\t\t\t\t\t\t\t\t\t\t\t\t\t\t<a href=\"https:\/\/alsendo-new.sc.testbox.pro\/pl\/raporty-i-analizy\/\"\n\t\t\t\t\t\t\tclass=\"header-with-laptop__breadcrumbs-item header-with-laptop__breadcrumbs-item--featured\">Raporty i Analizy<\/a>\n\t\t\t\t\t\t\t\t\t\t\t\t\t\t\t<\/div>\n\t\t\t\t\t\t\t\t\t\t\t\t<h2 class=\"header-with-laptop__heading\"><strong>Jeden dashboard,<\/strong> jedno \u017ar\u00f3d\u0142o informacji\n<\/h2>\n\t\t\t\t\t\t\t\t\t\t\t\t<p class=\"header-with-laptop__subheading\">\n\t\t\t\t\tZwi\u0119ksz sprzeda\u017c dzi\u0119ki reklamie na ka\u017cdym etapie kontaktu z klientami.\t\t\t\t<\/p>\n\t\t\t\t\t\t\t<\/div>\n\t\t\t\t\t\t<div class=\"header-with-laptop__left-side-bottom  \">\n\t\t\t\t\t\t\t\t\t<img decoding=\"async\" width=\"332\" height=\"95\" src=\"https:\/\/alsendo-new.sc.testbox.pro\/app\/uploads\/2024\/05\/Alsendo-Business-Pro-Logotype.svg\" class=\"header-with-laptop__logo\" alt=\"\" loading=\"lazy\" \/>\t\t\t\t\t\t\t\t\t\t\t\t\t<a href=\"https:\/\/alsendo.com\/get-an-offer\/\" class=\"header-with-laptop__button button\">Popro\u015b o wycen\u0119<\/a>\n\t\t\t\t\t\t\t\t\t\t\t<\/div>\n\t\t\t\t\t<\/div>\n\t\t<div class=\"header-with-laptop__right-side \">\n\t\t\t\t\t\t\t<img loading=\"lazy\" decoding=\"async\" width=\"917\" height=\"648\" src=\"https:\/\/alsendo-new.sc.testbox.pro\/app\/uploads\/2024\/06\/Reports-Analysis-Hero-Graphic-1.png\" class=\"header-with-laptop__image\" alt=\"\" srcset=\"https:\/\/alsendo-new.sc.testbox.pro\/app\/uploads\/2024\/06\/Reports-Analysis-Hero-Graphic-1.png 917w, https:\/\/alsendo-new.sc.testbox.pro\/app\/uploads\/2024\/06\/Reports-Analysis-Hero-Graphic-1-300x212.png 300w, https:\/\/alsendo-new.sc.testbox.pro\/app\/uploads\/2024\/06\/Reports-Analysis-Hero-Graphic-1-768x543.png 768w, https:\/\/alsendo-new.sc.testbox.pro\/app\/uploads\/2024\/06\/Reports-Analysis-Hero-Graphic-1-740x523.png 740w\" sizes=\"auto, (max-width: 917px) 100vw, 917px\" \/>\t\t\t\t\t<\/div>\n\t<\/div>\n<\/div>\n<\/section>\n\n<section  class=\"ilabs-large-tiles\"><div class=\"large-tiles  large-tiles--3-columns-small large-tiles--smaller-font-size-desktop large-tiles--texts-align-center large-tiles--headings-orange     \">\n\t<div class=\"large-tiles__container\">\n\t\t\t\t<h2 class=\"large-tiles__heading\"><strong>Analizuj dane, kontroluj koszty<\/strong>\n<\/h2>\n\t\t\t\t\t\t\t\t\t\t<div class=\"large-tiles__tiles-container swiper\">\n\t\t\t<ul class=\"large-tiles__list swiper-wrapper\">\n\t\t\t\t\t\t<li class=\"large-tiles__item swiper-slide\" style=\"height: 320px;\">\n\t\t\t\t\t\t\t\t\t\t\t\t\t<h3 class=\"large-tiles__title\">\n\t\t\t\t\t\t\u015aledzenie przesy\u0142ek kurierskich\t\t\t\t\t<\/h3>\n\t\t\t\t\t\t\t\t\t\t\t\t<p class=\"large-tiles__text\">\n\t\t\t\t\tDost\u0119p do aktualnych danych przesy\u0142ek w jednym miejscu, pogrupowanych wed\u0142ug statusu.\t\t\t\t<\/p>\n\t\t\t\t\t\t\t\t\t\t\t<\/li>\n\t\t\t\t\t\t<li class=\"large-tiles__item swiper-slide\" style=\"height: 320px;\">\n\t\t\t\t\t\t\t\t\t\t\t\t\t<h3 class=\"large-tiles__title\">\n\t\t\t\t\t\tStatus zam\u00f3wienia &quot;wyj\u0105tek&quot; \t\t\t\t\t<\/h3>\n\t\t\t\t\t\t\t\t\t\t\t\t<p class=\"large-tiles__text\">\n\t\t\t\t\twskazuj\u0105cy na przesy\u0142ki, kt\u00f3re nie zosta\u0142y dostarczone do odbiorcy i wymagaj\u0105 Twojej interwencji\t\t\t\t<\/p>\n\t\t\t\t\t\t\t\t\t\t\t<\/li>\n\t\t\t\t\t\t<li class=\"large-tiles__item swiper-slide\" style=\"height: 320px;\">\n\t\t\t\t\t\t\t\t\t\t\t\t\t<h3 class=\"large-tiles__title\">\n\t\t\t\t\t\tRoczne raporty Twoich zam\u00f3wie\u0144\t\t\t\t\t<\/h3>\n\t\t\t\t\t\t\t\t\t\t\t\t<p class=\"large-tiles__text\">\n\t\t\t\t\tRoczna analiza Twoich wysy\u0142ek podzielona wed\u0142ug poszczeg\u00f3lnych przewo\u017anik\u00f3w.\t\t\t\t<\/p>\n\t\t\t\t\t\t\t\t\t\t\t<\/li>\n\t\t\t\t\t\t<li class=\"large-tiles__item swiper-slide\" style=\"height: 320px;\">\n\t\t\t\t\t\t\t\t\t\t\t\t\t<h3 class=\"large-tiles__title\">\n\t\t\t\t\t\tRaporty odbior\u00f3w\t\t\t\t\t<\/h3>\n\t\t\t\t\t\t\t\t\t\t\t\t<p class=\"large-tiles__text\">\n\t\t\t\t\tDane dotycz\u0105ce Twoich odbior\u00f3w z ostatnich 12 miesi\u0119cy oraz mo\u017cliwo\u015b\u0107 pobrania raport\u00f3w odbior\u00f3w.\t\t\t\t<\/p>\n\t\t\t\t\t\t\t\t\t\t\t<\/li>\n\t\t\t\t\t\t<li class=\"large-tiles__item swiper-slide\" style=\"height: 320px;\">\n\t\t\t\t\t\t\t\t\t\t\t\t\t<h3 class=\"large-tiles__title\">\n\t\t\t\t\t\tStatystyki op\u00f3\u017anie\u0144\t\t\t\t\t<\/h3>\n\t\t\t\t\t\t\t\t\t\t\t\t<p class=\"large-tiles__text\">\n\t\t\t\t\tStatystyki op\u00f3\u017anie\u0144 odbioru i dostawy paczek, pogrupowane wed\u0142ug poszczeg\u00f3lnych przewo\u017anik\u00f3w, z mo\u017cliwo\u015bci\u0105 wyboru kodu pocztowego.\t\t\t\t<\/p>\n\t\t\t\t\t\t\t\t\t\t\t<\/li>\n\t\t\t\t\t\t<li class=\"large-tiles__item swiper-slide\" style=\"height: 320px;\">\n\t\t\t\t\t\t\t\t\t\t\t\t\t<h3 class=\"large-tiles__title\">\n\t\t\t\t\t\tStatystyki \u015bredniego czasu zwrotu odbioru\t\t\t\t\t<\/h3>\n\t\t\t\t\t\t\t\t\t\t\t\t<p class=\"large-tiles__text\">\n\t\t\t\t\tRaporty dla wszystkich zam\u00f3wie\u0144, pogrupowane wed\u0142ug poszczeg\u00f3lnych przewo\u017anik\u00f3w.\t\t\t\t<\/p>\n\t\t\t\t\t\t\t\t\t\t\t<\/li>\n\t\t\t\t\t\t<\/ul>\n\t\t\t<div class=\"large-tiles__list-dots\"><\/div>\n\t\t<\/div>\n\t\t\t<\/div>\n<\/section>\n\n<section  class=\"ilabs-large-tiles-with-background\"><div class=\"large-tiles-with-background large-tiles-with-background--3-columns       large-tiles-with-background--content-align-center\">\n\t<div class=\"large-tiles-with-background__container\">\n\t\t\t\t<h2 class=\"large-tiles-with-background__heading\">More data, more efficient deliveries<\/h2>\n\t\t\t\t\t\t<p class=\"large-tiles-with-background__subheading\">\n\t\t\tWykorzystaj dane w czasie rzeczywistym, aby od razu zidentyfikowa\u0107 problemy z dostaw\u0105, zminimalizowa\u0107 ryzyko op\u00f3\u017anie\u0144 i monitorowa\u0107 efektywno\u015b\u0107 sprzeda\u017cy<\/p>\n\t\t<\/p>\n\t\t\t\t\t\t<div class=\"large-tiles-with-background__tiles-container swiper\">\n\t\t\t<ul class=\"large-tiles-with-background__list swiper-wrapper\">\n\t\t\t\t\t\t\t\t<li class=\"large-tiles-with-background__item swiper-slide\" style=\"height: 285px;\">\n\t\t\t\t\t<img decoding=\"async\" width=\"58\" height=\"51\" src=\"https:\/\/alsendo-new.sc.testbox.pro\/app\/uploads\/2024\/06\/Analysis-of-data-Icon.svg\" class=\"large-tiles-with-background__icon\" alt=\"\" loading=\"lazy\" \/>\t\t\t\t\t<h3 class=\"large-tiles-with-background__title\">\n\t\t\t\t\t\tAnaliza danych i kontrola koszt\u00f3w\t\t\t\t\t<\/h3>\n\t\t\t\t\t<p class=\"large-tiles-with-background__text\">\n\t\t\t\t\t\t\t\t\t\t\t<\/p>\n\t\t\t\t<\/li>\n\t\t\t\t\t\t\t\t<li class=\"large-tiles-with-background__item swiper-slide\" style=\"height: 285px;\">\n\t\t\t\t\t<img decoding=\"async\" width=\"57\" height=\"51\" src=\"https:\/\/alsendo-new.sc.testbox.pro\/app\/uploads\/2024\/06\/Optimization-Icon.svg\" class=\"large-tiles-with-background__icon\" alt=\"\" loading=\"lazy\" \/>\t\t\t\t\t<h3 class=\"large-tiles-with-background__title\">\n\t\t\t\t\t\tOptymalizacja proces\u00f3w logistycznych\t\t\t\t\t<\/h3>\n\t\t\t\t\t<p class=\"large-tiles-with-background__text\">\n\t\t\t\t\t\t\t\t\t\t\t<\/p>\n\t\t\t\t<\/li>\n\t\t\t\t\t\t\t\t<li class=\"large-tiles-with-background__item swiper-slide\" style=\"height: 285px;\">\n\t\t\t\t\t<img decoding=\"async\" width=\"59\" height=\"51\" src=\"https:\/\/alsendo-new.sc.testbox.pro\/app\/uploads\/2024\/06\/Detailed-shipments-Icon.svg\" class=\"large-tiles-with-background__icon\" alt=\"\" loading=\"lazy\" \/>\t\t\t\t\t<h3 class=\"large-tiles-with-background__title\">\n\t\t\t\t\t\tSzczeg\u00f3\u0142owa analiza przesy\u0142ek.\t\t\t\t\t<\/h3>\n\t\t\t\t\t<p class=\"large-tiles-with-background__text\">\n\t\t\t\t\t\t\t\t\t\t\t<\/p>\n\t\t\t\t<\/li>\n\t\t\t\t\t\t\t<\/ul>\n\t\t<\/div>\n\t\t<div class=\"large-tiles-with-background__list-dots\"><\/div>\n\t\t\t<\/div>\n<\/section>\n\n<section  class=\"ilabs-reference-section\"><div class=\"reference-section\">\n\t<picture>\n\t\t<source media=\"(max-width: 1024px)\" srcset=\"https:\/\/alsendo-new.sc.testbox.pro\/app\/uploads\/2024\/06\/Alsendo-WWW-Business-Pro-Mobile-\u2013-Graphic-Get-a-free-Quote-\u2013-20-1.png\">\n\t\t<img decoding=\"async\" class=\"reference-section__background-image\" src=\"https:\/\/alsendo-new.sc.testbox.pro\/app\/uploads\/2024\/05\/Business-Pro-Get-a-Quote-Section-Graphic-1.jpg\"\n\t\t\talt=\"Us\u0142ugi Alsendo Business PRO dla e-commerce\">\n\t<\/picture>\n\t<div class=\"reference-section__container\">\n\t\t\t\t\t<img decoding=\"async\" width=\"367\" height=\"105\" src=\"https:\/\/alsendo-new.sc.testbox.pro\/app\/uploads\/2024\/05\/Alsendo-Business-Pro-Light-Logo.svg\" class=\"reference-section__logo\" alt=\"\" loading=\"lazy\" \/>\t\t\t\t\t\t<p class=\"reference-section__text\">\n\t\t\tUs\u0142ugi Alsendo Business PRO dla e-commerce\t\t<\/p>\n\t\t\t\t\t\t<a href=\"https:\/\/alsendo.com\/get-an-offer\/\"\n\t\t\tclass=\"reference-section__button button button--secondary\">\n\t\t\tPopro\u015b o wycen\u0119\t\t<\/a>\n\t\t\t<\/div>\n<\/div>\n<\/section>\n\n<section  class=\"ilabs-why-alsendo\"><div class=\"why-alsendo\">\n\t<div class=\"why-alsendo__container\">\n\t\t<div class=\"why-alsendo__header\">\n\t\t\t<div class=\"why-alsendo__left-side\">\n\t\t\t\t\t\t\t\t<h2 class=\"why-alsendo__heading\">Dlaczego Alsendo Business Pro?\n<\/h2>\n\t\t\t\t\t\t\t\t\t\t\t\t<p class=\"why-alsendo__subheading\">Z funkcjami takimi jak monitorowanie dostaw, spersonalizowana komunikacja z klientami oraz automatyzacja proces\u00f3w zwrot\u00f3w, Alsendo Business Pro u\u0142atwia zarz\u0105dzanie logistyk\u0105 i wspiera rozw\u00f3j biznesu.<\/p>\n\t\t\t\t\t\t\t<\/div>\n\t\t\t<img decoding=\"async\" width=\"332\" height=\"95\" src=\"https:\/\/alsendo-new.sc.testbox.pro\/app\/uploads\/2024\/05\/Alsendo-Business-Pro-Logotype.svg\" class=\"why-alsendo__logo\" alt=\"\" loading=\"lazy\" \/>\t\t<\/div>\n\t\t<ul class=\"why-alsendo__tiles\">\n\t\t\t\t\t\t<li class=\"why-alsendo__item\">\n\t\t\t\t<img decoding=\"async\" width=\"59\" height=\"52\" src=\"https:\/\/alsendo-new.sc.testbox.pro\/app\/uploads\/2024\/06\/Branded-tracking-page-Icon-1.svg\" class=\"why-alsendo__item-icon\" alt=\"\" loading=\"lazy\" \/>\t\t\t\t<h3 class=\"why-alsendo__item-title\">Strona \u015bledzenia zam\u00f3wie\u0144<\/h3>\n\t\t\t\t<p class=\"why-alsendo__item-text\">Spersonalizuj komunikacj\u0119 z klientami Twojego sklepu internetowego na etapie po sprzeda\u017cy.<\/p>\n\t\t\t\t\t\t\t\t\t\t\t\t\t\t<a href=\"https:\/\/alsendo-new.sc.testbox.pro\/pl\/personalizowana-komunikacja\/\"\n\t\t\t\t\t\tclass=\"why-alsendo__item-button button\">Explore<\/a>\n\t\t\t\t\t\t\t\t\t\t\t\t<\/li>\n\t\t\t\t\t\t<li class=\"why-alsendo__item\">\n\t\t\t\t<img decoding=\"async\" width=\"66\" height=\"53\" src=\"https:\/\/alsendo-new.sc.testbox.pro\/app\/uploads\/2024\/06\/Reports-and-Analysis-Icon-1.svg\" class=\"why-alsendo__item-icon\" alt=\"\" loading=\"lazy\" \/>\t\t\t\t<h3 class=\"why-alsendo__item-title\">Raporty i Analizy<\/h3>\n\t\t\t\t<p class=\"why-alsendo__item-text\">Analizuj dane i kontroluj swoje przesy\u0142ki.<\/p>\n\t\t\t\t\t\t\t\t\t\t\t\t\t\t<a href=\"https:\/\/alsendo-new.sc.testbox.pro\/pl\/raporty-i-analizy\/\"\n\t\t\t\t\t\tclass=\"why-alsendo__item-button button\">Explore<\/a>\n\t\t\t\t\t\t\t\t\t\t\t\t<\/li>\n\t\t\t\t\t\t<li class=\"why-alsendo__item\">\n\t\t\t\t<img decoding=\"async\" width=\"65\" height=\"52\" src=\"https:\/\/alsendo-new.sc.testbox.pro\/app\/uploads\/2024\/06\/Ecommerce-returns-Icon-1.svg\" class=\"why-alsendo__item-icon\" alt=\"\" loading=\"lazy\" \/>\t\t\t\t<h3 class=\"why-alsendo__item-title\">Zarz\u0105dzanie zwrotami w e-commerce.<\/h3>\n\t\t\t\t<p class=\"why-alsendo__item-text\">Przejmij kontrol\u0119 i przy\u015bpiesz nad procesem zwrot\u00f3w.<\/p>\n\t\t\t\t\t\t\t\t\t\t\t\t\t\t<a href=\"https:\/\/alsendo-new.sc.testbox.pro\/pl\/zarzadzanie-zwrotami-2\/\"\n\t\t\t\t\t\tclass=\"why-alsendo__item-button button\">Explore<\/a>\n\t\t\t\t\t\t\t\t\t\t\t\t<\/li>\n\t\t\t\t\t\t<li class=\"why-alsendo__item\">\n\t\t\t\t<img decoding=\"async\" width=\"60\" height=\"46\" src=\"https:\/\/alsendo-new.sc.testbox.pro\/app\/uploads\/2024\/06\/Generate-Shipping-Labels-Icon-1.svg\" class=\"why-alsendo__item-icon\" alt=\"\" loading=\"lazy\" \/>\t\t\t\t<h3 class=\"why-alsendo__item-title\">Generowanie etykiet wysy\u0142kowych.<\/h3>\n\t\t\t\t<p class=\"why-alsendo__item-text\">Zaoszcz\u0119d\u017a czas i generuj etykiety wysy\u0142kowe automatycznie.<\/p>\n\t\t\t\t\t\t\t\t\t\t\t\t\t\t<a href=\"https:\/\/alsendo-new.sc.testbox.pro\/pl\/generowanie-etykiet-wysylkowych\/\"\n\t\t\t\t\t\tclass=\"why-alsendo__item-button button\">Explore<\/a>\n\t\t\t\t\t\t\t\t\t\t\t\t<\/li>\n\t\t\t\t\t\t\t\t\t\t\t\t\t\t\t<li class=\"why-alsendo__item why-alsendo__item--tile-with-button\">\n\t\t\t\t<h3 class=\"why-alsendo__additional-item-title\">\n\t\t\t\t\tUs\u0142ugi Alsendo Business PRO dla e-commerce<\/h3>\n\t\t\t\t<p class=\"why-alsendo__additional-item-text\">Alsendo Business Pro u\u0142atwia zarz\u0105dzanie logistyk\u0105 i wspiera rozw\u00f3j biznesu.\t\t\t\t<\/p>\n\t\t\t\t<a href=\"https:\/\/alsendo-new.sc.testbox.pro\/pl\/?page_id=3994\"\n\t\t\t\t\tclass=\"why-alsendo__additional-item-button button button--outline\">\n\t\t\t\t\tWr\u00f3\u0107 do Business Pro\t\t\t\t<\/a>\n\t\t\t<\/li>\n\t\t\t\t\t\t\t\t\t<li class=\"why-alsendo__item why-alsendo__item--additional-image\">\n\t\t\t\t<img decoding=\"async\" width=\"372\" height=\"372\" src=\"https:\/\/alsendo-new.sc.testbox.pro\/app\/uploads\/2024\/05\/Why-Alsendo-Business-Pro-Graphic-1.png\" class=\"why-alsendo__item-image\" alt=\"\" loading=\"lazy\" srcset=\"https:\/\/alsendo-new.sc.testbox.pro\/app\/uploads\/2024\/05\/Why-Alsendo-Business-Pro-Graphic-1.png 372w, https:\/\/alsendo-new.sc.testbox.pro\/app\/uploads\/2024\/05\/Why-Alsendo-Business-Pro-Graphic-1-300x300.png 300w, https:\/\/alsendo-new.sc.testbox.pro\/app\/uploads\/2024\/05\/Why-Alsendo-Business-Pro-Graphic-1-150x150.png 150w\" sizes=\"auto, (max-width: 372px) 100vw, 372px\" \/>\t\t\t<\/li>\n\t\t\t\t\t\t\t\t\t\t\t<\/ul>\n\t<\/div>\n<\/div>\n<\/section>\n\n\n<p><\/p>\n","protected":false},"excerpt":{"rendered":"","protected":false},"author":2,"featured_media":0,"parent":0,"menu_order":0,"comment_status":"closed","ping_status":"closed","template":"","meta":{"_acf_changed":false,"inline_featured_image":false,"_genesis_hide_title":false,"_genesis_hide_breadcrumbs":false,"_genesis_hide_singular_image":false,"_genesis_hide_footer_widgets":false,"_genesis_custom_body_class":"","_genesis_custom_post_class":"","_genesis_layout":"","footnotes":""},"class_list":{"0":"post-4630","1":"page","2":"type-page","3":"status-publish","5":"entry","6":"has-post-thumbnail"},"acf":[],"yoast_head":"<!-- This site is optimized with the Yoast SEO plugin v26.5 - https:\/\/yoast.com\/wordpress\/plugins\/seo\/ -->\n<title>Pe\u0142na kontrola nad danymi i optymalizacja kampanii reklamowych<\/title>\n<meta name=\"description\" content=\"Jeden panel, pe\u0142na kontrola nad danymi. Analizuj sprzeda\u017c, optymalizuj kampanie i zwi\u0119ksz przychody dzi\u0119ki skutecznej reklamie.\" \/>\n<meta name=\"robots\" content=\"noindex, follow, max-snippet:-1, max-image-preview:large, max-video-preview:-1\" \/>\n<meta property=\"og:locale\" content=\"pl_PL\" \/>\n<meta property=\"og:type\" content=\"article\" \/>\n<meta property=\"og:title\" content=\"Pe\u0142na kontrola nad danymi i optymalizacja kampanii reklamowych\" \/>\n<meta property=\"og:description\" content=\"Jeden panel, pe\u0142na kontrola nad danymi. Analizuj sprzeda\u017c, optymalizuj kampanie i zwi\u0119ksz przychody dzi\u0119ki skutecznej reklamie.\" \/>\n<meta property=\"og:url\" content=\"https:\/\/alsendo-new.sc.testbox.pro\/pl\/raporty-i-analizy\/\" \/>\n<meta property=\"og:site_name\" content=\"Alsendo\" \/>\n<meta property=\"article:modified_time\" content=\"2025-03-24T09:21:56+00:00\" \/>\n<meta name=\"twitter:card\" content=\"summary_large_image\" \/>\n<script type=\"application\/ld+json\" class=\"yoast-schema-graph\">{\"@context\":\"https:\/\/schema.org\",\"@graph\":[{\"@type\":\"WebPage\",\"@id\":\"https:\/\/alsendo-new.sc.testbox.pro\/pl\/raporty-i-analizy\/\",\"url\":\"https:\/\/alsendo-new.sc.testbox.pro\/pl\/raporty-i-analizy\/\",\"name\":\"Pe\u0142na kontrola nad danymi i optymalizacja kampanii reklamowych\",\"isPartOf\":{\"@id\":\"https:\/\/alsendo-new.sc.testbox.pro\/#website\"},\"datePublished\":\"2024-06-04T12:15:21+00:00\",\"dateModified\":\"2025-03-24T09:21:56+00:00\",\"description\":\"Jeden panel, pe\u0142na kontrola nad danymi. Analizuj sprzeda\u017c, optymalizuj kampanie i zwi\u0119ksz przychody dzi\u0119ki skutecznej reklamie.\",\"breadcrumb\":{\"@id\":\"https:\/\/alsendo-new.sc.testbox.pro\/pl\/raporty-i-analizy\/#breadcrumb\"},\"inLanguage\":\"pl-PL\",\"potentialAction\":[{\"@type\":\"ReadAction\",\"target\":[\"https:\/\/alsendo-new.sc.testbox.pro\/pl\/raporty-i-analizy\/\"]}]},{\"@type\":\"BreadcrumbList\",\"@id\":\"https:\/\/alsendo-new.sc.testbox.pro\/pl\/raporty-i-analizy\/#breadcrumb\",\"itemListElement\":[{\"@type\":\"ListItem\",\"position\":1,\"name\":\"alsendo\",\"item\":\"https:\/\/alsendo-new.sc.testbox.pro\/pl\/\"},{\"@type\":\"ListItem\",\"position\":2,\"name\":\"Raporty i Analizy\"}]},{\"@type\":\"WebSite\",\"@id\":\"https:\/\/alsendo-new.sc.testbox.pro\/#website\",\"url\":\"https:\/\/alsendo-new.sc.testbox.pro\/\",\"name\":\"Alsendo\",\"description\":\"\",\"publisher\":{\"@id\":\"https:\/\/alsendo-new.sc.testbox.pro\/#organization\"},\"potentialAction\":[{\"@type\":\"SearchAction\",\"target\":{\"@type\":\"EntryPoint\",\"urlTemplate\":\"https:\/\/alsendo-new.sc.testbox.pro\/?s={search_term_string}\"},\"query-input\":{\"@type\":\"PropertyValueSpecification\",\"valueRequired\":true,\"valueName\":\"search_term_string\"}}],\"inLanguage\":\"pl-PL\"},{\"@type\":\"Organization\",\"@id\":\"https:\/\/alsendo-new.sc.testbox.pro\/#organization\",\"name\":\"Alsendo\",\"url\":\"https:\/\/alsendo-new.sc.testbox.pro\/\",\"logo\":{\"@type\":\"ImageObject\",\"inLanguage\":\"pl-PL\",\"@id\":\"https:\/\/alsendo-new.sc.testbox.pro\/#\/schema\/logo\/image\/\",\"url\":\"https:\/\/alsendo-new.sc.testbox.pro\/app\/uploads\/2024\/05\/Alsendo-Logotype.svg\",\"contentUrl\":\"https:\/\/alsendo-new.sc.testbox.pro\/app\/uploads\/2024\/05\/Alsendo-Logotype.svg\",\"width\":180,\"height\":45,\"caption\":\"Alsendo \"},\"image\":{\"@id\":\"https:\/\/alsendo-new.sc.testbox.pro\/#\/schema\/logo\/image\/\"}}]}<\/script>\n<!-- \/ Yoast SEO plugin. -->","yoast_head_json":{"title":"Pe\u0142na kontrola nad danymi i optymalizacja kampanii reklamowych","description":"Jeden panel, pe\u0142na kontrola nad danymi. Analizuj sprzeda\u017c, optymalizuj kampanie i zwi\u0119ksz przychody dzi\u0119ki skutecznej reklamie.","robots":{"index":"noindex","follow":"follow","max-snippet":"max-snippet:-1","max-image-preview":"max-image-preview:large","max-video-preview":"max-video-preview:-1"},"og_locale":"pl_PL","og_type":"article","og_title":"Pe\u0142na kontrola nad danymi i optymalizacja kampanii reklamowych","og_description":"Jeden panel, pe\u0142na kontrola nad danymi. Analizuj sprzeda\u017c, optymalizuj kampanie i zwi\u0119ksz przychody dzi\u0119ki skutecznej reklamie.","og_url":"https:\/\/alsendo-new.sc.testbox.pro\/pl\/raporty-i-analizy\/","og_site_name":"Alsendo","article_modified_time":"2025-03-24T09:21:56+00:00","twitter_card":"summary_large_image","schema":{"@context":"https:\/\/schema.org","@graph":[{"@type":"WebPage","@id":"https:\/\/alsendo-new.sc.testbox.pro\/pl\/raporty-i-analizy\/","url":"https:\/\/alsendo-new.sc.testbox.pro\/pl\/raporty-i-analizy\/","name":"Pe\u0142na kontrola nad danymi i optymalizacja kampanii reklamowych","isPartOf":{"@id":"https:\/\/alsendo-new.sc.testbox.pro\/#website"},"datePublished":"2024-06-04T12:15:21+00:00","dateModified":"2025-03-24T09:21:56+00:00","description":"Jeden panel, pe\u0142na kontrola nad danymi. Analizuj sprzeda\u017c, optymalizuj kampanie i zwi\u0119ksz przychody dzi\u0119ki skutecznej reklamie.","breadcrumb":{"@id":"https:\/\/alsendo-new.sc.testbox.pro\/pl\/raporty-i-analizy\/#breadcrumb"},"inLanguage":"pl-PL","potentialAction":[{"@type":"ReadAction","target":["https:\/\/alsendo-new.sc.testbox.pro\/pl\/raporty-i-analizy\/"]}]},{"@type":"BreadcrumbList","@id":"https:\/\/alsendo-new.sc.testbox.pro\/pl\/raporty-i-analizy\/#breadcrumb","itemListElement":[{"@type":"ListItem","position":1,"name":"alsendo","item":"https:\/\/alsendo-new.sc.testbox.pro\/pl\/"},{"@type":"ListItem","position":2,"name":"Raporty i Analizy"}]},{"@type":"WebSite","@id":"https:\/\/alsendo-new.sc.testbox.pro\/#website","url":"https:\/\/alsendo-new.sc.testbox.pro\/","name":"Alsendo","description":"","publisher":{"@id":"https:\/\/alsendo-new.sc.testbox.pro\/#organization"},"potentialAction":[{"@type":"SearchAction","target":{"@type":"EntryPoint","urlTemplate":"https:\/\/alsendo-new.sc.testbox.pro\/?s={search_term_string}"},"query-input":{"@type":"PropertyValueSpecification","valueRequired":true,"valueName":"search_term_string"}}],"inLanguage":"pl-PL"},{"@type":"Organization","@id":"https:\/\/alsendo-new.sc.testbox.pro\/#organization","name":"Alsendo","url":"https:\/\/alsendo-new.sc.testbox.pro\/","logo":{"@type":"ImageObject","inLanguage":"pl-PL","@id":"https:\/\/alsendo-new.sc.testbox.pro\/#\/schema\/logo\/image\/","url":"https:\/\/alsendo-new.sc.testbox.pro\/app\/uploads\/2024\/05\/Alsendo-Logotype.svg","contentUrl":"https:\/\/alsendo-new.sc.testbox.pro\/app\/uploads\/2024\/05\/Alsendo-Logotype.svg","width":180,"height":45,"caption":"Alsendo "},"image":{"@id":"https:\/\/alsendo-new.sc.testbox.pro\/#\/schema\/logo\/image\/"}}]}},"_links":{"self":[{"href":"https:\/\/alsendo-new.sc.testbox.pro\/pl\/wp-json\/wp\/v2\/pages\/4630","targetHints":{"allow":["GET"]}}],"collection":[{"href":"https:\/\/alsendo-new.sc.testbox.pro\/pl\/wp-json\/wp\/v2\/pages"}],"about":[{"href":"https:\/\/alsendo-new.sc.testbox.pro\/pl\/wp-json\/wp\/v2\/types\/page"}],"author":[{"embeddable":true,"href":"https:\/\/alsendo-new.sc.testbox.pro\/pl\/wp-json\/wp\/v2\/users\/2"}],"replies":[{"embeddable":true,"href":"https:\/\/alsendo-new.sc.testbox.pro\/pl\/wp-json\/wp\/v2\/comments?post=4630"}],"version-history":[{"count":3,"href":"https:\/\/alsendo-new.sc.testbox.pro\/pl\/wp-json\/wp\/v2\/pages\/4630\/revisions"}],"predecessor-version":[{"id":4636,"href":"https:\/\/alsendo-new.sc.testbox.pro\/pl\/wp-json\/wp\/v2\/pages\/4630\/revisions\/4636"}],"wp:attachment":[{"href":"https:\/\/alsendo-new.sc.testbox.pro\/pl\/wp-json\/wp\/v2\/media?parent=4630"}],"curies":[{"name":"wp","href":"https:\/\/api.w.org\/{rel}","templated":true}]}}