{"id":4621,"date":"2024-05-17T16:23:25","date_gmt":"2024-05-17T14:23:25","guid":{"rendered":"https:\/\/alsendo.com\/sprawdzaj-faktury-firm-kurierskich\/"},"modified":"2025-03-13T12:18:35","modified_gmt":"2025-03-13T11:18:35","slug":"sprawdzaj-faktury-firm-kurierskich","status":"publish","type":"page","link":"https:\/\/alsendo-new.sc.testbox.pro\/pl\/sprawdzaj-faktury-firm-kurierskich\/","title":{"rendered":"Sprawdzaj faktury firm kurierskich"},"content":{"rendered":"<section  class=\"ilabs-header-with-laptop\"><div class=\"header-with-laptop \">\n\t<div class=\"header-with-laptop__container\">\n\t\t<div class=\"header-with-laptop__left-side  \">\n\t\t\t<div class=\"header-with-laptop__left-side-top\">\n\t\t\t\t\t\t\t\t<div class=\"header-with-laptop__breadcrumbs\">\n\t\t\t\t\t\t\t\t\t\t\t\t\t\t\t\t\t\t\t\t\t\t<a href=\"\"\n\t\t\t\t\t\t\tclass=\"header-with-laptop__breadcrumbs-item\">Enterprise<\/a>\n\t\t\t\t\t\t<span class=\"header-with-laptop__breadcrumbs-separator\">><\/span>\n\t\t\t\t\t\t\t\t\t\t\t\t\t\t\t\t\t\t\t\t\t\t\t<a href=\"https:\/\/alsendo-new.sc.testbox.pro\/pl\/alsendo-innoship\/\"\n\t\t\t\t\t\t\tclass=\"header-with-laptop__breadcrumbs-item\">Innoship<\/a>\n\t\t\t\t\t\t<span class=\"header-with-laptop__breadcrumbs-separator\">><\/span>\n\t\t\t\t\t\t\t\t\t\t\t\t\t\t\t\t\t\t\t\t\t\t\t<a href=\"https:\/\/alsendo-new.sc.testbox.pro\/pl\/sprawdzaj-faktury-firm-kurierskich\/\"\n\t\t\t\t\t\t\tclass=\"header-with-laptop__breadcrumbs-item header-with-laptop__breadcrumbs-item--featured\">Sprawdzaj faktury firm kurierskich<\/a>\n\t\t\t\t\t\t\t\t\t\t\t\t\t\t\t<\/div>\n\t\t\t\t\t\t\t\t\t\t\t\t<h2 class=\"header-with-laptop__heading\"><strong>Pe\u0142na przejrzysto\u015b\u0107<\/strong><br \/>\nfaktur firm kurierskich\n<\/h2>\n\t\t\t\t\t\t\t\t\t\t\t\t<p class=\"header-with-laptop__subheading\">\n\t\t\t\t\tZyskaj pe\u0142n\u0105 przejrzysto\u015b\u0107 danych o wysy\u0142kach i fakturach kurierskich. Miej pewno\u015b\u0107, \u017ce s\u0105 zgodne z Twoimi oczekiwaniami i umowami.\t\t\t\t<\/p>\n\t\t\t\t\t\t\t<\/div>\n\t\t\t\t\t\t<div class=\"header-with-laptop__left-side-bottom  \">\n\t\t\t\t\t\t\t\t\t<img decoding=\"async\" width=\"332\" height=\"95\" src=\"https:\/\/alsendo-new.sc.testbox.pro\/app\/uploads\/2024\/04\/Alsendo-Innoship-Logotype.svg\" class=\"header-with-laptop__logo\" alt=\"\" loading=\"lazy\" \/>\t\t\t\t\t\t\t\t\t\t\t\t\t<a href=\"https:\/\/alsendo.com\/pl\/otrzymaj-oferte\/\" class=\"header-with-laptop__button button\">Popro\u015b o wycen\u0119<\/a>\n\t\t\t\t\t\t\t\t\t\t\t<\/div>\n\t\t\t\t\t<\/div>\n\t\t<div class=\"header-with-laptop__right-side \">\n\t\t\t\t\t\t\t<img loading=\"lazy\" decoding=\"async\" width=\"917\" height=\"648\" src=\"https:\/\/alsendo-new.sc.testbox.pro\/app\/uploads\/2024\/06\/Invoice-Verification-Hero-Graphic-1.png\" class=\"header-with-laptop__image\" alt=\"\" srcset=\"https:\/\/alsendo-new.sc.testbox.pro\/app\/uploads\/2024\/06\/Invoice-Verification-Hero-Graphic-1.png 917w, https:\/\/alsendo-new.sc.testbox.pro\/app\/uploads\/2024\/06\/Invoice-Verification-Hero-Graphic-1-300x212.png 300w, https:\/\/alsendo-new.sc.testbox.pro\/app\/uploads\/2024\/06\/Invoice-Verification-Hero-Graphic-1-768x543.png 768w, https:\/\/alsendo-new.sc.testbox.pro\/app\/uploads\/2024\/06\/Invoice-Verification-Hero-Graphic-1-740x523.png 740w\" sizes=\"auto, (max-width: 917px) 100vw, 917px\" \/>\t\t\t\t\t<\/div>\n\t<\/div>\n<\/div>\n<\/section>\n\n<section  class=\"ilabs-spacer\"><style scoped>\n\t.spacer--mobile-block_b338babfc680f2b490761db11ab6a5ba {\n\t\tpadding-block: 0px;\n\t}\n\t@media only screen and (min-width: 1200px) {\n\t\t.spacer--desktop-block_b338babfc680f2b490761db11ab6a5ba {\n\t\t\tpadding-block: 25px;\n\t\t}\n\t}\n<\/style>\n<div class=\"spacer spacer--mobile-block_b338babfc680f2b490761db11ab6a5ba spacer--desktop-block_b338babfc680f2b490761db11ab6a5ba\"\n\tstyle=\"background-color: #f7f7f7;\"><\/div>\n<\/section>\n\n<section  class=\"ilabs-list-image\"><div class=\"list-image     \">\n\t<div class=\"list-image__container\">\n\t\t\t\t<h2 class=\"list-image__heading\">\n\t\t\t<strong>Jak to dzia\u0142a?<\/strong>\n\t\t<\/h2>\n\t\t\t\t\t\t\t\t<div class=\"list-image__card\">\n\t\t\t<ul class=\"list-image__list\">\n\t\t\t\t\t\t\t\t\t\t\t\t\t\t\t\t\t\t\t\t\t\t\t\t\t\t\t\t\t\t\t\t\t<li class=\"list-image__item  list-image__item--text-bold\">\n\t\t\t\t\t\t\t\t\t\t\t\t\t\t<img decoding=\"async\" src=\"https:\/\/alsendo-new.sc.testbox.pro\/app\/themes\/alsendo\/src\/images\/mini-triangle.svg\"\n\t\t\t\t\t\t\t\talt=\"Alsendo\" loading=\"lazy\" class=\"list-image__icon\">\n\t\t\t\t\t\t\t\t\t\t\t\t\t\t<div class=\"list-image__content\">\n\t\t\t\t\t\t\t\t\t\t\t\t\t\t\t\t<p class=\"list-image__text\">Przejd\u017a do modu\u0142u weryfikacja faktur na platformie. Prze\u015blij aneks do faktury kurierskiej.<\/p>\n\t\t\t\t\t\t\t<\/div>\n\t\t\t\t\t\t<\/li>\n\t\t\t\t\t\t\t\t\t\t\t\t\t\t\t\t\t\t\t\t\t\t\t\t\t\t\t\t\t\t\t\t\t\t\t\t\t\t<li class=\"list-image__item  list-image__item--text-bold\">\n\t\t\t\t\t\t\t\t\t\t\t\t\t\t<img decoding=\"async\" src=\"https:\/\/alsendo-new.sc.testbox.pro\/app\/themes\/alsendo\/src\/images\/mini-triangle.svg\"\n\t\t\t\t\t\t\t\talt=\"Alsendo\" loading=\"lazy\" class=\"list-image__icon\">\n\t\t\t\t\t\t\t\t\t\t\t\t\t\t<div class=\"list-image__content\">\n\t\t\t\t\t\t\t\t\t\t\t\t\t\t\t\t<p class=\"list-image__text\">Pozw\u00f3l, aby Innoship wykona\u0142 swoj\u0105 prac\u0119. Ocenimy i por\u00f3wnamy dane o wysy\u0142kach z platformy z danymi z faktury Twojego przewo\u017anika.<\/p>\n\t\t\t\t\t\t\t<\/div>\n\t\t\t\t\t\t<\/li>\n\t\t\t\t\t\t\t\t\t\t\t\t\t\t\t\t\t\t\t\t\t\t\t\t\t\t\t\t\t\t\t\t\t\t\t\t\t\t<li class=\"list-image__item  list-image__item--text-bold\">\n\t\t\t\t\t\t\t\t\t\t\t\t\t\t<img decoding=\"async\" src=\"https:\/\/alsendo-new.sc.testbox.pro\/app\/themes\/alsendo\/src\/images\/mini-triangle.svg\"\n\t\t\t\t\t\t\t\talt=\"Alsendo\" loading=\"lazy\" class=\"list-image__icon\">\n\t\t\t\t\t\t\t\t\t\t\t\t\t\t<div class=\"list-image__content\">\n\t\t\t\t\t\t\t\t\t\t\t\t\t\t\t\t<p class=\"list-image__text\">Sprawd\u017a list\u0119 rozbie\u017cno\u015bci, kt\u00f3r\u0105 \u0142atwo filtrowa\u0107 i analizowa\u0107.<\/p>\n\t\t\t\t\t\t\t<\/div>\n\t\t\t\t\t\t<\/li>\n\t\t\t\t\t\t\t\t\t\t\t\t<\/ul>\n\t\t\t<div class=\"list-image__image-wrapper\">\n\t\t\t\t<img decoding=\"async\" width=\"681\" height=\"587\" src=\"https:\/\/alsendo-new.sc.testbox.pro\/app\/uploads\/2024\/06\/Invoice-Verification-How-it-works-Graphic-1.png\" class=\"list-image__image\" alt=\"\" loading=\"lazy\" srcset=\"https:\/\/alsendo-new.sc.testbox.pro\/app\/uploads\/2024\/06\/Invoice-Verification-How-it-works-Graphic-1.png 681w, https:\/\/alsendo-new.sc.testbox.pro\/app\/uploads\/2024\/06\/Invoice-Verification-How-it-works-Graphic-1-300x259.png 300w\" sizes=\"auto, (max-width: 681px) 100vw, 681px\" \/>\t\t\t<\/div>\n\t\t<\/div>\n\t\t\t<\/div>\n<\/div>\n<\/section>\n\n<section  class=\"ilabs-spacer\"><style scoped>\n\t.spacer--mobile-block_b338babfc680f2b490761db11ab6a5ba {\n\t\tpadding-block: 0px;\n\t}\n\t@media only screen and (min-width: 1200px) {\n\t\t.spacer--desktop-block_b338babfc680f2b490761db11ab6a5ba {\n\t\t\tpadding-block: 25px;\n\t\t}\n\t}\n<\/style>\n<div class=\"spacer spacer--mobile-block_b338babfc680f2b490761db11ab6a5ba spacer--desktop-block_b338babfc680f2b490761db11ab6a5ba\"\n\tstyle=\"background-color: #f7f7f7;\"><\/div>\n<\/section>\n\n<section  class=\"ilabs-large-tiles-with-background\"><div class=\"large-tiles-with-background large-tiles-with-background--3-columns       \">\n\t<div class=\"large-tiles-with-background__container\">\n\t\t\t\t<h2 class=\"large-tiles-with-background__heading\">Eliminuj b\u0142\u0119dy ludzkie, podejmuj w\u0142a\u015bciwe decyzje i zwi\u0119ksz efektywno\u015b\u0107 swojej logistyki.<\/h2>\n\t\t\t\t\t\t<p class=\"large-tiles-with-background__subheading\">\n\t\t\tDzi\u0119ki funkcji Weryfikacji Faktur zyskujesz kontrol\u0119 nad kosztami naliczanymi przez przewo\u017anika, automatyczn\u0105 analiz\u0119 faktur oraz rekomendacje dotycz\u0105ce optymalnego przewo\u017anika na podstawie zidentyfikowanych s\u0142abo\u015bci w procesie dostawy.<\/p>\n\t\t<\/p>\n\t\t\t\t\t\t<div class=\"large-tiles-with-background__tiles-container swiper\">\n\t\t\t<ul class=\"large-tiles-with-background__list swiper-wrapper\">\n\t\t\t\t\t\t\t\t<li class=\"large-tiles-with-background__item swiper-slide\" style=\"height: 617px;\">\n\t\t\t\t\t<img decoding=\"async\" width=\"69\" height=\"51\" src=\"https:\/\/alsendo-new.sc.testbox.pro\/app\/uploads\/2024\/05\/Indepth-Cost-Control-Icon.svg\" class=\"large-tiles-with-background__icon\" alt=\"\" loading=\"lazy\" \/>\t\t\t\t\t<h3 class=\"large-tiles-with-background__title\">\n\t\t\t\t\t\tDok\u0142adna kontrola koszt\u00f3w\t\t\t\t\t<\/h3>\n\t\t\t\t\t<p class=\"large-tiles-with-background__text\">\n\t\t\t\t\t\tZyskaj pe\u0142n\u0105 przejrzysto\u015b\u0107 faktur od swojego dostawcy us\u0142ug wysy\u0142kowych, dok\u0142adnie sprawd\u017a ka\u017cd\u0105 pozycj\u0119 i upewnij si\u0119, \u017ce wszystkie stawki i op\u0142aty s\u0105 poprawne.\t\t\t\t\t<\/p>\n\t\t\t\t<\/li>\n\t\t\t\t\t\t\t\t<li class=\"large-tiles-with-background__item swiper-slide\" style=\"height: 617px;\">\n\t\t\t\t\t<img decoding=\"async\" width=\"58\" height=\"51\" src=\"https:\/\/alsendo-new.sc.testbox.pro\/app\/uploads\/2024\/05\/Time-Saving-Analysis-Icon.svg\" class=\"large-tiles-with-background__icon\" alt=\"\" loading=\"lazy\" \/>\t\t\t\t\t<h3 class=\"large-tiles-with-background__title\">\n\t\t\t\t\t\tAnaliza wydajno\u015bci przewo\u017anik\u00f3w \u2013 oszcz\u0119dno\u015b\u0107 czasu\t\t\t\t\t<\/h3>\n\t\t\t\t\t<p class=\"large-tiles-with-background__text\">\n\t\t\t\t\t\t Oceniaj wydajno\u015b\u0107 przewo\u017anik\u00f3w w prosty spos\u00f3b, opieraj\u0105c si\u0119 na faktach zawartych w Twoich fakturach.\t\t\t\t\t<\/p>\n\t\t\t\t<\/li>\n\t\t\t\t\t\t\t\t<li class=\"large-tiles-with-background__item swiper-slide\" style=\"height: 617px;\">\n\t\t\t\t\t<img decoding=\"async\" width=\"64\" height=\"51\" src=\"https:\/\/alsendo-new.sc.testbox.pro\/app\/uploads\/2024\/05\/Carrier-Recommendation-Icon.svg\" class=\"large-tiles-with-background__icon\" alt=\"\" loading=\"lazy\" \/>\t\t\t\t\t<h3 class=\"large-tiles-with-background__title\">\n\t\t\t\t\t\tRekomendacja przewo\u017anik\u00f3w\t\t\t\t\t<\/h3>\n\t\t\t\t\t<p class=\"large-tiles-with-background__text\">\n\t\t\t\t\t\tOtrzymuj rekomendacje najlepszych przewo\u017anik\u00f3w, oparte na danych z platformy, kt\u00f3re wskazuj\u0105 s\u0142abe punkty w Twoim procesie wysy\u0142ki.\t\t\t\t\t<\/p>\n\t\t\t\t<\/li>\n\t\t\t\t\t\t\t<\/ul>\n\t\t<\/div>\n\t\t<div class=\"large-tiles-with-background__list-dots\"><\/div>\n\t\t\t<\/div>\n<\/section>\n\n<section  class=\"ilabs-reference-section\"><div class=\"reference-section\">\n\t<picture>\n\t\t<source media=\"(max-width: 1024px)\" srcset=\"https:\/\/alsendo-new.sc.testbox.pro\/app\/uploads\/2024\/06\/Alsendo-WWW-Innoship-Mobile-\u2013-Graphic-Get-a-free-Quote-\u2013-20-1.png\">\n\t\t<img decoding=\"async\" class=\"reference-section__background-image\" src=\"https:\/\/alsendo-new.sc.testbox.pro\/app\/uploads\/2024\/05\/Contact-Us-Get-a-Quote-Section-Graphic-1.jpg\"\n\t\t\talt=\"Popro\u015b o pe\u0142n\u0105, darmow\u0105 wycen\u0119\">\n\t<\/picture>\n\t<div class=\"reference-section__container\">\n\t\t\t\t\t<img decoding=\"async\" width=\"372\" height=\"105\" src=\"https:\/\/alsendo-new.sc.testbox.pro\/app\/uploads\/2024\/05\/Alsendo-Innoship-Logotype-2.svg\" class=\"reference-section__logo\" alt=\"\" loading=\"lazy\" \/>\t\t\t\t\t\t<p class=\"reference-section__text\">\n\t\t\tPopro\u015b o pe\u0142n\u0105, darmow\u0105 wycen\u0119\t\t<\/p>\n\t\t\t\t\t\t<a href=\"https:\/\/alsendo.com\/pl\/otrzymaj-oferte\/\"\n\t\t\tclass=\"reference-section__button button button--secondary\">\n\t\t\tPopro\u015b o wycen\u0119\t\t<\/a>\n\t\t\t<\/div>\n<\/div>\n<\/section>\n\n<section  class=\"ilabs-why-alsendo\"><div class=\"why-alsendo\">\n\t<div class=\"why-alsendo__container\">\n\t\t<div class=\"why-alsendo__header\">\n\t\t\t<div class=\"why-alsendo__left-side\">\n\t\t\t\t\t\t\t\t<h2 class=\"why-alsendo__heading\">Dlaczego Alsendo Innoship?\n<\/h2>\n\t\t\t\t\t\t\t\t\t\t\t\t<p class=\"why-alsendo__subheading\">Skutecznie zarz\u0105dzaj umowami z kurierami z jednego miejsca, uzyskaj dost\u0119p do wszystkich us\u0142ug kurierskich bez koniecznie\u015bci dodatkowych integracji.<\/p>\n\t\t\t\t\t\t\t<\/div>\n\t\t\t<img decoding=\"async\" width=\"332\" height=\"95\" src=\"https:\/\/alsendo-new.sc.testbox.pro\/app\/uploads\/2024\/04\/Alsendo-Innoship-Logotype.svg\" class=\"why-alsendo__logo\" alt=\"\" loading=\"lazy\" \/>\t\t<\/div>\n\t\t<ul class=\"why-alsendo__tiles\">\n\t\t\t\t\t\t<li class=\"why-alsendo__item\">\n\t\t\t\t<img decoding=\"async\" width=\"60\" height=\"52\" src=\"https:\/\/alsendo-new.sc.testbox.pro\/app\/uploads\/2024\/05\/Shipping-Label-Generation-Icon-1.svg\" class=\"why-alsendo__item-icon\" alt=\"\" loading=\"lazy\" \/>\t\t\t\t<h3 class=\"why-alsendo__item-title\">Generowanie etykiet wysy\u0142kowych<\/h3>\n\t\t\t\t<p class=\"why-alsendo__item-text\">Tworzenie dokument\u00f3w wysy\u0142kowych nie powinno by\u0107 Twoim zmartwieniem. Z Alsendo Innoship generujesz je automatycznie.<\/p>\n\t\t\t\t\t\t\t\t\t\t\t\t\t\t<a href=\"https:\/\/alsendo-new.sc.testbox.pro\/pl\/generowanie-etykiet-wysylkowych-2\/\"\n\t\t\t\t\t\tclass=\"why-alsendo__item-button button\">Explore<\/a>\n\t\t\t\t\t\t\t\t\t\t\t\t<\/li>\n\t\t\t\t\t\t<li class=\"why-alsendo__item\">\n\t\t\t\t<img decoding=\"async\" width=\"53\" height=\"53\" src=\"https:\/\/alsendo-new.sc.testbox.pro\/app\/uploads\/2024\/05\/Orders-Cash-on-Delivery-Tracking-Icon.svg\" class=\"why-alsendo__item-icon\" alt=\"\" loading=\"lazy\" \/>\t\t\t\t<h3 class=\"why-alsendo__item-title\">\u015aledzenie zam\u00f3wie\u0144 i p\u0142atno\u015bci przy odbiorze<\/h3>\n\t\t\t\t<p class=\"why-alsendo__item-text\">\u0141atwy spos\u00f3b na \u015bledzenie status\u00f3w zam\u00f3wie\u0144 oraz zwrot\u00f3w za p\u0142atno\u015b\u0107 przy odbiorze w czasie rzeczywistym, w jednym miejscu.<\/p>\n\t\t\t\t\t\t\t\t\t\t\t\t\t\t<a href=\"https:\/\/alsendo-new.sc.testbox.pro\/pl\/sledzenie-zamowien-i-przesylek-za-pobraniem\/\"\n\t\t\t\t\t\tclass=\"why-alsendo__item-button button\">Explore<\/a>\n\t\t\t\t\t\t\t\t\t\t\t\t<\/li>\n\t\t\t\t\t\t<li class=\"why-alsendo__item\">\n\t\t\t\t<img decoding=\"async\" width=\"40\" height=\"53\" src=\"https:\/\/alsendo-new.sc.testbox.pro\/app\/uploads\/2024\/05\/Invoice-Verification-Icon.svg\" class=\"why-alsendo__item-icon\" alt=\"\" loading=\"lazy\" \/>\t\t\t\t<h3 class=\"why-alsendo__item-title\">Weryfikacja faktur<\/h3>\n\t\t\t\t<p class=\"why-alsendo__item-text\">Zyskaj pe\u0142n\u0105 kontrol\u0119 nad danymi dotycz\u0105cymi wysy\u0142ek i fakturami przewo\u017anik\u00f3w.<\/p>\n\t\t\t\t\t\t\t\t\t\t\t\t\t\t<a href=\"https:\/\/alsendo-new.sc.testbox.pro\/pl\/sprawdzaj-faktury-firm-kurierskich\/\"\n\t\t\t\t\t\tclass=\"why-alsendo__item-button button\">Explore<\/a>\n\t\t\t\t\t\t\t\t\t\t\t\t<\/li>\n\t\t\t\t\t\t<li class=\"why-alsendo__item\">\n\t\t\t\t<img decoding=\"async\" width=\"59\" height=\"53\" src=\"https:\/\/alsendo-new.sc.testbox.pro\/app\/uploads\/2024\/05\/Offline-Waybill-Generation-Icon.svg\" class=\"why-alsendo__item-icon\" alt=\"\" loading=\"lazy\" \/>\t\t\t\t<h3 class=\"why-alsendo__item-title\">Generowanie list\u00f3w przewozowych offline<\/h3>\n\t\t\t\t<p class=\"why-alsendo__item-text\">Zapewnij p\u0142ynne funkcjonowanie magazynu, nawet podczas spowolnienia system\u00f3w przewo\u017anik\u00f3w.<\/p>\n\t\t\t\t\t\t\t\t\t\t\t\t\t\t<a href=\"https:\/\/alsendo-new.sc.testbox.pro\/pl\/generowanie-listow-przewozowych-offline\/\"\n\t\t\t\t\t\tclass=\"why-alsendo__item-button button\">Explore<\/a>\n\t\t\t\t\t\t\t\t\t\t\t\t<\/li>\n\t\t\t\t\t\t<li class=\"why-alsendo__item\">\n\t\t\t\t<img decoding=\"async\" width=\"59\" height=\"52\" src=\"https:\/\/alsendo-new.sc.testbox.pro\/app\/uploads\/2024\/05\/Returns-Management-Icon.svg\" class=\"why-alsendo__item-icon\" alt=\"\" loading=\"lazy\" \/>\t\t\t\t<h3 class=\"why-alsendo__item-title\">Zarz\u0105dzanie zwrotami<\/h3>\n\t\t\t\t<p class=\"why-alsendo__item-text\">Prosty proces zwrot\u00f3w buduje zaufanie i lojalno\u015b\u0107 wobec Twojej marki.<\/p>\n\t\t\t\t\t\t\t\t\t\t\t\t\t\t<a href=\"https:\/\/alsendo-new.sc.testbox.pro\/pl\/zarzadzanie-zwrotami\/\"\n\t\t\t\t\t\tclass=\"why-alsendo__item-button button\">Explore<\/a>\n\t\t\t\t\t\t\t\t\t\t\t\t<\/li>\n\t\t\t\t\t\t<li class=\"why-alsendo__item\">\n\t\t\t\t<img decoding=\"async\" width=\"82\" height=\"65\" src=\"https:\/\/alsendo-new.sc.testbox.pro\/app\/uploads\/2024\/05\/Person-with-graph-Icon-1.svg\" class=\"why-alsendo__item-icon\" alt=\"\" loading=\"lazy\" \/>\t\t\t\t<h3 class=\"why-alsendo__item-title\">Raporty i Analizy<\/h3>\n\t\t\t\t<p class=\"why-alsendo__item-text\">Dashboard Alsendo Innoship daje Ci dost\u0119p do dok\u0142adnych, \u0142atwych do zrozumienia informacji na temat wydajno\u015bci przewo\u017anik\u00f3w.<\/p>\n\t\t\t\t\t\t\t\t\t\t\t\t\t\t<a href=\"https:\/\/alsendo-new.sc.testbox.pro\/pl\/alsendo-innoship-raporty-i-analizy\/\"\n\t\t\t\t\t\tclass=\"why-alsendo__item-button button\">Explore<\/a>\n\t\t\t\t\t\t\t\t\t\t\t\t<\/li>\n\t\t\t\t\t\t<li class=\"why-alsendo__item\">\n\t\t\t\t<img decoding=\"async\" width=\"66\" height=\"53\" src=\"https:\/\/alsendo-new.sc.testbox.pro\/app\/uploads\/2024\/05\/Multiple-Delivery-Options-Icon.svg\" class=\"why-alsendo__item-icon\" alt=\"\" loading=\"lazy\" \/>\t\t\t\t<h3 class=\"why-alsendo__item-title\">Wiele opcji dostawy<\/h3>\n\t\t\t\t<p class=\"why-alsendo__item-text\">R\u00f3\u017cne opcje dostawy dost\u0119pne przy finalizacji zam\u00f3wienia, takie jak dostawa tego samego dnia, nast\u0119pnego dnia, paczkomaty czy punkt odbioru.<\/p>\n\t\t\t\t\t\t\t\t\t\t\t\t\t\t<a href=\"https:\/\/alsendo-new.sc.testbox.pro\/pl\/alsendo-innoship-raporty-i-analizy\/\"\n\t\t\t\t\t\tclass=\"why-alsendo__item-button button\">Explore<\/a>\n\t\t\t\t\t\t\t\t\t\t\t\t<\/li>\n\t\t\t\t\t\t\t\t\t\t\t\t\t\t\t<li class=\"why-alsendo__item why-alsendo__item--tile-with-button\">\n\t\t\t\t<h3 class=\"why-alsendo__additional-item-title\">\n\t\t\t\t\tNajprostsze rozwi\u0105zanie logistyczne dla Twojego biznesu<\/h3>\n\t\t\t\t<p class=\"why-alsendo__additional-item-text\">Alsendo Innoship oferuje najprostsz\u0105 integracj\u0119 API i bezproblemow\u0105 implementacj\u0119 dla Twojego zespo\u0142u.\t\t\t\t<\/p>\n\t\t\t\t<a href=\"https:\/\/alsendo-new.sc.testbox.pro\/pl\/alsendo-innoship\/\"\n\t\t\t\t\tclass=\"why-alsendo__additional-item-button button button--outline\">\n\t\t\t\t\tWr\u00f3\u0107 do Innoship\t\t\t\t<\/a>\n\t\t\t<\/li>\n\t\t\t\t\t\t\t\t\t\t\t\t\t\t<\/ul>\n\t<\/div>\n<\/div>\n<\/section>","protected":false},"excerpt":{"rendered":"","protected":false},"author":2,"featured_media":0,"parent":0,"menu_order":0,"comment_status":"closed","ping_status":"closed","template":"","meta":{"_acf_changed":false,"inline_featured_image":false,"_genesis_hide_title":false,"_genesis_hide_breadcrumbs":false,"_genesis_hide_singular_image":false,"_genesis_hide_footer_widgets":false,"_genesis_custom_body_class":"","_genesis_custom_post_class":"","_genesis_layout":"","footnotes":""},"class_list":{"0":"post-4621","1":"page","2":"type-page","3":"status-publish","5":"entry","6":"has-post-thumbnail"},"acf":[],"yoast_head":"<!-- This site is optimized with the Yoast SEO plugin v26.5 - https:\/\/yoast.com\/wordpress\/plugins\/seo\/ -->\n<title>Weryfikacja faktur \u2013 automatyzacja i dok\u0142adno\u015b\u0107 rozlicze\u0144<\/title>\n<meta name=\"description\" content=\"Zautomatyzuj weryfikacj\u0119 faktur, aby unikn\u0105\u0107 b\u0142\u0119d\u00f3w i zapewni\u0107 dok\u0142adne rozliczenia. Oszcz\u0119dzaj czas i poprawiaj precyzj\u0119 finansow\u0105.\" \/>\n<meta name=\"robots\" content=\"noindex, follow, max-snippet:-1, max-image-preview:large, max-video-preview:-1\" \/>\n<meta property=\"og:locale\" content=\"pl_PL\" \/>\n<meta property=\"og:type\" content=\"article\" \/>\n<meta property=\"og:title\" content=\"Weryfikacja faktur \u2013 automatyzacja i dok\u0142adno\u015b\u0107 rozlicze\u0144\" \/>\n<meta property=\"og:description\" content=\"Zautomatyzuj weryfikacj\u0119 faktur, aby unikn\u0105\u0107 b\u0142\u0119d\u00f3w i zapewni\u0107 dok\u0142adne rozliczenia. Oszcz\u0119dzaj czas i poprawiaj precyzj\u0119 finansow\u0105.\" \/>\n<meta property=\"og:url\" content=\"https:\/\/alsendo-new.sc.testbox.pro\/pl\/sprawdzaj-faktury-firm-kurierskich\/\" \/>\n<meta property=\"og:site_name\" content=\"Alsendo\" \/>\n<meta property=\"article:modified_time\" content=\"2025-03-13T11:18:35+00:00\" \/>\n<meta name=\"twitter:card\" content=\"summary_large_image\" \/>\n<script type=\"application\/ld+json\" class=\"yoast-schema-graph\">{\"@context\":\"https:\/\/schema.org\",\"@graph\":[{\"@type\":\"WebPage\",\"@id\":\"https:\/\/alsendo-new.sc.testbox.pro\/pl\/sprawdzaj-faktury-firm-kurierskich\/\",\"url\":\"https:\/\/alsendo-new.sc.testbox.pro\/pl\/sprawdzaj-faktury-firm-kurierskich\/\",\"name\":\"Weryfikacja faktur \u2013 automatyzacja i dok\u0142adno\u015b\u0107 rozlicze\u0144\",\"isPartOf\":{\"@id\":\"https:\/\/alsendo-new.sc.testbox.pro\/#website\"},\"datePublished\":\"2024-05-17T14:23:25+00:00\",\"dateModified\":\"2025-03-13T11:18:35+00:00\",\"description\":\"Zautomatyzuj weryfikacj\u0119 faktur, aby unikn\u0105\u0107 b\u0142\u0119d\u00f3w i zapewni\u0107 dok\u0142adne rozliczenia. Oszcz\u0119dzaj czas i poprawiaj precyzj\u0119 finansow\u0105.\",\"breadcrumb\":{\"@id\":\"https:\/\/alsendo-new.sc.testbox.pro\/pl\/sprawdzaj-faktury-firm-kurierskich\/#breadcrumb\"},\"inLanguage\":\"pl-PL\",\"potentialAction\":[{\"@type\":\"ReadAction\",\"target\":[\"https:\/\/alsendo-new.sc.testbox.pro\/pl\/sprawdzaj-faktury-firm-kurierskich\/\"]}]},{\"@type\":\"BreadcrumbList\",\"@id\":\"https:\/\/alsendo-new.sc.testbox.pro\/pl\/sprawdzaj-faktury-firm-kurierskich\/#breadcrumb\",\"itemListElement\":[{\"@type\":\"ListItem\",\"position\":1,\"name\":\"alsendo\",\"item\":\"https:\/\/alsendo-new.sc.testbox.pro\/pl\/\"},{\"@type\":\"ListItem\",\"position\":2,\"name\":\"Sprawdzaj faktury firm kurierskich\"}]},{\"@type\":\"WebSite\",\"@id\":\"https:\/\/alsendo-new.sc.testbox.pro\/#website\",\"url\":\"https:\/\/alsendo-new.sc.testbox.pro\/\",\"name\":\"Alsendo\",\"description\":\"\",\"publisher\":{\"@id\":\"https:\/\/alsendo-new.sc.testbox.pro\/#organization\"},\"potentialAction\":[{\"@type\":\"SearchAction\",\"target\":{\"@type\":\"EntryPoint\",\"urlTemplate\":\"https:\/\/alsendo-new.sc.testbox.pro\/?s={search_term_string}\"},\"query-input\":{\"@type\":\"PropertyValueSpecification\",\"valueRequired\":true,\"valueName\":\"search_term_string\"}}],\"inLanguage\":\"pl-PL\"},{\"@type\":\"Organization\",\"@id\":\"https:\/\/alsendo-new.sc.testbox.pro\/#organization\",\"name\":\"Alsendo\",\"url\":\"https:\/\/alsendo-new.sc.testbox.pro\/\",\"logo\":{\"@type\":\"ImageObject\",\"inLanguage\":\"pl-PL\",\"@id\":\"https:\/\/alsendo-new.sc.testbox.pro\/#\/schema\/logo\/image\/\",\"url\":\"https:\/\/alsendo-new.sc.testbox.pro\/app\/uploads\/2024\/05\/Alsendo-Logotype.svg\",\"contentUrl\":\"https:\/\/alsendo-new.sc.testbox.pro\/app\/uploads\/2024\/05\/Alsendo-Logotype.svg\",\"width\":180,\"height\":45,\"caption\":\"Alsendo \"},\"image\":{\"@id\":\"https:\/\/alsendo-new.sc.testbox.pro\/#\/schema\/logo\/image\/\"}}]}<\/script>\n<!-- \/ Yoast SEO plugin. -->","yoast_head_json":{"title":"Weryfikacja faktur \u2013 automatyzacja i dok\u0142adno\u015b\u0107 rozlicze\u0144","description":"Zautomatyzuj weryfikacj\u0119 faktur, aby unikn\u0105\u0107 b\u0142\u0119d\u00f3w i zapewni\u0107 dok\u0142adne rozliczenia. Oszcz\u0119dzaj czas i poprawiaj precyzj\u0119 finansow\u0105.","robots":{"index":"noindex","follow":"follow","max-snippet":"max-snippet:-1","max-image-preview":"max-image-preview:large","max-video-preview":"max-video-preview:-1"},"og_locale":"pl_PL","og_type":"article","og_title":"Weryfikacja faktur \u2013 automatyzacja i dok\u0142adno\u015b\u0107 rozlicze\u0144","og_description":"Zautomatyzuj weryfikacj\u0119 faktur, aby unikn\u0105\u0107 b\u0142\u0119d\u00f3w i zapewni\u0107 dok\u0142adne rozliczenia. Oszcz\u0119dzaj czas i poprawiaj precyzj\u0119 finansow\u0105.","og_url":"https:\/\/alsendo-new.sc.testbox.pro\/pl\/sprawdzaj-faktury-firm-kurierskich\/","og_site_name":"Alsendo","article_modified_time":"2025-03-13T11:18:35+00:00","twitter_card":"summary_large_image","schema":{"@context":"https:\/\/schema.org","@graph":[{"@type":"WebPage","@id":"https:\/\/alsendo-new.sc.testbox.pro\/pl\/sprawdzaj-faktury-firm-kurierskich\/","url":"https:\/\/alsendo-new.sc.testbox.pro\/pl\/sprawdzaj-faktury-firm-kurierskich\/","name":"Weryfikacja faktur \u2013 automatyzacja i dok\u0142adno\u015b\u0107 rozlicze\u0144","isPartOf":{"@id":"https:\/\/alsendo-new.sc.testbox.pro\/#website"},"datePublished":"2024-05-17T14:23:25+00:00","dateModified":"2025-03-13T11:18:35+00:00","description":"Zautomatyzuj weryfikacj\u0119 faktur, aby unikn\u0105\u0107 b\u0142\u0119d\u00f3w i zapewni\u0107 dok\u0142adne rozliczenia. Oszcz\u0119dzaj czas i poprawiaj precyzj\u0119 finansow\u0105.","breadcrumb":{"@id":"https:\/\/alsendo-new.sc.testbox.pro\/pl\/sprawdzaj-faktury-firm-kurierskich\/#breadcrumb"},"inLanguage":"pl-PL","potentialAction":[{"@type":"ReadAction","target":["https:\/\/alsendo-new.sc.testbox.pro\/pl\/sprawdzaj-faktury-firm-kurierskich\/"]}]},{"@type":"BreadcrumbList","@id":"https:\/\/alsendo-new.sc.testbox.pro\/pl\/sprawdzaj-faktury-firm-kurierskich\/#breadcrumb","itemListElement":[{"@type":"ListItem","position":1,"name":"alsendo","item":"https:\/\/alsendo-new.sc.testbox.pro\/pl\/"},{"@type":"ListItem","position":2,"name":"Sprawdzaj faktury firm kurierskich"}]},{"@type":"WebSite","@id":"https:\/\/alsendo-new.sc.testbox.pro\/#website","url":"https:\/\/alsendo-new.sc.testbox.pro\/","name":"Alsendo","description":"","publisher":{"@id":"https:\/\/alsendo-new.sc.testbox.pro\/#organization"},"potentialAction":[{"@type":"SearchAction","target":{"@type":"EntryPoint","urlTemplate":"https:\/\/alsendo-new.sc.testbox.pro\/?s={search_term_string}"},"query-input":{"@type":"PropertyValueSpecification","valueRequired":true,"valueName":"search_term_string"}}],"inLanguage":"pl-PL"},{"@type":"Organization","@id":"https:\/\/alsendo-new.sc.testbox.pro\/#organization","name":"Alsendo","url":"https:\/\/alsendo-new.sc.testbox.pro\/","logo":{"@type":"ImageObject","inLanguage":"pl-PL","@id":"https:\/\/alsendo-new.sc.testbox.pro\/#\/schema\/logo\/image\/","url":"https:\/\/alsendo-new.sc.testbox.pro\/app\/uploads\/2024\/05\/Alsendo-Logotype.svg","contentUrl":"https:\/\/alsendo-new.sc.testbox.pro\/app\/uploads\/2024\/05\/Alsendo-Logotype.svg","width":180,"height":45,"caption":"Alsendo "},"image":{"@id":"https:\/\/alsendo-new.sc.testbox.pro\/#\/schema\/logo\/image\/"}}]}},"_links":{"self":[{"href":"https:\/\/alsendo-new.sc.testbox.pro\/pl\/wp-json\/wp\/v2\/pages\/4621","targetHints":{"allow":["GET"]}}],"collection":[{"href":"https:\/\/alsendo-new.sc.testbox.pro\/pl\/wp-json\/wp\/v2\/pages"}],"about":[{"href":"https:\/\/alsendo-new.sc.testbox.pro\/pl\/wp-json\/wp\/v2\/types\/page"}],"author":[{"embeddable":true,"href":"https:\/\/alsendo-new.sc.testbox.pro\/pl\/wp-json\/wp\/v2\/users\/2"}],"replies":[{"embeddable":true,"href":"https:\/\/alsendo-new.sc.testbox.pro\/pl\/wp-json\/wp\/v2\/comments?post=4621"}],"version-history":[{"count":8,"href":"https:\/\/alsendo-new.sc.testbox.pro\/pl\/wp-json\/wp\/v2\/pages\/4621\/revisions"}],"predecessor-version":[{"id":6383,"href":"https:\/\/alsendo-new.sc.testbox.pro\/pl\/wp-json\/wp\/v2\/pages\/4621\/revisions\/6383"}],"wp:attachment":[{"href":"https:\/\/alsendo-new.sc.testbox.pro\/pl\/wp-json\/wp\/v2\/media?parent=4621"}],"curies":[{"name":"wp","href":"https:\/\/api.w.org\/{rel}","templated":true}]}}