{"id":4485,"date":"2024-06-04T13:45:48","date_gmt":"2024-06-04T11:45:48","guid":{"rendered":"https:\/\/alsendo.com\/personalizowana-komunikacja\/"},"modified":"2025-03-13T12:37:38","modified_gmt":"2025-03-13T11:37:38","slug":"personalizowana-komunikacja","status":"publish","type":"page","link":"https:\/\/alsendo-new.sc.testbox.pro\/pl\/personalizowana-komunikacja\/","title":{"rendered":"Personalizowana komunikacja"},"content":{"rendered":"<section  class=\"ilabs-header-with-laptop\"><div class=\"header-with-laptop \">\n\t<div class=\"header-with-laptop__container\">\n\t\t<div class=\"header-with-laptop__left-side  \">\n\t\t\t<div class=\"header-with-laptop__left-side-top\">\n\t\t\t\t\t\t\t\t<div class=\"header-with-laptop__breadcrumbs\">\n\t\t\t\t\t\t\t\t\t\t\t\t\t\t\t\t\t\t\t\t\t\t<a href=\"\"\n\t\t\t\t\t\t\tclass=\"header-with-laptop__breadcrumbs-item\">SOHO &amp; SMB<\/a>\n\t\t\t\t\t\t<span class=\"header-with-laptop__breadcrumbs-separator\">><\/span>\n\t\t\t\t\t\t\t\t\t\t\t\t\t\t\t\t\t\t\t\t\t\t\t<a href=\"https:\/\/alsendo-new.sc.testbox.pro\/pl\/?page_id=3994\"\n\t\t\t\t\t\t\tclass=\"header-with-laptop__breadcrumbs-item\">Business Pro<\/a>\n\t\t\t\t\t\t<span class=\"header-with-laptop__breadcrumbs-separator\">><\/span>\n\t\t\t\t\t\t\t\t\t\t\t\t\t\t\t\t\t\t\t\t\t\t\t<a href=\"\"\n\t\t\t\t\t\t\tclass=\"header-with-laptop__breadcrumbs-item header-with-laptop__breadcrumbs-item--featured\">Branded Notifications<\/a>\n\t\t\t\t\t\t\t\t\t\t\t\t\t\t\t<\/div>\n\t\t\t\t\t\t\t\t\t\t\t\t<h2 class=\"header-with-laptop__heading\"><strong>Branded Notifications<\/strong>\n<\/h2>\n\t\t\t\t\t\t\t\t\t\t\t\t<p class=\"header-with-laptop__subheading\">\n\t\t\t\t\tIncrease sales through advertising at every stage of contact with customers.\t\t\t\t<\/p>\n\t\t\t\t\t\t\t<\/div>\n\t\t\t\t\t\t<div class=\"header-with-laptop__left-side-bottom  \">\n\t\t\t\t\t\t\t\t\t<img decoding=\"async\" width=\"332\" height=\"95\" src=\"https:\/\/alsendo-new.sc.testbox.pro\/app\/uploads\/2024\/05\/Alsendo-Business-Pro-Logotype.svg\" class=\"header-with-laptop__logo\" alt=\"\" loading=\"lazy\" \/>\t\t\t\t\t\t\t\t\t\t\t\t\t<a href=\"https:\/\/alsendo.com\/get-an-offer\/\" class=\"header-with-laptop__button button\">Get a free quote<\/a>\n\t\t\t\t\t\t\t\t\t\t\t<\/div>\n\t\t\t\t\t<\/div>\n\t\t<div class=\"header-with-laptop__right-side \">\n\t\t\t\t\t\t\t<img loading=\"lazy\" decoding=\"async\" width=\"917\" height=\"648\" src=\"https:\/\/alsendo-new.sc.testbox.pro\/app\/uploads\/2024\/06\/Branded-Notifications-Hero-Graphic-1.png\" class=\"header-with-laptop__image\" alt=\"\" srcset=\"https:\/\/alsendo-new.sc.testbox.pro\/app\/uploads\/2024\/06\/Branded-Notifications-Hero-Graphic-1.png 917w, https:\/\/alsendo-new.sc.testbox.pro\/app\/uploads\/2024\/06\/Branded-Notifications-Hero-Graphic-1-300x212.png 300w, https:\/\/alsendo-new.sc.testbox.pro\/app\/uploads\/2024\/06\/Branded-Notifications-Hero-Graphic-1-768x543.png 768w, https:\/\/alsendo-new.sc.testbox.pro\/app\/uploads\/2024\/06\/Branded-Notifications-Hero-Graphic-1-740x523.png 740w\" sizes=\"auto, (max-width: 917px) 100vw, 917px\" \/>\t\t\t\t\t<\/div>\n\t<\/div>\n<\/div>\n<\/section>\n\n<section  class=\"ilabs-large-tiles\"><div class=\"large-tiles   large-tiles--smaller-font-size-desktop large-tiles--texts-align-center  large-tiles--4-columns    \">\n\t<div class=\"large-tiles__container\">\n\t\t\t\t<h2 class=\"large-tiles__heading\">Branding allows you <strong>to edit the appearance<\/strong>\n<\/h2>\n\t\t\t\t\t\t<p class=\"large-tiles__subheading\">\n\t\t\tof your email notifications, tracking page and map widget.<\/p>\n\t\t<\/p>\n\t\t\t\t\t\t\t\t<div class=\"large-tiles__tiles-container swiper\">\n\t\t\t<ul class=\"large-tiles__list swiper-wrapper\">\n\t\t\t\t\t\t<li class=\"large-tiles__item swiper-slide\" style=\"height: 320px;\">\n\t\t\t\t<img decoding=\"async\" width=\"52\" height=\"46\" src=\"https:\/\/alsendo-new.sc.testbox.pro\/app\/uploads\/2024\/06\/Configure-your-brands-branding-elements-Icon.svg\" class=\"large-tiles__icon\" alt=\"\" loading=\"lazy\" \/>\t\t\t\t\t\t\t\t\t\t\t\t<p class=\"large-tiles__text\">\n\t\t\t\t\tConfigure your brand&#039;s branding elements: name, logo, web address, colors and social media links.\t\t\t\t<\/p>\n\t\t\t\t\t\t\t\t\t\t\t<\/li>\n\t\t\t\t\t\t<li class=\"large-tiles__item swiper-slide\" style=\"height: 320px;\">\n\t\t\t\t<img decoding=\"async\" width=\"54\" height=\"46\" src=\"https:\/\/alsendo-new.sc.testbox.pro\/app\/uploads\/2024\/06\/Personalize-the-content-Icon.svg\" class=\"large-tiles__icon\" alt=\"\" loading=\"lazy\" \/>\t\t\t\t\t\t\t\t\t\t\t\t<p class=\"large-tiles__text\">\n\t\t\t\t\tPersonalize the content, add a banner ad and contact information, as well as branding elements.\t\t\t\t<\/p>\n\t\t\t\t\t\t\t\t\t\t\t<\/li>\n\t\t\t\t\t\t<li class=\"large-tiles__item swiper-slide\" style=\"height: 320px;\">\n\t\t\t\t<img decoding=\"async\" width=\"46\" height=\"46\" src=\"https:\/\/alsendo-new.sc.testbox.pro\/app\/uploads\/2024\/06\/Add-your-logo-Icon.svg\" class=\"large-tiles__icon\" alt=\"\" loading=\"lazy\" \/>\t\t\t\t\t\t\t\t\t\t\t\t<p class=\"large-tiles__text\">\n\t\t\t\t\tAdd your logo and pre-selected colors, and include a post from your company&#039;s Instagram and a Youtube video.\t\t\t\t<\/p>\n\t\t\t\t\t\t\t\t\t\t\t<\/li>\n\t\t\t\t\t\t<li class=\"large-tiles__item swiper-slide\" style=\"height: 320px;\">\n\t\t\t\t<img decoding=\"async\" width=\"47\" height=\"46\" src=\"https:\/\/alsendo-new.sc.testbox.pro\/app\/uploads\/2024\/06\/PUDO-map-Icon.svg\" class=\"large-tiles__icon\" alt=\"\" loading=\"lazy\" \/>\t\t\t\t\t\t\t\t\t\t\t\t<p class=\"large-tiles__text\">\n\t\t\t\t\tIf you use our PUDO map then in the branding service you have the option to personalize the widget.\t\t\t\t<\/p>\n\t\t\t\t\t\t\t\t\t\t\t<\/li>\n\t\t\t\t\t\t<\/ul>\n\t\t\t<div class=\"large-tiles__list-dots\"><\/div>\n\t\t<\/div>\n\t\t\t<\/div>\n<\/section>\n\n<section  class=\"ilabs-spacer\"><style scoped>\n\t.spacer--mobile-block_7bdf09bc3f98a2b09596e8970de283b6 {\n\t\tpadding-block: 0px;\n\t}\n\t@media only screen and (min-width: 1200px) {\n\t\t.spacer--desktop-block_7bdf09bc3f98a2b09596e8970de283b6 {\n\t\t\tpadding-block: 25px;\n\t\t}\n\t}\n<\/style>\n<div class=\"spacer spacer--mobile-block_7bdf09bc3f98a2b09596e8970de283b6 spacer--desktop-block_7bdf09bc3f98a2b09596e8970de283b6\"\n\tstyle=\"background-color: #9c84ef;\"><\/div>\n<\/section>\n\n<section  class=\"ilabs-list-image\"><div class=\"list-image list-image--left-side    list-image--secondary-theme\">\n\t<div class=\"list-image__container\">\n\t\t\t\t<h2 class=\"list-image__heading\">\n\t\t\tYou can creatively utilize every touchpoint with your customer to communicate important information.\n\t\t<\/h2>\n\t\t\t\t\t\t\t\t<div class=\"list-image__card\">\n\t\t\t<ul class=\"list-image__list\">\n\t\t\t\t\t\t\t\t\t\t\t\t\t\t\t\t\t\t\t\t\t<li class=\"list-image__item list-image__item--content \">\n\t\t\t\t\t\t\t\t\t\t\t\t\t\t<div class=\"list-image__item-content\">\n\t\t\t\t\t\t\t\t<p><strong>What should you tell your customers?<\/strong><\/p>\n<ul>\n<li>Current promotions in the form of banners or video ads,<\/li>\n<li>Product news in your store,<\/li>\n<li>Contact channels with your customer service department,<\/li>\n<li>Your social media profiles by posting from Instagram or linking to your company&#8217;s Facebook,<\/li>\n<li>Important branding activities<\/li>\n<li>Return policy in your store<\/li>\n<\/ul>\n\t\t\t\t\t\t\t<\/div>\n\t\t\t\t\t\t<\/li>\n\t\t\t\t\t\t\t\t\t\t\t\t<\/ul>\n\t\t\t<div class=\"list-image__image-wrapper\">\n\t\t\t\t<img decoding=\"async\" width=\"681\" height=\"529\" src=\"https:\/\/alsendo-new.sc.testbox.pro\/app\/uploads\/2024\/06\/Branded-Notifications-Touchpoint-with-customer-Graphic-1.png\" class=\"list-image__image\" alt=\"\" loading=\"lazy\" srcset=\"https:\/\/alsendo-new.sc.testbox.pro\/app\/uploads\/2024\/06\/Branded-Notifications-Touchpoint-with-customer-Graphic-1.png 681w, https:\/\/alsendo-new.sc.testbox.pro\/app\/uploads\/2024\/06\/Branded-Notifications-Touchpoint-with-customer-Graphic-1-300x233.png 300w\" sizes=\"auto, (max-width: 681px) 100vw, 681px\" \/>\t\t\t<\/div>\n\t\t<\/div>\n\t\t\t<\/div>\n<\/div>\n<\/section>\n\n<section  class=\"ilabs-spacer\"><style scoped>\n\t.spacer--mobile-block_7bdf09bc3f98a2b09596e8970de283b6 {\n\t\tpadding-block: 0px;\n\t}\n\t@media only screen and (min-width: 1200px) {\n\t\t.spacer--desktop-block_7bdf09bc3f98a2b09596e8970de283b6 {\n\t\t\tpadding-block: 25px;\n\t\t}\n\t}\n<\/style>\n<div class=\"spacer spacer--mobile-block_7bdf09bc3f98a2b09596e8970de283b6 spacer--desktop-block_7bdf09bc3f98a2b09596e8970de283b6\"\n\tstyle=\"background-color: #9c84ef;\"><\/div>\n<\/section>\n\n<section  class=\"ilabs-reference-section\"><div class=\"reference-section\">\n\t<picture>\n\t\t<source media=\"(max-width: 1024px)\" srcset=\"https:\/\/alsendo-new.sc.testbox.pro\/app\/uploads\/2024\/06\/Alsendo-WWW-Business-Pro-Mobile-\u2013-Graphic-Get-a-free-Quote-\u2013-20-1.png\">\n\t\t<img decoding=\"async\" class=\"reference-section__background-image\" src=\"https:\/\/alsendo-new.sc.testbox.pro\/app\/uploads\/2024\/05\/Business-Pro-Get-a-Quote-Section-Graphic-1.jpg\"\n\t\t\talt=\"Alsendo Business PRO services for e-commerce\">\n\t<\/picture>\n\t<div class=\"reference-section__container\">\n\t\t\t\t\t<img decoding=\"async\" width=\"367\" height=\"105\" src=\"https:\/\/alsendo-new.sc.testbox.pro\/app\/uploads\/2024\/05\/Alsendo-Business-Pro-Light-Logo.svg\" class=\"reference-section__logo\" alt=\"\" loading=\"lazy\" \/>\t\t\t\t\t\t<p class=\"reference-section__text\">\n\t\t\tAlsendo Business PRO services for e-commerce\t\t<\/p>\n\t\t\t\t\t\t<a href=\"https:\/\/alsendo.com\/get-an-offer\/\"\n\t\t\tclass=\"reference-section__button button button--secondary\">\n\t\t\tGet a free quote\t\t<\/a>\n\t\t\t<\/div>\n<\/div>\n<\/section>\n\n<section  class=\"ilabs-why-alsendo\"><div class=\"why-alsendo\">\n\t<div class=\"why-alsendo__container\">\n\t\t<div class=\"why-alsendo__header\">\n\t\t\t<div class=\"why-alsendo__left-side\">\n\t\t\t\t\t\t\t\t<h2 class=\"why-alsendo__heading\">Why Alsendo Business Pro?\n<\/h2>\n\t\t\t\t\t\t\t\t\t\t\t\t<p class=\"why-alsendo__subheading\">With features like delivery monitoring, personalized communication with customers, and automation of return processes, Alsendo Business Pro facilitates logistics management and supports business growth.<\/p>\n\t\t\t\t\t\t\t<\/div>\n\t\t\t<img decoding=\"async\" width=\"332\" height=\"95\" src=\"https:\/\/alsendo-new.sc.testbox.pro\/app\/uploads\/2024\/05\/Alsendo-Business-Pro-Logotype.svg\" class=\"why-alsendo__logo\" alt=\"\" loading=\"lazy\" \/>\t\t<\/div>\n\t\t<ul class=\"why-alsendo__tiles\">\n\t\t\t\t\t\t<li class=\"why-alsendo__item\">\n\t\t\t\t<img decoding=\"async\" width=\"59\" height=\"52\" src=\"https:\/\/alsendo-new.sc.testbox.pro\/app\/uploads\/2024\/06\/Branded-tracking-page-Icon-1.svg\" class=\"why-alsendo__item-icon\" alt=\"\" loading=\"lazy\" \/>\t\t\t\t<h3 class=\"why-alsendo__item-title\">Branded tracking page<\/h3>\n\t\t\t\t<p class=\"why-alsendo__item-text\">Personalise communication with your e-shop customers in the post-sale stage.\u202f<\/p>\n\t\t\t\t\t\t\t\t\t\t\t\t\t\t<a href=\"https:\/\/alsendo-new.sc.testbox.pro\/pl\/personalizowana-komunikacja\/\"\n\t\t\t\t\t\tclass=\"why-alsendo__item-button button\">Explore<\/a>\n\t\t\t\t\t\t\t\t\t\t\t\t<\/li>\n\t\t\t\t\t\t<li class=\"why-alsendo__item\">\n\t\t\t\t<img decoding=\"async\" width=\"66\" height=\"53\" src=\"https:\/\/alsendo-new.sc.testbox.pro\/app\/uploads\/2024\/06\/Reports-and-Analysis-Icon-1.svg\" class=\"why-alsendo__item-icon\" alt=\"\" loading=\"lazy\" \/>\t\t\t\t<h3 class=\"why-alsendo__item-title\">Reports &amp; Analysis<\/h3>\n\t\t\t\t<p class=\"why-alsendo__item-text\">Analyse data and control your shipments.<\/p>\n\t\t\t\t\t\t\t\t\t\t\t\t\t\t<a href=\"https:\/\/alsendo-new.sc.testbox.pro\/pl\/raporty-i-analizy\/\"\n\t\t\t\t\t\tclass=\"why-alsendo__item-button button\">Explore<\/a>\n\t\t\t\t\t\t\t\t\t\t\t\t<\/li>\n\t\t\t\t\t\t<li class=\"why-alsendo__item\">\n\t\t\t\t<img decoding=\"async\" width=\"65\" height=\"52\" src=\"https:\/\/alsendo-new.sc.testbox.pro\/app\/uploads\/2024\/06\/Ecommerce-returns-Icon-1.svg\" class=\"why-alsendo__item-icon\" alt=\"\" loading=\"lazy\" \/>\t\t\t\t<h3 class=\"why-alsendo__item-title\">E-commerce returns management<\/h3>\n\t\t\t\t<p class=\"why-alsendo__item-text\">Take control over the returns process, with significantly less time investment on your part.<\/p>\n\t\t\t\t\t\t\t\t\t\t\t\t\t\t<a href=\"https:\/\/alsendo-new.sc.testbox.pro\/pl\/zarzadzanie-zwrotami-2\/\"\n\t\t\t\t\t\tclass=\"why-alsendo__item-button button\">Explore<\/a>\n\t\t\t\t\t\t\t\t\t\t\t\t<\/li>\n\t\t\t\t\t\t<li class=\"why-alsendo__item\">\n\t\t\t\t<img decoding=\"async\" width=\"60\" height=\"46\" src=\"https:\/\/alsendo-new.sc.testbox.pro\/app\/uploads\/2024\/06\/Generate-Shipping-Labels-Icon-1.svg\" class=\"why-alsendo__item-icon\" alt=\"\" loading=\"lazy\" \/>\t\t\t\t<h3 class=\"why-alsendo__item-title\">Generate Shipping Labels<\/h3>\n\t\t\t\t<p class=\"why-alsendo__item-text\">Save time and generate shipping labels automatically.<\/p>\n\t\t\t\t\t\t\t\t\t\t\t\t\t\t<a href=\"https:\/\/alsendo-new.sc.testbox.pro\/pl\/generowanie-etykiet-wysylkowych\/\"\n\t\t\t\t\t\tclass=\"why-alsendo__item-button button\">Explore<\/a>\n\t\t\t\t\t\t\t\t\t\t\t\t<\/li>\n\t\t\t\t\t\t\t\t\t\t\t\t\t\t\t<li class=\"why-alsendo__item why-alsendo__item--tile-with-button\">\n\t\t\t\t<h3 class=\"why-alsendo__additional-item-title\">\n\t\t\t\t\tAlsendo Business PRO services for e-commerce<\/h3>\n\t\t\t\t<p class=\"why-alsendo__additional-item-text\">Alsendo Business Pro facilitates logistics management and supports business growth.\t\t\t\t<\/p>\n\t\t\t\t<a href=\"https:\/\/alsendo-new.sc.testbox.pro\/pl\/?page_id=3994\"\n\t\t\t\t\tclass=\"why-alsendo__additional-item-button button button--outline\">\n\t\t\t\t\tGo back to Business Pro\t\t\t\t<\/a>\n\t\t\t<\/li>\n\t\t\t\t\t\t\t\t\t<li class=\"why-alsendo__item why-alsendo__item--additional-image\">\n\t\t\t\t<img decoding=\"async\" width=\"372\" height=\"372\" src=\"https:\/\/alsendo-new.sc.testbox.pro\/app\/uploads\/2024\/05\/Why-Alsendo-Business-Pro-Graphic-1.png\" class=\"why-alsendo__item-image\" alt=\"\" loading=\"lazy\" srcset=\"https:\/\/alsendo-new.sc.testbox.pro\/app\/uploads\/2024\/05\/Why-Alsendo-Business-Pro-Graphic-1.png 372w, https:\/\/alsendo-new.sc.testbox.pro\/app\/uploads\/2024\/05\/Why-Alsendo-Business-Pro-Graphic-1-300x300.png 300w, https:\/\/alsendo-new.sc.testbox.pro\/app\/uploads\/2024\/05\/Why-Alsendo-Business-Pro-Graphic-1-150x150.png 150w\" sizes=\"auto, (max-width: 372px) 100vw, 372px\" \/>\t\t\t<\/li>\n\t\t\t\t\t\t\t\t\t\t\t<\/ul>\n\t<\/div>\n<\/div>\n<\/section>","protected":false},"excerpt":{"rendered":"","protected":false},"author":2,"featured_media":0,"parent":0,"menu_order":0,"comment_status":"closed","ping_status":"closed","template":"","meta":{"_acf_changed":false,"inline_featured_image":false,"_genesis_hide_title":false,"_genesis_hide_breadcrumbs":false,"_genesis_hide_singular_image":false,"_genesis_hide_footer_widgets":false,"_genesis_custom_body_class":"","_genesis_custom_post_class":"","_genesis_layout":"","footnotes":""},"class_list":{"0":"post-4485","1":"page","2":"type-page","3":"status-publish","5":"entry","6":"has-post-thumbnail"},"acf":[],"yoast_head":"<!-- This site is optimized with the Yoast SEO plugin v26.5 - https:\/\/yoast.com\/wordpress\/plugins\/seo\/ -->\n<title>Spersonalizowane powiadomienia o wysy\u0142ce<\/title>\n<meta name=\"description\" content=\"Informuj klient\u00f3w na bie\u017c\u0105co dzi\u0119ki spersonalizowanym powiadomieniom o przesy\u0142kach. Wzmocnij zaanga\u017cowanie i popraw do\u015bwiadczenie zakupowe.\" \/>\n<meta name=\"robots\" content=\"noindex, follow, max-snippet:-1, max-image-preview:large, max-video-preview:-1\" \/>\n<meta property=\"og:locale\" content=\"pl_PL\" \/>\n<meta property=\"og:type\" content=\"article\" \/>\n<meta property=\"og:title\" content=\"Spersonalizowane powiadomienia o wysy\u0142ce\" \/>\n<meta property=\"og:description\" content=\"Informuj klient\u00f3w na bie\u017c\u0105co dzi\u0119ki spersonalizowanym powiadomieniom o przesy\u0142kach. Wzmocnij zaanga\u017cowanie i popraw do\u015bwiadczenie zakupowe.\" \/>\n<meta property=\"og:url\" content=\"https:\/\/alsendo-new.sc.testbox.pro\/pl\/personalizowana-komunikacja\/\" \/>\n<meta property=\"og:site_name\" content=\"Alsendo\" \/>\n<meta property=\"article:modified_time\" content=\"2025-03-13T11:37:38+00:00\" \/>\n<meta name=\"twitter:card\" content=\"summary_large_image\" \/>\n<script type=\"application\/ld+json\" class=\"yoast-schema-graph\">{\"@context\":\"https:\/\/schema.org\",\"@graph\":[{\"@type\":\"WebPage\",\"@id\":\"https:\/\/alsendo-new.sc.testbox.pro\/pl\/personalizowana-komunikacja\/\",\"url\":\"https:\/\/alsendo-new.sc.testbox.pro\/pl\/personalizowana-komunikacja\/\",\"name\":\"Spersonalizowane powiadomienia o wysy\u0142ce\",\"isPartOf\":{\"@id\":\"https:\/\/alsendo-new.sc.testbox.pro\/#website\"},\"datePublished\":\"2024-06-04T11:45:48+00:00\",\"dateModified\":\"2025-03-13T11:37:38+00:00\",\"description\":\"Informuj klient\u00f3w na bie\u017c\u0105co dzi\u0119ki spersonalizowanym powiadomieniom o przesy\u0142kach. Wzmocnij zaanga\u017cowanie i popraw do\u015bwiadczenie zakupowe.\",\"breadcrumb\":{\"@id\":\"https:\/\/alsendo-new.sc.testbox.pro\/pl\/personalizowana-komunikacja\/#breadcrumb\"},\"inLanguage\":\"pl-PL\",\"potentialAction\":[{\"@type\":\"ReadAction\",\"target\":[\"https:\/\/alsendo-new.sc.testbox.pro\/pl\/personalizowana-komunikacja\/\"]}]},{\"@type\":\"BreadcrumbList\",\"@id\":\"https:\/\/alsendo-new.sc.testbox.pro\/pl\/personalizowana-komunikacja\/#breadcrumb\",\"itemListElement\":[{\"@type\":\"ListItem\",\"position\":1,\"name\":\"alsendo\",\"item\":\"https:\/\/alsendo-new.sc.testbox.pro\/pl\/\"},{\"@type\":\"ListItem\",\"position\":2,\"name\":\"Personalizowana komunikacja\"}]},{\"@type\":\"WebSite\",\"@id\":\"https:\/\/alsendo-new.sc.testbox.pro\/#website\",\"url\":\"https:\/\/alsendo-new.sc.testbox.pro\/\",\"name\":\"Alsendo\",\"description\":\"\",\"publisher\":{\"@id\":\"https:\/\/alsendo-new.sc.testbox.pro\/#organization\"},\"potentialAction\":[{\"@type\":\"SearchAction\",\"target\":{\"@type\":\"EntryPoint\",\"urlTemplate\":\"https:\/\/alsendo-new.sc.testbox.pro\/?s={search_term_string}\"},\"query-input\":{\"@type\":\"PropertyValueSpecification\",\"valueRequired\":true,\"valueName\":\"search_term_string\"}}],\"inLanguage\":\"pl-PL\"},{\"@type\":\"Organization\",\"@id\":\"https:\/\/alsendo-new.sc.testbox.pro\/#organization\",\"name\":\"Alsendo\",\"url\":\"https:\/\/alsendo-new.sc.testbox.pro\/\",\"logo\":{\"@type\":\"ImageObject\",\"inLanguage\":\"pl-PL\",\"@id\":\"https:\/\/alsendo-new.sc.testbox.pro\/#\/schema\/logo\/image\/\",\"url\":\"https:\/\/alsendo-new.sc.testbox.pro\/app\/uploads\/2024\/05\/Alsendo-Logotype.svg\",\"contentUrl\":\"https:\/\/alsendo-new.sc.testbox.pro\/app\/uploads\/2024\/05\/Alsendo-Logotype.svg\",\"width\":180,\"height\":45,\"caption\":\"Alsendo \"},\"image\":{\"@id\":\"https:\/\/alsendo-new.sc.testbox.pro\/#\/schema\/logo\/image\/\"}}]}<\/script>\n<!-- \/ Yoast SEO plugin. -->","yoast_head_json":{"title":"Spersonalizowane powiadomienia o wysy\u0142ce","description":"Informuj klient\u00f3w na bie\u017c\u0105co dzi\u0119ki spersonalizowanym powiadomieniom o przesy\u0142kach. Wzmocnij zaanga\u017cowanie i popraw do\u015bwiadczenie zakupowe.","robots":{"index":"noindex","follow":"follow","max-snippet":"max-snippet:-1","max-image-preview":"max-image-preview:large","max-video-preview":"max-video-preview:-1"},"og_locale":"pl_PL","og_type":"article","og_title":"Spersonalizowane powiadomienia o wysy\u0142ce","og_description":"Informuj klient\u00f3w na bie\u017c\u0105co dzi\u0119ki spersonalizowanym powiadomieniom o przesy\u0142kach. Wzmocnij zaanga\u017cowanie i popraw do\u015bwiadczenie zakupowe.","og_url":"https:\/\/alsendo-new.sc.testbox.pro\/pl\/personalizowana-komunikacja\/","og_site_name":"Alsendo","article_modified_time":"2025-03-13T11:37:38+00:00","twitter_card":"summary_large_image","schema":{"@context":"https:\/\/schema.org","@graph":[{"@type":"WebPage","@id":"https:\/\/alsendo-new.sc.testbox.pro\/pl\/personalizowana-komunikacja\/","url":"https:\/\/alsendo-new.sc.testbox.pro\/pl\/personalizowana-komunikacja\/","name":"Spersonalizowane powiadomienia o wysy\u0142ce","isPartOf":{"@id":"https:\/\/alsendo-new.sc.testbox.pro\/#website"},"datePublished":"2024-06-04T11:45:48+00:00","dateModified":"2025-03-13T11:37:38+00:00","description":"Informuj klient\u00f3w na bie\u017c\u0105co dzi\u0119ki spersonalizowanym powiadomieniom o przesy\u0142kach. Wzmocnij zaanga\u017cowanie i popraw do\u015bwiadczenie zakupowe.","breadcrumb":{"@id":"https:\/\/alsendo-new.sc.testbox.pro\/pl\/personalizowana-komunikacja\/#breadcrumb"},"inLanguage":"pl-PL","potentialAction":[{"@type":"ReadAction","target":["https:\/\/alsendo-new.sc.testbox.pro\/pl\/personalizowana-komunikacja\/"]}]},{"@type":"BreadcrumbList","@id":"https:\/\/alsendo-new.sc.testbox.pro\/pl\/personalizowana-komunikacja\/#breadcrumb","itemListElement":[{"@type":"ListItem","position":1,"name":"alsendo","item":"https:\/\/alsendo-new.sc.testbox.pro\/pl\/"},{"@type":"ListItem","position":2,"name":"Personalizowana komunikacja"}]},{"@type":"WebSite","@id":"https:\/\/alsendo-new.sc.testbox.pro\/#website","url":"https:\/\/alsendo-new.sc.testbox.pro\/","name":"Alsendo","description":"","publisher":{"@id":"https:\/\/alsendo-new.sc.testbox.pro\/#organization"},"potentialAction":[{"@type":"SearchAction","target":{"@type":"EntryPoint","urlTemplate":"https:\/\/alsendo-new.sc.testbox.pro\/?s={search_term_string}"},"query-input":{"@type":"PropertyValueSpecification","valueRequired":true,"valueName":"search_term_string"}}],"inLanguage":"pl-PL"},{"@type":"Organization","@id":"https:\/\/alsendo-new.sc.testbox.pro\/#organization","name":"Alsendo","url":"https:\/\/alsendo-new.sc.testbox.pro\/","logo":{"@type":"ImageObject","inLanguage":"pl-PL","@id":"https:\/\/alsendo-new.sc.testbox.pro\/#\/schema\/logo\/image\/","url":"https:\/\/alsendo-new.sc.testbox.pro\/app\/uploads\/2024\/05\/Alsendo-Logotype.svg","contentUrl":"https:\/\/alsendo-new.sc.testbox.pro\/app\/uploads\/2024\/05\/Alsendo-Logotype.svg","width":180,"height":45,"caption":"Alsendo "},"image":{"@id":"https:\/\/alsendo-new.sc.testbox.pro\/#\/schema\/logo\/image\/"}}]}},"_links":{"self":[{"href":"https:\/\/alsendo-new.sc.testbox.pro\/pl\/wp-json\/wp\/v2\/pages\/4485","targetHints":{"allow":["GET"]}}],"collection":[{"href":"https:\/\/alsendo-new.sc.testbox.pro\/pl\/wp-json\/wp\/v2\/pages"}],"about":[{"href":"https:\/\/alsendo-new.sc.testbox.pro\/pl\/wp-json\/wp\/v2\/types\/page"}],"author":[{"embeddable":true,"href":"https:\/\/alsendo-new.sc.testbox.pro\/pl\/wp-json\/wp\/v2\/users\/2"}],"replies":[{"embeddable":true,"href":"https:\/\/alsendo-new.sc.testbox.pro\/pl\/wp-json\/wp\/v2\/comments?post=4485"}],"version-history":[{"count":11,"href":"https:\/\/alsendo-new.sc.testbox.pro\/pl\/wp-json\/wp\/v2\/pages\/4485\/revisions"}],"predecessor-version":[{"id":4502,"href":"https:\/\/alsendo-new.sc.testbox.pro\/pl\/wp-json\/wp\/v2\/pages\/4485\/revisions\/4502"}],"wp:attachment":[{"href":"https:\/\/alsendo-new.sc.testbox.pro\/pl\/wp-json\/wp\/v2\/media?parent=4485"}],"curies":[{"name":"wp","href":"https:\/\/api.w.org\/{rel}","templated":true}]}}