{"id":4028,"date":"2024-06-04T14:32:15","date_gmt":"2024-06-04T12:32:15","guid":{"rendered":"https:\/\/alsendo.com\/generowanie-etykiet-wysylkowych\/"},"modified":"2025-03-12T11:09:15","modified_gmt":"2025-03-12T10:09:15","slug":"generowanie-etykiet-wysylkowych","status":"publish","type":"page","link":"https:\/\/alsendo-new.sc.testbox.pro\/pl\/generowanie-etykiet-wysylkowych\/","title":{"rendered":"Generowanie etykiet wysy\u0142kowych"},"content":{"rendered":"<section  class=\"ilabs-header-with-laptop\"><div class=\"header-with-laptop \">\n\t<div class=\"header-with-laptop__container\">\n\t\t<div class=\"header-with-laptop__left-side  \">\n\t\t\t<div class=\"header-with-laptop__left-side-top\">\n\t\t\t\t\t\t\t\t<div class=\"header-with-laptop__breadcrumbs\">\n\t\t\t\t\t\t\t\t\t\t\t\t\t\t\t\t\t\t\t\t\t\t<a href=\"\"\n\t\t\t\t\t\t\tclass=\"header-with-laptop__breadcrumbs-item\">SOHO &amp; SMB<\/a>\n\t\t\t\t\t\t<span class=\"header-with-laptop__breadcrumbs-separator\">><\/span>\n\t\t\t\t\t\t\t\t\t\t\t\t\t\t\t\t\t\t\t\t\t\t\t<a href=\"https:\/\/alsendo-new.sc.testbox.pro\/pl\/?page_id=3994\"\n\t\t\t\t\t\t\tclass=\"header-with-laptop__breadcrumbs-item\">Business Pro<\/a>\n\t\t\t\t\t\t<span class=\"header-with-laptop__breadcrumbs-separator\">><\/span>\n\t\t\t\t\t\t\t\t\t\t\t\t\t\t\t\t\t\t\t\t\t\t\t<a href=\"https:\/\/alsendo-new.sc.testbox.pro\/pl\/generowanie-etykiet-wysylkowych-2\/\"\n\t\t\t\t\t\t\tclass=\"header-with-laptop__breadcrumbs-item header-with-laptop__breadcrumbs-item--featured\">Generowanie etykiet wysy\u0142kowych<\/a>\n\t\t\t\t\t\t\t\t\t\t\t\t\t\t\t<\/div>\n\t\t\t\t\t\t\t\t\t\t\t\t<h2 class=\"header-with-laptop__heading\">Generowanie <strong>etykiet wysy\u0142kowych<\/strong>\n<\/h2>\n\t\t\t\t\t\t\t\t\t\t\t\t<p class=\"header-with-laptop__subheading\">\n\t\t\t\t\tOszcz\u0119dzaj czas i automatycznie generuj etykiety wysy\u0142kowe.\t\t\t\t<\/p>\n\t\t\t\t\t\t\t<\/div>\n\t\t\t\t\t\t<div class=\"header-with-laptop__left-side-bottom  \">\n\t\t\t\t\t\t\t\t\t<img decoding=\"async\" width=\"332\" height=\"95\" src=\"https:\/\/alsendo-new.sc.testbox.pro\/app\/uploads\/2024\/05\/Alsendo-Business-Pro-Logotype.svg\" class=\"header-with-laptop__logo\" alt=\"\" loading=\"lazy\" \/>\t\t\t\t\t\t\t\t\t\t\t\t\t<a href=\"https:\/\/alsendo.com\/get-an-offer\/\" class=\"header-with-laptop__button button\">Popros o wycen\u0119<\/a>\n\t\t\t\t\t\t\t\t\t\t\t<\/div>\n\t\t\t\t\t<\/div>\n\t\t<div class=\"header-with-laptop__right-side \">\n\t\t\t\t\t\t\t<img loading=\"lazy\" decoding=\"async\" width=\"917\" height=\"648\" src=\"https:\/\/alsendo-new.sc.testbox.pro\/app\/uploads\/2024\/06\/Generate-Shipping-Labels-Hero-Graphic-1.png\" class=\"header-with-laptop__image\" alt=\"\" srcset=\"https:\/\/alsendo-new.sc.testbox.pro\/app\/uploads\/2024\/06\/Generate-Shipping-Labels-Hero-Graphic-1.png 917w, https:\/\/alsendo-new.sc.testbox.pro\/app\/uploads\/2024\/06\/Generate-Shipping-Labels-Hero-Graphic-1-300x212.png 300w, https:\/\/alsendo-new.sc.testbox.pro\/app\/uploads\/2024\/06\/Generate-Shipping-Labels-Hero-Graphic-1-768x543.png 768w, https:\/\/alsendo-new.sc.testbox.pro\/app\/uploads\/2024\/06\/Generate-Shipping-Labels-Hero-Graphic-1-740x523.png 740w\" sizes=\"auto, (max-width: 917px) 100vw, 917px\" \/>\t\t\t\t\t<\/div>\n\t<\/div>\n<\/div>\n<\/section>\n\n<section  class=\"ilabs-large-tiles\"><div class=\"large-tiles large-tiles--3-columns         \">\n\t<div class=\"large-tiles__container\">\n\t\t\t\t<h2 class=\"large-tiles__heading\">Jedno miejsce dla <strong>wszystkich proces\u00f3w<\/strong>\n<\/h2>\n\t\t\t\t\t\t<p class=\"large-tiles__subheading\">\n\t\t\tOptymalizuj proces wysy\u0142ki: scal wszystkich przewo\u017anik\u00f3w i zapewnij terminowe powiadomienia od kurier\u00f3w. Generuj dokumenty wysy\u0142kowe \u2013  drukuj etykiety w preferowanym formacie.<\/p>\n\t\t<\/p>\n\t\t\t\t\t\t\t\t<div class=\"large-tiles__tiles-container swiper\">\n\t\t\t<ul class=\"large-tiles__list swiper-wrapper\">\n\t\t\t\t\t\t<li class=\"large-tiles__item swiper-slide\" style=\"height: 535px;\">\n\t\t\t\t<img decoding=\"async\" width=\"39\" height=\"51\" src=\"https:\/\/alsendo-new.sc.testbox.pro\/app\/uploads\/2024\/06\/All-couriers-in-one-place-Icon-1.svg\" class=\"large-tiles__icon\" alt=\"\" loading=\"lazy\" \/>\t\t\t\t\t\t\t\t\t<h3 class=\"large-tiles__title\">\n\t\t\t\t\t\tWszyscy kurierzy w jednym miejscu\t\t\t\t\t<\/h3>\n\t\t\t\t\t\t\t\t\t\t\t\t<p class=\"large-tiles__text\">\n\t\t\t\t\tEliminuj operacje mi\u0119dzy platformami. Zachowaj pe\u0142n\u0105 transparentno\u015b\u0107 przez ca\u0142y proces dostawy i otrzymuj powiadomienia, gdy wyst\u0105pi\u0105 nieprzewidziane sytuacje.\t\t\t\t<\/p>\n\t\t\t\t\t\t\t\t\t\t\t<\/li>\n\t\t\t\t\t\t<li class=\"large-tiles__item swiper-slide\" style=\"height: 535px;\">\n\t\t\t\t<img decoding=\"async\" width=\"38\" height=\"51\" src=\"https:\/\/alsendo-new.sc.testbox.pro\/app\/uploads\/2024\/06\/Generate-all-documents-Icon-1.svg\" class=\"large-tiles__icon\" alt=\"\" loading=\"lazy\" \/>\t\t\t\t\t\t\t\t\t<h3 class=\"large-tiles__title\">\n\t\t\t\t\t\tGeneruj dokumenty wysy\u0142kowe\t\t\t\t\t<\/h3>\n\t\t\t\t\t\t\t\t\t\t\t\t<p class=\"large-tiles__text\">\n\t\t\t\t\tGeneruj dokumenty wysy\u0142kowe automatycznie lub r\u0119cznie z tej samej platformy \u2013 drukuj etykiety w preferowanym formacie.\t\t\t\t<\/p>\n\t\t\t\t\t\t\t\t\t\t\t<\/li>\n\t\t\t\t\t\t<li class=\"large-tiles__item swiper-slide\" style=\"height: 535px;\">\n\t\t\t\t<img decoding=\"async\" width=\"51\" height=\"51\" src=\"https:\/\/alsendo-new.sc.testbox.pro\/app\/uploads\/2024\/06\/Automatic-carrier-notification-Icon.svg\" class=\"large-tiles__icon\" alt=\"\" loading=\"lazy\" \/>\t\t\t\t\t\t\t\t\t<h3 class=\"large-tiles__title\">\n\t\t\t\t\t\tAutomatyczne powiadamianie kurier\u00f3w\t\t\t\t\t<\/h3>\n\t\t\t\t\t\t\t\t\t\t\t\t<p class=\"large-tiles__text\">\n\t\t\t\t\tPo wygenerowaniu dokument\u00f3w wysy\u0142kowych, kurier jest automatycznie powiadamiany o odbiorze zam\u00f3wie\u0144 na czas.\t\t\t\t<\/p>\n\t\t\t\t\t\t\t\t\t\t\t<\/li>\n\t\t\t\t\t\t<\/ul>\n\t\t\t<div class=\"large-tiles__list-dots\"><\/div>\n\t\t<\/div>\n\t\t\t<\/div>\n<\/section>\n\n<section  class=\"ilabs-reference-section\"><div class=\"reference-section\">\n\t<picture>\n\t\t<source media=\"(max-width: 1024px)\" srcset=\"https:\/\/alsendo-new.sc.testbox.pro\/app\/uploads\/2024\/06\/Alsendo-WWW-Business-Pro-Mobile-\u2013-Graphic-Get-a-free-Quote-\u2013-20-1.png\">\n\t\t<img decoding=\"async\" class=\"reference-section__background-image\" src=\"https:\/\/alsendo-new.sc.testbox.pro\/app\/uploads\/2024\/05\/Business-Pro-Get-a-Quote-Section-Graphic-1.jpg\"\n\t\t\talt=\"Us\u0142ugi Alsendo Business PRO dla e-commerce\">\n\t<\/picture>\n\t<div class=\"reference-section__container\">\n\t\t\t\t\t<img decoding=\"async\" width=\"367\" height=\"105\" src=\"https:\/\/alsendo-new.sc.testbox.pro\/app\/uploads\/2024\/05\/Alsendo-Business-Pro-Light-Logo.svg\" class=\"reference-section__logo\" alt=\"\" loading=\"lazy\" \/>\t\t\t\t\t\t<p class=\"reference-section__text\">\n\t\t\tUs\u0142ugi Alsendo Business PRO dla e-commerce\t\t<\/p>\n\t\t\t\t\t\t<a href=\"https:\/\/alsendo.com\/get-an-offer\/\"\n\t\t\tclass=\"reference-section__button button button--secondary\">\n\t\t\tPopro\u015b o wycen\u0119\t\t<\/a>\n\t\t\t<\/div>\n<\/div>\n<\/section>\n\n<section  class=\"ilabs-why-alsendo\"><div class=\"why-alsendo\">\n\t<div class=\"why-alsendo__container\">\n\t\t<div class=\"why-alsendo__header\">\n\t\t\t<div class=\"why-alsendo__left-side\">\n\t\t\t\t\t\t\t\t<h2 class=\"why-alsendo__heading\">Dlaczego Alsendo Business Pro?\n<\/h2>\n\t\t\t\t\t\t\t\t\t\t\t\t<p class=\"why-alsendo__subheading\">Dzi\u0119ki funkcjom takim jak monitorowanie dostaw, spersonalizowana komunikacja z klientami oraz automatyzacja proces\u00f3w zwrot\u00f3w, Alsendo Business Pro u\u0142atwia zarz\u0105dzanie logistyk\u0105 i wspiera rozw\u00f3j biznesu<\/p>\n\t\t\t\t\t\t\t<\/div>\n\t\t\t<img decoding=\"async\" width=\"332\" height=\"95\" src=\"https:\/\/alsendo-new.sc.testbox.pro\/app\/uploads\/2024\/05\/Alsendo-Business-Pro-Logotype.svg\" class=\"why-alsendo__logo\" alt=\"\" loading=\"lazy\" \/>\t\t<\/div>\n\t\t<ul class=\"why-alsendo__tiles\">\n\t\t\t\t\t\t<li class=\"why-alsendo__item\">\n\t\t\t\t<img decoding=\"async\" width=\"59\" height=\"52\" src=\"https:\/\/alsendo-new.sc.testbox.pro\/app\/uploads\/2024\/06\/Branded-tracking-page-Icon-1.svg\" class=\"why-alsendo__item-icon\" alt=\"\" loading=\"lazy\" \/>\t\t\t\t<h3 class=\"why-alsendo__item-title\">Strona \u015bledzenia zam\u00f3wie\u0144<\/h3>\n\t\t\t\t<p class=\"why-alsendo__item-text\">Spersonalizuj komunikacj\u0119 z klientami Twojego sklepu internetowego na etapie po sprzeda\u017cy.<\/p>\n\t\t\t\t\t\t\t\t\t\t\t\t\t\t<a href=\"https:\/\/alsendo-new.sc.testbox.pro\/pl\/personalizowana-komunikacja\/\"\n\t\t\t\t\t\tclass=\"why-alsendo__item-button button\">Explore<\/a>\n\t\t\t\t\t\t\t\t\t\t\t\t<\/li>\n\t\t\t\t\t\t<li class=\"why-alsendo__item\">\n\t\t\t\t<img decoding=\"async\" width=\"66\" height=\"53\" src=\"https:\/\/alsendo-new.sc.testbox.pro\/app\/uploads\/2024\/06\/Reports-and-Analysis-Icon-1.svg\" class=\"why-alsendo__item-icon\" alt=\"\" loading=\"lazy\" \/>\t\t\t\t<h3 class=\"why-alsendo__item-title\">Raporty i Analizy<\/h3>\n\t\t\t\t<p class=\"why-alsendo__item-text\">Analizuj dane i kontroluj swoje przesy\u0142ki.<\/p>\n\t\t\t\t\t\t\t\t\t\t\t\t\t\t<a href=\"https:\/\/alsendo-new.sc.testbox.pro\/pl\/raporty-i-analizy\/\"\n\t\t\t\t\t\tclass=\"why-alsendo__item-button button\">Explore<\/a>\n\t\t\t\t\t\t\t\t\t\t\t\t<\/li>\n\t\t\t\t\t\t<li class=\"why-alsendo__item\">\n\t\t\t\t<img decoding=\"async\" width=\"65\" height=\"52\" src=\"https:\/\/alsendo-new.sc.testbox.pro\/app\/uploads\/2024\/06\/Ecommerce-returns-Icon-1.svg\" class=\"why-alsendo__item-icon\" alt=\"\" loading=\"lazy\" \/>\t\t\t\t<h3 class=\"why-alsendo__item-title\">Zarz\u0105dzanie zwrotami w e-commerce.<\/h3>\n\t\t\t\t<p class=\"why-alsendo__item-text\">Przejmij kontrol\u0119 nad procesem zwrot\u00f3w.<\/p>\n\t\t\t\t\t\t\t\t\t\t\t\t\t\t<a href=\"https:\/\/alsendo-new.sc.testbox.pro\/pl\/zarzadzanie-zwrotami-2\/\"\n\t\t\t\t\t\tclass=\"why-alsendo__item-button button\">Explore<\/a>\n\t\t\t\t\t\t\t\t\t\t\t\t<\/li>\n\t\t\t\t\t\t<li class=\"why-alsendo__item\">\n\t\t\t\t<img decoding=\"async\" width=\"60\" height=\"46\" src=\"https:\/\/alsendo-new.sc.testbox.pro\/app\/uploads\/2024\/06\/Generate-Shipping-Labels-Icon-1.svg\" class=\"why-alsendo__item-icon\" alt=\"\" loading=\"lazy\" \/>\t\t\t\t<h3 class=\"why-alsendo__item-title\">Generowanie etykiet wysy\u0142kowych.<\/h3>\n\t\t\t\t<p class=\"why-alsendo__item-text\">Zaoszcz\u0119d\u017a czas i generuj etykiety wysy\u0142kowe automatycznie.<\/p>\n\t\t\t\t\t\t\t\t\t\t\t\t\t\t<a href=\"https:\/\/alsendo-new.sc.testbox.pro\/pl\/generowanie-etykiet-wysylkowych\/\"\n\t\t\t\t\t\tclass=\"why-alsendo__item-button button\">Explore<\/a>\n\t\t\t\t\t\t\t\t\t\t\t\t<\/li>\n\t\t\t\t\t\t\t\t\t\t\t\t\t\t\t<li class=\"why-alsendo__item why-alsendo__item--tile-with-button\">\n\t\t\t\t<h3 class=\"why-alsendo__additional-item-title\">\n\t\t\t\t\tUs\u0142ugi Alsendo Business PRO dla e-commerce<\/h3>\n\t\t\t\t<p class=\"why-alsendo__additional-item-text\">Alsendo Business Pro facilitates logistics management and Alsendo Business Pro u\u0142atwia zarz\u0105dzanie logistyk\u0105 i wspiera rozw\u00f3j biznesubusiness growth.\t\t\t\t<\/p>\n\t\t\t\t<a href=\"https:\/\/alsendo-new.sc.testbox.pro\/pl\/?page_id=3994\"\n\t\t\t\t\tclass=\"why-alsendo__additional-item-button button button--outline\">\n\t\t\t\t\tWr\u00f3\u0107 do Business Pro\t\t\t\t<\/a>\n\t\t\t<\/li>\n\t\t\t\t\t\t\t\t\t<li class=\"why-alsendo__item why-alsendo__item--additional-image\">\n\t\t\t\t<img decoding=\"async\" width=\"372\" height=\"372\" src=\"https:\/\/alsendo-new.sc.testbox.pro\/app\/uploads\/2024\/05\/Why-Alsendo-Business-Pro-Graphic-1.png\" class=\"why-alsendo__item-image\" alt=\"\" loading=\"lazy\" srcset=\"https:\/\/alsendo-new.sc.testbox.pro\/app\/uploads\/2024\/05\/Why-Alsendo-Business-Pro-Graphic-1.png 372w, https:\/\/alsendo-new.sc.testbox.pro\/app\/uploads\/2024\/05\/Why-Alsendo-Business-Pro-Graphic-1-300x300.png 300w, https:\/\/alsendo-new.sc.testbox.pro\/app\/uploads\/2024\/05\/Why-Alsendo-Business-Pro-Graphic-1-150x150.png 150w\" sizes=\"auto, (max-width: 372px) 100vw, 372px\" \/>\t\t\t<\/li>\n\t\t\t\t\t\t\t\t\t\t\t<\/ul>\n\t<\/div>\n<\/div>\n<\/section>","protected":false},"excerpt":{"rendered":"","protected":false},"author":2,"featured_media":0,"parent":0,"menu_order":0,"comment_status":"closed","ping_status":"closed","template":"","meta":{"_acf_changed":false,"inline_featured_image":false,"_genesis_hide_title":false,"_genesis_hide_breadcrumbs":false,"_genesis_hide_singular_image":false,"_genesis_hide_footer_widgets":false,"_genesis_custom_body_class":"","_genesis_custom_post_class":"","_genesis_layout":"","footnotes":""},"class_list":{"0":"post-4028","1":"page","2":"type-page","3":"status-publish","5":"entry","6":"has-post-thumbnail"},"acf":[],"yoast_head":"<!-- This site is optimized with the Yoast SEO plugin v26.5 - https:\/\/yoast.com\/wordpress\/plugins\/seo\/ -->\n<title>\u0141atwe i szybkie generowanie etykiet wysy\u0142kowych dla ma\u0142ych firm<\/title>\n<meta name=\"description\" content=\"Automatyzuj tworzenie etykiet wysy\u0142kowych! Szybki, prosty i wydajny spos\u00f3b dla ma\u0142ych firm na generowanie etykiet i optymalizacj\u0119 logistyki.\" \/>\n<meta name=\"robots\" content=\"noindex, follow, max-snippet:-1, max-image-preview:large, max-video-preview:-1\" \/>\n<meta property=\"og:locale\" content=\"pl_PL\" \/>\n<meta property=\"og:type\" content=\"article\" \/>\n<meta property=\"og:title\" content=\"\u0141atwe i szybkie generowanie etykiet wysy\u0142kowych dla ma\u0142ych firm\" \/>\n<meta property=\"og:description\" content=\"Automatyzuj tworzenie etykiet wysy\u0142kowych! Szybki, prosty i wydajny spos\u00f3b dla ma\u0142ych firm na generowanie etykiet i optymalizacj\u0119 logistyki.\" \/>\n<meta property=\"og:url\" content=\"https:\/\/alsendo-new.sc.testbox.pro\/pl\/generowanie-etykiet-wysylkowych\/\" \/>\n<meta property=\"og:site_name\" content=\"Alsendo\" \/>\n<meta property=\"article:modified_time\" content=\"2025-03-12T10:09:15+00:00\" \/>\n<meta name=\"twitter:card\" content=\"summary_large_image\" \/>\n<script type=\"application\/ld+json\" class=\"yoast-schema-graph\">{\"@context\":\"https:\/\/schema.org\",\"@graph\":[{\"@type\":\"WebPage\",\"@id\":\"https:\/\/alsendo-new.sc.testbox.pro\/pl\/generowanie-etykiet-wysylkowych\/\",\"url\":\"https:\/\/alsendo-new.sc.testbox.pro\/pl\/generowanie-etykiet-wysylkowych\/\",\"name\":\"\u0141atwe i szybkie generowanie etykiet wysy\u0142kowych dla ma\u0142ych firm\",\"isPartOf\":{\"@id\":\"https:\/\/alsendo-new.sc.testbox.pro\/#website\"},\"datePublished\":\"2024-06-04T12:32:15+00:00\",\"dateModified\":\"2025-03-12T10:09:15+00:00\",\"description\":\"Automatyzuj tworzenie etykiet wysy\u0142kowych! Szybki, prosty i wydajny spos\u00f3b dla ma\u0142ych firm na generowanie etykiet i optymalizacj\u0119 logistyki.\",\"breadcrumb\":{\"@id\":\"https:\/\/alsendo-new.sc.testbox.pro\/pl\/generowanie-etykiet-wysylkowych\/#breadcrumb\"},\"inLanguage\":\"pl-PL\",\"potentialAction\":[{\"@type\":\"ReadAction\",\"target\":[\"https:\/\/alsendo-new.sc.testbox.pro\/pl\/generowanie-etykiet-wysylkowych\/\"]}]},{\"@type\":\"BreadcrumbList\",\"@id\":\"https:\/\/alsendo-new.sc.testbox.pro\/pl\/generowanie-etykiet-wysylkowych\/#breadcrumb\",\"itemListElement\":[{\"@type\":\"ListItem\",\"position\":1,\"name\":\"alsendo\",\"item\":\"https:\/\/alsendo-new.sc.testbox.pro\/pl\/\"},{\"@type\":\"ListItem\",\"position\":2,\"name\":\"Generowanie etykiet wysy\u0142kowych\"}]},{\"@type\":\"WebSite\",\"@id\":\"https:\/\/alsendo-new.sc.testbox.pro\/#website\",\"url\":\"https:\/\/alsendo-new.sc.testbox.pro\/\",\"name\":\"Alsendo\",\"description\":\"\",\"publisher\":{\"@id\":\"https:\/\/alsendo-new.sc.testbox.pro\/#organization\"},\"potentialAction\":[{\"@type\":\"SearchAction\",\"target\":{\"@type\":\"EntryPoint\",\"urlTemplate\":\"https:\/\/alsendo-new.sc.testbox.pro\/?s={search_term_string}\"},\"query-input\":{\"@type\":\"PropertyValueSpecification\",\"valueRequired\":true,\"valueName\":\"search_term_string\"}}],\"inLanguage\":\"pl-PL\"},{\"@type\":\"Organization\",\"@id\":\"https:\/\/alsendo-new.sc.testbox.pro\/#organization\",\"name\":\"Alsendo\",\"url\":\"https:\/\/alsendo-new.sc.testbox.pro\/\",\"logo\":{\"@type\":\"ImageObject\",\"inLanguage\":\"pl-PL\",\"@id\":\"https:\/\/alsendo-new.sc.testbox.pro\/#\/schema\/logo\/image\/\",\"url\":\"https:\/\/alsendo-new.sc.testbox.pro\/app\/uploads\/2024\/05\/Alsendo-Logotype.svg\",\"contentUrl\":\"https:\/\/alsendo-new.sc.testbox.pro\/app\/uploads\/2024\/05\/Alsendo-Logotype.svg\",\"width\":180,\"height\":45,\"caption\":\"Alsendo \"},\"image\":{\"@id\":\"https:\/\/alsendo-new.sc.testbox.pro\/#\/schema\/logo\/image\/\"}}]}<\/script>\n<!-- \/ Yoast SEO plugin. -->","yoast_head_json":{"title":"\u0141atwe i szybkie generowanie etykiet wysy\u0142kowych dla ma\u0142ych firm","description":"Automatyzuj tworzenie etykiet wysy\u0142kowych! Szybki, prosty i wydajny spos\u00f3b dla ma\u0142ych firm na generowanie etykiet i optymalizacj\u0119 logistyki.","robots":{"index":"noindex","follow":"follow","max-snippet":"max-snippet:-1","max-image-preview":"max-image-preview:large","max-video-preview":"max-video-preview:-1"},"og_locale":"pl_PL","og_type":"article","og_title":"\u0141atwe i szybkie generowanie etykiet wysy\u0142kowych dla ma\u0142ych firm","og_description":"Automatyzuj tworzenie etykiet wysy\u0142kowych! Szybki, prosty i wydajny spos\u00f3b dla ma\u0142ych firm na generowanie etykiet i optymalizacj\u0119 logistyki.","og_url":"https:\/\/alsendo-new.sc.testbox.pro\/pl\/generowanie-etykiet-wysylkowych\/","og_site_name":"Alsendo","article_modified_time":"2025-03-12T10:09:15+00:00","twitter_card":"summary_large_image","schema":{"@context":"https:\/\/schema.org","@graph":[{"@type":"WebPage","@id":"https:\/\/alsendo-new.sc.testbox.pro\/pl\/generowanie-etykiet-wysylkowych\/","url":"https:\/\/alsendo-new.sc.testbox.pro\/pl\/generowanie-etykiet-wysylkowych\/","name":"\u0141atwe i szybkie generowanie etykiet wysy\u0142kowych dla ma\u0142ych firm","isPartOf":{"@id":"https:\/\/alsendo-new.sc.testbox.pro\/#website"},"datePublished":"2024-06-04T12:32:15+00:00","dateModified":"2025-03-12T10:09:15+00:00","description":"Automatyzuj tworzenie etykiet wysy\u0142kowych! Szybki, prosty i wydajny spos\u00f3b dla ma\u0142ych firm na generowanie etykiet i optymalizacj\u0119 logistyki.","breadcrumb":{"@id":"https:\/\/alsendo-new.sc.testbox.pro\/pl\/generowanie-etykiet-wysylkowych\/#breadcrumb"},"inLanguage":"pl-PL","potentialAction":[{"@type":"ReadAction","target":["https:\/\/alsendo-new.sc.testbox.pro\/pl\/generowanie-etykiet-wysylkowych\/"]}]},{"@type":"BreadcrumbList","@id":"https:\/\/alsendo-new.sc.testbox.pro\/pl\/generowanie-etykiet-wysylkowych\/#breadcrumb","itemListElement":[{"@type":"ListItem","position":1,"name":"alsendo","item":"https:\/\/alsendo-new.sc.testbox.pro\/pl\/"},{"@type":"ListItem","position":2,"name":"Generowanie etykiet wysy\u0142kowych"}]},{"@type":"WebSite","@id":"https:\/\/alsendo-new.sc.testbox.pro\/#website","url":"https:\/\/alsendo-new.sc.testbox.pro\/","name":"Alsendo","description":"","publisher":{"@id":"https:\/\/alsendo-new.sc.testbox.pro\/#organization"},"potentialAction":[{"@type":"SearchAction","target":{"@type":"EntryPoint","urlTemplate":"https:\/\/alsendo-new.sc.testbox.pro\/?s={search_term_string}"},"query-input":{"@type":"PropertyValueSpecification","valueRequired":true,"valueName":"search_term_string"}}],"inLanguage":"pl-PL"},{"@type":"Organization","@id":"https:\/\/alsendo-new.sc.testbox.pro\/#organization","name":"Alsendo","url":"https:\/\/alsendo-new.sc.testbox.pro\/","logo":{"@type":"ImageObject","inLanguage":"pl-PL","@id":"https:\/\/alsendo-new.sc.testbox.pro\/#\/schema\/logo\/image\/","url":"https:\/\/alsendo-new.sc.testbox.pro\/app\/uploads\/2024\/05\/Alsendo-Logotype.svg","contentUrl":"https:\/\/alsendo-new.sc.testbox.pro\/app\/uploads\/2024\/05\/Alsendo-Logotype.svg","width":180,"height":45,"caption":"Alsendo "},"image":{"@id":"https:\/\/alsendo-new.sc.testbox.pro\/#\/schema\/logo\/image\/"}}]}},"_links":{"self":[{"href":"https:\/\/alsendo-new.sc.testbox.pro\/pl\/wp-json\/wp\/v2\/pages\/4028","targetHints":{"allow":["GET"]}}],"collection":[{"href":"https:\/\/alsendo-new.sc.testbox.pro\/pl\/wp-json\/wp\/v2\/pages"}],"about":[{"href":"https:\/\/alsendo-new.sc.testbox.pro\/pl\/wp-json\/wp\/v2\/types\/page"}],"author":[{"embeddable":true,"href":"https:\/\/alsendo-new.sc.testbox.pro\/pl\/wp-json\/wp\/v2\/users\/2"}],"replies":[{"embeddable":true,"href":"https:\/\/alsendo-new.sc.testbox.pro\/pl\/wp-json\/wp\/v2\/comments?post=4028"}],"version-history":[{"count":6,"href":"https:\/\/alsendo-new.sc.testbox.pro\/pl\/wp-json\/wp\/v2\/pages\/4028\/revisions"}],"predecessor-version":[{"id":4660,"href":"https:\/\/alsendo-new.sc.testbox.pro\/pl\/wp-json\/wp\/v2\/pages\/4028\/revisions\/4660"}],"wp:attachment":[{"href":"https:\/\/alsendo-new.sc.testbox.pro\/pl\/wp-json\/wp\/v2\/media?parent=4028"}],"curies":[{"name":"wp","href":"https:\/\/api.w.org\/{rel}","templated":true}]}}