{"id":3713,"date":"2024-06-03T11:13:35","date_gmt":"2024-06-03T09:13:35","guid":{"rendered":"https:\/\/alsendo.com\/advanced-user-management\/"},"modified":"2025-04-23T09:13:11","modified_gmt":"2025-04-23T07:13:11","slug":"advanced-user-management","status":"publish","type":"page","link":"https:\/\/alsendo-new.sc.testbox.pro\/pl\/advanced-user-management\/","title":{"rendered":"Zaawansowane zarz\u0105dzanie u\u017cytkownikami"},"content":{"rendered":"<section  class=\"ilabs-header-with-laptop\"><div class=\"header-with-laptop  header-with-laptop--image-static\">\n\t<div class=\"header-with-laptop__container\">\n\t\t<div class=\"header-with-laptop__left-side  \">\n\t\t\t<div class=\"header-with-laptop__left-side-top\">\n\t\t\t\t\t\t\t\t<div class=\"header-with-laptop__breadcrumbs\">\n\t\t\t\t\t\t\t\t\t\t\t\t\t\t\t\t\t\t\t\t\t\t<a href=\"\"\n\t\t\t\t\t\t\tclass=\"header-with-laptop__breadcrumbs-item\">Enterprise<\/a>\n\t\t\t\t\t\t<span class=\"header-with-laptop__breadcrumbs-separator\">><\/span>\n\t\t\t\t\t\t\t\t\t\t\t\t\t\t\t\t\t\t\t\t\t\t\t<a href=\"https:\/\/alsendo-new.sc.testbox.pro\/pl\/enterprise\/\"\n\t\t\t\t\t\t\tclass=\"header-with-laptop__breadcrumbs-item\">Enterprise<\/a>\n\t\t\t\t\t\t<span class=\"header-with-laptop__breadcrumbs-separator\">><\/span>\n\t\t\t\t\t\t\t\t\t\t\t\t\t\t\t\t\t\t\t\t\t\t\t<a href=\"https:\/\/alsendo-new.sc.testbox.pro\/pl\/advanced-user-management\/\"\n\t\t\t\t\t\t\tclass=\"header-with-laptop__breadcrumbs-item header-with-laptop__breadcrumbs-item--featured\">Zaawansowane zarz\u0105dzanie u\u017cytkownikami<\/a>\n\t\t\t\t\t\t\t\t\t\t\t\t\t\t\t<\/div>\n\t\t\t\t\t\t\t\t\t\t\t\t<h2 class=\"header-with-laptop__heading\">Zaawansowane<strong> zarz\u0105dzanie u\u017cytkownikami<\/strong>\n<\/h2>\n\t\t\t\t\t\t\t\t\t\t\t\t<p class=\"header-with-laptop__subheading\">\n\t\t\t\t\tRozwi\u0105zania szyte na miar\u0119 i dopasowane do Twojego biznesu.\t\t\t\t<\/p>\n\t\t\t\t\t\t\t<\/div>\n\t\t\t\t\t\t<div class=\"header-with-laptop__left-side-bottom  \">\n\t\t\t\t\t\t\t\t\t<img decoding=\"async\" width=\"333\" height=\"95\" src=\"https:\/\/alsendo-new.sc.testbox.pro\/app\/uploads\/2024\/04\/Alsendo-Enterprise-Logotype.svg\" class=\"header-with-laptop__logo\" alt=\"\" loading=\"lazy\" \/>\t\t\t\t\t\t\t\t\t\t\t\t\t<a href=\"https:\/\/alsendo.com\/pl\/otrzymaj-oferte\/\" class=\"header-with-laptop__button button\">Popro\u015b o wycen\u0119<\/a>\n\t\t\t\t\t\t\t\t\t\t\t<\/div>\n\t\t\t\t\t<\/div>\n\t\t<div class=\"header-with-laptop__right-side \">\n\t\t\t\t\t\t\t<img loading=\"lazy\" decoding=\"async\" width=\"477\" height=\"592\" src=\"https:\/\/alsendo-new.sc.testbox.pro\/app\/uploads\/2024\/06\/Advanced-user-management-Hero-Graphic-1.png\" class=\"header-with-laptop__image\" alt=\"\" srcset=\"https:\/\/alsendo-new.sc.testbox.pro\/app\/uploads\/2024\/06\/Advanced-user-management-Hero-Graphic-1.png 477w, https:\/\/alsendo-new.sc.testbox.pro\/app\/uploads\/2024\/06\/Advanced-user-management-Hero-Graphic-1-242x300.png 242w\" sizes=\"auto, (max-width: 477px) 100vw, 477px\" \/>\t\t\t\t\t<\/div>\n\t<\/div>\n<\/div>\n<\/section>\n\n<section  class=\"ilabs-large-tiles-with-background\"><div class=\"large-tiles-with-background large-tiles-with-background--3-columns      large-tiles-with-background--list-padding-top \">\n\t<div class=\"large-tiles-with-background__container\">\n\t\t\t\t\t\t\t\t<div class=\"large-tiles-with-background__tiles-container swiper\">\n\t\t\t<ul class=\"large-tiles-with-background__list swiper-wrapper\">\n\t\t\t\t\t\t\t\t<li class=\"large-tiles-with-background__item swiper-slide\" style=\"height: 640px;\">\n\t\t\t\t\t<img decoding=\"async\" width=\"65\" height=\"52\" src=\"https:\/\/alsendo-new.sc.testbox.pro\/app\/uploads\/2024\/06\/Advanced-user-management-Icon.svg\" class=\"large-tiles-with-background__icon\" alt=\"\" loading=\"lazy\" \/>\t\t\t\t\t<h3 class=\"large-tiles-with-background__title\">\n\t\t\t\t\t\tZaawansowane zarz\u0105dzanie u\u017cytkownikami\t\t\t\t\t<\/h3>\n\t\t\t\t\t<p class=\"large-tiles-with-background__text\">\n\t\t\t\t\t\tKorzystaj z narz\u0119dzi, kt\u00f3re zapewniaj\u0105 p\u0142ynne zarz\u0105dzanie u\u017cytkownikami, okre\u015blone poziomy dost\u0119pu, uprawnienia u\u017cytkownik\u00f3w oraz protoko\u0142y uwierzytelniania.\t\t\t\t\t<\/p>\n\t\t\t\t<\/li>\n\t\t\t\t\t\t\t\t<li class=\"large-tiles-with-background__item swiper-slide\" style=\"height: 640px;\">\n\t\t\t\t\t<img decoding=\"async\" width=\"64\" height=\"51\" src=\"https:\/\/alsendo-new.sc.testbox.pro\/app\/uploads\/2024\/06\/User-Activity-Tracking-Icon.svg\" class=\"large-tiles-with-background__icon\" alt=\"\" loading=\"lazy\" \/>\t\t\t\t\t<h3 class=\"large-tiles-with-background__title\">\n\t\t\t\t\t\t\u015aledzenie aktywno\u015bci u\u017cytkownika\t\t\t\t\t<\/h3>\n\t\t\t\t\t<p class=\"large-tiles-with-background__text\">\n\t\t\t\t\t\tAnalizuj dzia\u0142ania u\u017cytkownik\u00f3w oraz ich interakcje z systemem by zapewni\u0107 najlepsze klientom do\u015bwiadczenia.\t\t\t\t\t<\/p>\n\t\t\t\t<\/li>\n\t\t\t\t\t\t\t\t<li class=\"large-tiles-with-background__item swiper-slide\" style=\"height: 640px;\">\n\t\t\t\t\t<img decoding=\"async\" width=\"60\" height=\"53\" src=\"https:\/\/alsendo-new.sc.testbox.pro\/app\/uploads\/2024\/05\/Last-mile-customer-service-Icon.svg\" class=\"large-tiles-with-background__icon\" alt=\"\" loading=\"lazy\" \/>\t\t\t\t\t<h3 class=\"large-tiles-with-background__title\">\n\t\t\t\t\t\tSp\u00f3jne do\u015bwiadczenie u\u017cytkownika\t\t\t\t\t<\/h3>\n\t\t\t\t\t<p class=\"large-tiles-with-background__text\">\n\t\t\t\t\t\tNasza platforma zapewnia u\u017cytkownikom dost\u0119p do potrzebnych informacji, bez wzgl\u0119du na ich rol\u0119 czy lokalizacj\u0119. \t\t\t\t\t<\/p>\n\t\t\t\t<\/li>\n\t\t\t\t\t\t\t<\/ul>\n\t\t<\/div>\n\t\t<div class=\"large-tiles-with-background__list-dots\"><\/div>\n\t\t\t<\/div>\n<\/section>\n\n<section  class=\"ilabs-reference-section\"><div class=\"reference-section\">\n\t<picture>\n\t\t<source media=\"(max-width: 1024px)\" srcset=\"https:\/\/alsendo-new.sc.testbox.pro\/app\/uploads\/2024\/06\/Alsendo-WWW-Enterprise-Mobile-\u2013-Graphic-Get-a-free-Quote-\u2013-20-1.png\">\n\t\t<img decoding=\"async\" class=\"reference-section__background-image\" src=\"https:\/\/alsendo-new.sc.testbox.pro\/app\/uploads\/2024\/06\/Enterprise-Get-a-Quote-Section-Graphic-2-1.jpg\"\n\t\t\talt=\"Uzyskaj indywidualn\u0105 i darmow\u0105 wycen\u0119 us\u0142ug.\">\n\t<\/picture>\n\t<div class=\"reference-section__container\">\n\t\t\t\t\t<img decoding=\"async\" width=\"367\" height=\"105\" src=\"https:\/\/alsendo-new.sc.testbox.pro\/app\/uploads\/2024\/05\/Alsendo-Enterprise-Light.svg\" class=\"reference-section__logo\" alt=\"\" loading=\"lazy\" \/>\t\t\t\t\t\t<p class=\"reference-section__text\">\n\t\t\tUzyskaj indywidualn\u0105 i darmow\u0105 wycen\u0119 us\u0142ug.\t\t<\/p>\n\t\t\t\t\t\t<a href=\"https:\/\/alsendo.com\/pl\/otrzymaj-oferte\/\"\n\t\t\tclass=\"reference-section__button button button--secondary\">\n\t\t\tPopro\u015b o wycen\u0119\t\t<\/a>\n\t\t\t<\/div>\n<\/div>\n<\/section>\n\n<section  class=\"ilabs-why-alsendo\"><div class=\"why-alsendo\">\n\t<div class=\"why-alsendo__container\">\n\t\t<div class=\"why-alsendo__header\">\n\t\t\t<div class=\"why-alsendo__left-side\">\n\t\t\t\t\t\t\t\t<h2 class=\"why-alsendo__heading\">Dlaczego Alsendo Enterprise?\n<\/h2>\n\t\t\t\t\t\t\t\t\t\t\t\t<p class=\"why-alsendo__subheading\">Zarz\u0105dzaj umowami kurierskimi z jednego miejsca, korzystaj ze wszystkich us\u0142ug kurierskich bez dodatkowych integracji i ciesz si\u0119:<\/p>\n\t\t\t\t\t\t\t<\/div>\n\t\t\t<img decoding=\"async\" width=\"333\" height=\"95\" src=\"https:\/\/alsendo-new.sc.testbox.pro\/app\/uploads\/2024\/04\/Alsendo-Enterprise-Logotype.svg\" class=\"why-alsendo__logo\" alt=\"\" loading=\"lazy\" \/>\t\t<\/div>\n\t\t<ul class=\"why-alsendo__tiles\">\n\t\t\t\t\t\t<li class=\"why-alsendo__item\">\n\t\t\t\t<img decoding=\"async\" width=\"40\" height=\"53\" src=\"https:\/\/alsendo-new.sc.testbox.pro\/app\/uploads\/2024\/05\/Invoice-Verification-Icon.svg\" class=\"why-alsendo__item-icon\" alt=\"\" loading=\"lazy\" \/>\t\t\t\t<h3 class=\"why-alsendo__item-title\">Zaawansowane zarz\u0105dzanie u\u017cytkownikami<\/h3>\n\t\t\t\t<p class=\"why-alsendo__item-text\">Rozwi\u0105zania dopasowane do unikalnych potrzeb klient\u00f3w.<\/p>\n\t\t\t\t\t\t\t\t\t\t\t\t\t\t<a href=\"https:\/\/alsendo-new.sc.testbox.pro\/pl\/advanced-user-management\/\"\n\t\t\t\t\t\tclass=\"why-alsendo__item-button button\">Wi\u0119cej<\/a>\n\t\t\t\t\t\t\t\t\t\t\t\t<\/li>\n\t\t\t\t\t\t<li class=\"why-alsendo__item\">\n\t\t\t\t<img decoding=\"async\" width=\"52\" height=\"52\" src=\"https:\/\/alsendo-new.sc.testbox.pro\/app\/uploads\/2024\/05\/Custom-Solutions-Icon.svg\" class=\"why-alsendo__item-icon\" alt=\"\" loading=\"lazy\" \/>\t\t\t\t<h3 class=\"why-alsendo__item-title\">Rozwi\u0105zania indywidualne<\/h3>\n\t\t\t\t<p class=\"why-alsendo__item-text\">Stw\u00f3rz proces wysy\u0142ki, kt\u00f3ry odpowiada potrzebom Twojego biznesu.<\/p>\n\t\t\t\t\t\t\t\t\t\t\t\t\t\t<a href=\"https:\/\/alsendo-new.sc.testbox.pro\/pl\/rozwiazania-dostosowane-do-potrzeb-klienta\/\"\n\t\t\t\t\t\tclass=\"why-alsendo__item-button button\">Wi\u0119cej<\/a>\n\t\t\t\t\t\t\t\t\t\t\t\t<\/li>\n\t\t\t\t\t\t<li class=\"why-alsendo__item\">\n\t\t\t\t<img decoding=\"async\" width=\"65\" height=\"52\" src=\"https:\/\/alsendo-new.sc.testbox.pro\/app\/uploads\/2024\/05\/Ecommerce-returns-management-Icon-1.svg\" class=\"why-alsendo__item-icon\" alt=\"\" loading=\"lazy\" \/>\t\t\t\t<h3 class=\"why-alsendo__item-title\">Zarz\u0105dzanie zwrotami w e-commerce<\/h3>\n\t\t\t\t<p class=\"why-alsendo__item-text\">Dostosowany proces zwrotu dla sprzedawc\u00f3w i kupuj\u0105cych, zapewniaj\u0105cy efektywno\u015b\u0107 i satysfakcj\u0119 klient\u00f3w.<\/p>\n\t\t\t\t\t\t\t\t\t\t\t\t\t\t<a href=\"https:\/\/alsendo-new.sc.testbox.pro\/pl\/zarzadzanie-zwrotami-3\/\"\n\t\t\t\t\t\tclass=\"why-alsendo__item-button button\">Wi\u0119cej<\/a>\n\t\t\t\t\t\t\t\t\t\t\t\t<\/li>\n\t\t\t\t\t\t<li class=\"why-alsendo__item\">\n\t\t\t\t<img decoding=\"async\" width=\"52\" height=\"52\" src=\"https:\/\/alsendo-new.sc.testbox.pro\/app\/uploads\/2024\/05\/Pay-more-for-faster-delivery-Icon.svg\" class=\"why-alsendo__item-icon\" alt=\"\" loading=\"lazy\" \/>\t\t\t\t<h3 class=\"why-alsendo__item-title\">Elastyczne modele cenowe<\/h3>\n\t\t\t\t<p class=\"why-alsendo__item-text\">Modele cenowe zale\u017cne od skali dzia\u0142alno\u015bci i rodzaju wsp\u00f3\u0142pracy.<\/p>\n\t\t\t\t\t\t\t\t\t\t\t\t\t\t<a href=\"https:\/\/alsendo-new.sc.testbox.pro\/pl\/elastyczne-modele-cenowe\/\"\n\t\t\t\t\t\tclass=\"why-alsendo__item-button button\">Wi\u0119cej<\/a>\n\t\t\t\t\t\t\t\t\t\t\t\t<\/li>\n\t\t\t\t\t\t<li class=\"why-alsendo__item\">\n\t\t\t\t<img decoding=\"async\" width=\"60\" height=\"53\" src=\"https:\/\/alsendo-new.sc.testbox.pro\/app\/uploads\/2024\/05\/Last-mile-customer-service-Icon.svg\" class=\"why-alsendo__item-icon\" alt=\"\" loading=\"lazy\" \/>\t\t\t\t<h3 class=\"why-alsendo__item-title\">Obs\u0142uga klienta na etapie ostatniej mili<\/h3>\n\t\t\t\t<p class=\"why-alsendo__item-text\">Indywidualna pomoc zespo\u0142u konsultant\u00f3w na najwy\u017cszym poziomie. <\/p>\n\t\t\t\t\t\t\t\t\t\t\t\t\t\t<a href=\"https:\/\/alsendo-new.sc.testbox.pro\/pl\/wsparcie-obslugi-ostatniej-mili\/\"\n\t\t\t\t\t\tclass=\"why-alsendo__item-button button\">Wi\u0119cej<\/a>\n\t\t\t\t\t\t\t\t\t\t\t\t<\/li>\n\t\t\t\t\t\t<li class=\"why-alsendo__item\">\n\t\t\t\t<img decoding=\"async\" width=\"55\" height=\"49\" src=\"https:\/\/alsendo-new.sc.testbox.pro\/app\/uploads\/2024\/05\/Map-Icon.svg\" class=\"why-alsendo__item-icon\" alt=\"\" loading=\"lazy\" \/>\t\t\t\t<h3 class=\"why-alsendo__item-title\">Niezale\u017cny widget mapy<\/h3>\n\t\t\t\t<p class=\"why-alsendo__item-text\">Obs\u0142uguje ponad 250 000 punkt\u00f3w odbior\u00f3w wszystkich wiod\u0105cych przewo\u017anik\u00f3w.<\/p>\n\t\t\t\t\t\t\t\t\t\t\t\t\t\t<a href=\"https:\/\/alsendo-new.sc.testbox.pro\/pl\/widget-mapy\/\"\n\t\t\t\t\t\tclass=\"why-alsendo__item-button button\">Wi\u0119cej<\/a>\n\t\t\t\t\t\t\t\t\t\t\t\t<\/li>\n\t\t\t\t\t\t\t\t\t\t\t\t\t\t\t<li class=\"why-alsendo__item why-alsendo__item--tile-with-button\">\n\t\t\t\t<h3 class=\"why-alsendo__additional-item-title\">\n\t\t\t\t\tKompleksowa platforma do zarz\u0105dzania wysy\u0142kami i dostawami<\/h3>\n\t\t\t\t<p class=\"why-alsendo__additional-item-text\">Dostosowane do indywidualnych potrzeb biznesowych, rozwi\u0105zania oparte na technologii.\t\t\t\t<\/p>\n\t\t\t\t<a href=\"https:\/\/alsendo-new.sc.testbox.pro\/pl\/enterprise\/\"\n\t\t\t\t\tclass=\"why-alsendo__additional-item-button button button--outline\">\n\t\t\t\t\tWr\u00f3\u0107 do strony Enterprise\t\t\t\t<\/a>\n\t\t\t<\/li>\n\t\t\t\t\t\t\t\t\t\t\t\t<li class=\"why-alsendo__item why-alsendo__item--additional-image-two-columns\">\n\t\t\t\t<img decoding=\"async\" width=\"784\" height=\"372\" src=\"https:\/\/alsendo-new.sc.testbox.pro\/app\/uploads\/2024\/05\/Why-alsendo-Enterpise-Graphic-2-1.png\" class=\"why-alsendo__item-image-two-columns\" alt=\"\" loading=\"lazy\" srcset=\"https:\/\/alsendo-new.sc.testbox.pro\/app\/uploads\/2024\/05\/Why-alsendo-Enterpise-Graphic-2-1.png 784w, https:\/\/alsendo-new.sc.testbox.pro\/app\/uploads\/2024\/05\/Why-alsendo-Enterpise-Graphic-2-1-300x142.png 300w, https:\/\/alsendo-new.sc.testbox.pro\/app\/uploads\/2024\/05\/Why-alsendo-Enterpise-Graphic-2-1-768x364.png 768w, https:\/\/alsendo-new.sc.testbox.pro\/app\/uploads\/2024\/05\/Why-alsendo-Enterpise-Graphic-2-1-740x351.png 740w\" sizes=\"auto, (max-width: 784px) 100vw, 784px\" \/>\t\t\t<\/li>\n\t\t\t\t\t\t\t\t<\/ul>\n\t<\/div>\n<\/div>\n<\/section>","protected":false},"excerpt":{"rendered":"","protected":false},"author":2,"featured_media":0,"parent":0,"menu_order":0,"comment_status":"closed","ping_status":"closed","template":"","meta":{"_acf_changed":false,"inline_featured_image":false,"_genesis_hide_title":false,"_genesis_hide_breadcrumbs":false,"_genesis_hide_singular_image":false,"_genesis_hide_footer_widgets":false,"_genesis_custom_body_class":"","_genesis_custom_post_class":"","_genesis_layout":"","footnotes":""},"class_list":{"0":"post-3713","1":"page","2":"type-page","3":"status-publish","5":"entry","6":"has-post-thumbnail"},"acf":[],"yoast_head":"<!-- This site is optimized with the Yoast SEO plugin v26.5 - https:\/\/yoast.com\/wordpress\/plugins\/seo\/ -->\n<title>Zarz\u0105dzanie u\u017cytkownikami \u2013 pe\u0142na kontrola i elastyczno\u015b\u0107<\/title>\n<meta name=\"description\" content=\"Zaawansowane zarz\u0105dzanie u\u017cytkownikami dostosowane do Twoich potrzeb. Pe\u0142na kontrola i elastyczno\u015b\u0107 dla lepszej organizacji pracy.\" \/>\n<meta name=\"robots\" content=\"noindex, follow, max-snippet:-1, max-image-preview:large, max-video-preview:-1\" \/>\n<meta property=\"og:locale\" content=\"pl_PL\" \/>\n<meta property=\"og:type\" content=\"article\" \/>\n<meta property=\"og:title\" content=\"Zarz\u0105dzanie u\u017cytkownikami \u2013 pe\u0142na kontrola i elastyczno\u015b\u0107\" \/>\n<meta property=\"og:description\" content=\"Zaawansowane zarz\u0105dzanie u\u017cytkownikami dostosowane do Twoich potrzeb. Pe\u0142na kontrola i elastyczno\u015b\u0107 dla lepszej organizacji pracy.\" \/>\n<meta property=\"og:url\" content=\"https:\/\/alsendo-new.sc.testbox.pro\/pl\/advanced-user-management\/\" \/>\n<meta property=\"og:site_name\" content=\"Alsendo\" \/>\n<meta property=\"article:modified_time\" content=\"2025-04-23T07:13:11+00:00\" \/>\n<meta name=\"twitter:card\" content=\"summary_large_image\" \/>\n<script type=\"application\/ld+json\" class=\"yoast-schema-graph\">{\"@context\":\"https:\/\/schema.org\",\"@graph\":[{\"@type\":\"WebPage\",\"@id\":\"https:\/\/alsendo-new.sc.testbox.pro\/pl\/advanced-user-management\/\",\"url\":\"https:\/\/alsendo-new.sc.testbox.pro\/pl\/advanced-user-management\/\",\"name\":\"Zarz\u0105dzanie u\u017cytkownikami \u2013 pe\u0142na kontrola i elastyczno\u015b\u0107\",\"isPartOf\":{\"@id\":\"https:\/\/alsendo-new.sc.testbox.pro\/#website\"},\"datePublished\":\"2024-06-03T09:13:35+00:00\",\"dateModified\":\"2025-04-23T07:13:11+00:00\",\"description\":\"Zaawansowane zarz\u0105dzanie u\u017cytkownikami dostosowane do Twoich potrzeb. Pe\u0142na kontrola i elastyczno\u015b\u0107 dla lepszej organizacji pracy.\",\"breadcrumb\":{\"@id\":\"https:\/\/alsendo-new.sc.testbox.pro\/pl\/advanced-user-management\/#breadcrumb\"},\"inLanguage\":\"pl-PL\",\"potentialAction\":[{\"@type\":\"ReadAction\",\"target\":[\"https:\/\/alsendo-new.sc.testbox.pro\/pl\/advanced-user-management\/\"]}]},{\"@type\":\"BreadcrumbList\",\"@id\":\"https:\/\/alsendo-new.sc.testbox.pro\/pl\/advanced-user-management\/#breadcrumb\",\"itemListElement\":[{\"@type\":\"ListItem\",\"position\":1,\"name\":\"alsendo\",\"item\":\"https:\/\/alsendo-new.sc.testbox.pro\/pl\/\"},{\"@type\":\"ListItem\",\"position\":2,\"name\":\"Zaawansowane zarz\u0105dzanie u\u017cytkownikami\"}]},{\"@type\":\"WebSite\",\"@id\":\"https:\/\/alsendo-new.sc.testbox.pro\/#website\",\"url\":\"https:\/\/alsendo-new.sc.testbox.pro\/\",\"name\":\"Alsendo\",\"description\":\"\",\"publisher\":{\"@id\":\"https:\/\/alsendo-new.sc.testbox.pro\/#organization\"},\"potentialAction\":[{\"@type\":\"SearchAction\",\"target\":{\"@type\":\"EntryPoint\",\"urlTemplate\":\"https:\/\/alsendo-new.sc.testbox.pro\/?s={search_term_string}\"},\"query-input\":{\"@type\":\"PropertyValueSpecification\",\"valueRequired\":true,\"valueName\":\"search_term_string\"}}],\"inLanguage\":\"pl-PL\"},{\"@type\":\"Organization\",\"@id\":\"https:\/\/alsendo-new.sc.testbox.pro\/#organization\",\"name\":\"Alsendo\",\"url\":\"https:\/\/alsendo-new.sc.testbox.pro\/\",\"logo\":{\"@type\":\"ImageObject\",\"inLanguage\":\"pl-PL\",\"@id\":\"https:\/\/alsendo-new.sc.testbox.pro\/#\/schema\/logo\/image\/\",\"url\":\"https:\/\/alsendo-new.sc.testbox.pro\/app\/uploads\/2024\/05\/Alsendo-Logotype.svg\",\"contentUrl\":\"https:\/\/alsendo-new.sc.testbox.pro\/app\/uploads\/2024\/05\/Alsendo-Logotype.svg\",\"width\":180,\"height\":45,\"caption\":\"Alsendo \"},\"image\":{\"@id\":\"https:\/\/alsendo-new.sc.testbox.pro\/#\/schema\/logo\/image\/\"}}]}<\/script>\n<!-- \/ Yoast SEO plugin. -->","yoast_head_json":{"title":"Zarz\u0105dzanie u\u017cytkownikami \u2013 pe\u0142na kontrola i elastyczno\u015b\u0107","description":"Zaawansowane zarz\u0105dzanie u\u017cytkownikami dostosowane do Twoich potrzeb. Pe\u0142na kontrola i elastyczno\u015b\u0107 dla lepszej organizacji pracy.","robots":{"index":"noindex","follow":"follow","max-snippet":"max-snippet:-1","max-image-preview":"max-image-preview:large","max-video-preview":"max-video-preview:-1"},"og_locale":"pl_PL","og_type":"article","og_title":"Zarz\u0105dzanie u\u017cytkownikami \u2013 pe\u0142na kontrola i elastyczno\u015b\u0107","og_description":"Zaawansowane zarz\u0105dzanie u\u017cytkownikami dostosowane do Twoich potrzeb. Pe\u0142na kontrola i elastyczno\u015b\u0107 dla lepszej organizacji pracy.","og_url":"https:\/\/alsendo-new.sc.testbox.pro\/pl\/advanced-user-management\/","og_site_name":"Alsendo","article_modified_time":"2025-04-23T07:13:11+00:00","twitter_card":"summary_large_image","schema":{"@context":"https:\/\/schema.org","@graph":[{"@type":"WebPage","@id":"https:\/\/alsendo-new.sc.testbox.pro\/pl\/advanced-user-management\/","url":"https:\/\/alsendo-new.sc.testbox.pro\/pl\/advanced-user-management\/","name":"Zarz\u0105dzanie u\u017cytkownikami \u2013 pe\u0142na kontrola i elastyczno\u015b\u0107","isPartOf":{"@id":"https:\/\/alsendo-new.sc.testbox.pro\/#website"},"datePublished":"2024-06-03T09:13:35+00:00","dateModified":"2025-04-23T07:13:11+00:00","description":"Zaawansowane zarz\u0105dzanie u\u017cytkownikami dostosowane do Twoich potrzeb. Pe\u0142na kontrola i elastyczno\u015b\u0107 dla lepszej organizacji pracy.","breadcrumb":{"@id":"https:\/\/alsendo-new.sc.testbox.pro\/pl\/advanced-user-management\/#breadcrumb"},"inLanguage":"pl-PL","potentialAction":[{"@type":"ReadAction","target":["https:\/\/alsendo-new.sc.testbox.pro\/pl\/advanced-user-management\/"]}]},{"@type":"BreadcrumbList","@id":"https:\/\/alsendo-new.sc.testbox.pro\/pl\/advanced-user-management\/#breadcrumb","itemListElement":[{"@type":"ListItem","position":1,"name":"alsendo","item":"https:\/\/alsendo-new.sc.testbox.pro\/pl\/"},{"@type":"ListItem","position":2,"name":"Zaawansowane zarz\u0105dzanie u\u017cytkownikami"}]},{"@type":"WebSite","@id":"https:\/\/alsendo-new.sc.testbox.pro\/#website","url":"https:\/\/alsendo-new.sc.testbox.pro\/","name":"Alsendo","description":"","publisher":{"@id":"https:\/\/alsendo-new.sc.testbox.pro\/#organization"},"potentialAction":[{"@type":"SearchAction","target":{"@type":"EntryPoint","urlTemplate":"https:\/\/alsendo-new.sc.testbox.pro\/?s={search_term_string}"},"query-input":{"@type":"PropertyValueSpecification","valueRequired":true,"valueName":"search_term_string"}}],"inLanguage":"pl-PL"},{"@type":"Organization","@id":"https:\/\/alsendo-new.sc.testbox.pro\/#organization","name":"Alsendo","url":"https:\/\/alsendo-new.sc.testbox.pro\/","logo":{"@type":"ImageObject","inLanguage":"pl-PL","@id":"https:\/\/alsendo-new.sc.testbox.pro\/#\/schema\/logo\/image\/","url":"https:\/\/alsendo-new.sc.testbox.pro\/app\/uploads\/2024\/05\/Alsendo-Logotype.svg","contentUrl":"https:\/\/alsendo-new.sc.testbox.pro\/app\/uploads\/2024\/05\/Alsendo-Logotype.svg","width":180,"height":45,"caption":"Alsendo "},"image":{"@id":"https:\/\/alsendo-new.sc.testbox.pro\/#\/schema\/logo\/image\/"}}]}},"_links":{"self":[{"href":"https:\/\/alsendo-new.sc.testbox.pro\/pl\/wp-json\/wp\/v2\/pages\/3713","targetHints":{"allow":["GET"]}}],"collection":[{"href":"https:\/\/alsendo-new.sc.testbox.pro\/pl\/wp-json\/wp\/v2\/pages"}],"about":[{"href":"https:\/\/alsendo-new.sc.testbox.pro\/pl\/wp-json\/wp\/v2\/types\/page"}],"author":[{"embeddable":true,"href":"https:\/\/alsendo-new.sc.testbox.pro\/pl\/wp-json\/wp\/v2\/users\/2"}],"replies":[{"embeddable":true,"href":"https:\/\/alsendo-new.sc.testbox.pro\/pl\/wp-json\/wp\/v2\/comments?post=3713"}],"version-history":[{"count":17,"href":"https:\/\/alsendo-new.sc.testbox.pro\/pl\/wp-json\/wp\/v2\/pages\/3713\/revisions"}],"predecessor-version":[{"id":7045,"href":"https:\/\/alsendo-new.sc.testbox.pro\/pl\/wp-json\/wp\/v2\/pages\/3713\/revisions\/7045"}],"wp:attachment":[{"href":"https:\/\/alsendo-new.sc.testbox.pro\/pl\/wp-json\/wp\/v2\/media?parent=3713"}],"curies":[{"name":"wp","href":"https:\/\/api.w.org\/{rel}","templated":true}]}}